{"id":28444,"date":"2022-07-28T11:12:15","date_gmt":"2022-07-28T11:12:15","guid":{"rendered":"https:\/\/newonclusivstg.wpengine.com\/ceo-index\/"},"modified":"2023-10-10T10:45:28","modified_gmt":"2023-10-10T10:45:28","slug":"ceo-index","status":"publish","type":"page","link":"https:\/\/onclusive.com\/de\/ceo-index\/","title":{"rendered":"CEO Index"},"content":{"rendered":"<style>\n    \/* Hero Tag - Optional tag above title *\/\n    .hero-tag {\n      font-size: 12px;\n      font-weight: 600;\n      letter-spacing: 2px;\n      text-transform: uppercase;\n      margin-bottom: 15px;\n      display: block;\n      line-height: 1.4;\n\t  padding: 5px 2.5px;\n    }\n    \n    @media (max-width: 768px) {\n      .hero-tag {\n        font-size: 11px;\n        letter-spacing: 1.5px;\n        margin-bottom: 12px;\n      }\n    }\n    \n    @media (max-width: 480px) {\n      .hero-tag {\n        font-size: 10px;\n        letter-spacing: 1px;\n        margin-bottom: 10px;\n      }\n    }\n    <\/style>\n<style>\n\/**\n * Hero Background Overlay Styles\n *\/\n.hero-background-overlay {\n    position: absolute;\n    top: 0;\n    left: 0;\n    width: 100%;\n    height: 100%;\n    z-index: 1; \/* Above background image, below content *\/\n    pointer-events: none; \/* Allows clicks to pass through to content *\/\n}\n\n\/* Ensure hero section is positioned relative *\/\n.block-hero {\n    position: relative;\n}\n\n\/* Ensure content sits above overlay *\/\n.hero--content {\n    position: relative;\n    z-index: 2; \/* Above overlay *\/\n}\n\n\/* Ensure background image stays at bottom *\/\n.hero-background-image {\n    position: absolute;\n    z-index: 0; \/* Behind everything *\/\n}\n<\/style>\n\n<section\n    class=\"block-hero block-hero-full-bleed \">\n\n  \n          \n              <div class=\"hero_background_colour bg__green_light hero_background_colour__left\"><\/div>\n                    <div class=\"hero_background_colour bg__green_light hero_background_colour__right\"><\/div>\n      \n      \n          \n    \n    <div class=\"hero--content\">\n\n      <div class=\"hero--content--inner-wrapper\">\n\n                  <!-- ORIGINAL COMPLEX IMAGES -->\n          <div class=\"hero-foreground-images\">\n\n                                            <div class=\"hero_bg_colour_split bg__green_light hero_bg_colour_split__left\"><\/div>\n                          \n            <div class=\"img-wrapper ratio-1-1 image-is-background\">\n\t\n\n<img decoding=\"async\"\n\talt=\"\"\n    data-sizes=\"auto\"\n    data-src=\"https:\/\/onclusive.com\/wp-content\/uploads\/2023\/03\/CEO-Index_Image_Triangle1-300x300.png\"\n    data-srcset=\"https:\/\/onclusive.com\/wp-content\/uploads\/2023\/03\/CEO-Index_Image_Triangle1-1200x1200.png 1200w,\n\thttps:\/\/onclusive.com\/wp-content\/uploads\/2023\/03\/CEO-Index_Image_Triangle1-1024x1024.png 1024w, \n\thttps:\/\/onclusive.com\/wp-content\/uploads\/2023\/03\/CEO-Index_Image_Triangle1-1920x1920.png 1920w\"\n    class=\"lazyload not-svg\"\n    src=\"https:\/\/onclusive.com\/wp-content\/uploads\/2023\/03\/CEO-Index_Image_Triangle1-300x300.png\"\n\/>\n\n\n\n\n<\/div>                      <\/div>\n        \n        <div class=\"hero--copy\">\n\n          <!-- OPTIONAL HERO TAG - ONLY IF SET -->\n          \n                      <h1 class=\"hero_title\" >\n                            <span class=\"hero_title_bold\">\n                Onclusives CEO Index              <\/span>\n                                                      <\/h1> \n          \n                      <p class=\"hero_copy\" >Der CEO-Index analysiert die Medienberichterstattung \u00fcber die weltweit f\u00fchrenden CEOs der gr\u00f6\u00dften b\u00f6rsennotierten Unternehmen in den USA und Europa<\/p> \n          \n                      <div class=\"hero_buttons--wrapper\">\n            \n<a href=\"https:\/\/onclusive.com\/ceo-index\/#dashboard\"  target=\"_self\" class=\"button  button__anchor-link\">\n    Zum Index     <svg   data-name=\"Layer 1\" xmlns=\"http:\/\/www.w3.org\/2000\/svg\" viewBox=\"0 0 12 7.41\"><polygon points=\"10.59 0 6 4.58 1.41 0 0 1.41 6 7.41 12 1.41 10.59 0\"\/><\/svg><\/a>\n\n<a href=\"https:\/\/onclusive.com\/de\/ressourcen\/whitepaper\/ceo-index-report-q3\/\" rel=\"noreferrer\" target=\"_blank\" class=\"button button__outline button__page-link\">\n    Den Q3 Report lesen    <svg   data-name=\"Layer 1\" xmlns=\"http:\/\/www.w3.org\/2000\/svg\" viewBox=\"0 0 16 16\"><polygon points=\"8 0 6.59 1.41 12.17 7 0 7 0 9 12.17 9 6.59 14.59 8 16 16 8 8 0\"\/><\/svg><\/a>\n            <\/div>\n          \n        <\/div>\n\n      <\/div>\n\n    <\/div>\n\n    \n<\/section>\n\n\n<section\n    class=\"block-pcon\">\n\n      \n\t\t\t<div class=\"post_content--wrapper\">\n\t\t\t\t<div class=\"post_content--copy  \">\n\t\t\t\t\t<div class=\"post_content--copy-inner-wrapper\">\n\n\n\t\t\t\t\t\t\t\t\t\t\t\t\t<div class=\"post_content-copy-wrapper\">\n\t\t\t\t\t\t\t\t\t\t\t\t\t\t\t  \t\t<h1><strong><span class=\"WdYUQQ text-decoration-none text-strikethrough-none\">Die Medienperformance der weltweit f\u00fchrenden CEOs<\/span><\/strong><\/h1>\n \n\t\t\t\t\t\t\t\t\t\t\t\t\t\t\t<\/div>\n\t\t\t\t\t\t\n\t\t\t\t\t\t\n\t\t\t\t\t\t\n\t\t\t\t\t<\/div>\n\t\t\t\t<\/div>\n\t\t\t<\/div>\n\n\t\t\n<\/section> \n\n\n\n\n\n<section\n    class=\"o-wrapper block-statement js-block-statement\">\n\n              <div class=\"block-statement--inner-wrapper\">\n          <h2 class=\"statement-block--statement\">Die CEOs, die hinter den gr\u00f6\u00dften Marken der Welt stehen, werden immer h\u00e4ufiger in den Fokus der \u00d6ffentlichkeit ger\u00fcckt. Das bedeutet, dass alles, was sie sagen und wie sie sich verhalten, nicht nur die \u00f6ffentliche Wahrnehmung ihrer Person bestimmt, sondern auch die Reputation der Unternehmen, die sie f\u00fchren. Und da die Reputation eines Unternehmens heute ein wichtiger Faktor f\u00fcr die Unternehmensleistung ist, steht f\u00fcr Marken, deren CEOs st\u00e4ndig im Rampenlicht stehen, viel auf dem Spiel.<\/h2> \n        <\/div>\n      \n<\/section> \n\n\n\n\n\n<section\n    class=\"block-pcon\">\n\n      \n\t\t\t<div class=\"post_content--wrapper\">\n\t\t\t\t<div class=\"post_content--copy  \">\n\t\t\t\t\t<div class=\"post_content--copy-inner-wrapper\">\n\n\n\t\t\t\t\t\t\t\t\t\t\t\t\t<div class=\"post_content-copy-wrapper\">\n\t\t\t\t\t\t\t\t\t\t\t\t\t\t\t  \t\t<p>Unser CEO-Index analysiert die Medienberichterstattung \u00fcber die bekanntesten und medial am meisten erw\u00e4hnten CEOs von heute. So sehen Sie auf einen Blick:<\/p>\n<ul>\n<li>Wer in jedem Land und in jeder Branche die h\u00f6chste Medienberichterstattung erh\u00e4lt<\/li>\n<li>Mit welchen globalen Themen jeder CEO in Verbindung gebracht wird<\/li>\n<li>Die Effektivit\u00e4t ihrer Medienberichterstattung anhand eines durchschnittlichen Impact Score<\/li>\n<\/ul>\n<p>&nbsp;<\/p>\n<p>Daraus ergibt sich ein interessantes Bild der globalen CEO-Landschaft: Es wird ermittelt, wer in jeder Branche, jedem Markt und auf globaler Ebene die meiste Medienberichterstattung erh\u00e4lt und es wird die Beziehung zur Unternehmensleistung aufgezeigt.<\/p>\n<p>Im untenstehenden Dashboard k\u00f6nnen Sie f\u00fcnf verschiedene Kategorien durchsuchen, darunter Firmenname, CEO, Branche, Thema und Standort in dem von Ihnen gew\u00e4hlten Zeitraum, um zu sehen, wie die verschiedenen CEOs abschneiden und in welcher Rangfolge.<\/p>\n<p>Am oberen Rand des Dashboards sehen Sie einen Newsticker, der automatisch auf Ihre Suchkriterien zugeschnitten ist.<\/p>\n<p><strong>Lesen Sie\u00a0<a href=\"https:\/\/onclusive.com\/de\/ressourcen\/whitepaper\/ceo-index-report-q3\/\" target=\"_blank\" rel=\"noopener\"><u>unseren Q3 Report<\/u><\/a>, in dem untersucht wird, wie die Top-CEOs der Welt zwischen Juli und September 2023 in der Medienberichterstattung abschneiden.<\/strong><\/p>\n<p><b><\/b><span data-ccp-props=\"{&quot;134233117&quot;:false,&quot;134233118&quot;:false,&quot;201341983&quot;:0,&quot;335559738&quot;:0,&quot;335559739&quot;:0,&quot;335559740&quot;:276}\">\u00a0<\/span><\/p>\n<p>&nbsp;<\/p>\n \n\t\t\t\t\t\t\t\t\t\t\t\t\t\t\t<\/div>\n\t\t\t\t\t\t\n\t\t\t\t\t\t\n\t\t\t\t\t\t\n\t\t\t\t\t<\/div>\n\t\t\t\t<\/div>\n\t\t\t<\/div>\n\n\t\t\n<\/section> \n\n\n\n\n\n<section\n  id=\"dashboard\"  class=\"block-pcon\">\n\n      \n\t\t\t<div class=\"post_content--wrapper\">\n\t\t\t\t<div class=\"post_content--copy  \">\n\t\t\t\t\t<div class=\"post_content--copy-inner-wrapper\">\n\n\n\t\t\t\t\t\t\t\t\t\t\t\t\t<div class=\"post_content-copy-wrapper\">\n\t\t\t\t\t\t\t\t\t\t\t\t\t\t\t  \t\t<p><iframe title=\"CEO.De\" width=\"1300\" height=\"1850\" src=https:\/\/app.powerbi.com\/view?r=eyJrIjoiN2ZlZjk3MDgtNWUyZC00M2QwLThiYzQtZDE2N2NjNGJlZjFiIiwidCI6ImE0MDAyZDE5LWU4YjQtNGU2ZS1hMDBhLTk1ZDk5Y2M3ZWY5YSJ9 frameborder=\"0\" allowFullScreen=\"true\"><\/iframe><\/p>\n \n\t\t\t\t\t\t\t\t\t\t\t\t\t\t\t<\/div>\n\t\t\t\t\t\t\n\t\t\t\t\t\t\n\t\t\t\t\t\t\n\t\t\t\t\t<\/div>\n\t\t\t\t<\/div>\n\t\t\t<\/div>\n\n\t\t\n<\/section> \n\n\n\n\n\n<section\n    class=\"block-fbs\">\n\n      \n<div class=\"card__feature-block card__feature-block__small \">\n\n\n  <div class=\"card--image\">\n    <div class=\"card--image--inner-wrapper\">\n      \n\n<img decoding=\"async\"\n\talt=\"\"\n    data-sizes=\"auto\"\n    data-src=\"https:\/\/onclusive.com\/wp-content\/uploads\/2023\/10\/LP_Q3-1-300x300.png\"\n    data-srcset=\"https:\/\/onclusive.com\/wp-content\/uploads\/2023\/10\/LP_Q3-1.png 458w,\n\thttps:\/\/onclusive.com\/wp-content\/uploads\/2023\/10\/LP_Q3-1.png 458w, \n\thttps:\/\/onclusive.com\/wp-content\/uploads\/2023\/10\/LP_Q3-1.png 458w\"\n    class=\"lazyload not-svg\"\n    src=\"https:\/\/onclusive.com\/wp-content\/uploads\/2023\/10\/LP_Q3-1-300x300.png\"\n\/>\n\n\n\n\n    <\/div>\n  <\/div>\n\n  \n  <div class=\"card--copy card_bg__blue_dark\">\n    <!-- <div class=\"card_bg card_bg__blue_dark\"><\/div> -->\n\n    <div>\n      \n      \n        <h3 class=\"feature_block_heading\">CEO Index Report Q3<\/h3> \n      \n              <p class=\"feature_block_copy\">Entdecken Sie unsere neueste Analyse der Medienberichterstattung der TOP-CEOs im Zeitraum von Juli bis September 2023 und die sich daraus abzeichnenden Trends.<\/p> \n            \n    <\/div>\n\n    \n<a href=\"https:\/\/onclusive.com\/de\/ressourcen\/whitepaper\/ceo-index-report-q3\/\" rel=\"noreferrer\" target=\"_blank\" class=\"button  button__page-link\">\n    Zum Report    <svg   data-name=\"Layer 1\" xmlns=\"http:\/\/www.w3.org\/2000\/svg\" viewBox=\"0 0 16 16\"><polygon points=\"8 0 6.59 1.41 12.17 7 0 7 0 9 12.17 9 6.59 14.59 8 16 16 8 8 0\"\/><\/svg><\/a>\n  <\/div>\n\n\n<\/div>\n\n\n<div class=\"card__feature-block card__feature-block__small  override_flip_layout \">\n\n\n  <div class=\"card--image\">\n    <div class=\"card--image--inner-wrapper\">\n      \n\n<img decoding=\"async\"\n\talt=\"\"\n    data-sizes=\"auto\"\n    data-src=\"https:\/\/onclusive.com\/wp-content\/uploads\/2023\/07\/Untitled-design-16.svg\"\n    data-srcset=\"https:\/\/onclusive.com\/wp-content\/uploads\/2023\/07\/Untitled-design-16.svg 1w,\n\thttps:\/\/onclusive.com\/wp-content\/uploads\/2023\/07\/Untitled-design-16.svg 1w, \n\thttps:\/\/onclusive.com\/wp-content\/uploads\/2023\/07\/Untitled-design-16.svg 1w\"\n    class=\"lazyload is-svg\"\n    src=\"https:\/\/onclusive.com\/wp-content\/uploads\/2023\/07\/Untitled-design-16.svg\"\n\/>\n\n\n\n\n    <\/div>\n  <\/div>\n\n  \n  <div class=\"card--copy card_bg__violet_light\">\n    <!-- <div class=\"card_bg card_bg__violet_light\"><\/div> -->\n\n    <div>\n      \n      \n        <h3 class=\"feature_block_heading\">Wie wirkt sich die pers\u00f6nliche Marke eines CEOs auf die Unternehmensreputation aus?<\/h3> \n      \n              <p class=\"feature_block_copy\">Finden Sie heraus, welche Tools Sie ben\u00f6tigen, um das Medienprofil Ihres CEO zu verstehen und zu managen.<\/p> \n            \n    <\/div>\n\n    \n<a href=\"https:\/\/onclusive.com\/de\/unsere-loesungen\/insights-consultancy\/\" rel=\"noreferrer\" target=\"_blank\" class=\"button  button__page-link button__page-link\">\n    Mehr lesen    <svg   data-name=\"Layer 1\" xmlns=\"http:\/\/www.w3.org\/2000\/svg\" viewBox=\"0 0 16 16\"><polygon points=\"8 0 6.59 1.41 12.17 7 0 7 0 9 12.17 9 6.59 14.59 8 16 16 8 8 0\"\/><\/svg><\/a>\n  <\/div>\n\n\n<\/div>\n\n\n<\/section>\n\n\n\n\n\n<section\n    class=\"block-cta block-colour-bg__green_light\">\n\n    <div class=\"cta--inner-wrapper\">\n      \n           \n      <div class=\"cta--content\">\n                  <h4 class=\"cta-heading\">Sie m\u00f6chten wissen, wie Sie Ihre Unternehmensleistung bewerten und Ihr Markenimage verbessern k\u00f6nnen?<\/h4> \n        \n        \n<a href=\"https:\/\/onclusive.com\/de\/sprechen-sie-uns-an\/\" rel=\"noreferrer\" target=\"_blank\" class=\"button button__large button__page-link\">\n    SPRECHEN SIE UNS AN    <svg   data-name=\"Layer 1\" xmlns=\"http:\/\/www.w3.org\/2000\/svg\" viewBox=\"0 0 16 16\"><polygon points=\"8 0 6.59 1.41 12.17 7 0 7 0 9 12.17 9 6.59 14.59 8 16 16 8 8 0\"\/><\/svg><\/a>\n      <\/div> \n    <\/div>\n\n<\/section> \n\n\n\n\n\n<section\n    class=\"block-pcon\">\n\n      \n\t\t\t<div class=\"post_content--wrapper\">\n\t\t\t\t<div class=\"post_content--copy  \">\n\t\t\t\t\t<div class=\"post_content--copy-inner-wrapper\">\n\n\n\t\t\t\t\t\t\t\t\t\t\t\t\t<div class=\"post_content-copy-wrapper\">\n\t\t\t\t\t\t\t\t\t\t\t\t\t\t\t  \t\t<h3><strong>Die CEO Index Methodik<\/strong><\/h3>\n<p>&nbsp;<\/p>\n<p>Der CEO \u2013 Index von Onclusive misst die Medienberichterstattung \u00fcber die CEOs der US Fortune 100, des britischen FTSE 100, des franz\u00f6sischen CAC 40, des deutschen DAX 40, des Schweizer SMI 30, des spanischen IBEX 35, des italienischen IT 40 und des irischen Euronext Dublin 20.<\/p>\n<p>Die Analyse basiert auf den 165 wichtigsten Online-Nachrichten, Zeitungen und Wirtschaftsmagazinen in den USA und Europa. Die Daten werden monatlich aktualisiert.<\/p>\n<p>F\u00fcr jede CEO-Erw\u00e4hnung wird ein Impact-Score berechnet, der sich aus der Reichweite und Autorit\u00e4t der Medienquelle, der Prominenz des CEO im Artikel, der Stimmung und der sozialen Verbreitung ergibt.<\/p>\n<p>Das Volumen bezieht sich auf die Anzahl der CEO-Erw\u00e4hnungen.<\/p>\n<p><strong>\u00a0<\/strong><\/p>\n<p>Alle CEO-Erw\u00e4hnungen werden bewertet und nach f\u00fcnf Hauptthemen kategorisiert:<\/p>\n<ul>\n<li style=\"list-style-type: none;\">\n<ul>\n<li style=\"list-style-type: none;\">\n<ul>\n<li><strong>Finanzleistung<\/strong> &#8211; Finanzergebnisse, Investitionsrunden und Aktienkurse<\/li>\n<li><strong>Leadership<\/strong> &#8211; Strategie, Fusionen und \u00dcbernahmen, Vordenkerrolle, Beziehungen zu f\u00fchrenden Branchenvertretern und Aktion\u00e4ren<\/li>\n<li><strong>Nachhaltigkeit<\/strong> &#8211; Umwelt, Diversit\u00e4t und Inklusion, Mitarbeiter- und Lieferantenbindung, sowie Fairness<\/li>\n<li><strong>Innovation<\/strong> &#8211; neue Technologien, Forschung &amp; Entwicklung, Produkteinf\u00fchrungen und Design<\/li>\n<li><strong>Politische und \u00f6ffentliche Angelegenheiten <\/strong>&#8211;\u00a0Transparenz, Unternehmensf\u00fchrung und Rechtsstreitigkeiten<\/li>\n<\/ul>\n<\/li>\n<\/ul>\n<\/li>\n<\/ul>\n<p>&nbsp;<\/p>\n<p>&nbsp;<\/p>\n \n\t\t\t\t\t\t\t\t\t\t\t\t\t\t\t<\/div>\n\t\t\t\t\t\t\n\t\t\t\t\t\t\n\t\t\t\t\t\t\n\t\t\t\t\t<\/div>\n\t\t\t\t<\/div>\n\t\t\t<\/div>\n\n\t\t\n<\/section> \n\n\n","protected":false},"excerpt":{"rendered":"","protected":false},"author":3,"featured_media":0,"parent":0,"menu_order":11,"comment_status":"closed","ping_status":"closed","template":"","meta":{"_acf_changed":false,"content-type":"","inline_featured_image":false,"footnotes":""},"region":[],"class_list":["post-28444","page","type-page","status-publish","hentry"],"acf":[],"_links":{"self":[{"href":"https:\/\/onclusive.com\/de\/wp-json\/wp\/v2\/pages\/28444","targetHints":{"allow":["GET"]}}],"collection":[{"href":"https:\/\/onclusive.com\/de\/wp-json\/wp\/v2\/pages"}],"about":[{"href":"https:\/\/onclusive.com\/de\/wp-json\/wp\/v2\/types\/page"}],"author":[{"embeddable":true,"href":"https:\/\/onclusive.com\/de\/wp-json\/wp\/v2\/users\/3"}],"replies":[{"embeddable":true,"href":"https:\/\/onclusive.com\/de\/wp-json\/wp\/v2\/comments?post=28444"}],"version-history":[{"count":0,"href":"https:\/\/onclusive.com\/de\/wp-json\/wp\/v2\/pages\/28444\/revisions"}],"wp:attachment":[{"href":"https:\/\/onclusive.com\/de\/wp-json\/wp\/v2\/media?parent=28444"}],"wp:term":[{"taxonomy":"region","embeddable":true,"href":"https:\/\/onclusive.com\/de\/wp-json\/wp\/v2\/region?post=28444"}],"curies":[{"name":"wp","href":"https:\/\/api.w.org\/{rel}","templated":true}]}}