{"id":38450,"date":"2023-10-23T17:42:36","date_gmt":"2023-10-23T17:42:36","guid":{"rendered":"https:\/\/newonclusivstg.wpengine.com\/rfp\/template-media-intelligence-pr-tech\/"},"modified":"2024-09-12T18:06:32","modified_gmt":"2024-09-12T18:06:32","slug":"template-media-intelligence-pr-tech","status":"publish","type":"page","link":"https:\/\/onclusive.com\/de\/rfp\/template-media-intelligence-pr-tech\/","title":{"rendered":"RFP Template"},"content":{"rendered":"<style>\n    \/* Hero Tag - Optional tag above title *\/\n    .hero-tag {\n      font-size: 12px;\n      font-weight: 600;\n      letter-spacing: 2px;\n      text-transform: uppercase;\n      margin-bottom: 15px;\n      display: block;\n      line-height: 1.4;\n\t  padding: 5px 2.5px;\n    }\n    \n    @media (max-width: 768px) {\n      .hero-tag {\n        font-size: 11px;\n        letter-spacing: 1.5px;\n        margin-bottom: 12px;\n      }\n    }\n    \n    @media (max-width: 480px) {\n      .hero-tag {\n        font-size: 10px;\n        letter-spacing: 1px;\n        margin-bottom: 10px;\n      }\n    }\n    <\/style>\n<style>\n\/**\n * Hero Background Overlay Styles\n *\/\n.hero-background-overlay {\n    position: absolute;\n    top: 0;\n    left: 0;\n    width: 100%;\n    height: 100%;\n    z-index: 1; \/* Above background image, below content *\/\n    pointer-events: none; \/* Allows clicks to pass through to content *\/\n}\n\n\/* Ensure hero section is positioned relative *\/\n.block-hero {\n    position: relative;\n}\n\n\/* Ensure content sits above overlay *\/\n.hero--content {\n    position: relative;\n    z-index: 2; \/* Above overlay *\/\n}\n\n\/* Ensure background image stays at bottom *\/\n.hero-background-image {\n    position: absolute;\n    z-index: 0; \/* Behind everything *\/\n}\n<\/style>\n\n<section\n    class=\"block-hero block-hero-full-bleed \">\n\n  \n          \n              <div class=\"hero_background_colour bg__green hero_background_colour__left\"><\/div>\n                    <div class=\"hero_background_colour bg__green hero_background_colour__right\"><\/div>\n      \n      \n          \n    \n    <div class=\"hero--content\">\n\n      <div class=\"hero--content--inner-wrapper\">\n\n                  <!-- ORIGINAL COMPLEX IMAGES -->\n          <div class=\"hero-foreground-images\">\n\n                                            <div class=\"hero_bg_colour_split bg__green hero_bg_colour_split__left\"><\/div>\n                          \n                        <div class=\"img-wrapper ratio-1-1 image-is-foreground\">\n\t\n\n<img decoding=\"async\"\n\talt=\"\"\n    data-sizes=\"auto\"\n    data-src=\"https:\/\/onclusive.com\/wp-content\/uploads\/2023\/10\/TEMPLATE-01-300x241.png\"\n    data-srcset=\"https:\/\/onclusive.com\/wp-content\/uploads\/2023\/10\/TEMPLATE-01-1200x965.png 1200w,\n\thttps:\/\/onclusive.com\/wp-content\/uploads\/2023\/10\/TEMPLATE-01-1024x823.png 1024w, \n\thttps:\/\/onclusive.com\/wp-content\/uploads\/2023\/10\/TEMPLATE-01-1920x1543.png 1920w\"\n    class=\"lazyload not-svg\"\n    src=\"https:\/\/onclusive.com\/wp-content\/uploads\/2023\/10\/TEMPLATE-01-300x241.png\"\n\/>\n\n\n\n\n<\/div>          <\/div>\n        \n        <div class=\"hero--copy\">\n\n          <!-- OPTIONAL HERO TAG - ONLY IF SET -->\n          \n                      <h1 class=\"hero_title\" >\n                            <span class=\"hero_title_bold\">\n                Vereinfachen Sie Ihren RFP-Prozess mit unserer Angebotsvorlage f\u00fcr Media Intelligence und PR-Technologie.              <\/span>\n                                                      <\/h1> \n          \n          \n          \n        <\/div>\n\n      <\/div>\n\n    <\/div>\n\n    \n<\/section>\n\n\n<section\n    class=\"o-wrapper block-statement js-block-statement\">\n\n              <div class=\"block-statement--inner-wrapper\">\n          <h2 class=\"statement-block--statement\">Optimieren Sie Ihren RFP-Prozess mit unserem sorgf\u00e4ltig ausgearbeiteten<b> RFP-Template f\u00fcr Media Intelligence und PR-Technologie<\/b>. Diese von Branchenexperten erstellte Vorlage ist eine Kombination aus jahrzehntelanger Erfahrung mit Ausschreibungen im Bereich Media Intelligence und stellt sicher, dass Ihre Angebotsanfrage umfassend und strukturiert ist, wodurch Sie wertvolle Zeit und M\u00fche sparen. <br \/>\r\n<br><br>Beginnen Sie Ihre RFP-Reise richtig. Nichts ist wichtiger, als einen Partner zu finden, der Sie unterst\u00fctzt. Laden Sie unsere Vorlage herunter und erschlie\u00dfen Sie sich eine Welt voller M\u00f6glichkeiten in der Medienanalyse und PR-Technologie.<\/h2> \n        <\/div>\n      \n<\/section> \n\n\n\n\n\n    <section\n            class=\"block-form bg__green\">\n      \n\n  <div class=\"form-content\">\n    <div class=\"form-content--inner-wrapper\">\n\n      \n              <div class=\"form-content--heading\">\n          <h3 class=\"block--form_heading\">Formular ausf\u00fcllen<\/h3> \n        <\/div>\n      \n      <div class=\"form-content--copy\">\n    \n        \n      <\/div>\n\n      \n              <div id=\"myFrame\" class=\"form-content--form  \"> \n          <script charset=\"utf-8\" type=\"text\/javascript\" src=\"\/\/js.hsforms.net\/forms\/embed\/v2.js\"><\/script>\r\n<script>\r\n  hbspt.forms.create({\r\n    region: \"na1\",\r\n    portalId: \"42525281\",\r\n    formId: \"8624291b-77ec-42bb-9ce3-8a17ccf1ab22\"\r\n  });\r\n<\/script>        <\/div> \n          <\/div>\n  <\/div>\n\n    <\/section> \n  \n<style>\n\/* Dark Background Form Styling - Only applies when .bg__black class exists *\/\n.block-form.bg__black .hs-form label,\n.block-form.bg__black .hs-form legend,\n.block-form.bg__black .hs-form .hs-form-field > label {\n  color: #ffffff !important;\n}\n\n.block-form.bg__black .hs-form input[type=\"text\"],\n.block-form.bg__black .hs-form input[type=\"email\"],\n.block-form.bg__black .hs-form input[type=\"tel\"],\n.block-form.bg__black .hs-form input[type=\"number\"],\n.block-form.bg__black .hs-form select,\n.block-form.bg__black .hs-form textarea {\n  background-color: #ffffff !important;\n  color: #1e1e23 !important;\n  border-color: #ffffff !important;\n}\n\n.block-form.bg__black .hs-form input[type=\"submit\"],\n.block-form.bg__black .hs-form .hs-button,\n.block-form.bg__black .hs-form button[type=\"submit\"] {\n  background-color: #316446 !important;\n  color: #f0ebf0 !important;\n  border: none !important;\n  transition: all 0.3s ease !important;\n}\n\n.block-form.bg__black .hs-form input[type=\"submit\"]:hover,\n.block-form.bg__black .hs-form .hs-button:hover,\n.block-form.bg__black .hs-form button[type=\"submit\"]:hover {\n  background-color: #254d35 !important;\n  color: #01E55F !important;\n}\n\n.block-form.bg__black .hs-form input::placeholder,\n.block-form.bg__black .hs-form textarea::placeholder {\n  color: #999999 !important;\n}\n\n.block-form.bg__black .hs-form .hs-error-msgs label,\n.block-form.bg__black .hs-form .hs-error-msg {\n  color: #ff6b6b !important;\n}\n\n.block-form.bg__black .hs-form .hs-field-desc,\n.block-form.bg__black .hs-form .hs-richtext {\n  color: #cccccc !important;\n}\n<\/style>\n\n\n\n","protected":false},"excerpt":{"rendered":"","protected":false},"author":25,"featured_media":0,"parent":37594,"menu_order":0,"comment_status":"closed","ping_status":"closed","template":"","meta":{"_acf_changed":false,"content-type":"","inline_featured_image":false,"footnotes":""},"region":[],"class_list":["post-38450","page","type-page","status-publish","hentry"],"acf":[],"_links":{"self":[{"href":"https:\/\/onclusive.com\/de\/wp-json\/wp\/v2\/pages\/38450","targetHints":{"allow":["GET"]}}],"collection":[{"href":"https:\/\/onclusive.com\/de\/wp-json\/wp\/v2\/pages"}],"about":[{"href":"https:\/\/onclusive.com\/de\/wp-json\/wp\/v2\/types\/page"}],"author":[{"embeddable":true,"href":"https:\/\/onclusive.com\/de\/wp-json\/wp\/v2\/users\/25"}],"replies":[{"embeddable":true,"href":"https:\/\/onclusive.com\/de\/wp-json\/wp\/v2\/comments?post=38450"}],"version-history":[{"count":0,"href":"https:\/\/onclusive.com\/de\/wp-json\/wp\/v2\/pages\/38450\/revisions"}],"up":[{"embeddable":true,"href":"https:\/\/onclusive.com\/de\/wp-json\/wp\/v2\/pages\/37594"}],"wp:attachment":[{"href":"https:\/\/onclusive.com\/de\/wp-json\/wp\/v2\/media?parent=38450"}],"wp:term":[{"taxonomy":"region","embeddable":true,"href":"https:\/\/onclusive.com\/de\/wp-json\/wp\/v2\/region?post=38450"}],"curies":[{"name":"wp","href":"https:\/\/api.w.org\/{rel}","templated":true}]}}