{"id":5220,"date":"2022-01-20T17:04:47","date_gmt":"2022-01-20T17:04:52","guid":{"rendered":"https:\/\/newonclusive.wpengine.com\/how-we-do-it\/fundamentals\/"},"modified":"2024-08-05T20:56:27","modified_gmt":"2024-08-05T20:56:27","slug":"rechtliche-grundlagen","status":"publish","type":"page","link":"https:\/\/onclusive.com\/de\/unsere-methodologie\/rechtliche-grundlagen\/","title":{"rendered":"Rechtliche Grundlagen"},"content":{"rendered":"<style>\n    \/* Hero Tag - Optional tag above title *\/\n    .hero-tag {\n      font-size: 12px;\n      font-weight: 600;\n      letter-spacing: 2px;\n      text-transform: uppercase;\n      margin-bottom: 15px;\n      display: block;\n      line-height: 1.4;\n\t  padding: 5px 2.5px;\n    }\n    \n    @media (max-width: 768px) {\n      .hero-tag {\n        font-size: 11px;\n        letter-spacing: 1.5px;\n        margin-bottom: 12px;\n      }\n    }\n    \n    @media (max-width: 480px) {\n      .hero-tag {\n        font-size: 10px;\n        letter-spacing: 1px;\n        margin-bottom: 10px;\n      }\n    }\n    <\/style>\n<style>\n\/**\n * Hero Background Overlay Styles\n *\/\n.hero-background-overlay {\n    position: absolute;\n    top: 0;\n    left: 0;\n    width: 100%;\n    height: 100%;\n    z-index: 1; \/* Above background image, below content *\/\n    pointer-events: none; \/* Allows clicks to pass through to content *\/\n}\n\n\/* Ensure hero section is positioned relative *\/\n.block-hero {\n    position: relative;\n}\n\n\/* Ensure content sits above overlay *\/\n.hero--content {\n    position: relative;\n    z-index: 2; \/* Above overlay *\/\n}\n\n\/* Ensure background image stays at bottom *\/\n.hero-background-image {\n    position: absolute;\n    z-index: 0; \/* Behind everything *\/\n}\n<\/style>\n\n<section\n    class=\"block-hero block-hero-full-bleed \">\n\n  \n          \n              <div class=\"hero_background_colour bg__red_light hero_background_colour__left\"><\/div>\n                    <div class=\"hero_background_colour bg__grey hero_background_colour__right\"><\/div>\n      \n      \n          \n    \n    <div class=\"hero--content\">\n\n      <div class=\"hero--content--inner-wrapper\">\n\n                  <!-- ORIGINAL COMPLEX IMAGES -->\n          <div class=\"hero-foreground-images\">\n\n                                            <div class=\"hero_bg_colour_split bg__red_light hero_bg_colour_split__left\"><\/div>\n                          \n            <div class=\"img-wrapper ratio-1-1 image-is-background\">\n\t\n\n<img decoding=\"async\"\n\talt=\"Graphic\"\n    data-sizes=\"auto\"\n    data-src=\"https:\/\/onclusive.com\/wp-content\/uploads\/2022\/02\/How-we-do-it_Fundamentals.svg\"\n    data-srcset=\"https:\/\/onclusive.com\/wp-content\/uploads\/2022\/02\/How-we-do-it_Fundamentals.svg 1w,\n\thttps:\/\/onclusive.com\/wp-content\/uploads\/2022\/02\/How-we-do-it_Fundamentals.svg 1w, \n\thttps:\/\/onclusive.com\/wp-content\/uploads\/2022\/02\/How-we-do-it_Fundamentals.svg 1w\"\n    class=\"lazyload is-svg\"\n    src=\"https:\/\/onclusive.com\/wp-content\/uploads\/2022\/02\/How-we-do-it_Fundamentals.svg\"\n\/>\n\n\n\n\n<\/div>            <div class=\"img-wrapper ratio-1-1 image-is-foreground\">\n\t\n\n<img decoding=\"async\"\n\talt=\"Umbrella\"\n    data-sizes=\"auto\"\n    data-src=\"https:\/\/onclusive.com\/wp-content\/uploads\/2022\/02\/How-we-do-it_Fundamentals-300x300.png\"\n    data-srcset=\"https:\/\/onclusive.com\/wp-content\/uploads\/2022\/02\/How-we-do-it_Fundamentals.png 800w,\n\thttps:\/\/onclusive.com\/wp-content\/uploads\/2022\/02\/How-we-do-it_Fundamentals.png 800w, \n\thttps:\/\/onclusive.com\/wp-content\/uploads\/2022\/02\/How-we-do-it_Fundamentals.png 800w\"\n    class=\"lazyload not-svg\"\n    src=\"https:\/\/onclusive.com\/wp-content\/uploads\/2022\/02\/How-we-do-it_Fundamentals-300x300.png\"\n\/>\n\n\n\n\n<\/div>          <\/div>\n        \n        <div class=\"hero--copy\">\n\n          <!-- OPTIONAL HERO TAG - ONLY IF SET -->\n          \n                      <h1 class=\"hero_title\" >\n                            <span class=\"hero_title_bold\">\n                Rechtliches und rechtliche Grundlagen              <\/span>\n                <br\/>                                          Das Wesentliche zum Schutz Ihrer Daten             \n                        <\/h1> \n          \n          \n                      <div class=\"hero_buttons--wrapper\">\n            \n<a href=\"#intro\"  target=\"_self\" class=\"button  button__anchor-link\">\n    MEHR ERFAHREN    <svg   data-name=\"Layer 1\" xmlns=\"http:\/\/www.w3.org\/2000\/svg\" viewBox=\"0 0 12 7.41\"><polygon points=\"10.59 0 6 4.58 1.41 0 0 1.41 6 7.41 12 1.41 10.59 0\"\/><\/svg><\/a>\n\n<a href=\"#form\"  target=\"_self\" class=\"button button__outline button__anchor-link\">\n    Let&#8217;s connect    <svg   data-name=\"Layer 1\" xmlns=\"http:\/\/www.w3.org\/2000\/svg\" viewBox=\"0 0 12 7.41\"><polygon points=\"10.59 0 6 4.58 1.41 0 0 1.41 6 7.41 12 1.41 10.59 0\"\/><\/svg><\/a>\n            <\/div>\n          \n        <\/div>\n\n      <\/div>\n\n    <\/div>\n\n    \n<\/section>\n\n\n<section\n  id=\"intro\"  class=\"o-wrapper block-statement js-block-statement\">\n\n              <div class=\"block-statement--inner-wrapper\">\n          <h2 class=\"statement-block--statement\">Daten und Datenschutz sind integraler Bestandteil von PR- und Kommunikationsarbeit. Wir nutzen die auf globaler Ebene fortschrittlichsten technischen Ma\u00dfnahmen, um Ihnen unsere Services durchgehend verl\u00e4sslich anzubieten und damit Sie Ihre Inhalte stets unterbrechungsfrei bearbeiten und verbreiten k\u00f6nnen.<\/h2> \n        <\/div>\n      \n<\/section> \n\n\n\n\n\n<section\n    class=\"block-pcon\">\n\n      \n\t\t\t<div class=\"post_content--wrapper\">\n\t\t\t\t<div class=\"post_content--copy  \">\n\t\t\t\t\t<div class=\"post_content--copy-inner-wrapper\">\n\n\n\t\t\t\t\t\t\t\t\t\t\t\t\t<div class=\"post_content-copy-wrapper\">\n\t\t\t\t\t\t\t\t\t\t\t\t\t\t\t  \t\t<p><span style=\"font-weight: 400;\">Wir haben in die modernste Infrastruktur investiert, um Ihre Datenaktivit\u00e4ten und unsere Systeme optimal vor Beeintr\u00e4chtigungen zu sch\u00fctzen. Wir arbeiten mit einigen der weltweit gr\u00f6\u00dften Unternehmen zusammen und garantieren Stabilit\u00e4t und Verl\u00e4sslichkeit, indem wir Sie in den komplexen Bereichen IT, Beschaffung und Data Governance unterst\u00fctzen und bei Bedarf anleiten.\u00a0<\/span><\/p>\n<p><span style=\"font-weight: 400;\">Unsere Compliance-Services sch\u00fctzen Ihre Kommunikation und bereiten Sie auf m\u00f6gliche Urheberrechts\u00e4nderungen in verschiedenen L\u00e4ndern vor. Wir arbeiten best\u00e4ndig mit Herausgebern und internationalen Organisationen zusammen, um die Einhaltung von Urheberrechtsvorgaben auf nationaler und internationaler Ebene zu gew\u00e4hrleisten und unseren Kunden maximale Rechtssicherheit f\u00fcr ihre Kommunikationsinhalte zu bieten.<\/span><\/p>\n<p>&nbsp;<\/p>\n \n\t\t\t\t\t\t\t\t\t\t\t\t\t\t\t<\/div>\n\t\t\t\t\t\t\n\t\t\t\t\t\t\n\t\t\t\t\t\t\n\t\t\t\t\t<\/div>\n\t\t\t\t<\/div>\n\t\t\t<\/div>\n\n\t\t\n<\/section> \n\n\n\n\n\n<section\n    class=\"block-feature-card-row\">\n\n    \n  <div class=\"card-row--inner-wrapper\">\n\n          \n        \n<div class=\"card card__feature\">\n\n  <div class=\"card_bg card_bg__grey\">\n\n    <div class=\"card--image\">\n      \n\n<img decoding=\"async\"\n\talt=\"Graphic\"\n    data-sizes=\"auto\"\n    data-src=\"https:\/\/onclusive.com\/wp-content\/uploads\/2022\/02\/How-we-do-it_Fundamentals_Copyright-and-Licensing_SM-1.svg\"\n    data-srcset=\"https:\/\/onclusive.com\/wp-content\/uploads\/2022\/02\/How-we-do-it_Fundamentals_Copyright-and-Licensing_SM-1.svg 1w,\n\thttps:\/\/onclusive.com\/wp-content\/uploads\/2022\/02\/How-we-do-it_Fundamentals_Copyright-and-Licensing_SM-1.svg 1w, \n\thttps:\/\/onclusive.com\/wp-content\/uploads\/2022\/02\/How-we-do-it_Fundamentals_Copyright-and-Licensing_SM-1.svg 1w\"\n    class=\"lazyload is-svg\"\n    src=\"https:\/\/onclusive.com\/wp-content\/uploads\/2022\/02\/How-we-do-it_Fundamentals_Copyright-and-Licensing_SM-1.svg\"\n\/>\n\n\n\n\n    <\/div>\n\n    <div class=\"card--copy\">\n      <div class=\"card--copy-wrapper\">\n                  <h3 class=\"featured_card_heading\">Urheberrecht und Lizenzen<\/h3> \n        \n                  <p class=\"featured_card_copy\">Unterst\u00fctzung bei der Einhaltung internationaler Vorschriften, um sicherzustellen, dass Ihre Kommunikation den internationalen Bestimmungen entspricht.\r\n \r\n<\/p> \n              <\/div>\n\n      \n<a href=\"https:\/\/onclusive.com\/how-we-do-it\/fundamentals\/copyrights-licensing\/\"  target=\"_self\" class=\"button  button__page-link\">\n    Mehr erfahren    <svg   data-name=\"Layer 1\" xmlns=\"http:\/\/www.w3.org\/2000\/svg\" viewBox=\"0 0 16 16\"><polygon points=\"8 0 6.59 1.41 12.17 7 0 7 0 9 12.17 9 6.59 14.59 8 16 16 8 8 0\"\/><\/svg><\/a>\n    <\/div>\n\n  <\/div>\n<\/div>\n      \n        \n<div class=\"card card__feature\">\n\n  <div class=\"card_bg card_bg__grey\">\n\n    <div class=\"card--image\">\n      \n\n<img decoding=\"async\"\n\talt=\"Graphic\"\n    data-sizes=\"auto\"\n    data-src=\"https:\/\/onclusive.com\/wp-content\/uploads\/2022\/02\/How-we-do-it_Fundamentals_Security_SM.svg\"\n    data-srcset=\"https:\/\/onclusive.com\/wp-content\/uploads\/2022\/02\/How-we-do-it_Fundamentals_Security_SM.svg 1w,\n\thttps:\/\/onclusive.com\/wp-content\/uploads\/2022\/02\/How-we-do-it_Fundamentals_Security_SM.svg 1w, \n\thttps:\/\/onclusive.com\/wp-content\/uploads\/2022\/02\/How-we-do-it_Fundamentals_Security_SM.svg 1w\"\n    class=\"lazyload is-svg\"\n    src=\"https:\/\/onclusive.com\/wp-content\/uploads\/2022\/02\/How-we-do-it_Fundamentals_Security_SM.svg\"\n\/>\n\n\n\n\n    <\/div>\n\n    <div class=\"card--copy\">\n      <div class=\"card--copy-wrapper\">\n                  <h3 class=\"featured_card_heading\">Datenschutz<\/h3> \n        \n                  <p class=\"featured_card_copy\">Wir sch\u00fctzen Ihre Dienstleistungen mit der fortschrittlichsten und verl\u00e4sslichsten Infrastruktur, um fortw\u00e4hrend alle relevanten Sicherheitsstandards einzuhalten. \r\n<\/p> \n              <\/div>\n\n      \n<a href=\"https:\/\/onclusive.com\/how-we-do-it\/fundamentals\/security\/\"  target=\"_self\" class=\"button  button__page-link button__page-link\">\n    Mehr erfahren    <svg   data-name=\"Layer 1\" xmlns=\"http:\/\/www.w3.org\/2000\/svg\" viewBox=\"0 0 16 16\"><polygon points=\"8 0 6.59 1.41 12.17 7 0 7 0 9 12.17 9 6.59 14.59 8 16 16 8 8 0\"\/><\/svg><\/a>\n    <\/div>\n\n  <\/div>\n<\/div>\n            <\/div>\n<\/section>\n\n\n\n\n\n    <section\n      id=\"form\"      class=\"block-form bg__red_light\">\n      \n\n  <div class=\"form-content\">\n    <div class=\"form-content--inner-wrapper\">\n\n      \n              <div class=\"form-content--heading\">\n          <h3 class=\"block--form_heading\">Let&#8217;s connect.<\/h3> \n        <\/div>\n      \n      <div class=\"form-content--copy\">\n    \n        \n            <div class=\"block--copy\"><p>Sie m\u00f6chten uns eine Frage stellen? F\u00fcllen Sie bitte das Formular aus.<\/p>\n<\/div>\n\n        \n      <\/div>\n\n      \n              <div id=\"myFrame\" class=\"form-content--form  \"> \n          <script charset=\"utf-8\" type=\"text\/javascript\" src=\"\/\/js.hsforms.net\/forms\/embed\/v2.js\"><\/script>\r\n<script>\r\n  hbspt.forms.create({\r\n    region: \"na1\",\r\n    portalId: \"42525281\",\r\n    formId: \"cf45dcc4-93e4-476f-8295-15a11b124f50\"\r\n  });\r\n<\/script>        <\/div> \n          <\/div>\n  <\/div>\n\n    <\/section> \n  \n<style>\n\/* Dark Background Form Styling - Only applies when .bg__black class exists *\/\n.block-form.bg__black .hs-form label,\n.block-form.bg__black .hs-form legend,\n.block-form.bg__black .hs-form .hs-form-field > label {\n  color: #ffffff !important;\n}\n\n.block-form.bg__black .hs-form input[type=\"text\"],\n.block-form.bg__black .hs-form input[type=\"email\"],\n.block-form.bg__black .hs-form input[type=\"tel\"],\n.block-form.bg__black .hs-form input[type=\"number\"],\n.block-form.bg__black .hs-form select,\n.block-form.bg__black .hs-form textarea {\n  background-color: #ffffff !important;\n  color: #1e1e23 !important;\n  border-color: #ffffff !important;\n}\n\n.block-form.bg__black .hs-form input[type=\"submit\"],\n.block-form.bg__black .hs-form .hs-button,\n.block-form.bg__black .hs-form button[type=\"submit\"] {\n  background-color: #316446 !important;\n  color: #f0ebf0 !important;\n  border: none !important;\n  transition: all 0.3s ease !important;\n}\n\n.block-form.bg__black .hs-form input[type=\"submit\"]:hover,\n.block-form.bg__black .hs-form .hs-button:hover,\n.block-form.bg__black .hs-form button[type=\"submit\"]:hover {\n  background-color: #254d35 !important;\n  color: #01E55F !important;\n}\n\n.block-form.bg__black .hs-form input::placeholder,\n.block-form.bg__black .hs-form textarea::placeholder {\n  color: #999999 !important;\n}\n\n.block-form.bg__black .hs-form .hs-error-msgs label,\n.block-form.bg__black .hs-form .hs-error-msg {\n  color: #ff6b6b !important;\n}\n\n.block-form.bg__black .hs-form .hs-field-desc,\n.block-form.bg__black .hs-form .hs-richtext {\n  color: #cccccc !important;\n}\n<\/style>\n\n\n\n","protected":false},"excerpt":{"rendered":"","protected":false},"author":1,"featured_media":0,"parent":5209,"menu_order":2,"comment_status":"closed","ping_status":"closed","template":"","meta":{"_acf_changed":false,"content-type":"","inline_featured_image":false,"footnotes":""},"region":[],"class_list":["post-5220","page","type-page","status-publish","hentry"],"acf":[],"_links":{"self":[{"href":"https:\/\/onclusive.com\/de\/wp-json\/wp\/v2\/pages\/5220","targetHints":{"allow":["GET"]}}],"collection":[{"href":"https:\/\/onclusive.com\/de\/wp-json\/wp\/v2\/pages"}],"about":[{"href":"https:\/\/onclusive.com\/de\/wp-json\/wp\/v2\/types\/page"}],"author":[{"embeddable":true,"href":"https:\/\/onclusive.com\/de\/wp-json\/wp\/v2\/users\/1"}],"replies":[{"embeddable":true,"href":"https:\/\/onclusive.com\/de\/wp-json\/wp\/v2\/comments?post=5220"}],"version-history":[{"count":0,"href":"https:\/\/onclusive.com\/de\/wp-json\/wp\/v2\/pages\/5220\/revisions"}],"up":[{"embeddable":true,"href":"https:\/\/onclusive.com\/de\/wp-json\/wp\/v2\/pages\/5209"}],"wp:attachment":[{"href":"https:\/\/onclusive.com\/de\/wp-json\/wp\/v2\/media?parent=5220"}],"wp:term":[{"taxonomy":"region","embeddable":true,"href":"https:\/\/onclusive.com\/de\/wp-json\/wp\/v2\/region?post=5220"}],"curies":[{"name":"wp","href":"https:\/\/api.w.org\/{rel}","templated":true}]}}