{"id":5222,"date":"2022-01-20T17:05:47","date_gmt":"2022-01-20T17:05:14","guid":{"rendered":"https:\/\/newonclusive.wpengine.com\/how-we-do-it\/technology\/analytics\/"},"modified":"2024-08-05T20:55:32","modified_gmt":"2024-08-05T20:55:32","slug":"analysen","status":"publish","type":"page","link":"https:\/\/onclusive.com\/de\/unsere-methodologie\/unsere-technologie\/analysen\/","title":{"rendered":"Analysen"},"content":{"rendered":"<style>\n    \/* Hero Tag - Optional tag above title *\/\n    .hero-tag {\n      font-size: 12px;\n      font-weight: 600;\n      letter-spacing: 2px;\n      text-transform: uppercase;\n      margin-bottom: 15px;\n      display: block;\n      line-height: 1.4;\n\t  padding: 5px 2.5px;\n    }\n    \n    @media (max-width: 768px) {\n      .hero-tag {\n        font-size: 11px;\n        letter-spacing: 1.5px;\n        margin-bottom: 12px;\n      }\n    }\n    \n    @media (max-width: 480px) {\n      .hero-tag {\n        font-size: 10px;\n        letter-spacing: 1px;\n        margin-bottom: 10px;\n      }\n    }\n    <\/style>\n<style>\n\/**\n * Hero Background Overlay Styles\n *\/\n.hero-background-overlay {\n    position: absolute;\n    top: 0;\n    left: 0;\n    width: 100%;\n    height: 100%;\n    z-index: 1; \/* Above background image, below content *\/\n    pointer-events: none; \/* Allows clicks to pass through to content *\/\n}\n\n\/* Ensure hero section is positioned relative *\/\n.block-hero {\n    position: relative;\n}\n\n\/* Ensure content sits above overlay *\/\n.hero--content {\n    position: relative;\n    z-index: 2; \/* Above overlay *\/\n}\n\n\/* Ensure background image stays at bottom *\/\n.hero-background-image {\n    position: absolute;\n    z-index: 0; \/* Behind everything *\/\n}\n<\/style>\n\n<section\n    class=\"block-hero block-hero-full-bleed \">\n\n  \n          \n              <div class=\"hero_background_colour bg__blue_light hero_background_colour__left\"><\/div>\n                    <div class=\"hero_background_colour bg__grey hero_background_colour__right\"><\/div>\n      \n      \n          \n    \n    <div class=\"hero--content\">\n\n      <div class=\"hero--content--inner-wrapper\">\n\n                  <!-- ORIGINAL COMPLEX IMAGES -->\n          <div class=\"hero-foreground-images\">\n\n                                            <div class=\"hero_bg_colour_split bg__blue_light hero_bg_colour_split__left\"><\/div>\n                          \n            <div class=\"img-wrapper ratio-1-1 image-is-background\">\n\t\n\n<img decoding=\"async\"\n\talt=\"Graphic\"\n    data-sizes=\"auto\"\n    data-src=\"https:\/\/onclusive.com\/wp-content\/uploads\/2022\/02\/How-we-do-it_Technology.svg\"\n    data-srcset=\"https:\/\/onclusive.com\/wp-content\/uploads\/2022\/02\/How-we-do-it_Technology.svg 1w,\n\thttps:\/\/onclusive.com\/wp-content\/uploads\/2022\/02\/How-we-do-it_Technology.svg 1w, \n\thttps:\/\/onclusive.com\/wp-content\/uploads\/2022\/02\/How-we-do-it_Technology.svg 1w\"\n    class=\"lazyload is-svg\"\n    src=\"https:\/\/onclusive.com\/wp-content\/uploads\/2022\/02\/How-we-do-it_Technology.svg\"\n\/>\n\n\n\n\n<\/div>            <div class=\"img-wrapper ratio-1-1 image-is-foreground\">\n\t\n\n<img decoding=\"async\"\n\talt=\"Rocket\"\n    data-sizes=\"auto\"\n    data-src=\"https:\/\/onclusive.com\/wp-content\/uploads\/2022\/02\/How-we-do-it_Technology-300x300.png\"\n    data-srcset=\"https:\/\/onclusive.com\/wp-content\/uploads\/2022\/02\/How-we-do-it_Technology.png 800w,\n\thttps:\/\/onclusive.com\/wp-content\/uploads\/2022\/02\/How-we-do-it_Technology.png 800w, \n\thttps:\/\/onclusive.com\/wp-content\/uploads\/2022\/02\/How-we-do-it_Technology.png 800w\"\n    class=\"lazyload not-svg\"\n    src=\"https:\/\/onclusive.com\/wp-content\/uploads\/2022\/02\/How-we-do-it_Technology-300x300.png\"\n\/>\n\n\n\n\n<\/div>          <\/div>\n        \n        <div class=\"hero--copy\">\n\n          <!-- OPTIONAL HERO TAG - ONLY IF SET -->\n          \n                      <h1 class=\"hero_title\" >\n                            <span class=\"hero_title_bold\">\n                PR Analytics              <\/span>\n                <br\/>                                          Let&#039;s maximise your potential             \n                        <\/h1> \n          \n          \n                      <div class=\"hero_buttons--wrapper\">\n            \n<a href=\"#intro\"  target=\"_self\" class=\"button  button__anchor-link\">\n    EXPLORE    <svg   data-name=\"Layer 1\" xmlns=\"http:\/\/www.w3.org\/2000\/svg\" viewBox=\"0 0 12 7.41\"><polygon points=\"10.59 0 6 4.58 1.41 0 0 1.41 6 7.41 12 1.41 10.59 0\"\/><\/svg><\/a>\n\n<a href=\"#form\"  target=\"_self\" class=\"button button__outline button__anchor-link\">\n    Let&#8217;s Connect    <svg   data-name=\"Layer 1\" xmlns=\"http:\/\/www.w3.org\/2000\/svg\" viewBox=\"0 0 12 7.41\"><polygon points=\"10.59 0 6 4.58 1.41 0 0 1.41 6 7.41 12 1.41 10.59 0\"\/><\/svg><\/a>\n            <\/div>\n          \n        <\/div>\n\n      <\/div>\n\n    <\/div>\n\n    \n<\/section>\n\n\n<section\n  id=\"intro\"  class=\"o-wrapper block-statement js-block-statement\">\n\n              <div class=\"block-statement--inner-wrapper\">\n          <h2 class=\"statement-block--statement\">Unsere Analysetools bieten Ihnen einen unsch\u00e4tzbaren Einblick in Ihre PR- und Kommunikationsaktivit\u00e4ten. Sie k\u00f6nnen herausfinden, welche Botschaft die gr\u00f6\u00dfte Wirkung hat, und Geschichten identifizieren, die weniger offensichtlich sind, aber dennoch zum Erfolg Ihres Unternehmens beitragen.<br \/>\r\n <br \/>\r\nWir haben PR Attribution\u2122 und Power of Voice\u2122 erfunden und als Markenzeichen gesch\u00fctzt, um Ihnen den bestm\u00f6glichen Einblick zu geben und Ihr Unternehmen bei der Erreichung seiner Ziele zu unterst\u00fctzen.<br \/>\r\n<br \/>\r\n<\/h2> \n        <\/div>\n      \n<\/section> \n\n\n\n\n\n<section\n    class=\"block-feature-card-row\">\n\n    \n  <div class=\"card-row--inner-wrapper\">\n\n          \n        \n<div class=\"card card__feature\">\n\n  <div class=\"card_bg card_bg__grey\">\n\n    <div class=\"card--image\">\n      \n\n<img decoding=\"async\"\n\talt=\"Graphic\"\n    data-sizes=\"auto\"\n    data-src=\"https:\/\/onclusive.com\/wp-content\/uploads\/2022\/02\/How-we-do-it_Technology_PR-Analytics_PR-Attribution_SM.svg\"\n    data-srcset=\"https:\/\/onclusive.com\/wp-content\/uploads\/2022\/02\/How-we-do-it_Technology_PR-Analytics_PR-Attribution_SM.svg 1w,\n\thttps:\/\/onclusive.com\/wp-content\/uploads\/2022\/02\/How-we-do-it_Technology_PR-Analytics_PR-Attribution_SM.svg 1w, \n\thttps:\/\/onclusive.com\/wp-content\/uploads\/2022\/02\/How-we-do-it_Technology_PR-Analytics_PR-Attribution_SM.svg 1w\"\n    class=\"lazyload is-svg\"\n    src=\"https:\/\/onclusive.com\/wp-content\/uploads\/2022\/02\/How-we-do-it_Technology_PR-Analytics_PR-Attribution_SM.svg\"\n\/>\n\n\n\n\n    <\/div>\n\n    <div class=\"card--copy\">\n      <div class=\"card--copy-wrapper\">\n                  <h3 class=\"featured_card_heading\">PR Attribution\u2122 <\/h3> \n        \n                  <p class=\"featured_card_copy\">Weisen Sie die tats\u00e4chliche Wirkung Ihrer Earned und Owned Media Kampagnen nach, indem Sie Inhalte mit Ergebnissen verkn\u00fcpfen.<\/p> \n              <\/div>\n\n      \n<a href=\"https:\/\/onclusive.com\/de\/unsere-methodologie\/unsere-technologie\/analysen\/pr-attribution\/\"  target=\"_self\" class=\"button  button__page-link\">\n    MEHR ERFAHREN    <svg   data-name=\"Layer 1\" xmlns=\"http:\/\/www.w3.org\/2000\/svg\" viewBox=\"0 0 16 16\"><polygon points=\"8 0 6.59 1.41 12.17 7 0 7 0 9 12.17 9 6.59 14.59 8 16 16 8 8 0\"\/><\/svg><\/a>\n    <\/div>\n\n  <\/div>\n<\/div>\n      \n        \n<div class=\"card card__feature\">\n\n  <div class=\"card_bg card_bg__grey\">\n\n    <div class=\"card--image\">\n      \n\n<img decoding=\"async\"\n\talt=\"Graphic\"\n    data-sizes=\"auto\"\n    data-src=\"https:\/\/onclusive.com\/wp-content\/uploads\/2022\/02\/How-we-do-it_Technology_PR-Analytics_Power-of-Voice_SM.svg\"\n    data-srcset=\"https:\/\/onclusive.com\/wp-content\/uploads\/2022\/02\/How-we-do-it_Technology_PR-Analytics_Power-of-Voice_SM.svg 1w,\n\thttps:\/\/onclusive.com\/wp-content\/uploads\/2022\/02\/How-we-do-it_Technology_PR-Analytics_Power-of-Voice_SM.svg 1w, \n\thttps:\/\/onclusive.com\/wp-content\/uploads\/2022\/02\/How-we-do-it_Technology_PR-Analytics_Power-of-Voice_SM.svg 1w\"\n    class=\"lazyload is-svg\"\n    src=\"https:\/\/onclusive.com\/wp-content\/uploads\/2022\/02\/How-we-do-it_Technology_PR-Analytics_Power-of-Voice_SM.svg\"\n\/>\n\n\n\n\n    <\/div>\n\n    <div class=\"card--copy\">\n      <div class=\"card--copy-wrapper\">\n                  <h3 class=\"featured_card_heading\">Power of Voice\u2122 <\/h3> \n        \n                  <p class=\"featured_card_copy\">Die Qualit\u00e4t Ihrer Kommunikation steht im Fokus. Messen Sie Ihren Erfolg, indem sie gezielt die richtigen Journalist:innen und Publikationen ansprechen.<\/p> \n              <\/div>\n\n      \n<a href=\"https:\/\/onclusive.com\/de\/unsere-methodologie\/unsere-technologie\/analysen\/power-of-voice\/\"  target=\"_self\" class=\"button  button__page-link button__page-link\">\n    MEHR ERFAHREN    <svg   data-name=\"Layer 1\" xmlns=\"http:\/\/www.w3.org\/2000\/svg\" viewBox=\"0 0 16 16\"><polygon points=\"8 0 6.59 1.41 12.17 7 0 7 0 9 12.17 9 6.59 14.59 8 16 16 8 8 0\"\/><\/svg><\/a>\n    <\/div>\n\n  <\/div>\n<\/div>\n      \n        \n<div class=\"card card__feature\">\n\n  <div class=\"card_bg card_bg__grey\">\n\n    <div class=\"card--image\">\n      \n\n<img decoding=\"async\"\n\talt=\"Graphic\"\n    data-sizes=\"auto\"\n    data-src=\"https:\/\/onclusive.com\/wp-content\/uploads\/2022\/02\/How-we-do-it_Technology_PR-Analytics_Message-Pull-Through_SM-14.svg\"\n    data-srcset=\"https:\/\/onclusive.com\/wp-content\/uploads\/2022\/02\/How-we-do-it_Technology_PR-Analytics_Message-Pull-Through_SM-14.svg 1w,\n\thttps:\/\/onclusive.com\/wp-content\/uploads\/2022\/02\/How-we-do-it_Technology_PR-Analytics_Message-Pull-Through_SM-14.svg 1w, \n\thttps:\/\/onclusive.com\/wp-content\/uploads\/2022\/02\/How-we-do-it_Technology_PR-Analytics_Message-Pull-Through_SM-14.svg 1w\"\n    class=\"lazyload is-svg\"\n    src=\"https:\/\/onclusive.com\/wp-content\/uploads\/2022\/02\/How-we-do-it_Technology_PR-Analytics_Message-Pull-Through_SM-14.svg\"\n\/>\n\n\n\n\n    <\/div>\n\n    <div class=\"card--copy\">\n      <div class=\"card--copy-wrapper\">\n                  <h3 class=\"featured_card_heading\">Wirksame Botschaften<\/h3> \n        \n                  <p class=\"featured_card_copy\">Optimieren Sie Ihre Social Media Botschaften und steigern Sie sowohl den Website-Traffic als auch Interaktionen und Konversionraten.<\/p> \n              <\/div>\n\n      \n<a href=\"https:\/\/onclusive.com\/de\/unsere-methodologie\/unsere-technologie\/analysen\/message-pull-through\/\"  target=\"_self\" class=\"button  button__page-link button__page-link button__page-link\">\n    MEHR ERFAHREN    <svg   data-name=\"Layer 1\" xmlns=\"http:\/\/www.w3.org\/2000\/svg\" viewBox=\"0 0 16 16\"><polygon points=\"8 0 6.59 1.41 12.17 7 0 7 0 9 12.17 9 6.59 14.59 8 16 16 8 8 0\"\/><\/svg><\/a>\n    <\/div>\n\n  <\/div>\n<\/div>\n      \n        \n<div class=\"card card__feature\">\n\n  <div class=\"card_bg card_bg__grey\">\n\n    <div class=\"card--image\">\n      \n\n<img decoding=\"async\"\n\talt=\"Graphic\"\n    data-sizes=\"auto\"\n    data-src=\"https:\/\/onclusive.com\/wp-content\/uploads\/2022\/02\/How-we-do-it_Technology_PR-Analytics_Media-Sentiment_SM.svg\"\n    data-srcset=\"https:\/\/onclusive.com\/wp-content\/uploads\/2022\/02\/How-we-do-it_Technology_PR-Analytics_Media-Sentiment_SM.svg 1w,\n\thttps:\/\/onclusive.com\/wp-content\/uploads\/2022\/02\/How-we-do-it_Technology_PR-Analytics_Media-Sentiment_SM.svg 1w, \n\thttps:\/\/onclusive.com\/wp-content\/uploads\/2022\/02\/How-we-do-it_Technology_PR-Analytics_Media-Sentiment_SM.svg 1w\"\n    class=\"lazyload is-svg\"\n    src=\"https:\/\/onclusive.com\/wp-content\/uploads\/2022\/02\/How-we-do-it_Technology_PR-Analytics_Media-Sentiment_SM.svg\"\n\/>\n\n\n\n\n    <\/div>\n\n    <div class=\"card--copy\">\n      <div class=\"card--copy-wrapper\">\n                  <h3 class=\"featured_card_heading\">Stimmung in den Medien<\/h3> \n        \n                  <p class=\"featured_card_copy\">Mit unseren firmeneigenen KI-gest\u00fctzten Sentimentanalyse-Tools lernen Sie Ihre Zielgruppe besser kennen und verstehen.<\/p> \n              <\/div>\n\n      \n<a href=\"https:\/\/onclusive.com\/de\/unsere-methodologie\/unsere-technologie\/analysen\/media-sentiment\/\"  target=\"_self\" class=\"button  button__page-link button__page-link button__page-link button__page-link\">\n    MEHR ERFAHREN    <svg   data-name=\"Layer 1\" xmlns=\"http:\/\/www.w3.org\/2000\/svg\" viewBox=\"0 0 16 16\"><polygon points=\"8 0 6.59 1.41 12.17 7 0 7 0 9 12.17 9 6.59 14.59 8 16 16 8 8 0\"\/><\/svg><\/a>\n    <\/div>\n\n  <\/div>\n<\/div>\n      \n        \n<div class=\"card card__feature\">\n\n  <div class=\"card_bg card_bg__grey\">\n\n    <div class=\"card--image\">\n      \n\n<img decoding=\"async\"\n\talt=\"Graphic\"\n    data-sizes=\"auto\"\n    data-src=\"https:\/\/onclusive.com\/wp-content\/uploads\/2022\/02\/How-we-do-it_Technology_PR-Analytics_Predictive-Analytics-and-Trends_SM.svg\"\n    data-srcset=\"https:\/\/onclusive.com\/wp-content\/uploads\/2022\/02\/How-we-do-it_Technology_PR-Analytics_Predictive-Analytics-and-Trends_SM.svg 1w,\n\thttps:\/\/onclusive.com\/wp-content\/uploads\/2022\/02\/How-we-do-it_Technology_PR-Analytics_Predictive-Analytics-and-Trends_SM.svg 1w, \n\thttps:\/\/onclusive.com\/wp-content\/uploads\/2022\/02\/How-we-do-it_Technology_PR-Analytics_Predictive-Analytics-and-Trends_SM.svg 1w\"\n    class=\"lazyload is-svg\"\n    src=\"https:\/\/onclusive.com\/wp-content\/uploads\/2022\/02\/How-we-do-it_Technology_PR-Analytics_Predictive-Analytics-and-Trends_SM.svg\"\n\/>\n\n\n\n\n    <\/div>\n\n    <div class=\"card--copy\">\n      <div class=\"card--copy-wrapper\">\n                  <h3 class=\"featured_card_heading\">Vorausschauende Analysen und Trends<\/h3> \n        \n                  <p class=\"featured_card_copy\">Gewinnen Sie aussagekr\u00e4ftige Insights: Mit unseren Tools f\u00fcr vorrausschauende Analysen lassen sich Trends vorhersehen. Belegen Sie so Ihre Thesen und gewinnen Sie \u00fcberraschende Erkenntnisse zu Ihrem Unternehmen und zu Ihren Mitbewerbern.<\/p> \n              <\/div>\n\n      \n<a href=\"https:\/\/onclusive.com\/de\/unsere-methodologie\/unsere-technologie\/analysen\/predictive-analytics-trends\/\"  target=\"_self\" class=\"button  button__page-link button__page-link button__page-link button__page-link button__page-link\">\n    MEHR ERFAHREN    <svg   data-name=\"Layer 1\" xmlns=\"http:\/\/www.w3.org\/2000\/svg\" viewBox=\"0 0 16 16\"><polygon points=\"8 0 6.59 1.41 12.17 7 0 7 0 9 12.17 9 6.59 14.59 8 16 16 8 8 0\"\/><\/svg><\/a>\n    <\/div>\n\n  <\/div>\n<\/div>\n            <\/div>\n<\/section>\n\n\n\n\n\n    <section\n      id=\"form\"      class=\"block-form bg__blue_light\">\n      \n\n  <div class=\"form-content\">\n    <div class=\"form-content--inner-wrapper\">\n\n      \n              <div class=\"form-content--heading\">\n          <h3 class=\"block--form_heading\">Let&#8217;s connect.<\/h3> \n        <\/div>\n      \n      <div class=\"form-content--copy\">\n    \n        \n      <\/div>\n\n      \n              <div id=\"myFrame\" class=\"form-content--form  \"> \n          <script charset=\"utf-8\" type=\"text\/javascript\" src=\"\/\/js.hsforms.net\/forms\/embed\/v2.js\"><\/script>\r\n<script>\r\n  hbspt.forms.create({\r\n    region: \"na1\",\r\n    portalId: \"42525281\",\r\n    formId: \"cf45dcc4-93e4-476f-8295-15a11b124f50\"\r\n  });\r\n<\/script>        <\/div> \n          <\/div>\n  <\/div>\n\n    <\/section> \n  \n<style>\n\/* Dark Background Form Styling - Only applies when .bg__black class exists *\/\n.block-form.bg__black .hs-form label,\n.block-form.bg__black .hs-form legend,\n.block-form.bg__black .hs-form .hs-form-field > label {\n  color: #ffffff !important;\n}\n\n.block-form.bg__black .hs-form input[type=\"text\"],\n.block-form.bg__black .hs-form input[type=\"email\"],\n.block-form.bg__black .hs-form input[type=\"tel\"],\n.block-form.bg__black .hs-form input[type=\"number\"],\n.block-form.bg__black .hs-form select,\n.block-form.bg__black .hs-form textarea {\n  background-color: #ffffff !important;\n  color: #1e1e23 !important;\n  border-color: #ffffff !important;\n}\n\n.block-form.bg__black .hs-form input[type=\"submit\"],\n.block-form.bg__black .hs-form .hs-button,\n.block-form.bg__black .hs-form button[type=\"submit\"] {\n  background-color: #316446 !important;\n  color: #f0ebf0 !important;\n  border: none !important;\n  transition: all 0.3s ease !important;\n}\n\n.block-form.bg__black .hs-form input[type=\"submit\"]:hover,\n.block-form.bg__black .hs-form .hs-button:hover,\n.block-form.bg__black .hs-form button[type=\"submit\"]:hover {\n  background-color: #254d35 !important;\n  color: #01E55F !important;\n}\n\n.block-form.bg__black .hs-form input::placeholder,\n.block-form.bg__black .hs-form textarea::placeholder {\n  color: #999999 !important;\n}\n\n.block-form.bg__black .hs-form .hs-error-msgs label,\n.block-form.bg__black .hs-form .hs-error-msg {\n  color: #ff6b6b !important;\n}\n\n.block-form.bg__black .hs-form .hs-field-desc,\n.block-form.bg__black .hs-form .hs-richtext {\n  color: #cccccc !important;\n}\n<\/style>\n\n\n\n","protected":false},"excerpt":{"rendered":"","protected":false},"author":1,"featured_media":0,"parent":5218,"menu_order":1,"comment_status":"closed","ping_status":"closed","template":"","meta":{"_acf_changed":false,"content-type":"","inline_featured_image":false,"footnotes":""},"region":[],"class_list":["post-5222","page","type-page","status-publish","hentry"],"acf":[],"_links":{"self":[{"href":"https:\/\/onclusive.com\/de\/wp-json\/wp\/v2\/pages\/5222","targetHints":{"allow":["GET"]}}],"collection":[{"href":"https:\/\/onclusive.com\/de\/wp-json\/wp\/v2\/pages"}],"about":[{"href":"https:\/\/onclusive.com\/de\/wp-json\/wp\/v2\/types\/page"}],"author":[{"embeddable":true,"href":"https:\/\/onclusive.com\/de\/wp-json\/wp\/v2\/users\/1"}],"replies":[{"embeddable":true,"href":"https:\/\/onclusive.com\/de\/wp-json\/wp\/v2\/comments?post=5222"}],"version-history":[{"count":0,"href":"https:\/\/onclusive.com\/de\/wp-json\/wp\/v2\/pages\/5222\/revisions"}],"up":[{"embeddable":true,"href":"https:\/\/onclusive.com\/de\/wp-json\/wp\/v2\/pages\/5218"}],"wp:attachment":[{"href":"https:\/\/onclusive.com\/de\/wp-json\/wp\/v2\/media?parent=5222"}],"wp:term":[{"taxonomy":"region","embeddable":true,"href":"https:\/\/onclusive.com\/de\/wp-json\/wp\/v2\/region?post=5222"}],"curies":[{"name":"wp","href":"https:\/\/api.w.org\/{rel}","templated":true}]}}