{"id":5236,"date":"2022-01-20T17:07:47","date_gmt":"2022-01-20T17:07:21","guid":{"rendered":"https:\/\/newonclusive.wpengine.com\/what-we-do\/measurement\/campaign-brand-evaluation\/"},"modified":"2024-08-05T20:48:40","modified_gmt":"2024-08-05T20:48:40","slug":"kampagnen-und-markenbewertung","status":"publish","type":"page","link":"https:\/\/onclusive.com\/de\/unsere-loesungen\/medienanalyse\/kampagnen-und-markenbewertung\/","title":{"rendered":"Kampagnen- und Markenbewertung"},"content":{"rendered":"\n<style>\n\/**\n * Hero Background Overlay Styles\n *\/\n.hero-background-overlay {\n    position: absolute;\n    top: 0;\n    left: 0;\n    width: 100%;\n    height: 100%;\n    z-index: 1; \/* Above background image, below content *\/\n    pointer-events: none; \/* Allows clicks to pass through to content *\/\n}\n\n\/* Ensure hero section is positioned relative *\/\n.block-hero {\n    position: relative;\n}\n\n\/* Ensure content sits above overlay *\/\n.hero--content {\n    position: relative;\n    z-index: 2; \/* Above overlay *\/\n}\n\n\/* Ensure background image stays at bottom *\/\n.hero-background-image {\n    position: absolute;\n    z-index: 0; \/* Behind everything *\/\n}\n<\/style>\n\n<section\n    class=\"block-hero block-hero-contained \">\n\n            <div class=\"contained-hero-inner-wrap\">\n      \n                  <div class=\"hero-background-image hero-background-image__image\">\n          \n<div class=\"lazyload background-image\" \tdata-bg-mobile \t= \"https:\/\/onclusive.com\/wp-content\/uploads\/2022\/02\/What-we-do_Measurement-Campaign-and-Brand-Evaluation-1024x512.jpg\"\n\tdata-bg-tablet \t= \"https:\/\/onclusive.com\/wp-content\/uploads\/2022\/02\/What-we-do_Measurement-Campaign-and-Brand-Evaluation-1200x600.jpg\"\n\tdata-bg-desktop = \"https:\/\/onclusive.com\/wp-content\/uploads\/2022\/02\/What-we-do_Measurement-Campaign-and-Brand-Evaluation.jpg\"\n\tdata-bg-super \t= \"https:\/\/onclusive.com\/wp-content\/uploads\/2022\/02\/What-we-do_Measurement-Campaign-and-Brand-Evaluation.jpg\"\n\tdata-expand=\"700\"\n\tstyle=\"background-image: url('https:\/\/onclusive.com\/wp-content\/uploads\/2022\/02\/What-we-do_Measurement-Campaign-and-Brand-Evaluation-1024x512.jpg');\"\n><\/div>        <\/div>\n\n          \n    \n    <div class=\"hero--content\">\n\n      <div class=\"hero--content--inner-wrapper\">\n\n                  <!-- ORIGINAL COMPLEX IMAGES -->\n          <div class=\"hero-foreground-images\">\n\n                                      \n                        <div class=\"img-wrapper ratio-1-1 image-is-foreground\">\n\t\n\n<img decoding=\"async\"\n\talt=\"Graphic\"\n    data-sizes=\"auto\"\n    data-src=\"https:\/\/onclusive.com\/wp-content\/uploads\/2022\/02\/Measurement_Campaign-and-Brand-Evaluation_LRG.svg\"\n    data-srcset=\"https:\/\/onclusive.com\/wp-content\/uploads\/2022\/02\/Measurement_Campaign-and-Brand-Evaluation_LRG.svg 1w,\n\thttps:\/\/onclusive.com\/wp-content\/uploads\/2022\/02\/Measurement_Campaign-and-Brand-Evaluation_LRG.svg 1w, \n\thttps:\/\/onclusive.com\/wp-content\/uploads\/2022\/02\/Measurement_Campaign-and-Brand-Evaluation_LRG.svg 1w\"\n    class=\"lazyload is-svg\"\n    src=\"https:\/\/onclusive.com\/wp-content\/uploads\/2022\/02\/Measurement_Campaign-and-Brand-Evaluation_LRG.svg\"\n\/>\n\n\n\n\n<\/div>          <\/div>\n        \n        <div class=\"hero--copy\">\n\n          <!-- OPTIONAL HERO TAG - ONLY IF SET -->\n          \n                      <h1 class=\"hero_title\" >\n                            <span class=\"hero_title_bold\">\n                Kampagnen- und Markenbewertung              <\/span>\n                <br\/>                                          Messen Sie die tats\u00e4chliche Wirkung Ihrer Kampagne             \n                        <\/h1> \n          \n          \n                      <div class=\"hero_buttons--wrapper\">\n            \n<a href=\"#enquiry\"  target=\"_self\" class=\"button  button__anchor-link\">\n    Demo vereinbaren    <svg   data-name=\"Layer 1\" xmlns=\"http:\/\/www.w3.org\/2000\/svg\" viewBox=\"0 0 12 7.41\"><polygon points=\"10.59 0 6 4.58 1.41 0 0 1.41 6 7.41 12 1.41 10.59 0\"\/><\/svg><\/a>\n            <\/div>\n          \n        <\/div>\n\n      <\/div>\n\n    <\/div>\n\n            <\/div>\n        \n<\/section>\n\n\n<section\n    class=\"o-wrapper block-statement js-block-statement\">\n\n              <div class=\"block-statement--inner-wrapper\">\n          <h2 class=\"statement-block--statement\">Angesichts des st\u00e4ndigen Wettbewerbs um Aufmerksamkeit kann es vorkommen, dass man die tats\u00e4chliche Markenwirkung aus den Augen verliert. Es ist jedoch von gr\u00f6\u00dfter Bedeutung zu verstehen, wie Ihre Marke bei der Zielgruppe ankommt und welche Kommunikationsstrategien und Kampagnen zu Ihrer Markenpr\u00e4senz beitragen. Wir verschaffen Ihnen ein klares Bild davon, wie Ihre Kampagne und Ihre Marke in den Medien wahrgenommen werden. <br \/>\r\n <br \/>\r\nWir messen die Wirkung Ihrer Kampagne und den Beitrag, den diese f\u00fcr Ihre Markenwerte leistet. Diese Analysen geben im Detail Aufschluss dar\u00fcber, wie gut Ihre Kampagne im Vergleich zu fr\u00fcheren Kampagnen abschneidet. Wir machen au\u00dferdem auf Schw\u00e4chen oder L\u00fccken in der Berichterstattung aufmerksam und heben andererseits bestimmte Botschaften oder Aspekte der Kampagne hervor, die besonders gut funktionieren. So verstehen Sie den Wettbewerbskontext Ihrer Medien.<\/h2> \n        <\/div>\n      \n<\/section> \n\n\n\n\n\n<section\n    class=\"block-basic-card-row\">\n      <div class=\"\">\n      <h2 class=\"block--heading\">Features <\/h2> \n    <\/div>\n    <div class=\"card-row--inner-wrapper\">\n          \n<div class=\"card__basic card__grey\">\n\n            <div class=\"card--image\">\n        <div class=\"card--image--inner-wrapper\">\n          \n\n<img decoding=\"async\"\n\talt=\"Icon\"\n    data-sizes=\"auto\"\n    data-src=\"https:\/\/onclusive.com\/wp-content\/uploads\/2022\/02\/Measurement_Campaign-and-Brand-Evaluation_Personal-review-and-assessment-of-your-coverage.svg\"\n    data-srcset=\"https:\/\/onclusive.com\/wp-content\/uploads\/2022\/02\/Measurement_Campaign-and-Brand-Evaluation_Personal-review-and-assessment-of-your-coverage.svg 1w,\n\thttps:\/\/onclusive.com\/wp-content\/uploads\/2022\/02\/Measurement_Campaign-and-Brand-Evaluation_Personal-review-and-assessment-of-your-coverage.svg 1w, \n\thttps:\/\/onclusive.com\/wp-content\/uploads\/2022\/02\/Measurement_Campaign-and-Brand-Evaluation_Personal-review-and-assessment-of-your-coverage.svg 1w\"\n    class=\"lazyload is-svg\"\n    src=\"https:\/\/onclusive.com\/wp-content\/uploads\/2022\/02\/Measurement_Campaign-and-Brand-Evaluation_Personal-review-and-assessment-of-your-coverage.svg\"\n\/>\n\n\n\n\n        <\/div>\n      <\/div>\n      \n  <div class=\"card--copy\">\n    <div class=\"card--copy-wrapper\">\n              <h3 class=\"basic_card_heading text-bold\">Pers\u00f6nliche Untersuchung und Bewertung Ihrer Medienberichterstattung<\/h3> \n      \n          <\/div>\n\n      <\/div>\n\n<\/div>\n<div class=\"card__basic card__grey\">\n\n            <div class=\"card--image\">\n        <div class=\"card--image--inner-wrapper\">\n          \n\n<img decoding=\"async\"\n\talt=\"Icon\"\n    data-sizes=\"auto\"\n    data-src=\"https:\/\/onclusive.com\/wp-content\/uploads\/2022\/02\/Measurement_Campaign-and-Brand-Evaluation_Automated-insights-around-the-tone-of-your-coverage.svg\"\n    data-srcset=\"https:\/\/onclusive.com\/wp-content\/uploads\/2022\/02\/Measurement_Campaign-and-Brand-Evaluation_Automated-insights-around-the-tone-of-your-coverage.svg 1w,\n\thttps:\/\/onclusive.com\/wp-content\/uploads\/2022\/02\/Measurement_Campaign-and-Brand-Evaluation_Automated-insights-around-the-tone-of-your-coverage.svg 1w, \n\thttps:\/\/onclusive.com\/wp-content\/uploads\/2022\/02\/Measurement_Campaign-and-Brand-Evaluation_Automated-insights-around-the-tone-of-your-coverage.svg 1w\"\n    class=\"lazyload is-svg\"\n    src=\"https:\/\/onclusive.com\/wp-content\/uploads\/2022\/02\/Measurement_Campaign-and-Brand-Evaluation_Automated-insights-around-the-tone-of-your-coverage.svg\"\n\/>\n\n\n\n\n        <\/div>\n      <\/div>\n      \n  <div class=\"card--copy\">\n    <div class=\"card--copy-wrapper\">\n              <h3 class=\"basic_card_heading text-bold\">Automatisierte Insights zur Tonalit\u00e4t Ihrer Berichterstattung<\/h3> \n      \n          <\/div>\n\n      <\/div>\n\n<\/div>\n<div class=\"card__basic card__grey\">\n\n            <div class=\"card--image\">\n        <div class=\"card--image--inner-wrapper\">\n          \n\n<img decoding=\"async\"\n\talt=\"Icon\"\n    data-sizes=\"auto\"\n    data-src=\"https:\/\/onclusive.com\/wp-content\/uploads\/2022\/02\/Measurement_Campaign-and-Brand-Evaluation_Identify-topics-that-work-and-validate-content-most.svg\"\n    data-srcset=\"https:\/\/onclusive.com\/wp-content\/uploads\/2022\/02\/Measurement_Campaign-and-Brand-Evaluation_Identify-topics-that-work-and-validate-content-most.svg 1w,\n\thttps:\/\/onclusive.com\/wp-content\/uploads\/2022\/02\/Measurement_Campaign-and-Brand-Evaluation_Identify-topics-that-work-and-validate-content-most.svg 1w, \n\thttps:\/\/onclusive.com\/wp-content\/uploads\/2022\/02\/Measurement_Campaign-and-Brand-Evaluation_Identify-topics-that-work-and-validate-content-most.svg 1w\"\n    class=\"lazyload is-svg\"\n    src=\"https:\/\/onclusive.com\/wp-content\/uploads\/2022\/02\/Measurement_Campaign-and-Brand-Evaluation_Identify-topics-that-work-and-validate-content-most.svg\"\n\/>\n\n\n\n\n        <\/div>\n      <\/div>\n      \n  <div class=\"card--copy\">\n    <div class=\"card--copy-wrapper\">\n              <h3 class=\"basic_card_heading text-bold\">Identifizierung von Themen, die gut funktionieren, und Validierung der wertvollsten Inhalte f\u00fcr Ihre Marke<\/h3> \n      \n          <\/div>\n\n      <\/div>\n\n<\/div>\n<div class=\"card__basic card__grey\">\n\n            <div class=\"card--image\">\n        <div class=\"card--image--inner-wrapper\">\n          \n\n<img decoding=\"async\"\n\talt=\"Icon\"\n    data-sizes=\"auto\"\n    data-src=\"https:\/\/onclusive.com\/wp-content\/uploads\/2022\/02\/Measurement_Campaign-and-Brand-Evaluation_Identify-opportunities.svg\"\n    data-srcset=\"https:\/\/onclusive.com\/wp-content\/uploads\/2022\/02\/Measurement_Campaign-and-Brand-Evaluation_Identify-opportunities.svg 1w,\n\thttps:\/\/onclusive.com\/wp-content\/uploads\/2022\/02\/Measurement_Campaign-and-Brand-Evaluation_Identify-opportunities.svg 1w, \n\thttps:\/\/onclusive.com\/wp-content\/uploads\/2022\/02\/Measurement_Campaign-and-Brand-Evaluation_Identify-opportunities.svg 1w\"\n    class=\"lazyload is-svg\"\n    src=\"https:\/\/onclusive.com\/wp-content\/uploads\/2022\/02\/Measurement_Campaign-and-Brand-Evaluation_Identify-opportunities.svg\"\n\/>\n\n\n\n\n        <\/div>\n      <\/div>\n      \n  <div class=\"card--copy\">\n    <div class=\"card--copy-wrapper\">\n              <h3 class=\"basic_card_heading text-bold\">Identifizierung von Chancen<\/h3> \n      \n          <\/div>\n\n      <\/div>\n\n<\/div>      <\/div>\n<\/section>\n\n\n\n\n<section\n    class=\"block-fbl\">\n  <div class=\"block-fbl--inner-wrapper\">\n          <div class=\"card__feature-block card__feature-block__large\">\n  <div class=\"card--image\">\n    <div style=\"height: 90%; width: 90%; object-fit: contain; margin: 15px;\" class=\"card--image--inner-wrapper\">\n      \n\n<img decoding=\"async\"\n\talt=\"\"\n    data-sizes=\"auto\"\n    data-src=\"https:\/\/onclusive.com\/wp-content\/uploads\/2022\/02\/Background-device-blue-640.svg\"\n    data-srcset=\"https:\/\/onclusive.com\/wp-content\/uploads\/2022\/02\/Background-device-blue-640.svg 640w,\n\thttps:\/\/onclusive.com\/wp-content\/uploads\/2022\/02\/Background-device-blue-640.svg 640w, \n\thttps:\/\/onclusive.com\/wp-content\/uploads\/2022\/02\/Background-device-blue-640.svg 640w\"\n    class=\"lazyload is-svg\"\n    src=\"https:\/\/onclusive.com\/wp-content\/uploads\/2022\/02\/Background-device-blue-640.svg\"\n\/>\n\n\n\n\n      \n      \n\n<img decoding=\"async\"\n\talt=\"\"\n    data-sizes=\"auto\"\n    data-src=\"https:\/\/onclusive.com\/wp-content\/uploads\/2022\/03\/Measure-campaign-impact-300x300.png\"\n    data-srcset=\"https:\/\/onclusive.com\/wp-content\/uploads\/2022\/03\/Measure-campaign-impact-1200x1200.png 1200w,\n\thttps:\/\/onclusive.com\/wp-content\/uploads\/2022\/03\/Measure-campaign-impact-1024x1024.png 1024w, \n\thttps:\/\/onclusive.com\/wp-content\/uploads\/2022\/03\/Measure-campaign-impact.png 1280w\"\n    class=\"lazyload not-svg\"\n    src=\"https:\/\/onclusive.com\/wp-content\/uploads\/2022\/03\/Measure-campaign-impact-300x300.png\"\n\/>\n\n\n\n\n      \n    <\/div>\n  <\/div>\n  <div class=\"card--copy\">\n    <div class=\"card--copy--inner-wrapper\">\n      <div class=\"card_bg card_bg__\"><\/div>\n      <div class=\"feature-block-large__copy-wrapper\">\n                  <h3 class=\"feature_block_heading\">Kampagnenwirkung messen<\/h3> \n                          <div class=\"feature_block_copy\"><p><span style=\"font-weight: 400;\">Wir wissen, dass unsere Kunden mehr brauchen als eine reine Messung des Outputs einer Kampagne. F\u00fcr den vollst\u00e4ndigen Blick auf die Wirkung einer Kampagne kombinieren wir den Kampagnen-Output mit anderen Datenquellen. Zu diesen Quellen geh\u00f6ren Social- und Stakeholder-Engagement, Website-Besuche, Zugriffe \u00fcber Suchmaschinen, Verkaufs- und Vertriebszahlen, Studien zum Markenwert und viele weitere Daten.<\/span><\/p>\n<p><span style=\"font-weight: 400;\">Wir setzen sowohl Automatisierung als auch das Expertenwissen unseres Teams ein, um jedes Detail in Ihrer Berichterstattung zu analysieren. So k\u00f6nnen wir die Botschaften und Stimmungen in den Medien und deren Wirkung bewerten und anhand Ihrer KPIs den Return of Invest bestimmen. Diese qualitativen Analysen sind f\u00fcr jedes Medium, egal ob Print, Web, TV, Radio oder Social Media m\u00f6glich &#8211; sowie f\u00fcr jede Kombination daraus.<\/span><\/p>\n<\/div> \n              <\/div>\n      \n<a href=\"#enquiry\"  target=\"_self\" class=\"button  button__anchor-link\">\n    Sprechen Sie uns an    <svg   data-name=\"Layer 1\" xmlns=\"http:\/\/www.w3.org\/2000\/svg\" viewBox=\"0 0 12 7.41\"><polygon points=\"10.59 0 6 4.58 1.41 0 0 1.41 6 7.41 12 1.41 10.59 0\"\/><\/svg><\/a>\n    <\/div>\n  <\/div>\n  \n<\/div><div class=\"card__feature-block card__feature-block__large\">\n  <div class=\"card--image\">\n    <div style=\"height: 90%; width: 90%; object-fit: contain; margin: 15px;\" class=\"card--image--inner-wrapper\">\n      \n\n<img decoding=\"async\"\n\talt=\"\"\n    data-sizes=\"auto\"\n    data-src=\"https:\/\/onclusive.com\/wp-content\/uploads\/2022\/02\/Background-device-blue-640.svg\"\n    data-srcset=\"https:\/\/onclusive.com\/wp-content\/uploads\/2022\/02\/Background-device-blue-640.svg 640w,\n\thttps:\/\/onclusive.com\/wp-content\/uploads\/2022\/02\/Background-device-blue-640.svg 640w, \n\thttps:\/\/onclusive.com\/wp-content\/uploads\/2022\/02\/Background-device-blue-640.svg 640w\"\n    class=\"lazyload is-svg\"\n    src=\"https:\/\/onclusive.com\/wp-content\/uploads\/2022\/02\/Background-device-blue-640.svg\"\n\/>\n\n\n\n\n      \n      \n\n<img decoding=\"async\"\n\talt=\"\"\n    data-sizes=\"auto\"\n    data-src=\"https:\/\/onclusive.com\/wp-content\/uploads\/2022\/03\/Understanding-sentiment-300x300.png\"\n    data-srcset=\"https:\/\/onclusive.com\/wp-content\/uploads\/2022\/03\/Understanding-sentiment-1200x1200.png 1200w,\n\thttps:\/\/onclusive.com\/wp-content\/uploads\/2022\/03\/Understanding-sentiment-1024x1024.png 1024w, \n\thttps:\/\/onclusive.com\/wp-content\/uploads\/2022\/03\/Understanding-sentiment.png 1280w\"\n    class=\"lazyload not-svg\"\n    src=\"https:\/\/onclusive.com\/wp-content\/uploads\/2022\/03\/Understanding-sentiment-300x300.png\"\n\/>\n\n\n\n\n      \n    <\/div>\n  <\/div>\n  <div class=\"card--copy\">\n    <div class=\"card--copy--inner-wrapper\">\n      <div class=\"card_bg card_bg__\"><\/div>\n      <div class=\"feature-block-large__copy-wrapper\">\n                  <h3 class=\"feature_block_heading\">Das Stimmungsbarometer nutzen<\/h3> \n                          <div class=\"feature_block_copy\"><p><span style=\"font-weight: 400;\">F\u00fcr die Analyse von Themen in Zusammenhang mit den Kommunikationsstrategien von Unternehmen ist es wichtig, die Stimmung in der Berichterstattung zu verstehen. Unsere <\/span><span style=\"font-weight: 400;\">globale Sentimentanalyse<\/span><span style=\"font-weight: 400;\"> nutzt k\u00fcnstliche Intelligenz, um automatisierte Insights zur Tonalit\u00e4t der Berichterstattung in den Medien zu erhalten. Diese Einblicke helfen Ihnen, Ihre Kommunikation optimal anzupassen.<\/span><\/p>\n<\/div> \n              <\/div>\n      \n<a href=\"#enquiry\"  target=\"_self\" class=\"button  button__anchor-link button__anchor-link\">\n    Mehr erfahren    <svg   data-name=\"Layer 1\" xmlns=\"http:\/\/www.w3.org\/2000\/svg\" viewBox=\"0 0 12 7.41\"><polygon points=\"10.59 0 6 4.58 1.41 0 0 1.41 6 7.41 12 1.41 10.59 0\"\/><\/svg><\/a>\n    <\/div>\n  <\/div>\n  \n<\/div><div class=\"card__feature-block card__feature-block__large\">\n  <div class=\"card--image\">\n    <div style=\"height: 90%; width: 90%; object-fit: contain; margin: 15px;\" class=\"card--image--inner-wrapper\">\n      \n\n<img decoding=\"async\"\n\talt=\"\"\n    data-sizes=\"auto\"\n    data-src=\"https:\/\/onclusive.com\/wp-content\/uploads\/2022\/02\/Background-device-blue-640.svg\"\n    data-srcset=\"https:\/\/onclusive.com\/wp-content\/uploads\/2022\/02\/Background-device-blue-640.svg 640w,\n\thttps:\/\/onclusive.com\/wp-content\/uploads\/2022\/02\/Background-device-blue-640.svg 640w, \n\thttps:\/\/onclusive.com\/wp-content\/uploads\/2022\/02\/Background-device-blue-640.svg 640w\"\n    class=\"lazyload is-svg\"\n    src=\"https:\/\/onclusive.com\/wp-content\/uploads\/2022\/02\/Background-device-blue-640.svg\"\n\/>\n\n\n\n\n      \n      \n\n<img decoding=\"async\"\n\talt=\"\"\n    data-sizes=\"auto\"\n    data-src=\"https:\/\/onclusive.com\/wp-content\/uploads\/2022\/03\/Discovering-unexpected-insights-300x300.png\"\n    data-srcset=\"https:\/\/onclusive.com\/wp-content\/uploads\/2022\/03\/Discovering-unexpected-insights-1200x1200.png 1200w,\n\thttps:\/\/onclusive.com\/wp-content\/uploads\/2022\/03\/Discovering-unexpected-insights-1024x1024.png 1024w, \n\thttps:\/\/onclusive.com\/wp-content\/uploads\/2022\/03\/Discovering-unexpected-insights.png 1280w\"\n    class=\"lazyload not-svg\"\n    src=\"https:\/\/onclusive.com\/wp-content\/uploads\/2022\/03\/Discovering-unexpected-insights-300x300.png\"\n\/>\n\n\n\n\n      \n    <\/div>\n  <\/div>\n  <div class=\"card--copy\">\n    <div class=\"card--copy--inner-wrapper\">\n      <div class=\"card_bg card_bg__\"><\/div>\n      <div class=\"feature-block-large__copy-wrapper\">\n                  <h3 class=\"feature_block_heading\">Fundierte Insights<\/h3> \n                          <div class=\"feature_block_copy\"><p><span style=\"font-weight: 400;\">Wir setzen die perfekte Kombination aus KI und menschlicher Expertise ein, um Ihre Medieninhalte zu analysieren. Dabei werden alle technischen M\u00f6glichkeiten unserer automatisierten L\u00f6sungen durch die Kontextbewertung und das Wissen unserer Expert:innen erg\u00e4nzt. So k\u00f6nnen wir pr\u00fcfen, wie sich Ihre Kommunikationsstrategie auf Ihre Marke und Ihre Reputation auswirkt und feststellen, in welchen Bereichen Mitbewerber besser oder schlechter abschneiden. Gleichzeitig behalten wir stets alle neu aufkommenden Themen im Blick.<\/span><\/p>\n<\/div> \n              <\/div>\n      \n<a href=\"#enquiry\"  target=\"_self\" class=\"button  button__anchor-link button__anchor-link button__anchor-link\">\n    Sprechen Sie mit unserem Experten-Team    <svg   data-name=\"Layer 1\" xmlns=\"http:\/\/www.w3.org\/2000\/svg\" viewBox=\"0 0 12 7.41\"><polygon points=\"10.59 0 6 4.58 1.41 0 0 1.41 6 7.41 12 1.41 10.59 0\"\/><\/svg><\/a>\n    <\/div>\n  <\/div>\n  \n<\/div>      <\/div>\n<\/section>\n\n\n\n    <section\n      id=\"enquiry\"      class=\"block-form bg__blue_light\">\n      \n\n  <div class=\"form-content\">\n    <div class=\"form-content--inner-wrapper\">\n\n      \n              <div class=\"form-content--heading\">\n          <h3 class=\"block--form_heading\">Let&#8217;s connect.<\/h3> \n        <\/div>\n      \n      <div class=\"form-content--copy\">\n    \n        \n            <div class=\"block--copy\"><p>Wir stellen Ihnen gerne unsere Medienanalyse-Services vor. F\u00fcllen Sie einfach das folgende Formular aus:<\/p>\n<\/div>\n\n        \n      <\/div>\n\n      \n              <div id=\"myFrame\" class=\"form-content--form  \"> \n          <script charset=\"utf-8\" type=\"text\/javascript\" src=\"\/\/js.hsforms.net\/forms\/embed\/v2.js\"><\/script>\r\n<script>\r\n  hbspt.forms.create({\r\n    region: \"na1\",\r\n    portalId: \"42525281\",\r\n    formId: \"a938d7e4-6991-4110-85d1-5b6fa354a28f\"\r\n  });\r\n<\/script>        <\/div> \n          <\/div>\n  <\/div>\n\n    <\/section> \n  \n<style>\n\/* Dark Background Form Styling - Only applies when .bg__black class exists *\/\n.block-form.bg__black .hs-form label,\n.block-form.bg__black .hs-form legend,\n.block-form.bg__black .hs-form .hs-form-field > label {\n  color: #ffffff !important;\n}\n\n.block-form.bg__black .hs-form input[type=\"text\"],\n.block-form.bg__black .hs-form input[type=\"email\"],\n.block-form.bg__black .hs-form input[type=\"tel\"],\n.block-form.bg__black .hs-form input[type=\"number\"],\n.block-form.bg__black .hs-form select,\n.block-form.bg__black .hs-form textarea {\n  background-color: #ffffff !important;\n  color: #1e1e23 !important;\n  border-color: #ffffff !important;\n}\n\n.block-form.bg__black .hs-form input[type=\"submit\"],\n.block-form.bg__black .hs-form .hs-button,\n.block-form.bg__black .hs-form button[type=\"submit\"] {\n  background-color: #316446 !important;\n  color: #f0ebf0 !important;\n  border: none !important;\n  transition: all 0.3s ease !important;\n}\n\n.block-form.bg__black .hs-form input[type=\"submit\"]:hover,\n.block-form.bg__black .hs-form .hs-button:hover,\n.block-form.bg__black .hs-form button[type=\"submit\"]:hover {\n  background-color: #254d35 !important;\n  color: #01E55F !important;\n}\n\n.block-form.bg__black .hs-form input::placeholder,\n.block-form.bg__black .hs-form textarea::placeholder {\n  color: #999999 !important;\n}\n\n.block-form.bg__black .hs-form .hs-error-msgs label,\n.block-form.bg__black .hs-form .hs-error-msg {\n  color: #ff6b6b !important;\n}\n\n.block-form.bg__black .hs-form .hs-field-desc,\n.block-form.bg__black .hs-form .hs-richtext {\n  color: #cccccc !important;\n}\n<\/style>\n\n\n\n","protected":false},"excerpt":{"rendered":"","protected":false},"author":1,"featured_media":0,"parent":5228,"menu_order":2,"comment_status":"closed","ping_status":"closed","template":"","meta":{"_acf_changed":false,"content-type":"","inline_featured_image":false,"footnotes":""},"region":[],"class_list":["post-5236","page","type-page","status-publish","hentry"],"acf":[],"_links":{"self":[{"href":"https:\/\/onclusive.com\/de\/wp-json\/wp\/v2\/pages\/5236","targetHints":{"allow":["GET"]}}],"collection":[{"href":"https:\/\/onclusive.com\/de\/wp-json\/wp\/v2\/pages"}],"about":[{"href":"https:\/\/onclusive.com\/de\/wp-json\/wp\/v2\/types\/page"}],"author":[{"embeddable":true,"href":"https:\/\/onclusive.com\/de\/wp-json\/wp\/v2\/users\/1"}],"replies":[{"embeddable":true,"href":"https:\/\/onclusive.com\/de\/wp-json\/wp\/v2\/comments?post=5236"}],"version-history":[{"count":0,"href":"https:\/\/onclusive.com\/de\/wp-json\/wp\/v2\/pages\/5236\/revisions"}],"up":[{"embeddable":true,"href":"https:\/\/onclusive.com\/de\/wp-json\/wp\/v2\/pages\/5228"}],"wp:attachment":[{"href":"https:\/\/onclusive.com\/de\/wp-json\/wp\/v2\/media?parent=5236"}],"wp:term":[{"taxonomy":"region","embeddable":true,"href":"https:\/\/onclusive.com\/de\/wp-json\/wp\/v2\/region?post=5236"}],"curies":[{"name":"wp","href":"https:\/\/api.w.org\/{rel}","templated":true}]}}