{"id":5237,"date":"2022-01-20T17:08:09","date_gmt":"2022-01-20T17:08:09","guid":{"rendered":"https:\/\/newonclusive.wpengine.com\/what-we-do\/insights-consultancy\/reputation-brand-insights\/"},"modified":"2024-08-05T20:52:05","modified_gmt":"2024-08-05T20:52:05","slug":"reputation-brand-insights","status":"publish","type":"page","link":"https:\/\/onclusive.com\/de\/unsere-loesungen\/insights-consultancy\/reputation-brand-insights\/","title":{"rendered":"Reputation &#038; Brand Insights"},"content":{"rendered":"\n<style>\n\/**\n * Hero Background Overlay Styles\n *\/\n.hero-background-overlay {\n    position: absolute;\n    top: 0;\n    left: 0;\n    width: 100%;\n    height: 100%;\n    z-index: 1; \/* Above background image, below content *\/\n    pointer-events: none; \/* Allows clicks to pass through to content *\/\n}\n\n\/* Ensure hero section is positioned relative *\/\n.block-hero {\n    position: relative;\n}\n\n\/* Ensure content sits above overlay *\/\n.hero--content {\n    position: relative;\n    z-index: 2; \/* Above overlay *\/\n}\n\n\/* Ensure background image stays at bottom *\/\n.hero-background-image {\n    position: absolute;\n    z-index: 0; \/* Behind everything *\/\n}\n<\/style>\n\n<section\n    class=\"block-hero block-hero-contained \">\n\n            <div class=\"contained-hero-inner-wrap\">\n      \n                  <div class=\"hero-background-image hero-background-image__image\">\n          \n<div class=\"lazyload background-image\" \tdata-bg-mobile \t= \"https:\/\/onclusive.com\/wp-content\/uploads\/2022\/02\/What-we-do_Insights-and-Consultancy_Reputation-and-Brand-Insights-1024x512.jpg\"\n\tdata-bg-tablet \t= \"https:\/\/onclusive.com\/wp-content\/uploads\/2022\/02\/What-we-do_Insights-and-Consultancy_Reputation-and-Brand-Insights-1200x600.jpg\"\n\tdata-bg-desktop = \"https:\/\/onclusive.com\/wp-content\/uploads\/2022\/02\/What-we-do_Insights-and-Consultancy_Reputation-and-Brand-Insights.jpg\"\n\tdata-bg-super \t= \"https:\/\/onclusive.com\/wp-content\/uploads\/2022\/02\/What-we-do_Insights-and-Consultancy_Reputation-and-Brand-Insights.jpg\"\n\tdata-expand=\"700\"\n\tstyle=\"background-image: url('https:\/\/onclusive.com\/wp-content\/uploads\/2022\/02\/What-we-do_Insights-and-Consultancy_Reputation-and-Brand-Insights-1024x512.jpg');\"\n><\/div>        <\/div>\n\n          \n    \n    <div class=\"hero--content\">\n\n      <div class=\"hero--content--inner-wrapper\">\n\n                  <!-- ORIGINAL COMPLEX IMAGES -->\n          <div class=\"hero-foreground-images\">\n\n                                      \n                        <div class=\"img-wrapper ratio-1-1 image-is-foreground\">\n\t\n\n<img decoding=\"async\"\n\talt=\"Graphic\"\n    data-sizes=\"auto\"\n    data-src=\"https:\/\/onclusive.com\/wp-content\/uploads\/2022\/02\/Insights-and-Consultancy_Reputation-and-Brand-Insights_LRG.svg\"\n    data-srcset=\"https:\/\/onclusive.com\/wp-content\/uploads\/2022\/02\/Insights-and-Consultancy_Reputation-and-Brand-Insights_LRG.svg 1w,\n\thttps:\/\/onclusive.com\/wp-content\/uploads\/2022\/02\/Insights-and-Consultancy_Reputation-and-Brand-Insights_LRG.svg 1w, \n\thttps:\/\/onclusive.com\/wp-content\/uploads\/2022\/02\/Insights-and-Consultancy_Reputation-and-Brand-Insights_LRG.svg 1w\"\n    class=\"lazyload is-svg\"\n    src=\"https:\/\/onclusive.com\/wp-content\/uploads\/2022\/02\/Insights-and-Consultancy_Reputation-and-Brand-Insights_LRG.svg\"\n\/>\n\n\n\n\n<\/div>          <\/div>\n        \n        <div class=\"hero--copy\">\n\n          <!-- OPTIONAL HERO TAG - ONLY IF SET -->\n          \n                      <h1 class=\"hero_title\" >\n                            <span class=\"hero_title_bold\">\n                Reputation &amp; Brand Insights              <\/span>\n                <br\/>                                          Wir erm\u00f6glichen Ihnen eine intelligente Kommunikationsstrategie und -aktivierung              \n                        <\/h1> \n          \n          \n                      <div class=\"hero_buttons--wrapper\">\n            \n<a href=\"#enquiry\"  target=\"_self\" class=\"button  button__anchor-link\">\n    Mehr erfahren    <svg   data-name=\"Layer 1\" xmlns=\"http:\/\/www.w3.org\/2000\/svg\" viewBox=\"0 0 12 7.41\"><polygon points=\"10.59 0 6 4.58 1.41 0 0 1.41 6 7.41 12 1.41 10.59 0\"\/><\/svg><\/a>\n            <\/div>\n          \n        <\/div>\n\n      <\/div>\n\n    <\/div>\n\n            <\/div>\n        \n<\/section>\n\n\n<section\n    class=\"o-wrapper block-statement js-block-statement\">\n\n              <div class=\"block-statement--inner-wrapper\">\n          <h2 class=\"statement-block--statement\">Nutzen Sie unsere qualitativen Insights, um die wichtigsten Informationen zur Reputation Ihres Unternehmens und Ihrer Marke zu erhalten.<br \/>\r\n <br \/>\r\nDurch die Kombination von Medienanalysetechnologie und menschlicher Expertise erm\u00f6glichen wir Ihnen ein besseres Verst\u00e4ndnis des Medienprofils Ihres Unternehmens und Ihrer Marke, Ihrem Standing innerhalb Ihrer Branche sowie allgemeiner branchenspezifischer Themen und Herausforderungen, die sich auf die Reputation Ihres Unternehmens auswirken k\u00f6nnen.<br \/>\r\n <br \/>\r\nWir unterst\u00fctzen Sie dabei, Ihre Kommunikationsstrategie und -aktivierung optimal auszurichten.<br \/>\r\n<br \/>\r\n <br \/>\r\n<br \/>\r\n <br \/>\r\n <br \/>\r\n<\/h2> \n        <\/div>\n      \n<\/section> \n\n\n\n\n\n<section\n    class=\"block-basic-card-row\">\n      <div class=\"\">\n      <h2 class=\"block--heading\">Features:<\/h2> \n    <\/div>\n    <div class=\"card-row--inner-wrapper\">\n          \n<div class=\"card__basic card__grey\">\n\n            <div class=\"card--image\">\n        <div class=\"card--image--inner-wrapper\">\n          \n\n<img decoding=\"async\"\n\talt=\"Icon\"\n    data-sizes=\"auto\"\n    data-src=\"https:\/\/onclusive.com\/wp-content\/uploads\/2022\/02\/Insights-and-Consultancy_Reputation-and-Brand-Insights_Uncover-the-effectiveness-of-your-proactive.svg\"\n    data-srcset=\"https:\/\/onclusive.com\/wp-content\/uploads\/2022\/02\/Insights-and-Consultancy_Reputation-and-Brand-Insights_Uncover-the-effectiveness-of-your-proactive.svg 1w,\n\thttps:\/\/onclusive.com\/wp-content\/uploads\/2022\/02\/Insights-and-Consultancy_Reputation-and-Brand-Insights_Uncover-the-effectiveness-of-your-proactive.svg 1w, \n\thttps:\/\/onclusive.com\/wp-content\/uploads\/2022\/02\/Insights-and-Consultancy_Reputation-and-Brand-Insights_Uncover-the-effectiveness-of-your-proactive.svg 1w\"\n    class=\"lazyload is-svg\"\n    src=\"https:\/\/onclusive.com\/wp-content\/uploads\/2022\/02\/Insights-and-Consultancy_Reputation-and-Brand-Insights_Uncover-the-effectiveness-of-your-proactive.svg\"\n\/>\n\n\n\n\n        <\/div>\n      <\/div>\n      \n  <div class=\"card--copy\">\n    <div class=\"card--copy-wrapper\">\n              <h3 class=\"basic_card_heading text-bold\"> Messen Sie die Effektivit\u00e4t Ihrer Kommunikationsaktivit\u00e4ten.<\/h3> \n      \n          <\/div>\n\n      <\/div>\n\n<\/div>\n<div class=\"card__basic card__grey\">\n\n            <div class=\"card--image\">\n        <div class=\"card--image--inner-wrapper\">\n          \n\n<img decoding=\"async\"\n\talt=\"Icon\"\n    data-sizes=\"auto\"\n    data-src=\"https:\/\/onclusive.com\/wp-content\/uploads\/2022\/02\/Insights-and-Consultancy_Reputation-and-Brand-Insights_Discover-how-industry-issues-covered.svg\"\n    data-srcset=\"https:\/\/onclusive.com\/wp-content\/uploads\/2022\/02\/Insights-and-Consultancy_Reputation-and-Brand-Insights_Discover-how-industry-issues-covered.svg 1w,\n\thttps:\/\/onclusive.com\/wp-content\/uploads\/2022\/02\/Insights-and-Consultancy_Reputation-and-Brand-Insights_Discover-how-industry-issues-covered.svg 1w, \n\thttps:\/\/onclusive.com\/wp-content\/uploads\/2022\/02\/Insights-and-Consultancy_Reputation-and-Brand-Insights_Discover-how-industry-issues-covered.svg 1w\"\n    class=\"lazyload is-svg\"\n    src=\"https:\/\/onclusive.com\/wp-content\/uploads\/2022\/02\/Insights-and-Consultancy_Reputation-and-Brand-Insights_Discover-how-industry-issues-covered.svg\"\n\/>\n\n\n\n\n        <\/div>\n      <\/div>\n      \n  <div class=\"card--copy\">\n    <div class=\"card--copy-wrapper\">\n              <h3 class=\"basic_card_heading text-bold\">Verstehen Sie, wie sich Meldungen zu branchenspezifischen Themen auf Ihre Reputation auswirken k\u00f6nnen.<\/h3> \n      \n          <\/div>\n\n      <\/div>\n\n<\/div>\n<div class=\"card__basic card__grey\">\n\n            <div class=\"card--image\">\n        <div class=\"card--image--inner-wrapper\">\n          \n\n<img decoding=\"async\"\n\talt=\"Icon\"\n    data-sizes=\"auto\"\n    data-src=\"https:\/\/onclusive.com\/wp-content\/uploads\/2022\/02\/Insights-and-Consultancy_Reputation-and-Brand-Insights_Reveal-the-key-drivers-of-your-brand-rep.svg\"\n    data-srcset=\"https:\/\/onclusive.com\/wp-content\/uploads\/2022\/02\/Insights-and-Consultancy_Reputation-and-Brand-Insights_Reveal-the-key-drivers-of-your-brand-rep.svg 1w,\n\thttps:\/\/onclusive.com\/wp-content\/uploads\/2022\/02\/Insights-and-Consultancy_Reputation-and-Brand-Insights_Reveal-the-key-drivers-of-your-brand-rep.svg 1w, \n\thttps:\/\/onclusive.com\/wp-content\/uploads\/2022\/02\/Insights-and-Consultancy_Reputation-and-Brand-Insights_Reveal-the-key-drivers-of-your-brand-rep.svg 1w\"\n    class=\"lazyload is-svg\"\n    src=\"https:\/\/onclusive.com\/wp-content\/uploads\/2022\/02\/Insights-and-Consultancy_Reputation-and-Brand-Insights_Reveal-the-key-drivers-of-your-brand-rep.svg\"\n\/>\n\n\n\n\n        <\/div>\n      <\/div>\n      \n  <div class=\"card--copy\">\n    <div class=\"card--copy-wrapper\">\n              <h3 class=\"basic_card_heading text-bold\">Erkennen Sie die wichtigsten Treiber f\u00fcr die Reputation Ihrer Marke.  <\/h3> \n      \n          <\/div>\n\n      <\/div>\n\n<\/div>      <\/div>\n<\/section>\n\n\n\n\n<section\n    class=\"block-fbl\">\n  <div class=\"block-fbl--inner-wrapper\">\n          <div class=\"card__feature-block card__feature-block__large\">\n  <div class=\"card--image\">\n    <div style=\"height: 90%; width: 90%; object-fit: contain; margin: 15px;\" class=\"card--image--inner-wrapper\">\n      \n\n<img decoding=\"async\"\n\talt=\"\"\n    data-sizes=\"auto\"\n    data-src=\"https:\/\/onclusive.com\/wp-content\/uploads\/2022\/02\/Background-device-blue-640.svg\"\n    data-srcset=\"https:\/\/onclusive.com\/wp-content\/uploads\/2022\/02\/Background-device-blue-640.svg 640w,\n\thttps:\/\/onclusive.com\/wp-content\/uploads\/2022\/02\/Background-device-blue-640.svg 640w, \n\thttps:\/\/onclusive.com\/wp-content\/uploads\/2022\/02\/Background-device-blue-640.svg 640w\"\n    class=\"lazyload is-svg\"\n    src=\"https:\/\/onclusive.com\/wp-content\/uploads\/2022\/02\/Background-device-blue-640.svg\"\n\/>\n\n\n\n\n      \n      \n\n<img decoding=\"async\"\n\talt=\"\"\n    data-sizes=\"auto\"\n    data-src=\"https:\/\/onclusive.com\/wp-content\/uploads\/2022\/03\/A-unique-blend-of-human-and-AI-300x300.png\"\n    data-srcset=\"https:\/\/onclusive.com\/wp-content\/uploads\/2022\/03\/A-unique-blend-of-human-and-AI-1200x1200.png 1200w,\n\thttps:\/\/onclusive.com\/wp-content\/uploads\/2022\/03\/A-unique-blend-of-human-and-AI-1024x1024.png 1024w, \n\thttps:\/\/onclusive.com\/wp-content\/uploads\/2022\/03\/A-unique-blend-of-human-and-AI.png 1280w\"\n    class=\"lazyload not-svg\"\n    src=\"https:\/\/onclusive.com\/wp-content\/uploads\/2022\/03\/A-unique-blend-of-human-and-AI-300x300.png\"\n\/>\n\n\n\n\n      \n    <\/div>\n  <\/div>\n  <div class=\"card--copy\">\n    <div class=\"card--copy--inner-wrapper\">\n      <div class=\"card_bg card_bg__\"><\/div>\n      <div class=\"feature-block-large__copy-wrapper\">\n                  <h3 class=\"feature_block_heading\">#enquiryEine einzigartige Mischung aus menschlicher Expertise und k\u00fcnstlicher Intelligenz<\/h3> \n                          <div class=\"feature_block_copy\"><p><span style=\"font-weight: 400;\">Unsere Experten-Teams nutzen leistungsstarke KI-Technologie, um auf umfassende Datens\u00e4tze zuzugreifen, sie zu verdichten und in wertvolle Informationen umzuwandeln.<\/span><\/p>\n<p><span style=\"font-weight: 400;\">Unsere Analyst:innen werten diese Informationen aus und gewinnen daraus <\/span><span style=\"font-weight: 400;\">aussagekr\u00e4ftige<\/span><span style=\"font-weight: 400;\"> Erkenntnisse, auf die Sie sich bei wichtigen Kommunikationsentscheidungen st\u00fctzen k\u00f6nnen.<\/span><\/p>\n<p><span style=\"font-weight: 400;\">Unsere qualitativen Medienanalysen wurden bereits mit verschiedenen brancheninternen Auszeichnungen gew\u00fcrdigt, zuletzt ist unsere Arbeit f\u00fcr Vodafone, OTTO und TikTok mit dem AMEC Award ausgezeichnet worden.\u00a0<\/span><\/p>\n<\/div> \n              <\/div>\n      \n<a href=\"#enquiry\"  target=\"_self\" class=\"button  button__anchor-link\">\n    Sprechen Sie mit unserem Experten-Team    <svg   data-name=\"Layer 1\" xmlns=\"http:\/\/www.w3.org\/2000\/svg\" viewBox=\"0 0 12 7.41\"><polygon points=\"10.59 0 6 4.58 1.41 0 0 1.41 6 7.41 12 1.41 10.59 0\"\/><\/svg><\/a>\n    <\/div>\n  <\/div>\n  \n<\/div><div class=\"card__feature-block card__feature-block__large\">\n  <div class=\"card--image\">\n    <div style=\"height: 90%; width: 90%; object-fit: contain; margin: 15px;\" class=\"card--image--inner-wrapper\">\n      \n\n<img decoding=\"async\"\n\talt=\"\"\n    data-sizes=\"auto\"\n    data-src=\"https:\/\/onclusive.com\/wp-content\/uploads\/2022\/02\/Background-device-blue-640.svg\"\n    data-srcset=\"https:\/\/onclusive.com\/wp-content\/uploads\/2022\/02\/Background-device-blue-640.svg 640w,\n\thttps:\/\/onclusive.com\/wp-content\/uploads\/2022\/02\/Background-device-blue-640.svg 640w, \n\thttps:\/\/onclusive.com\/wp-content\/uploads\/2022\/02\/Background-device-blue-640.svg 640w\"\n    class=\"lazyload is-svg\"\n    src=\"https:\/\/onclusive.com\/wp-content\/uploads\/2022\/02\/Background-device-blue-640.svg\"\n\/>\n\n\n\n\n      \n      \n\n<img decoding=\"async\"\n\talt=\"\"\n    data-sizes=\"auto\"\n    data-src=\"https:\/\/onclusive.com\/wp-content\/uploads\/2022\/03\/Brand-perception-in-the-media-300x300.png\"\n    data-srcset=\"https:\/\/onclusive.com\/wp-content\/uploads\/2022\/03\/Brand-perception-in-the-media-1200x1200.png 1200w,\n\thttps:\/\/onclusive.com\/wp-content\/uploads\/2022\/03\/Brand-perception-in-the-media-1024x1024.png 1024w, \n\thttps:\/\/onclusive.com\/wp-content\/uploads\/2022\/03\/Brand-perception-in-the-media.png 1280w\"\n    class=\"lazyload not-svg\"\n    src=\"https:\/\/onclusive.com\/wp-content\/uploads\/2022\/03\/Brand-perception-in-the-media-300x300.png\"\n\/>\n\n\n\n\n      \n    <\/div>\n  <\/div>\n  <div class=\"card--copy\">\n    <div class=\"card--copy--inner-wrapper\">\n      <div class=\"card_bg card_bg__\"><\/div>\n      <div class=\"feature-block-large__copy-wrapper\">\n                  <h3 class=\"feature_block_heading\">Die Wahrnehmung Ihrer Marke in den Medien <\/h3> \n                          <div class=\"feature_block_copy\"><p><span style=\"font-weight: 400;\">Gewinnen Sie ein klares Bild davon, wie sich Ihre Marke in den Medien weiterentwickelt.\u00a0<\/span><\/p>\n<p><span style=\"font-weight: 400;\">Wir integrieren Insights aus traditionellen und sozialen Medien, um zu ermitteln, wie Kampagnen \u00fcber alle Kan\u00e4le verbreitet und verst\u00e4rkt werden und wie sich Ihre Botschaft darin wiederfindet.<\/span><\/p>\n<p>&nbsp;<\/p>\n<\/div> \n              <\/div>\n      \n<a href=\"#enquiry\"  target=\"_self\" class=\"button  button__anchor-link button__anchor-link\">\n    Mehr erfahren    <svg   data-name=\"Layer 1\" xmlns=\"http:\/\/www.w3.org\/2000\/svg\" viewBox=\"0 0 12 7.41\"><polygon points=\"10.59 0 6 4.58 1.41 0 0 1.41 6 7.41 12 1.41 10.59 0\"\/><\/svg><\/a>\n    <\/div>\n  <\/div>\n  \n<\/div><div class=\"card__feature-block card__feature-block__large\">\n  <div class=\"card--image\">\n    <div style=\"height: 90%; width: 90%; object-fit: contain; margin: 15px;\" class=\"card--image--inner-wrapper\">\n      \n\n<img decoding=\"async\"\n\talt=\"\"\n    data-sizes=\"auto\"\n    data-src=\"https:\/\/onclusive.com\/wp-content\/uploads\/2022\/02\/Background-device-blue-640.svg\"\n    data-srcset=\"https:\/\/onclusive.com\/wp-content\/uploads\/2022\/02\/Background-device-blue-640.svg 640w,\n\thttps:\/\/onclusive.com\/wp-content\/uploads\/2022\/02\/Background-device-blue-640.svg 640w, \n\thttps:\/\/onclusive.com\/wp-content\/uploads\/2022\/02\/Background-device-blue-640.svg 640w\"\n    class=\"lazyload is-svg\"\n    src=\"https:\/\/onclusive.com\/wp-content\/uploads\/2022\/02\/Background-device-blue-640.svg\"\n\/>\n\n\n\n\n      \n      \n\n<img decoding=\"async\"\n\talt=\"\"\n    data-sizes=\"auto\"\n    data-src=\"https:\/\/onclusive.com\/wp-content\/uploads\/2022\/03\/Sustainable-Reputation-Index-1-300x300.png\"\n    data-srcset=\"https:\/\/onclusive.com\/wp-content\/uploads\/2022\/03\/Sustainable-Reputation-Index-1-1200x1200.png 1200w,\n\thttps:\/\/onclusive.com\/wp-content\/uploads\/2022\/03\/Sustainable-Reputation-Index-1-1024x1024.png 1024w, \n\thttps:\/\/onclusive.com\/wp-content\/uploads\/2022\/03\/Sustainable-Reputation-Index-1.png 1280w\"\n    class=\"lazyload not-svg\"\n    src=\"https:\/\/onclusive.com\/wp-content\/uploads\/2022\/03\/Sustainable-Reputation-Index-1-300x300.png\"\n\/>\n\n\n\n\n      \n    <\/div>\n  <\/div>\n  <div class=\"card--copy\">\n    <div class=\"card--copy--inner-wrapper\">\n      <div class=\"card_bg card_bg__\"><\/div>\n      <div class=\"feature-block-large__copy-wrapper\">\n                  <h3 class=\"feature_block_heading\">Sustainable Reputation Index<\/h3> \n                          <div class=\"feature_block_copy\"><p><span style=\"font-weight: 400;\">Wir haben einen Ansatz entwickelt, um die Leistung Ihres Unternehmens anhand der <\/span><i><span style=\"font-weight: 400;\">UN Sustainable Development Goals<\/span><\/i><span style=\"font-weight: 400;\">, der UN-Ziele f\u00fcr nachhaltige Entwicklung, zu messen.\u00a0<\/span><\/p>\n<p><span style=\"font-weight: 400;\">Wir verwenden diese Ziele als Rahmen, um den Umfang und die Bedeutung von Diskursen und die Stimmung gegen\u00fcber Ihrer Marke in allen Bereichen zu verstehen. Auf dieser Grundlage pr\u00fcfen wir, wie Ihre Botschaften in den Medien widergespiegelt werden, und helfen Ihnen, die Nachhaltigkeit Ihres Markenimages zu messen und zu verstehen.<\/span><\/p>\n<p><span style=\"font-weight: 400;\">Wir erfassen den Beitrag jeder Marke zum allgemeinen Nachhaltigkeitsimage des Unternehmens sowie im Vergleich zu Mitbewerbern der Branche.\u00a0<\/span><\/p>\n<\/div> \n              <\/div>\n      \n<a href=\"#enquiry\"  target=\"_self\" class=\"button  button__anchor-link button__anchor-link button__anchor-link\">\n    Kontaktieren Sie uns    <svg   data-name=\"Layer 1\" xmlns=\"http:\/\/www.w3.org\/2000\/svg\" viewBox=\"0 0 12 7.41\"><polygon points=\"10.59 0 6 4.58 1.41 0 0 1.41 6 7.41 12 1.41 10.59 0\"\/><\/svg><\/a>\n    <\/div>\n  <\/div>\n  \n<\/div>      <\/div>\n<\/section>\n\n\n\n    <section\n      id=\"enquiry\"      class=\"block-form bg__blue_light\">\n      \n\n  <div class=\"form-content\">\n    <div class=\"form-content--inner-wrapper\">\n\n      \n              <div class=\"form-content--heading\">\n          <h3 class=\"block--form_heading\">Let\u2018s connect<\/h3> \n        <\/div>\n      \n      <div class=\"form-content--copy\">\n    \n        \n            <div class=\"block--copy\"><p>Um ein Beratungsgespr\u00e4ch mit unserem Consulting Team zu vereinbaren, f\u00fcllen Sie bitte dieses Formular aus.<\/p>\n<\/div>\n\n        \n      <\/div>\n\n      \n              <div id=\"myFrame\" class=\"form-content--form  \"> \n          <script charset=\"utf-8\" type=\"text\/javascript\" src=\"\/\/js.hsforms.net\/forms\/embed\/v2.js\"><\/script>\r\n<script>\r\n  hbspt.forms.create({\r\n    region: \"na1\",\r\n    portalId: \"42525281\",\r\n    formId: \"054f4476-69b7-4baa-814f-512f5ce2e992\"\r\n  });\r\n<\/script>        <\/div> \n          <\/div>\n  <\/div>\n\n    <\/section> \n  \n<style>\n\/* Dark Background Form Styling - Only applies when .bg__black class exists *\/\n.block-form.bg__black .hs-form label,\n.block-form.bg__black .hs-form legend,\n.block-form.bg__black .hs-form .hs-form-field > label {\n  color: #ffffff !important;\n}\n\n.block-form.bg__black .hs-form input[type=\"text\"],\n.block-form.bg__black .hs-form input[type=\"email\"],\n.block-form.bg__black .hs-form input[type=\"tel\"],\n.block-form.bg__black .hs-form input[type=\"number\"],\n.block-form.bg__black .hs-form select,\n.block-form.bg__black .hs-form textarea {\n  background-color: #ffffff !important;\n  color: #1e1e23 !important;\n  border-color: #ffffff !important;\n}\n\n.block-form.bg__black .hs-form input[type=\"submit\"],\n.block-form.bg__black .hs-form .hs-button,\n.block-form.bg__black .hs-form button[type=\"submit\"] {\n  background-color: #316446 !important;\n  color: #f0ebf0 !important;\n  border: none !important;\n  transition: all 0.3s ease !important;\n}\n\n.block-form.bg__black .hs-form input[type=\"submit\"]:hover,\n.block-form.bg__black .hs-form .hs-button:hover,\n.block-form.bg__black .hs-form button[type=\"submit\"]:hover {\n  background-color: #254d35 !important;\n  color: #01E55F !important;\n}\n\n.block-form.bg__black .hs-form input::placeholder,\n.block-form.bg__black .hs-form textarea::placeholder {\n  color: #999999 !important;\n}\n\n.block-form.bg__black .hs-form .hs-error-msgs label,\n.block-form.bg__black .hs-form .hs-error-msg {\n  color: #ff6b6b !important;\n}\n\n.block-form.bg__black .hs-form .hs-field-desc,\n.block-form.bg__black .hs-form .hs-richtext {\n  color: #cccccc !important;\n}\n<\/style>\n\n\n\n","protected":false},"excerpt":{"rendered":"","protected":false},"author":1,"featured_media":0,"parent":5229,"menu_order":0,"comment_status":"closed","ping_status":"closed","template":"","meta":{"_acf_changed":false,"content-type":"","inline_featured_image":false,"footnotes":""},"region":[],"class_list":["post-5237","page","type-page","status-publish","hentry"],"acf":[],"_links":{"self":[{"href":"https:\/\/onclusive.com\/de\/wp-json\/wp\/v2\/pages\/5237","targetHints":{"allow":["GET"]}}],"collection":[{"href":"https:\/\/onclusive.com\/de\/wp-json\/wp\/v2\/pages"}],"about":[{"href":"https:\/\/onclusive.com\/de\/wp-json\/wp\/v2\/types\/page"}],"author":[{"embeddable":true,"href":"https:\/\/onclusive.com\/de\/wp-json\/wp\/v2\/users\/1"}],"replies":[{"embeddable":true,"href":"https:\/\/onclusive.com\/de\/wp-json\/wp\/v2\/comments?post=5237"}],"version-history":[{"count":0,"href":"https:\/\/onclusive.com\/de\/wp-json\/wp\/v2\/pages\/5237\/revisions"}],"up":[{"embeddable":true,"href":"https:\/\/onclusive.com\/de\/wp-json\/wp\/v2\/pages\/5229"}],"wp:attachment":[{"href":"https:\/\/onclusive.com\/de\/wp-json\/wp\/v2\/media?parent=5237"}],"wp:term":[{"taxonomy":"region","embeddable":true,"href":"https:\/\/onclusive.com\/de\/wp-json\/wp\/v2\/region?post=5237"}],"curies":[{"name":"wp","href":"https:\/\/api.w.org\/{rel}","templated":true}]}}