{"id":5254,"date":"2022-02-23T11:11:12","date_gmt":"2022-02-23T11:11:12","guid":{"rendered":"https:\/\/newonclusive.wpengine.com\/how-we-do-it\/technology\/technology-capabilities\/proprietary-newscrawler\/"},"modified":"2024-08-08T16:45:16","modified_gmt":"2024-08-08T16:45:16","slug":"proprietary-newscrawler","status":"publish","type":"page","link":"https:\/\/onclusive.com\/de\/unsere-methodologie\/unsere-technologie\/technische-moeglichkeiten\/proprietary-newscrawler\/","title":{"rendered":"Proprietary news crawler"},"content":{"rendered":"\n<style>\n\/**\n * Hero Background Overlay Styles\n *\/\n.hero-background-overlay {\n    position: absolute;\n    top: 0;\n    left: 0;\n    width: 100%;\n    height: 100%;\n    z-index: 1; \/* Above background image, below content *\/\n    pointer-events: none; \/* Allows clicks to pass through to content *\/\n}\n\n\/* Ensure hero section is positioned relative *\/\n.block-hero {\n    position: relative;\n}\n\n\/* Ensure content sits above overlay *\/\n.hero--content {\n    position: relative;\n    z-index: 2; \/* Above overlay *\/\n}\n\n\/* Ensure background image stays at bottom *\/\n.hero-background-image {\n    position: absolute;\n    z-index: 0; \/* Behind everything *\/\n}\n<\/style>\n\n<section\n    class=\"block-hero block-hero-contained \">\n\n            <div class=\"contained-hero-inner-wrap\">\n      \n          \n            \n              <div class=\"hero_background_colour bg__blue_light hero_background_colour__full\"><\/div>\n      \n          \n    \n    <div class=\"hero--content\">\n\n      <div class=\"hero--content--inner-wrapper\">\n\n                  <!-- ORIGINAL COMPLEX IMAGES -->\n          <div class=\"hero-foreground-images\">\n\n                                            <div class=\"hero_bg_colour_split bg__ hero_bg_colour_split__left\"><\/div>\n                          \n                        <div class=\"img-wrapper ratio-1-1 image-is-foreground\">\n\t\n\n<img decoding=\"async\"\n\talt=\"Graphic\"\n    data-sizes=\"auto\"\n    data-src=\"https:\/\/onclusive.com\/wp-content\/uploads\/2022\/02\/How-we-do-it_Technology_Technology-capabilities_Propietary-newscrawler_LRG.svg\"\n    data-srcset=\"https:\/\/onclusive.com\/wp-content\/uploads\/2022\/02\/How-we-do-it_Technology_Technology-capabilities_Propietary-newscrawler_LRG.svg 1w,\n\thttps:\/\/onclusive.com\/wp-content\/uploads\/2022\/02\/How-we-do-it_Technology_Technology-capabilities_Propietary-newscrawler_LRG.svg 1w, \n\thttps:\/\/onclusive.com\/wp-content\/uploads\/2022\/02\/How-we-do-it_Technology_Technology-capabilities_Propietary-newscrawler_LRG.svg 1w\"\n    class=\"lazyload is-svg\"\n    src=\"https:\/\/onclusive.com\/wp-content\/uploads\/2022\/02\/How-we-do-it_Technology_Technology-capabilities_Propietary-newscrawler_LRG.svg\"\n\/>\n\n\n\n\n<\/div>          <\/div>\n        \n        <div class=\"hero--copy\">\n\n          <!-- OPTIONAL HERO TAG - ONLY IF SET -->\n          \n                      <h1 class=\"hero_title\" >\n                            <span class=\"hero_title_bold\">\n                Nachrichten aus aller Welt analysieren mit unserem firmeneigenen News crawler              <\/span>\n                                                      <\/h1> \n          \n          \n                      <div class=\"hero_buttons--wrapper\">\n            \n<a href=\"#enquiry\"  target=\"_self\" class=\"button  button__anchor-link\">\n    Mehr erfahren    <svg   data-name=\"Layer 1\" xmlns=\"http:\/\/www.w3.org\/2000\/svg\" viewBox=\"0 0 12 7.41\"><polygon points=\"10.59 0 6 4.58 1.41 0 0 1.41 6 7.41 12 1.41 10.59 0\"\/><\/svg><\/a>\n            <\/div>\n          \n        <\/div>\n\n      <\/div>\n\n    <\/div>\n\n            <\/div>\n        \n<\/section>\n\n\n<section\n    class=\"o-wrapper block-statement js-block-statement\">\n\n              <div class=\"block-statement--inner-wrapper\">\n          <h2 class=\"statement-block--statement\">Das Herzst\u00fcck unserer automatisierten Medienbeobachtungs- und Analyseplattform ist unser firmeneigener News crawler, der Natural Language Processing Technologie (NLP) nutzt, um Millionen von Earned, Owned, Newswire- und Social Media Inhalten zu erfassen \u2013 mehr als jede andere Quelle weltweit. <\/h2> \n        <\/div>\n      \n<\/section> \n\n\n\n\n\n<section\n    class=\"block-pcon\">\n\n      \n\t\t\t<div class=\"post_content--wrapper\">\n\t\t\t\t<div class=\"post_content--copy  \">\n\t\t\t\t\t<div class=\"post_content--copy-inner-wrapper\">\n\n\n\t\t\t\t\t\t\t\t\t\t\t\t\t<div class=\"post_content-copy-wrapper\">\n\t\t\t\t\t\t\t\t\t\t\t\t\t\t\t  \t\t<p><span style=\"font-weight: 400;\">Onclusive bietet die umfassendste und genaueste Abdeckung an Nachrichten und Social Media Inhalten auf allen Kan\u00e4len: Online, Newswire, Print, Radio, TV und auf den wichtigsten Social-Media-Plattformen wie Twitter, Facebook, Instagram, YouTube, TikTok und Reddit.<\/span><\/p>\n \n\t\t\t\t\t\t\t\t\t\t\t\t\t\t\t<\/div>\n\t\t\t\t\t\t\n\t\t\t\t\t\t\n\t\t\t\t\t\t\n\t\t\t\t\t<\/div>\n\t\t\t\t<\/div>\n\t\t\t<\/div>\n\n\t\t\n<\/section> \n\n\n\n\n\n<section\n    class=\"block-basic-card-row\">\n      <div class=\"\">\n      <h2 class=\"block--heading\">Features<\/h2> \n    <\/div>\n    <div class=\"card-row--inner-wrapper\">\n          \n<div class=\"card__basic card__grey\">\n\n            <div class=\"card--image\">\n        <div class=\"card--image--inner-wrapper\">\n          \n\n<img decoding=\"async\"\n\talt=\"Icon\"\n    data-sizes=\"auto\"\n    data-src=\"https:\/\/onclusive.com\/wp-content\/uploads\/2022\/02\/How-we-do-it_Technology_Technology-capabilities_Propietary-newscrawler_The-worlds-biggest-source-for-automated.svg\"\n    data-srcset=\"https:\/\/onclusive.com\/wp-content\/uploads\/2022\/02\/How-we-do-it_Technology_Technology-capabilities_Propietary-newscrawler_The-worlds-biggest-source-for-automated.svg 1w,\n\thttps:\/\/onclusive.com\/wp-content\/uploads\/2022\/02\/How-we-do-it_Technology_Technology-capabilities_Propietary-newscrawler_The-worlds-biggest-source-for-automated.svg 1w, \n\thttps:\/\/onclusive.com\/wp-content\/uploads\/2022\/02\/How-we-do-it_Technology_Technology-capabilities_Propietary-newscrawler_The-worlds-biggest-source-for-automated.svg 1w\"\n    class=\"lazyload is-svg\"\n    src=\"https:\/\/onclusive.com\/wp-content\/uploads\/2022\/02\/How-we-do-it_Technology_Technology-capabilities_Propietary-newscrawler_The-worlds-biggest-source-for-automated.svg\"\n\/>\n\n\n\n\n        <\/div>\n      <\/div>\n      \n  <div class=\"card--copy\">\n    <div class=\"card--copy-wrapper\">\n              <h3 class=\"basic_card_heading text-bold\">Die weltweit gr\u00f6\u00dfte Quelle f\u00fcr automatisierte Medienbeobachtung.<\/h3> \n      \n          <\/div>\n\n      <\/div>\n\n<\/div>\n<div class=\"card__basic card__grey\">\n\n            <div class=\"card--image\">\n        <div class=\"card--image--inner-wrapper\">\n          \n\n<img decoding=\"async\"\n\talt=\"Icon\"\n    data-sizes=\"auto\"\n    data-src=\"https:\/\/onclusive.com\/wp-content\/uploads\/2022\/02\/How-we-do-it_Technology_Technology-capabilities_Propietary-newscrawler_247-news-alert-worldwide.svg\"\n    data-srcset=\"https:\/\/onclusive.com\/wp-content\/uploads\/2022\/02\/How-we-do-it_Technology_Technology-capabilities_Propietary-newscrawler_247-news-alert-worldwide.svg 1w,\n\thttps:\/\/onclusive.com\/wp-content\/uploads\/2022\/02\/How-we-do-it_Technology_Technology-capabilities_Propietary-newscrawler_247-news-alert-worldwide.svg 1w, \n\thttps:\/\/onclusive.com\/wp-content\/uploads\/2022\/02\/How-we-do-it_Technology_Technology-capabilities_Propietary-newscrawler_247-news-alert-worldwide.svg 1w\"\n    class=\"lazyload is-svg\"\n    src=\"https:\/\/onclusive.com\/wp-content\/uploads\/2022\/02\/How-we-do-it_Technology_Technology-capabilities_Propietary-newscrawler_247-news-alert-worldwide.svg\"\n\/>\n\n\n\n\n        <\/div>\n      <\/div>\n      \n  <div class=\"card--copy\">\n    <div class=\"card--copy-wrapper\">\n              <h3 class=\"basic_card_heading text-bold\">Updates rund um die Uhr, weltweit.<\/h3> \n      \n          <\/div>\n\n      <\/div>\n\n<\/div>\n<div class=\"card__basic card__grey\">\n\n            <div class=\"card--image\">\n        <div class=\"card--image--inner-wrapper\">\n          \n\n<img decoding=\"async\"\n\talt=\"Icon\"\n    data-sizes=\"auto\"\n    data-src=\"https:\/\/onclusive.com\/wp-content\/uploads\/2022\/02\/How-we-do-it_Technology_Technology-capabilities_Propietary-newscrawler_Stay-informed-of-trends-and-topics.svg\"\n    data-srcset=\"https:\/\/onclusive.com\/wp-content\/uploads\/2022\/02\/How-we-do-it_Technology_Technology-capabilities_Propietary-newscrawler_Stay-informed-of-trends-and-topics.svg 1w,\n\thttps:\/\/onclusive.com\/wp-content\/uploads\/2022\/02\/How-we-do-it_Technology_Technology-capabilities_Propietary-newscrawler_Stay-informed-of-trends-and-topics.svg 1w, \n\thttps:\/\/onclusive.com\/wp-content\/uploads\/2022\/02\/How-we-do-it_Technology_Technology-capabilities_Propietary-newscrawler_Stay-informed-of-trends-and-topics.svg 1w\"\n    class=\"lazyload is-svg\"\n    src=\"https:\/\/onclusive.com\/wp-content\/uploads\/2022\/02\/How-we-do-it_Technology_Technology-capabilities_Propietary-newscrawler_Stay-informed-of-trends-and-topics.svg\"\n\/>\n\n\n\n\n        <\/div>\n      <\/div>\n      \n  <div class=\"card--copy\">\n    <div class=\"card--copy-wrapper\">\n              <h3 class=\"basic_card_heading text-bold\">Sie sind immer sofort \u00fcber alle Trends und aktuellen Themen informiert.<\/h3> \n      \n          <\/div>\n\n      <\/div>\n\n<\/div>\n<div class=\"card__basic card__grey\">\n\n            <div class=\"card--image\">\n        <div class=\"card--image--inner-wrapper\">\n          \n\n<img decoding=\"async\"\n\talt=\"Icon\"\n    data-sizes=\"auto\"\n    data-src=\"https:\/\/onclusive.com\/wp-content\/uploads\/2022\/02\/How-we-do-it_Technology_Technology-capabilities_Propietary-newscrawler_Protect-your-reputation-through-1.svg\"\n    data-srcset=\"https:\/\/onclusive.com\/wp-content\/uploads\/2022\/02\/How-we-do-it_Technology_Technology-capabilities_Propietary-newscrawler_Protect-your-reputation-through-1.svg 1w,\n\thttps:\/\/onclusive.com\/wp-content\/uploads\/2022\/02\/How-we-do-it_Technology_Technology-capabilities_Propietary-newscrawler_Protect-your-reputation-through-1.svg 1w, \n\thttps:\/\/onclusive.com\/wp-content\/uploads\/2022\/02\/How-we-do-it_Technology_Technology-capabilities_Propietary-newscrawler_Protect-your-reputation-through-1.svg 1w\"\n    class=\"lazyload is-svg\"\n    src=\"https:\/\/onclusive.com\/wp-content\/uploads\/2022\/02\/How-we-do-it_Technology_Technology-capabilities_Propietary-newscrawler_Protect-your-reputation-through-1.svg\"\n\/>\n\n\n\n\n        <\/div>\n      <\/div>\n      \n  <div class=\"card--copy\">\n    <div class=\"card--copy-wrapper\">\n              <h3 class=\"basic_card_heading text-bold\">Sch\u00fctzen Sie Ihre Reputation.<\/h3> \n      \n          <\/div>\n\n      <\/div>\n\n<\/div>      <\/div>\n<\/section>\n\n\n\n\n<section\n    class=\"block-fbl\">\n  <div class=\"block-fbl--inner-wrapper\">\n          <div class=\"card__feature-block card__feature-block__large\">\n  <div class=\"card--image\">\n    <div style=\"height: 90%; width: 90%; object-fit: contain; margin: 15px;\" class=\"card--image--inner-wrapper\">\n      \n\n<img decoding=\"async\"\n\talt=\"TV and Bookstand\"\n    data-sizes=\"auto\"\n    data-src=\"https:\/\/onclusive.com\/wp-content\/uploads\/2022\/02\/How-we-do-it_Technology_Technology-capabilities_Propietary-newscrawler_Enriched-content-300x300.jpg\"\n    data-srcset=\"https:\/\/onclusive.com\/wp-content\/uploads\/2022\/02\/How-we-do-it_Technology_Technology-capabilities_Propietary-newscrawler_Enriched-content.jpg 800w,\n\thttps:\/\/onclusive.com\/wp-content\/uploads\/2022\/02\/How-we-do-it_Technology_Technology-capabilities_Propietary-newscrawler_Enriched-content.jpg 800w, \n\thttps:\/\/onclusive.com\/wp-content\/uploads\/2022\/02\/How-we-do-it_Technology_Technology-capabilities_Propietary-newscrawler_Enriched-content.jpg 800w\"\n    class=\"lazyload not-svg\"\n    src=\"https:\/\/onclusive.com\/wp-content\/uploads\/2022\/02\/How-we-do-it_Technology_Technology-capabilities_Propietary-newscrawler_Enriched-content-300x300.jpg\"\n\/>\n\n\n\n\n      \n      \n\n<img decoding=\"async\"\n\talt=\"Graphic\"\n    data-sizes=\"auto\"\n    data-src=\"https:\/\/onclusive.com\/wp-content\/uploads\/2022\/02\/How-we-do-it_Technology_Technology-capabilities_Propietary-newscrawler_Enriched-content.svg\"\n    data-srcset=\"https:\/\/onclusive.com\/wp-content\/uploads\/2022\/02\/How-we-do-it_Technology_Technology-capabilities_Propietary-newscrawler_Enriched-content.svg 1w,\n\thttps:\/\/onclusive.com\/wp-content\/uploads\/2022\/02\/How-we-do-it_Technology_Technology-capabilities_Propietary-newscrawler_Enriched-content.svg 1w, \n\thttps:\/\/onclusive.com\/wp-content\/uploads\/2022\/02\/How-we-do-it_Technology_Technology-capabilities_Propietary-newscrawler_Enriched-content.svg 1w\"\n    class=\"lazyload is-svg\"\n    src=\"https:\/\/onclusive.com\/wp-content\/uploads\/2022\/02\/How-we-do-it_Technology_Technology-capabilities_Propietary-newscrawler_Enriched-content.svg\"\n\/>\n\n\n\n\n      \n    <\/div>\n  <\/div>\n  <div class=\"card--copy\">\n    <div class=\"card--copy--inner-wrapper\">\n      <div class=\"card_bg card_bg__\"><\/div>\n      <div class=\"feature-block-large__copy-wrapper\">\n                  <h3 class=\"feature_block_heading\">Angereicherte Inhalte<\/h3> \n                          <div class=\"feature_block_copy\"><p><span style=\"font-weight: 400;\">Unser firmeneigener News crawler sortiert, bewertet und erg\u00e4nzt jeden Artikel basierend auf Dutzenden von Kategorien und Unterkategorien, um <\/span><span style=\"font-weight: 400;\">die<\/span><span style=\"font-weight: 400;\"> Informationen f\u00fcr die Analyse in aggregierter Form und auf Artikelebene vorzubereiten. <\/span><\/p>\n<\/div> \n              <\/div>\n      \n<a href=\"#enquiry\"  target=\"_self\" class=\"button  button__anchor-link\">\n    Sprechen Sie mit unserem Experten-Team    <svg   data-name=\"Layer 1\" xmlns=\"http:\/\/www.w3.org\/2000\/svg\" viewBox=\"0 0 12 7.41\"><polygon points=\"10.59 0 6 4.58 1.41 0 0 1.41 6 7.41 12 1.41 10.59 0\"\/><\/svg><\/a>\n    <\/div>\n  <\/div>\n  \n<\/div><div class=\"card__feature-block card__feature-block__large\">\n  <div class=\"card--image\">\n    <div style=\"height: 90%; width: 90%; object-fit: contain; margin: 15px;\" class=\"card--image--inner-wrapper\">\n      \n\n<img decoding=\"async\"\n\talt=\"Graphic\"\n    data-sizes=\"auto\"\n    data-src=\"https:\/\/onclusive.com\/wp-content\/uploads\/2022\/03\/How-we-do-it_Technology_Technology-capabilities_Propietary-newscrawler_Search-filter-results.svg\"\n    data-srcset=\"https:\/\/onclusive.com\/wp-content\/uploads\/2022\/03\/How-we-do-it_Technology_Technology-capabilities_Propietary-newscrawler_Search-filter-results.svg 1w,\n\thttps:\/\/onclusive.com\/wp-content\/uploads\/2022\/03\/How-we-do-it_Technology_Technology-capabilities_Propietary-newscrawler_Search-filter-results.svg 1w, \n\thttps:\/\/onclusive.com\/wp-content\/uploads\/2022\/03\/How-we-do-it_Technology_Technology-capabilities_Propietary-newscrawler_Search-filter-results.svg 1w\"\n    class=\"lazyload is-svg\"\n    src=\"https:\/\/onclusive.com\/wp-content\/uploads\/2022\/03\/How-we-do-it_Technology_Technology-capabilities_Propietary-newscrawler_Search-filter-results.svg\"\n\/>\n\n\n\n\n      \n      \n\n<img decoding=\"async\"\n\talt=\"Camera\"\n    data-sizes=\"auto\"\n    data-src=\"https:\/\/onclusive.com\/wp-content\/uploads\/2022\/03\/How-we-do-it_Technology_Technology-capabilities_Propietary-newscrawler_Search-and-filter-results-300x300.png\"\n    data-srcset=\"https:\/\/onclusive.com\/wp-content\/uploads\/2022\/03\/How-we-do-it_Technology_Technology-capabilities_Propietary-newscrawler_Search-and-filter-results.png 800w,\n\thttps:\/\/onclusive.com\/wp-content\/uploads\/2022\/03\/How-we-do-it_Technology_Technology-capabilities_Propietary-newscrawler_Search-and-filter-results.png 800w, \n\thttps:\/\/onclusive.com\/wp-content\/uploads\/2022\/03\/How-we-do-it_Technology_Technology-capabilities_Propietary-newscrawler_Search-and-filter-results.png 800w\"\n    class=\"lazyload not-svg\"\n    src=\"https:\/\/onclusive.com\/wp-content\/uploads\/2022\/03\/How-we-do-it_Technology_Technology-capabilities_Propietary-newscrawler_Search-and-filter-results-300x300.png\"\n\/>\n\n\n\n\n      \n    <\/div>\n  <\/div>\n  <div class=\"card--copy\">\n    <div class=\"card--copy--inner-wrapper\">\n      <div class=\"card_bg card_bg__\"><\/div>\n      <div class=\"feature-block-large__copy-wrapper\">\n                  <h3 class=\"feature_block_heading\">Ergebnisse durchsuchen und filtern<\/h3> \n                          <div class=\"feature_block_copy\"><p><span style=\"font-weight: 400;\">Die Ergebnisse des News crawlers lassen sich ganz einfach filtern, um genau die Berichterstattung zu finden, die f\u00fcr Ihre Zielsetzungen und Ihre Gesch\u00e4ftsziele am wichtigsten ist. Filtern Sie nach Quellenangabe, Publikationsebene, Reichweite oder Social-Media-Engagement oder nach Standardfiltern wie Datum, Publikationsname, Autor und Sprache. <\/span><\/p>\n<\/div> \n              <\/div>\n      \n<a href=\"#enquiry\"  target=\"_self\" class=\"button  button__anchor-link button__anchor-link\">\n    Sprechen Sie uns an    <svg   data-name=\"Layer 1\" xmlns=\"http:\/\/www.w3.org\/2000\/svg\" viewBox=\"0 0 12 7.41\"><polygon points=\"10.59 0 6 4.58 1.41 0 0 1.41 6 7.41 12 1.41 10.59 0\"\/><\/svg><\/a>\n    <\/div>\n  <\/div>\n  \n<\/div><div class=\"card__feature-block card__feature-block__large\">\n  <div class=\"card--image\">\n    <div style=\"height: 90%; width: 90%; object-fit: contain; margin: 15px;\" class=\"card--image--inner-wrapper\">\n      \n\n<img decoding=\"async\"\n\talt=\"4 Different Media Types\"\n    data-sizes=\"auto\"\n    data-src=\"https:\/\/onclusive.com\/wp-content\/uploads\/2022\/02\/How-we-do-it_Technology_Technology-capabilities_Propietary-newscrawler_Media-monitoring-300x300.jpg\"\n    data-srcset=\"https:\/\/onclusive.com\/wp-content\/uploads\/2022\/02\/How-we-do-it_Technology_Technology-capabilities_Propietary-newscrawler_Media-monitoring.jpg 800w,\n\thttps:\/\/onclusive.com\/wp-content\/uploads\/2022\/02\/How-we-do-it_Technology_Technology-capabilities_Propietary-newscrawler_Media-monitoring.jpg 800w, \n\thttps:\/\/onclusive.com\/wp-content\/uploads\/2022\/02\/How-we-do-it_Technology_Technology-capabilities_Propietary-newscrawler_Media-monitoring.jpg 800w\"\n    class=\"lazyload not-svg\"\n    src=\"https:\/\/onclusive.com\/wp-content\/uploads\/2022\/02\/How-we-do-it_Technology_Technology-capabilities_Propietary-newscrawler_Media-monitoring-300x300.jpg\"\n\/>\n\n\n\n\n      \n      \n\n<img decoding=\"async\"\n\talt=\"Graphic\"\n    data-sizes=\"auto\"\n    data-src=\"https:\/\/onclusive.com\/wp-content\/uploads\/2022\/02\/How-we-do-it_Technology_Technology-capabilities_Propietary-newscrawler_Media-monitoring.svg\"\n    data-srcset=\"https:\/\/onclusive.com\/wp-content\/uploads\/2022\/02\/How-we-do-it_Technology_Technology-capabilities_Propietary-newscrawler_Media-monitoring.svg 1w,\n\thttps:\/\/onclusive.com\/wp-content\/uploads\/2022\/02\/How-we-do-it_Technology_Technology-capabilities_Propietary-newscrawler_Media-monitoring.svg 1w, \n\thttps:\/\/onclusive.com\/wp-content\/uploads\/2022\/02\/How-we-do-it_Technology_Technology-capabilities_Propietary-newscrawler_Media-monitoring.svg 1w\"\n    class=\"lazyload is-svg\"\n    src=\"https:\/\/onclusive.com\/wp-content\/uploads\/2022\/02\/How-we-do-it_Technology_Technology-capabilities_Propietary-newscrawler_Media-monitoring.svg\"\n\/>\n\n\n\n\n      \n    <\/div>\n  <\/div>\n  <div class=\"card--copy\">\n    <div class=\"card--copy--inner-wrapper\">\n      <div class=\"card_bg card_bg__\"><\/div>\n      <div class=\"feature-block-large__copy-wrapper\">\n                  <h3 class=\"feature_block_heading\">Medienbeobachtung<\/h3> \n                          <div class=\"feature_block_copy\"><p><span style=\"font-weight: 400;\">Wir bieten die umfassendsten und genauesten Medienbeobachtungsdienste auf dem Markt. Sie decken die Berichterstattung in digitalen Medien, Newswire, Print, Radio und TV ab. Wie und wann Sie die Nachrichten erhalten, liegt ganz bei Ihnen. Wir k\u00f6nnen Nachrichten in unterschiedlichen Formaten bereitstellen, wann immer Sie dies w\u00fcnschen.\u00a0<\/span><\/p>\n<p>&nbsp;<\/p>\n<p>&nbsp;<\/p>\n<p>&nbsp;<\/p>\n<\/div> \n              <\/div>\n      \n<a href=\"https:\/\/onclusive.com\/de\/unsere-loesungen\/monitoring\/medienmonitoring\/\"  target=\"_self\" class=\"button  button__anchor-link button__anchor-link button__page-link\">\n    Erfahren Sie mehr \u00fcber Medienmonitoring    <svg   data-name=\"Layer 1\" xmlns=\"http:\/\/www.w3.org\/2000\/svg\" viewBox=\"0 0 16 16\"><polygon points=\"8 0 6.59 1.41 12.17 7 0 7 0 9 12.17 9 6.59 14.59 8 16 16 8 8 0\"\/><\/svg><\/a>\n    <\/div>\n  <\/div>\n  \n<\/div>      <\/div>\n<\/section>\n","protected":false},"excerpt":{"rendered":"","protected":false},"author":3,"featured_media":0,"parent":5221,"menu_order":0,"comment_status":"closed","ping_status":"closed","template":"","meta":{"_acf_changed":false,"content-type":"","inline_featured_image":false,"footnotes":""},"region":[],"class_list":["post-5254","page","type-page","status-publish","hentry"],"acf":[],"_links":{"self":[{"href":"https:\/\/onclusive.com\/de\/wp-json\/wp\/v2\/pages\/5254","targetHints":{"allow":["GET"]}}],"collection":[{"href":"https:\/\/onclusive.com\/de\/wp-json\/wp\/v2\/pages"}],"about":[{"href":"https:\/\/onclusive.com\/de\/wp-json\/wp\/v2\/types\/page"}],"author":[{"embeddable":true,"href":"https:\/\/onclusive.com\/de\/wp-json\/wp\/v2\/users\/3"}],"replies":[{"embeddable":true,"href":"https:\/\/onclusive.com\/de\/wp-json\/wp\/v2\/comments?post=5254"}],"version-history":[{"count":0,"href":"https:\/\/onclusive.com\/de\/wp-json\/wp\/v2\/pages\/5254\/revisions"}],"up":[{"embeddable":true,"href":"https:\/\/onclusive.com\/de\/wp-json\/wp\/v2\/pages\/5221"}],"wp:attachment":[{"href":"https:\/\/onclusive.com\/de\/wp-json\/wp\/v2\/media?parent=5254"}],"wp:term":[{"taxonomy":"region","embeddable":true,"href":"https:\/\/onclusive.com\/de\/wp-json\/wp\/v2\/region?post=5254"}],"curies":[{"name":"wp","href":"https:\/\/api.w.org\/{rel}","templated":true}]}}