{"id":73611,"date":"2025-11-04T21:10:41","date_gmt":"2025-11-04T21:10:41","guid":{"rendered":"https:\/\/newonclusivstg.wpengine.com\/?page_id=73611"},"modified":"2026-04-10T19:52:28","modified_gmt":"2026-04-10T19:52:28","slug":"pressespiegel","status":"publish","type":"page","link":"https:\/\/onclusive.com\/de\/fachwissen\/pressespiegel\/","title":{"rendered":"Press Reviews"},"content":{"rendered":"\n\n<style>\n      \/* Hero Simple Image - Minimal CSS, reuse existing layout *\/\n      .hero-simple-layout .hero-simple-image-container {\n        display: flex;\n        align-items: center;\n        justify-content: flex-end;\n        width: 100%;\n        height: 100%;\n      }\n      \n      .hero-simple-layout .hero-simple-img {\n        max-width: 100%;\n        max-height: 500px;\n        width: auto;\n        height: auto;\n        object-fit: contain;\n      }\n      \n      \/* Mobile - reduce image height *\/\n      @media (max-width: 768px) {\n        .hero-simple-layout .hero-simple-img {\n          max-height: 350px;\n        }\n\t\t.hero-simple-image-container {\n\t\t  justify-content: center !important;\n\t\t}\n      }\n      \n      @media (max-width: 480px) {\n        .hero-simple-layout .hero-simple-img {\n          max-height: 250px;\n        }\n      }\n      <\/style><style>\n    \/* Hero Tag - Optional tag above title *\/\n    .hero-tag {\n      font-size: 12px;\n      font-weight: 600;\n      letter-spacing: 2px;\n      text-transform: uppercase;\n      margin-bottom: 15px;\n      display: block;\n      line-height: 1.4;\n\t  padding: 5px 2.5px;\n    }\n    \n    @media (max-width: 768px) {\n      .hero-tag {\n        font-size: 11px;\n        letter-spacing: 1.5px;\n        margin-bottom: 12px;\n      }\n    }\n    \n    @media (max-width: 480px) {\n      .hero-tag {\n        font-size: 10px;\n        letter-spacing: 1px;\n        margin-bottom: 10px;\n      }\n    }\n    <\/style>\n<style>\n\/**\n * Hero Background Overlay Styles\n *\/\n.hero-background-overlay {\n    position: absolute;\n    top: 0;\n    left: 0;\n    width: 100%;\n    height: 100%;\n    z-index: 1; \/* Above background image, below content *\/\n    pointer-events: none; \/* Allows clicks to pass through to content *\/\n}\n\n\/* Ensure hero section is positioned relative *\/\n.block-hero {\n    position: relative;\n}\n\n\/* Ensure content sits above overlay *\/\n.hero--content {\n    position: relative;\n    z-index: 2; \/* Above overlay *\/\n}\n\n\/* Ensure background image stays at bottom *\/\n.hero-background-image {\n    position: absolute;\n    z-index: 0; \/* Behind everything *\/\n}\n<\/style>\n\n<section\n    class=\"block-hero block-hero-full-bleed hero-simple-layout\">\n\n  \n          \n              <div class=\"hero_background_colour bg__mint_light hero_background_colour__left\"><\/div>\n                    <div class=\"hero_background_colour bg__mint_light hero_background_colour__right\"><\/div>\n      \n      \n          \n    \n    <div class=\"hero--content\">\n\n      <div class=\"hero--content--inner-wrapper\">\n\n                  <!-- NEW SIMPLE IMAGE: Replaces complex overlapping images -->\n          <div class=\"hero-foreground-images\">\n            <div class=\"hero-simple-image-container\">\n                            <img decoding=\"async\" \n                src=\"https:\/\/onclusive.com\/wp-content\/uploads\/2025\/11\/Curated-Coverage-Intelligence.png\" \n                alt=\"\"\n                class=\"hero-simple-img\"\n                loading=\"eager\">\n            <\/div>\n          <\/div>\n        \n        <div class=\"hero--copy\">\n\n          <!-- OPTIONAL HERO TAG - ONLY IF SET -->\n                      <div class=\"hero-tag\" style=\"color: #326446;\">\n              Pressespiegel            <\/div>\n          \n                      <h1 class=\"hero_title\" >\n                            <span class=\"hero_title_bold\">\n                Kuratierte Berichterstattungs-Intelligence              <\/span>\n                                                      <\/h1> \n          \n                      <p class=\"hero_copy\" >Halten Sie Stakeholder mit expertenweise erstellten News-Digests informiert, die direkt in ihre Inbox geliefert werden<\/p> \n          \n                      <div class=\"hero_buttons--wrapper\">\n            \n<a href=\"#enquiry\"  target=\"_self\" class=\"button  button__anchor-link\">\n    Demo vereinbaren    <svg   data-name=\"Layer 1\" xmlns=\"http:\/\/www.w3.org\/2000\/svg\" viewBox=\"0 0 12 7.41\"><polygon points=\"10.59 0 6 4.58 1.41 0 0 1.41 6 7.41 12 1.41 10.59 0\"\/><\/svg><\/a>\n            <\/div>\n          \n        <\/div>\n\n      <\/div>\n\n    <\/div>\n\n    \n<\/section>\n\n\n<section class=\"block-benefits-section bg__Array layout-simple\">\n    <div class=\"benefits-section-inner\">\n\n                    <!-- Simple Layout: Full-width title -->\n                            <div class=\"benefits-title-wrapper\">\n                    <div class=\"benefits-title\">\n                        <p><span style=\"font-weight: 400;\">Onclusive Press Reviews verwandeln ungeschliffenes Medienmonitoring in polierte Kommunikation, die Ihre Organisation ausgerichtet h\u00e4lt. Durch die Kombination KI-gest\u00fctzter Zusammenfassung mit Experten-Kuration liefern wir die News- und Social-Berichterstattung, die z\u00e4hlt &#8211; in bereit-zu-teilenden Formaten f\u00fcr Stakeholder.<\/span><\/p>\n                    <\/div>\n                <\/div>\n            \n        \n        <!-- Benefits Grid -->\n                    <div class=\"benefits-grid\" data-columns=\"4\">\n                                    <div class=\"benefit-item icon-size-small\">\n                        \n                                                    <div class=\"benefit-icon\">\n                                <img decoding=\"async\" \n                                    src=\"https:\/\/onclusive.com\/wp-content\/uploads\/2025\/11\/Save-Hours-Daily.svg\" \n                                    alt=\"\"\n                                \/>\n                            <\/div>\n                        \n                                                    <h3 class=\"benefit-title\">Sparen Sie t\u00e4glich Stunden <\/h3>\n                        \n                                                    <p class=\"benefit-description\">Eliminieren Sie manuelle Zusammenstellung und Formatierung. Unsere Experten \u00fcbernehmen alles von der Inhaltsauswahl bis zur stakeholder-bereiten Distribution.<\/p>\n                        \n                    <\/div>\n                                    <div class=\"benefit-item icon-size-small\">\n                        \n                                                    <div class=\"benefit-icon\">\n                                <img decoding=\"async\" \n                                    src=\"https:\/\/onclusive.com\/wp-content\/uploads\/2025\/11\/Stakeholder-Ready.svg\" \n                                    alt=\"\"\n                                \/>\n                            <\/div>\n                        \n                                                    <h3 class=\"benefit-title\">Stakeholder Ready<\/h3>\n                        \n                                                    <p class=\"benefit-description\"> Professionelle, gebrandete Digests, die F\u00fchrungskr\u00e4fte schnell lesen und Teams sofort umsetzen k\u00f6nnen.<\/p>\n                        \n                    <\/div>\n                                    <div class=\"benefit-item icon-size-small\">\n                        \n                                                    <div class=\"benefit-icon\">\n                                <img decoding=\"async\" \n                                    src=\"https:\/\/onclusive.com\/wp-content\/uploads\/2025\/11\/AI-Powered-Intelligence-1.svg\" \n                                    alt=\"\"\n                                \/>\n                            <\/div>\n                        \n                                                    <h3 class=\"benefit-title\">KI-gest\u00fctzte Intelligence <\/h3>\n                        \n                                                    <p class=\"benefit-description\">Kontextuelle Zusammenfassungen von AI Sense bieten sofortiges Verst\u00e4ndnis davon, wie sich Berichterstattung auf Ihre Marke bezieht.<\/p>\n                        \n                    <\/div>\n                                    <div class=\"benefit-item icon-size-small\">\n                        \n                                                    <div class=\"benefit-icon\">\n                                <img decoding=\"async\" \n                                    src=\"https:\/\/onclusive.com\/wp-content\/uploads\/2025\/11\/Complete-Flexibility-2.svg\" \n                                    alt=\"\"\n                                \/>\n                            <\/div>\n                        \n                                                    <h3 class=\"benefit-title\">Vollst\u00e4ndige Flexibilit\u00e4t <\/h3>\n                        \n                                                    <p class=\"benefit-description\">Von automatisierten E-Mails bis zu validierten F\u00fchrungskr\u00e4fte-Briefings w\u00e4hlen Sie das Service-Level, das Ihren Bed\u00fcrfnissen entspricht.<\/p>\n                        \n                    <\/div>\n                            <\/div>\n        \n    <\/div>\n<\/section>\n\n\n<section class=\"block-cta-section bg__red_dark layout-single\">\n    <div class=\"cta-section-inner\">\n\n                    \n            <!-- Single Column: Image first, then content -->\n            \n            <div class=\"cta-content-column\">\n                \n                \n                                    <div class=\"cta-text\">\n                        <h3>H\u00f6ren Sie auf, Stunden mit Berichterstattungsreports zu verbringen. Lassen Sie unsere Experten die News- und Social-Inhalte liefern, die f\u00fcr Ihre Stakeholder wichtig sind.<\/h3>\n                    <\/div>\n                \n                                    <div class=\"cta-button-wrapper\">\n                        <a \n                            href=\"#enquiry\" \n                            class=\"cta-button button-green button__anchor-link\"\n                            target=\"_self\"\n                                                    >\n                            Book a Demo                        <\/a>\n                    <\/div>\n                \n            <\/div>\n\n        \n    <\/div>\n<\/section>\n\n<section\n    class=\"block-fbl\">\n  <div class=\"block-fbl--inner-wrapper\">\n          <div class=\"card__feature-block card__feature-block__large\">\n  <div class=\"card--image\">\n    <div style=\"height: 90%; width: 90%; object-fit: contain; margin: 15px;\" class=\"card--image--inner-wrapper\">\n            \n      \n\n<img decoding=\"async\"\n\talt=\"\"\n    data-sizes=\"auto\"\n    data-src=\"https:\/\/onclusive.com\/wp-content\/uploads\/2025\/11\/Press-Reviews-300x300.png\"\n    data-srcset=\"https:\/\/onclusive.com\/wp-content\/uploads\/2025\/11\/Press-Reviews.png 1000w,\n\thttps:\/\/onclusive.com\/wp-content\/uploads\/2025\/11\/Press-Reviews.png 1000w, \n\thttps:\/\/onclusive.com\/wp-content\/uploads\/2025\/11\/Press-Reviews.png 1000w\"\n    class=\"lazyload not-svg\"\n    src=\"https:\/\/onclusive.com\/wp-content\/uploads\/2025\/11\/Press-Reviews-300x300.png\"\n\/>\n\n\n\n\n      \n    <\/div>\n  <\/div>\n  <div class=\"card--copy\">\n    <div class=\"card--copy--inner-wrapper\">\n      <div class=\"card_bg card_bg__\"><\/div>\n      <div class=\"feature-block-large__copy-wrapper\">\n                  <h3 class=\"feature_block_heading\">Press Reviews<\/h3> \n                          <div class=\"feature_block_copy\"><p><strong>T\u00e4gliche Digests mit KI-generierten Zusammenfassungen, die Medienberichterstattung schnell zu scannen und einfach zu teilen machen.<\/strong><\/p>\n<ul>\n<li style=\"font-weight: 400;\" aria-level=\"1\"><span style=\"font-weight: 400;\">KI-gest\u00fctzte Artikel-Zusammenfassungen f\u00fcr schnelles Scannen<\/span><\/li>\n<li style=\"font-weight: 400;\" aria-level=\"1\"><span style=\"font-weight: 400;\">Organisiert nach Relevanz und Priorit\u00e4t<\/span><\/li>\n<li style=\"font-weight: 400;\" aria-level=\"1\"><span style=\"font-weight: 400;\">Anpassbare Kategorien und Abschnitte<\/span><\/li>\n<li style=\"font-weight: 400;\" aria-level=\"1\"><span style=\"font-weight: 400;\">Von unseren Experten menschlich validiert<\/span><\/li>\n<\/ul>\n<\/div> \n              <\/div>\n      \n<a href=\"#enquiry\"  target=\"_self\" class=\"button  button__anchor-link\">\n    Mehr erfahren    <svg   data-name=\"Layer 1\" xmlns=\"http:\/\/www.w3.org\/2000\/svg\" viewBox=\"0 0 12 7.41\"><polygon points=\"10.59 0 6 4.58 1.41 0 0 1.41 6 7.41 12 1.41 10.59 0\"\/><\/svg><\/a>\n    <\/div>\n  <\/div>\n  \n<\/div>      <\/div>\n<\/section>\n\n\n<style>.block-fbl.flip-order .card__feature-block {\n    display: flex;\n    flex-direction: row !important;\n  }<\/style><section\n    class=\"block-fbl flip-order\">\n  <div class=\"block-fbl--inner-wrapper\">\n          <div class=\"card__feature-block card__feature-block__large flip-item\">\n  <div class=\"card--image\">\n    <div style=\"height: 90%; width: 90%; object-fit: contain; margin: 15px;\" class=\"card--image--inner-wrapper\">\n            \n      \n\n<img decoding=\"async\"\n\talt=\"\"\n    data-sizes=\"auto\"\n    data-src=\"https:\/\/onclusive.com\/wp-content\/uploads\/2025\/11\/Custom-Editorial-Services-300x300.png\"\n    data-srcset=\"https:\/\/onclusive.com\/wp-content\/uploads\/2025\/11\/Custom-Editorial-Services.png 1000w,\n\thttps:\/\/onclusive.com\/wp-content\/uploads\/2025\/11\/Custom-Editorial-Services.png 1000w, \n\thttps:\/\/onclusive.com\/wp-content\/uploads\/2025\/11\/Custom-Editorial-Services.png 1000w\"\n    class=\"lazyload not-svg\"\n    src=\"https:\/\/onclusive.com\/wp-content\/uploads\/2025\/11\/Custom-Editorial-Services-300x300.png\"\n\/>\n\n\n\n\n      \n    <\/div>\n  <\/div>\n  <div class=\"card--copy\">\n    <div class=\"card--copy--inner-wrapper\">\n      <div class=\"card_bg card_bg__\"><\/div>\n      <div class=\"feature-block-large__copy-wrapper\">\n                  <h3 class=\"feature_block_heading\">Ma\u00dfgeschneiderte redaktionelle Services <\/h3> \n                          <div class=\"feature_block_copy\"><p><strong>Vollst\u00e4ndig ma\u00dfgeschneiderte News-Services f\u00fcr F\u00fchrungskr\u00e4fte-Bed\u00fcrfnisse.<\/strong><\/p>\n<ul>\n<li style=\"font-weight: 400;\" aria-level=\"1\"><span style=\"font-weight: 400;\">F\u00fchrungskr\u00e4fte-Zusammenfassungen und News-Digests<\/span><\/li>\n<li style=\"font-weight: 400;\" aria-level=\"1\"><span style=\"font-weight: 400;\">Manuelle Zusammenfassungen erstellt von Branchenexperten<\/span><\/li>\n<li style=\"font-weight: 400;\" aria-level=\"1\"><span style=\"font-weight: 400;\">WhatsApp-Lieferung f\u00fcr dringende Updates<\/span><\/li>\n<\/ul>\n<\/div> \n              <\/div>\n      \n<a href=\"#enquiry\"  target=\"_self\" class=\"button  button__anchor-link\">\n    Vereinbaren Sie eine Demo-Session    <svg   data-name=\"Layer 1\" xmlns=\"http:\/\/www.w3.org\/2000\/svg\" viewBox=\"0 0 12 7.41\"><polygon points=\"10.59 0 6 4.58 1.41 0 0 1.41 6 7.41 12 1.41 10.59 0\"\/><\/svg><\/a>\n    <\/div>\n  <\/div>\n  \n<\/div>      <\/div>\n<\/section>\n\n\n<section\n    class=\"block-fbl\">\n  <div class=\"block-fbl--inner-wrapper\">\n          <div class=\"card__feature-block card__feature-block__large\">\n  <div class=\"card--image\">\n    <div style=\"height: 90%; width: 90%; object-fit: contain; margin: 15px;\" class=\"card--image--inner-wrapper\">\n            \n      \n\n<img decoding=\"async\"\n\talt=\"\"\n    data-sizes=\"auto\"\n    data-src=\"https:\/\/onclusive.com\/wp-content\/uploads\/2025\/11\/Smart-Distribution-300x300.png\"\n    data-srcset=\"https:\/\/onclusive.com\/wp-content\/uploads\/2025\/11\/Smart-Distribution.png 1000w,\n\thttps:\/\/onclusive.com\/wp-content\/uploads\/2025\/11\/Smart-Distribution.png 1000w, \n\thttps:\/\/onclusive.com\/wp-content\/uploads\/2025\/11\/Smart-Distribution.png 1000w\"\n    class=\"lazyload not-svg\"\n    src=\"https:\/\/onclusive.com\/wp-content\/uploads\/2025\/11\/Smart-Distribution-300x300.png\"\n\/>\n\n\n\n\n      \n    <\/div>\n  <\/div>\n  <div class=\"card--copy\">\n    <div class=\"card--copy--inner-wrapper\">\n      <div class=\"card_bg card_bg__\"><\/div>\n      <div class=\"feature-block-large__copy-wrapper\">\n                  <h3 class=\"feature_block_heading\">Intelligente Distribution <\/h3> \n                          <div class=\"feature_block_copy\"><p><strong>Bringen Sie die richtigen Informationen zu den richtigen Leuten zur richtigen Zeit.<\/strong><\/p>\n<ul>\n<li style=\"font-weight: 400;\" aria-level=\"1\"><span style=\"font-weight: 400;\">Mehrere Stakeholder-Listen mit benutzerdefinierten Inhalten<\/span><\/li>\n<li style=\"font-weight: 400;\" aria-level=\"1\"><span style=\"font-weight: 400;\">Geplante Lieferung oder On-Demand-Zugang<\/span><\/li>\n<li style=\"font-weight: 400;\" aria-level=\"1\"><span style=\"font-weight: 400;\">Mobile-optimierte Formatierung<\/span><\/li>\n<li style=\"font-weight: 400;\" aria-level=\"1\"><span style=\"font-weight: 400;\">Integration mit interner Kommunikation<\/span><\/li>\n<\/ul>\n<\/div> \n              <\/div>\n      \n<a href=\"#enquiry\"  target=\"_self\" class=\"button  button__anchor-link\">\n    Sie haben eine Frage?    <svg   data-name=\"Layer 1\" xmlns=\"http:\/\/www.w3.org\/2000\/svg\" viewBox=\"0 0 12 7.41\"><polygon points=\"10.59 0 6 4.58 1.41 0 0 1.41 6 7.41 12 1.41 10.59 0\"\/><\/svg><\/a>\n    <\/div>\n  <\/div>\n  \n<\/div>      <\/div>\n<\/section>\n\n\n<style>.block-fbl.flip-order .card__feature-block {\n    display: flex;\n    flex-direction: row !important;\n  }<\/style><section\n    class=\"block-fbl flip-order\">\n  <div class=\"block-fbl--inner-wrapper\">\n          <div class=\"card__feature-block card__feature-block__large flip-item\">\n  <div class=\"card--image\">\n    <div style=\"height: 90%; width: 90%; object-fit: contain; margin: 15px;\" class=\"card--image--inner-wrapper\">\n            \n      \n\n<img decoding=\"async\"\n\talt=\"\"\n    data-sizes=\"auto\"\n    data-src=\"https:\/\/onclusive.com\/wp-content\/uploads\/2025\/11\/Custom-Coverage-Categories-300x300.png\"\n    data-srcset=\"https:\/\/onclusive.com\/wp-content\/uploads\/2025\/11\/Custom-Coverage-Categories.png 1000w,\n\thttps:\/\/onclusive.com\/wp-content\/uploads\/2025\/11\/Custom-Coverage-Categories.png 1000w, \n\thttps:\/\/onclusive.com\/wp-content\/uploads\/2025\/11\/Custom-Coverage-Categories.png 1000w\"\n    class=\"lazyload not-svg\"\n    src=\"https:\/\/onclusive.com\/wp-content\/uploads\/2025\/11\/Custom-Coverage-Categories-300x300.png\"\n\/>\n\n\n\n\n      \n    <\/div>\n  <\/div>\n  <div class=\"card--copy\">\n    <div class=\"card--copy--inner-wrapper\">\n      <div class=\"card_bg card_bg__\"><\/div>\n      <div class=\"feature-block-large__copy-wrapper\">\n                  <h3 class=\"feature_block_heading\">Benutzerdefinierte Berichterstattungskategorien<\/h3> \n                          <div class=\"feature_block_copy\"><p><strong>Intelligente Organisation macht das Finden relevanter Berichterstattung einfach.<\/strong><\/p>\n<ul>\n<li style=\"font-weight: 400;\" aria-level=\"1\"><span style=\"font-weight: 400;\">Auto-Segmentierung nach Thema und Relevanz<\/span><\/li>\n<li style=\"font-weight: 400;\" aria-level=\"1\"><span style=\"font-weight: 400;\">Benutzerdefinierte Kategorien f\u00fcr Ihre Branche<\/span><\/li>\n<li style=\"font-weight: 400;\" aria-level=\"1\"><span style=\"font-weight: 400;\">Wettbewerber-Berichterstattungsabschnitte<\/span><\/li>\n<li style=\"font-weight: 400;\" aria-level=\"1\"><span style=\"font-weight: 400;\">Krisen-Warnungen und Priorit\u00e4ts-Flags<\/span><\/li>\n<\/ul>\n<\/div> \n              <\/div>\n      \n<a href=\"#enquiry\"  target=\"_self\" class=\"button  button__anchor-link\">\n    Sprechen Sie uns an    <svg   data-name=\"Layer 1\" xmlns=\"http:\/\/www.w3.org\/2000\/svg\" viewBox=\"0 0 12 7.41\"><polygon points=\"10.59 0 6 4.58 1.41 0 0 1.41 6 7.41 12 1.41 10.59 0\"\/><\/svg><\/a>\n    <\/div>\n  <\/div>\n  \n<\/div>      <\/div>\n<\/section>\n\n\n<section\n    class=\"block-fbl\">\n  <div class=\"block-fbl--inner-wrapper\">\n          <div class=\"card__feature-block card__feature-block__large\">\n  <div class=\"card--image\">\n    <div style=\"height: 90%; width: 90%; object-fit: contain; margin: 15px;\" class=\"card--image--inner-wrapper\">\n            \n      \n\n<img decoding=\"async\"\n\talt=\"\"\n    data-sizes=\"auto\"\n    data-src=\"https:\/\/onclusive.com\/wp-content\/uploads\/2025\/11\/Copyright-Confidence-300x300.png\"\n    data-srcset=\"https:\/\/onclusive.com\/wp-content\/uploads\/2025\/11\/Copyright-Confidence.png 1000w,\n\thttps:\/\/onclusive.com\/wp-content\/uploads\/2025\/11\/Copyright-Confidence.png 1000w, \n\thttps:\/\/onclusive.com\/wp-content\/uploads\/2025\/11\/Copyright-Confidence.png 1000w\"\n    class=\"lazyload not-svg\"\n    src=\"https:\/\/onclusive.com\/wp-content\/uploads\/2025\/11\/Copyright-Confidence-300x300.png\"\n\/>\n\n\n\n\n      \n    <\/div>\n  <\/div>\n  <div class=\"card--copy\">\n    <div class=\"card--copy--inner-wrapper\">\n      <div class=\"card_bg card_bg__\"><\/div>\n      <div class=\"feature-block-large__copy-wrapper\">\n                  <h3 class=\"feature_block_heading\">Urheberrechts-Vertrauen<\/h3> \n                          <div class=\"feature_block_copy\"><p><strong>Stellen Sie sicher, dass Ihre Medien\u00fcberwachung vollst\u00e4ndig konform ist.<\/strong><\/p>\n<ul>\n<li style=\"font-weight: 400;\" aria-level=\"1\"><span style=\"font-weight: 400;\">Multi-Markt-Lizenzvereinbarungen<\/span><\/li>\n<li style=\"font-weight: 400;\" aria-level=\"1\"><span style=\"font-weight: 400;\">Lokale Markt-Expertise und Beziehungen<\/span><\/li>\n<li style=\"font-weight: 400;\" aria-level=\"1\"><span style=\"font-weight: 400;\">Grenz\u00fcberschreitende Inhalts-Teilungsrechte<\/span><\/li>\n<\/ul>\n<\/div> \n              <\/div>\n      \n<a href=\"#enquiry\"  target=\"_self\" class=\"button  button__anchor-link\">\n    Mehr erfahren    <svg   data-name=\"Layer 1\" xmlns=\"http:\/\/www.w3.org\/2000\/svg\" viewBox=\"0 0 12 7.41\"><polygon points=\"10.59 0 6 4.58 1.41 0 0 1.41 6 7.41 12 1.41 10.59 0\"\/><\/svg><\/a>\n    <\/div>\n  <\/div>\n  \n<\/div>      <\/div>\n<\/section>\n\n\n\n\n\n\n\n    <section\n      id=\"enquiry\"      class=\"block-form bg__green_light\">\n      \n\n  <div class=\"form-content\">\n    <div class=\"form-content--inner-wrapper\">\n\n      \n              <div class=\"form-content--heading\">\n          <h3 class=\"block--form_heading\">Let\u2019s connect.<\/h3> \n        <\/div>\n      \n      <div class=\"form-content--copy\">\n    \n        \n            <div class=\"block--copy\"><p>Wenn Sie mehr \u00fcber unsere L\u00f6sungen erfahren oder einen Beratungstermin vereinbaren m\u00f6chten, f\u00fcllen Sie bitte das untenstehende Kontaktformular aus.<\/p>\n<\/div>\n\n        \n      <\/div>\n\n      \n              <div id=\"myFrame\" class=\"form-content--form  \"> \n          <script charset=\"utf-8\" type=\"text\/javascript\" src=\"\/\/js.hsforms.net\/forms\/embed\/v2.js\"><\/script>\r\n<script>\r\n  hbspt.forms.create({\r\n    portalId: \"42525281\",\r\n    formId: \"a938d7e4-6991-4110-85d1-5b6fa354a28f\",\r\n    region: \"na1\"\r\n  });\r\n<\/script>        <\/div> \n          <\/div>\n  <\/div>\n\n    <\/section> \n  \n<style>\n\/* Dark Background Form Styling - Only applies when .bg__black class exists *\/\n.block-form.bg__black .hs-form label,\n.block-form.bg__black .hs-form legend,\n.block-form.bg__black .hs-form .hs-form-field > label {\n  color: #ffffff !important;\n}\n\n.block-form.bg__black .hs-form input[type=\"text\"],\n.block-form.bg__black .hs-form input[type=\"email\"],\n.block-form.bg__black .hs-form input[type=\"tel\"],\n.block-form.bg__black .hs-form input[type=\"number\"],\n.block-form.bg__black .hs-form select,\n.block-form.bg__black .hs-form textarea {\n  background-color: #ffffff !important;\n  color: #1e1e23 !important;\n  border-color: #ffffff !important;\n}\n\n.block-form.bg__black .hs-form input[type=\"submit\"],\n.block-form.bg__black .hs-form .hs-button,\n.block-form.bg__black .hs-form button[type=\"submit\"] {\n  background-color: #316446 !important;\n  color: #f0ebf0 !important;\n  border: none !important;\n  transition: all 0.3s ease !important;\n}\n\n.block-form.bg__black .hs-form input[type=\"submit\"]:hover,\n.block-form.bg__black .hs-form .hs-button:hover,\n.block-form.bg__black .hs-form button[type=\"submit\"]:hover {\n  background-color: #254d35 !important;\n  color: #01E55F !important;\n}\n\n.block-form.bg__black .hs-form input::placeholder,\n.block-form.bg__black .hs-form textarea::placeholder {\n  color: #999999 !important;\n}\n\n.block-form.bg__black .hs-form .hs-error-msgs label,\n.block-form.bg__black .hs-form .hs-error-msg {\n  color: #ff6b6b !important;\n}\n\n.block-form.bg__black .hs-form .hs-field-desc,\n.block-form.bg__black .hs-form .hs-richtext {\n  color: #cccccc !important;\n}\n<\/style>\n\n\n\n","protected":false},"excerpt":{"rendered":"","protected":false},"author":32,"featured_media":78169,"parent":74012,"menu_order":2,"comment_status":"closed","ping_status":"closed","template":"","meta":{"_acf_changed":false,"content-type":"","inline_featured_image":false,"footnotes":""},"region":[],"class_list":["post-73611","page","type-page","status-publish","has-post-thumbnail","hentry"],"acf":[],"_links":{"self":[{"href":"https:\/\/onclusive.com\/de\/wp-json\/wp\/v2\/pages\/73611","targetHints":{"allow":["GET"]}}],"collection":[{"href":"https:\/\/onclusive.com\/de\/wp-json\/wp\/v2\/pages"}],"about":[{"href":"https:\/\/onclusive.com\/de\/wp-json\/wp\/v2\/types\/page"}],"author":[{"embeddable":true,"href":"https:\/\/onclusive.com\/de\/wp-json\/wp\/v2\/users\/32"}],"replies":[{"embeddable":true,"href":"https:\/\/onclusive.com\/de\/wp-json\/wp\/v2\/comments?post=73611"}],"version-history":[{"count":1,"href":"https:\/\/onclusive.com\/de\/wp-json\/wp\/v2\/pages\/73611\/revisions"}],"predecessor-version":[{"id":88768,"href":"https:\/\/onclusive.com\/de\/wp-json\/wp\/v2\/pages\/73611\/revisions\/88768"}],"up":[{"embeddable":true,"href":"https:\/\/onclusive.com\/de\/wp-json\/wp\/v2\/pages\/74012"}],"wp:featuredmedia":[{"embeddable":true,"href":"https:\/\/onclusive.com\/de\/wp-json\/wp\/v2\/media\/78169"}],"wp:attachment":[{"href":"https:\/\/onclusive.com\/de\/wp-json\/wp\/v2\/media?parent=73611"}],"wp:term":[{"taxonomy":"region","embeddable":true,"href":"https:\/\/onclusive.com\/de\/wp-json\/wp\/v2\/region?post=73611"}],"curies":[{"name":"wp","href":"https:\/\/api.w.org\/{rel}","templated":true}]}}