{"id":24086,"date":"2022-01-20T17:08:41","date_gmt":"2022-01-20T17:08:41","guid":{"rendered":"https:\/\/newonclusivstg.wpengine.com\/que-hacemos\/herramientas-de-comunicacion-y-rr-pp\/response-desk\/"},"modified":"2022-12-07T09:29:36","modified_gmt":"2022-12-07T09:29:36","slug":"response-desk","status":"publish","type":"page","link":"https:\/\/onclusive.com\/es\/que-hacemos\/herramientas-de-comunicacion-y-rr-pp\/response-desk\/","title":{"rendered":"Media Response Desk"},"content":{"rendered":"\n<style>\n\/**\n * Hero Background Overlay Styles\n *\/\n.hero-background-overlay {\n    position: absolute;\n    top: 0;\n    left: 0;\n    width: 100%;\n    height: 100%;\n    z-index: 1; \/* Above background image, below content *\/\n    pointer-events: none; \/* Allows clicks to pass through to content *\/\n}\n\n\/* Ensure hero section is positioned relative *\/\n.block-hero {\n    position: relative;\n}\n\n\/* Ensure content sits above overlay *\/\n.hero--content {\n    position: relative;\n    z-index: 2; \/* Above overlay *\/\n}\n\n\/* Ensure background image stays at bottom *\/\n.hero-background-image {\n    position: absolute;\n    z-index: 0; \/* Behind everything *\/\n}\n<\/style>\n\n<section\n    class=\"block-hero block-hero-contained \">\n\n            <div class=\"contained-hero-inner-wrap\">\n      \n                  <div class=\"hero-background-image hero-background-image__image\">\n          \n<div class=\"lazyload background-image\" \tdata-bg-mobile \t= \"https:\/\/onclusive.com\/wp-content\/uploads\/2022\/02\/What-we-do_PR-and-Comms-Tools_Media-Response-Desk-1024x512.jpg\"\n\tdata-bg-tablet \t= \"https:\/\/onclusive.com\/wp-content\/uploads\/2022\/02\/What-we-do_PR-and-Comms-Tools_Media-Response-Desk-1200x600.jpg\"\n\tdata-bg-desktop = \"https:\/\/onclusive.com\/wp-content\/uploads\/2022\/02\/What-we-do_PR-and-Comms-Tools_Media-Response-Desk.jpg\"\n\tdata-bg-super \t= \"https:\/\/onclusive.com\/wp-content\/uploads\/2022\/02\/What-we-do_PR-and-Comms-Tools_Media-Response-Desk.jpg\"\n\tdata-expand=\"700\"\n\tstyle=\"background-image: url('https:\/\/onclusive.com\/wp-content\/uploads\/2022\/02\/What-we-do_PR-and-Comms-Tools_Media-Response-Desk-1024x512.jpg');\"\n><\/div>        <\/div>\n\n          \n    \n    <div class=\"hero--content\">\n\n      <div class=\"hero--content--inner-wrapper\">\n\n                  <!-- ORIGINAL COMPLEX IMAGES -->\n          <div class=\"hero-foreground-images\">\n\n                                      \n                        <div class=\"img-wrapper ratio-1-1 image-is-foreground\">\n\t\n\n<img decoding=\"async\"\n\talt=\"Graphic\"\n    data-sizes=\"auto\"\n    data-src=\"https:\/\/onclusive.com\/wp-content\/uploads\/2022\/02\/PR-and-Comms-Tools_Media-Response-Desk_LRG.svg\"\n    data-srcset=\"https:\/\/onclusive.com\/wp-content\/uploads\/2022\/02\/PR-and-Comms-Tools_Media-Response-Desk_LRG.svg 1w,\n\thttps:\/\/onclusive.com\/wp-content\/uploads\/2022\/02\/PR-and-Comms-Tools_Media-Response-Desk_LRG.svg 1w, \n\thttps:\/\/onclusive.com\/wp-content\/uploads\/2022\/02\/PR-and-Comms-Tools_Media-Response-Desk_LRG.svg 1w\"\n    class=\"lazyload is-svg\"\n    src=\"https:\/\/onclusive.com\/wp-content\/uploads\/2022\/02\/PR-and-Comms-Tools_Media-Response-Desk_LRG.svg\"\n\/>\n\n\n\n\n<\/div>          <\/div>\n        \n        <div class=\"hero--copy\">\n\n          <!-- OPTIONAL HERO TAG - ONLY IF SET -->\n          \n                      <h1 class=\"hero_title\" >\n                            <span class=\"hero_title_bold\">\n                Oficina de respuesta a los medios de comunicaci\u00f3n              <\/span>\n                <br\/>                                          Maximice la interacci\u00f3n con los medios             \n                        <\/h1> \n          \n          \n                      <div class=\"hero_buttons--wrapper\">\n            \n<a href=\"#enquiry\"  target=\"_self\" class=\"button  button__anchor-link\">\n    contacta    <svg   data-name=\"Layer 1\" xmlns=\"http:\/\/www.w3.org\/2000\/svg\" viewBox=\"0 0 12 7.41\"><polygon points=\"10.59 0 6 4.58 1.41 0 0 1.41 6 7.41 12 1.41 10.59 0\"\/><\/svg><\/a>\n            <\/div>\n          \n        <\/div>\n\n      <\/div>\n\n    <\/div>\n\n            <\/div>\n        \n<\/section>\n\n\n<section\n    class=\"o-wrapper block-statement js-block-statement\">\n\n              <div class=\"block-statement--inner-wrapper\">\n          <h2 class=\"statement-block--statement\">Supervise y gestione las comunicaciones entrantes y salientes con la oficina de respuesta, la soluci\u00f3n para establecer relaciones valiosas con los medios.<br \/>\r\n<br \/>\r\nLa oficina de respuesta es una plataforma para la gesti\u00f3n de las relaciones con los medios que proporciona herramientas que impulsan la eficiencia y la eficacia de su equipo. Responda r\u00e1pidamente a las preguntas de los medios mediante declaraciones guardadas, y optimice los comunicados de prensa gracias a un conocimiento extenso sobre la interacci\u00f3n previa con periodistas. <br \/>\r\n<br \/>\r\nGuarde respuestas, coberturas e interacciones con los medios en la oficina de respuesta a los medios para ahorrar tiempo y recursos.<br \/>\r\n<br \/>\r\nGestione las relaciones con los periodistas y los medios de comunicaci\u00f3n objetivo y resp\u00f3ndales desde un \u00fanico lugar. As\u00ed de f\u00e1cil.<\/h2> \n        <\/div>\n      \n<\/section> \n\n\n\n\n\n<section\n    class=\"block-feature-card-row\">\n\n      <div class=\"\">\n      <h2 class=\"block--heading\">Ventajas:<\/h2> \n    <\/div>\n    \n  <div class=\"card-row--inner-wrapper\">\n\n          \n        \n<div class=\"card card__feature\">\n\n  <div class=\"card_bg card_bg__grey\">\n\n    <div class=\"card--image\">\n      \n\n<img decoding=\"async\"\n\talt=\"Icon\"\n    data-sizes=\"auto\"\n    data-src=\"https:\/\/onclusive.com\/wp-content\/uploads\/2022\/02\/PR-and-Comms-Tools_Media-Response-Desk_Respond-to-the-media-quickly-consistently-and-with-impact.svg\"\n    data-srcset=\"https:\/\/onclusive.com\/wp-content\/uploads\/2022\/02\/PR-and-Comms-Tools_Media-Response-Desk_Respond-to-the-media-quickly-consistently-and-with-impact.svg 1w,\n\thttps:\/\/onclusive.com\/wp-content\/uploads\/2022\/02\/PR-and-Comms-Tools_Media-Response-Desk_Respond-to-the-media-quickly-consistently-and-with-impact.svg 1w, \n\thttps:\/\/onclusive.com\/wp-content\/uploads\/2022\/02\/PR-and-Comms-Tools_Media-Response-Desk_Respond-to-the-media-quickly-consistently-and-with-impact.svg 1w\"\n    class=\"lazyload is-svg\"\n    src=\"https:\/\/onclusive.com\/wp-content\/uploads\/2022\/02\/PR-and-Comms-Tools_Media-Response-Desk_Respond-to-the-media-quickly-consistently-and-with-impact.svg\"\n\/>\n\n\n\n\n    <\/div>\n\n    <div class=\"card--copy\">\n      <div class=\"card--copy-wrapper\">\n                  <h3 class=\"featured_card_heading\">Responda a los medios de comunicaci\u00f3n de manera r\u00e1pida, coherente y con un gran impacto.<\/h3> \n        \n              <\/div>\n\n          <\/div>\n\n  <\/div>\n<\/div>\n      \n        \n<div class=\"card card__feature\">\n\n  <div class=\"card_bg card_bg__grey\">\n\n    <div class=\"card--image\">\n      \n\n<img decoding=\"async\"\n\talt=\"Icon\"\n    data-sizes=\"auto\"\n    data-src=\"https:\/\/onclusive.com\/wp-content\/uploads\/2022\/02\/PR-and-Comms-Tools_Media-Response-Desk_Improve-team-efficiency-and-messaging.svg\"\n    data-srcset=\"https:\/\/onclusive.com\/wp-content\/uploads\/2022\/02\/PR-and-Comms-Tools_Media-Response-Desk_Improve-team-efficiency-and-messaging.svg 1w,\n\thttps:\/\/onclusive.com\/wp-content\/uploads\/2022\/02\/PR-and-Comms-Tools_Media-Response-Desk_Improve-team-efficiency-and-messaging.svg 1w, \n\thttps:\/\/onclusive.com\/wp-content\/uploads\/2022\/02\/PR-and-Comms-Tools_Media-Response-Desk_Improve-team-efficiency-and-messaging.svg 1w\"\n    class=\"lazyload is-svg\"\n    src=\"https:\/\/onclusive.com\/wp-content\/uploads\/2022\/02\/PR-and-Comms-Tools_Media-Response-Desk_Improve-team-efficiency-and-messaging.svg\"\n\/>\n\n\n\n\n    <\/div>\n\n    <div class=\"card--copy\">\n      <div class=\"card--copy-wrapper\">\n                  <h3 class=\"featured_card_heading\">Mejore la eficiencia del equipo y sus mensajes.<\/h3> \n        \n              <\/div>\n\n          <\/div>\n\n  <\/div>\n<\/div>\n      \n        \n<div class=\"card card__feature\">\n\n  <div class=\"card_bg card_bg__grey\">\n\n    <div class=\"card--image\">\n      \n\n<img decoding=\"async\"\n\talt=\"Icon\"\n    data-sizes=\"auto\"\n    data-src=\"https:\/\/onclusive.com\/wp-content\/uploads\/2022\/02\/PR-and-Comms-Tools_Media-Media-Response-Desk_Reduce-media-response-times.svg\"\n    data-srcset=\"https:\/\/onclusive.com\/wp-content\/uploads\/2022\/02\/PR-and-Comms-Tools_Media-Media-Response-Desk_Reduce-media-response-times.svg 1w,\n\thttps:\/\/onclusive.com\/wp-content\/uploads\/2022\/02\/PR-and-Comms-Tools_Media-Media-Response-Desk_Reduce-media-response-times.svg 1w, \n\thttps:\/\/onclusive.com\/wp-content\/uploads\/2022\/02\/PR-and-Comms-Tools_Media-Media-Response-Desk_Reduce-media-response-times.svg 1w\"\n    class=\"lazyload is-svg\"\n    src=\"https:\/\/onclusive.com\/wp-content\/uploads\/2022\/02\/PR-and-Comms-Tools_Media-Media-Response-Desk_Reduce-media-response-times.svg\"\n\/>\n\n\n\n\n    <\/div>\n\n    <div class=\"card--copy\">\n      <div class=\"card--copy-wrapper\">\n                  <h3 class=\"featured_card_heading\">Reduzca los tiempos de respuesta a los medios de comunicaci\u00f3n.<\/h3> \n        \n              <\/div>\n\n          <\/div>\n\n  <\/div>\n<\/div>\n      \n        \n<div class=\"card card__feature\">\n\n  <div class=\"card_bg card_bg__grey\">\n\n    <div class=\"card--image\">\n      \n\n<img decoding=\"async\"\n\talt=\"Icon\"\n    data-sizes=\"auto\"\n    data-src=\"https:\/\/onclusive.com\/wp-content\/uploads\/2022\/02\/PR-and-Comms-Tools_Media-Response-Desk_Store-journalist-interaction-in-a-single-place.svg\"\n    data-srcset=\"https:\/\/onclusive.com\/wp-content\/uploads\/2022\/02\/PR-and-Comms-Tools_Media-Response-Desk_Store-journalist-interaction-in-a-single-place.svg 1w,\n\thttps:\/\/onclusive.com\/wp-content\/uploads\/2022\/02\/PR-and-Comms-Tools_Media-Response-Desk_Store-journalist-interaction-in-a-single-place.svg 1w, \n\thttps:\/\/onclusive.com\/wp-content\/uploads\/2022\/02\/PR-and-Comms-Tools_Media-Response-Desk_Store-journalist-interaction-in-a-single-place.svg 1w\"\n    class=\"lazyload is-svg\"\n    src=\"https:\/\/onclusive.com\/wp-content\/uploads\/2022\/02\/PR-and-Comms-Tools_Media-Response-Desk_Store-journalist-interaction-in-a-single-place.svg\"\n\/>\n\n\n\n\n    <\/div>\n\n    <div class=\"card--copy\">\n      <div class=\"card--copy-wrapper\">\n                  <h3 class=\"featured_card_heading\">Guarde las interacciones con los periodistas en un solo lugar.<\/h3> \n        \n              <\/div>\n\n          <\/div>\n\n  <\/div>\n<\/div>\n      \n        \n<div class=\"card card__feature\">\n\n  <div class=\"card_bg card_bg__grey\">\n\n    <div class=\"card--image\">\n      \n\n<img decoding=\"async\"\n\talt=\"Icon\"\n    data-sizes=\"auto\"\n    data-src=\"https:\/\/onclusive.com\/wp-content\/uploads\/2022\/02\/PR-and-Comms-Tools_Media-Response-Desk_View-real-time-metrics-on-outbound-and-inbound-media.svg\"\n    data-srcset=\"https:\/\/onclusive.com\/wp-content\/uploads\/2022\/02\/PR-and-Comms-Tools_Media-Response-Desk_View-real-time-metrics-on-outbound-and-inbound-media.svg 1w,\n\thttps:\/\/onclusive.com\/wp-content\/uploads\/2022\/02\/PR-and-Comms-Tools_Media-Response-Desk_View-real-time-metrics-on-outbound-and-inbound-media.svg 1w, \n\thttps:\/\/onclusive.com\/wp-content\/uploads\/2022\/02\/PR-and-Comms-Tools_Media-Response-Desk_View-real-time-metrics-on-outbound-and-inbound-media.svg 1w\"\n    class=\"lazyload is-svg\"\n    src=\"https:\/\/onclusive.com\/wp-content\/uploads\/2022\/02\/PR-and-Comms-Tools_Media-Response-Desk_View-real-time-metrics-on-outbound-and-inbound-media.svg\"\n\/>\n\n\n\n\n    <\/div>\n\n    <div class=\"card--copy\">\n      <div class=\"card--copy-wrapper\">\n                  <h3 class=\"featured_card_heading\">Visualice m\u00e9tricas en tiempo real de sus relaciones salientes y entrantes con los medios.<\/h3> \n        \n              <\/div>\n\n          <\/div>\n\n  <\/div>\n<\/div>\n            <\/div>\n<\/section>\n\n\n\n\n<section\n    class=\"block-fbl\">\n  <div class=\"block-fbl--inner-wrapper\">\n          <div class=\"card__feature-block card__feature-block__large\">\n  <div class=\"card--image\">\n    <div style=\"height: 90%; width: 90%; object-fit: contain; margin: 15px;\" class=\"card--image--inner-wrapper\">\n      \n\n<img decoding=\"async\"\n\talt=\"\"\n    data-sizes=\"auto\"\n    data-src=\"https:\/\/onclusive.com\/wp-content\/uploads\/2022\/02\/Background-device-magenta-640.svg\"\n    data-srcset=\"https:\/\/onclusive.com\/wp-content\/uploads\/2022\/02\/Background-device-magenta-640.svg 640w,\n\thttps:\/\/onclusive.com\/wp-content\/uploads\/2022\/02\/Background-device-magenta-640.svg 640w, \n\thttps:\/\/onclusive.com\/wp-content\/uploads\/2022\/02\/Background-device-magenta-640.svg 640w\"\n    class=\"lazyload is-svg\"\n    src=\"https:\/\/onclusive.com\/wp-content\/uploads\/2022\/02\/Background-device-magenta-640.svg\"\n\/>\n\n\n\n\n      \n      \n\n<img decoding=\"async\"\n\talt=\"\"\n    data-sizes=\"auto\"\n    data-src=\"https:\/\/onclusive.com\/wp-content\/uploads\/2022\/02\/Build-and-maintain-great-media-relationships-1-300x300.png\"\n    data-srcset=\"https:\/\/onclusive.com\/wp-content\/uploads\/2022\/02\/Build-and-maintain-great-media-relationships-1-1200x1200.png 1200w,\n\thttps:\/\/onclusive.com\/wp-content\/uploads\/2022\/02\/Build-and-maintain-great-media-relationships-1-1024x1024.png 1024w, \n\thttps:\/\/onclusive.com\/wp-content\/uploads\/2022\/02\/Build-and-maintain-great-media-relationships-1.png 1280w\"\n    class=\"lazyload not-svg\"\n    src=\"https:\/\/onclusive.com\/wp-content\/uploads\/2022\/02\/Build-and-maintain-great-media-relationships-1-300x300.png\"\n\/>\n\n\n\n\n      \n    <\/div>\n  <\/div>\n  <div class=\"card--copy\">\n    <div class=\"card--copy--inner-wrapper\">\n      <div class=\"card_bg card_bg__\"><\/div>\n      <div class=\"feature-block-large__copy-wrapper\">\n                  <h3 class=\"feature_block_heading\">Establezca y mantenga relaciones estrechas con los medios <\/h3> \n                          <div class=\"feature_block_copy\"><p class=\"p1\">Entienda y desarrolle las relaciones entre su equipo y los periodistas y los medios relevantes para su negocio.<\/p>\n<p class=\"p1\">Podr\u00e1 ver de manera r\u00e1pida y sencilla qu\u00e9 cobertura han generado los periodistas, qu\u00e9 miembro de su equipo ha hablado con ellos y sobre qu\u00e9, todo desde un solo lugar. Adem\u00e1s, tendr\u00e1 acceso a un cronograma que capture todas las interacciones de su equipo con cada contacto de medios de comunicaci\u00f3n.<\/p>\n<p class=\"p1\">Ayude a su equipo a responder r\u00e1pida y eficientemente a las preguntas de los medios con declaraciones guardadas que garantizan la coherencia de los mensajes.<\/p>\n<p class=\"p1\">Con esta visi\u00f3n integral de sus relaciones, puede establecer relaciones m\u00e1s estrechas con los medios, lo que aumentar\u00e1 sus probabilidades de \u00e9xito.<\/p>\n<\/div> \n              <\/div>\n      \n<a href=\"#enquiry\"  target=\"_self\" class=\"button  button__anchor-link\">\n    Desc\u00fabrelo en acci\u00f3n    <svg   data-name=\"Layer 1\" xmlns=\"http:\/\/www.w3.org\/2000\/svg\" viewBox=\"0 0 12 7.41\"><polygon points=\"10.59 0 6 4.58 1.41 0 0 1.41 6 7.41 12 1.41 10.59 0\"\/><\/svg><\/a>\n    <\/div>\n  <\/div>\n  \n<\/div><div class=\"card__feature-block card__feature-block__large\">\n  <div class=\"card--image\">\n    <div style=\"height: 90%; width: 90%; object-fit: contain; margin: 15px;\" class=\"card--image--inner-wrapper\">\n      \n\n<img decoding=\"async\"\n\talt=\"\"\n    data-sizes=\"auto\"\n    data-src=\"https:\/\/onclusive.com\/wp-content\/uploads\/2022\/02\/Background-device-magenta-640.svg\"\n    data-srcset=\"https:\/\/onclusive.com\/wp-content\/uploads\/2022\/02\/Background-device-magenta-640.svg 640w,\n\thttps:\/\/onclusive.com\/wp-content\/uploads\/2022\/02\/Background-device-magenta-640.svg 640w, \n\thttps:\/\/onclusive.com\/wp-content\/uploads\/2022\/02\/Background-device-magenta-640.svg 640w\"\n    class=\"lazyload is-svg\"\n    src=\"https:\/\/onclusive.com\/wp-content\/uploads\/2022\/02\/Background-device-magenta-640.svg\"\n\/>\n\n\n\n\n      \n      \n\n<img decoding=\"async\"\n\talt=\"\"\n    data-sizes=\"auto\"\n    data-src=\"https:\/\/onclusive.com\/wp-content\/uploads\/2022\/02\/Evaluate-your-hard-work-1-300x300.png\"\n    data-srcset=\"https:\/\/onclusive.com\/wp-content\/uploads\/2022\/02\/Evaluate-your-hard-work-1-1200x1200.png 1200w,\n\thttps:\/\/onclusive.com\/wp-content\/uploads\/2022\/02\/Evaluate-your-hard-work-1-1024x1024.png 1024w, \n\thttps:\/\/onclusive.com\/wp-content\/uploads\/2022\/02\/Evaluate-your-hard-work-1.png 1280w\"\n    class=\"lazyload not-svg\"\n    src=\"https:\/\/onclusive.com\/wp-content\/uploads\/2022\/02\/Evaluate-your-hard-work-1-300x300.png\"\n\/>\n\n\n\n\n      \n    <\/div>\n  <\/div>\n  <div class=\"card--copy\">\n    <div class=\"card--copy--inner-wrapper\">\n      <div class=\"card_bg card_bg__\"><\/div>\n      <div class=\"feature-block-large__copy-wrapper\">\n                  <h3 class=\"feature_block_heading\">Eval\u00fae el trabajo realizado<\/h3> \n                          <div class=\"feature_block_copy\"><p class=\"p1\">Utilice la funci\u00f3n de creaci\u00f3n de informes de nuestra plataforma para ver en qu\u00e9 \u00e1rea se est\u00e1n invirtiendo los esfuerzos y los recursos del equipo y qu\u00e9 \u00e1reas se pueden mejorar.<\/p>\n<p class=\"p1\">Asigne todo el trabajo (conversaciones, comunicados de prensa, ofertas de entrevistas, cobertura general, etc.) a temas y tareas espec\u00edficas. Puede evaluar el \u00e9xito del enfoque de cada campa\u00f1a e identificar las mejoras que podr\u00eda implementar la pr\u00f3xima vez.<\/p>\n<p class=\"p1\">Analice el n\u00famero de comunicados de prensa y declaraciones que se han enviado, cu\u00e1ntos recursos se han necesitado para gestionar una campa\u00f1a en concreto y qu\u00e9 cobertura medi\u00e1tica obtuvo de las diferentes interacciones con los medios.<\/p>\n<p class=\"p1\">Todo esto permite demostrar el esfuerzo de su equipo de comunicaci\u00f3n y ayuda a identificar d\u00f3nde puede reajustar los recursos para maximizar el impacto.<\/p>\n<\/div> \n              <\/div>\n      \n<a href=\"#enquiry\"  target=\"_self\" class=\"button  button__anchor-link button__anchor-link\">\n    Pide tu demo    <svg   data-name=\"Layer 1\" xmlns=\"http:\/\/www.w3.org\/2000\/svg\" viewBox=\"0 0 12 7.41\"><polygon points=\"10.59 0 6 4.58 1.41 0 0 1.41 6 7.41 12 1.41 10.59 0\"\/><\/svg><\/a>\n    <\/div>\n  <\/div>\n  \n<\/div>      <\/div>\n<\/section>\n\n\n\n    <section\n      id=\"enquiry\"      class=\"block-form bg__magenta_light\">\n      \n\n  <div class=\"form-content\">\n    <div class=\"form-content--inner-wrapper\">\n\n      \n              <div class=\"form-content--heading\">\n          <h3 class=\"block--form_heading\">Hable con nosotros.<\/h3> \n        <\/div>\n      \n      <div class=\"form-content--copy\">\n    \n        \n            <div class=\"block--copy\"><p class=\"p2\">Si desea ver una demostraci\u00f3n de nuestras herramientas de comunicaci\u00f3n y relaciones p\u00fablicas, complete el formulario que aparece a continuaci\u00f3n:<\/p>\n<\/div>\n\n        \n      <\/div>\n\n      \n              <div id=\"myFrame\" class=\"form-content--form  \"> \n          <iframe src=\"https:\/\/content.onclusive.net\/l\/986751\/2022-12-02\/23d59nt\" width=\"100%\" height=\"500\" type=\"text\/html\" frameborder=\"0\" allowTransparency=\"true\" style=\"border: 0\"><\/iframe>        <\/div> \n          <\/div>\n  <\/div>\n\n    <\/section> \n  \n<style>\n\/* Dark Background Form Styling - Only applies when .bg__black class exists *\/\n.block-form.bg__black .hs-form label,\n.block-form.bg__black .hs-form legend,\n.block-form.bg__black .hs-form .hs-form-field > label {\n  color: #ffffff !important;\n}\n\n.block-form.bg__black .hs-form input[type=\"text\"],\n.block-form.bg__black .hs-form input[type=\"email\"],\n.block-form.bg__black .hs-form input[type=\"tel\"],\n.block-form.bg__black .hs-form input[type=\"number\"],\n.block-form.bg__black .hs-form select,\n.block-form.bg__black .hs-form textarea {\n  background-color: #ffffff !important;\n  color: #1e1e23 !important;\n  border-color: #ffffff !important;\n}\n\n.block-form.bg__black .hs-form input[type=\"submit\"],\n.block-form.bg__black .hs-form .hs-button,\n.block-form.bg__black .hs-form button[type=\"submit\"] {\n  background-color: #316446 !important;\n  color: #f0ebf0 !important;\n  border: none !important;\n  transition: all 0.3s ease !important;\n}\n\n.block-form.bg__black .hs-form input[type=\"submit\"]:hover,\n.block-form.bg__black .hs-form .hs-button:hover,\n.block-form.bg__black .hs-form button[type=\"submit\"]:hover {\n  background-color: #254d35 !important;\n  color: #01E55F !important;\n}\n\n.block-form.bg__black .hs-form input::placeholder,\n.block-form.bg__black .hs-form textarea::placeholder {\n  color: #999999 !important;\n}\n\n.block-form.bg__black .hs-form .hs-error-msgs label,\n.block-form.bg__black .hs-form .hs-error-msg {\n  color: #ff6b6b !important;\n}\n\n.block-form.bg__black .hs-form .hs-field-desc,\n.block-form.bg__black .hs-form .hs-richtext {\n  color: #cccccc !important;\n}\n<\/style>\n\n\n\n","protected":false},"excerpt":{"rendered":"","protected":false},"author":1,"featured_media":0,"parent":4448,"menu_order":2,"comment_status":"closed","ping_status":"closed","template":"","meta":{"_acf_changed":false,"content-type":"","inline_featured_image":false,"footnotes":""},"region":[],"class_list":["post-24086","page","type-page","status-publish","hentry"],"acf":[],"_links":{"self":[{"href":"https:\/\/onclusive.com\/es\/wp-json\/wp\/v2\/pages\/24086","targetHints":{"allow":["GET"]}}],"collection":[{"href":"https:\/\/onclusive.com\/es\/wp-json\/wp\/v2\/pages"}],"about":[{"href":"https:\/\/onclusive.com\/es\/wp-json\/wp\/v2\/types\/page"}],"author":[{"embeddable":true,"href":"https:\/\/onclusive.com\/es\/wp-json\/wp\/v2\/users\/1"}],"replies":[{"embeddable":true,"href":"https:\/\/onclusive.com\/es\/wp-json\/wp\/v2\/comments?post=24086"}],"version-history":[{"count":0,"href":"https:\/\/onclusive.com\/es\/wp-json\/wp\/v2\/pages\/24086\/revisions"}],"up":[{"embeddable":true,"href":"https:\/\/onclusive.com\/es\/wp-json\/wp\/v2\/pages\/4448"}],"wp:attachment":[{"href":"https:\/\/onclusive.com\/es\/wp-json\/wp\/v2\/media?parent=24086"}],"wp:term":[{"taxonomy":"region","embeddable":true,"href":"https:\/\/onclusive.com\/es\/wp-json\/wp\/v2\/region?post=24086"}],"curies":[{"name":"wp","href":"https:\/\/api.w.org\/{rel}","templated":true}]}}