{"id":4865,"date":"2022-01-20T17:04:47","date_gmt":"2022-01-20T17:04:52","guid":{"rendered":"https:\/\/newonclusive.wpengine.com\/technology\/"},"modified":"2024-08-05T21:19:52","modified_gmt":"2024-08-05T21:19:52","slug":"tecnologia","status":"publish","type":"page","link":"https:\/\/onclusive.com\/es\/como-lo-hacemos\/tecnologia\/","title":{"rendered":"Tecnolog\u00eda"},"content":{"rendered":"<style>\n    \/* Hero Tag - Optional tag above title *\/\n    .hero-tag {\n      font-size: 12px;\n      font-weight: 600;\n      letter-spacing: 2px;\n      text-transform: uppercase;\n      margin-bottom: 15px;\n      display: block;\n      line-height: 1.4;\n\t  padding: 5px 2.5px;\n    }\n    \n    @media (max-width: 768px) {\n      .hero-tag {\n        font-size: 11px;\n        letter-spacing: 1.5px;\n        margin-bottom: 12px;\n      }\n    }\n    \n    @media (max-width: 480px) {\n      .hero-tag {\n        font-size: 10px;\n        letter-spacing: 1px;\n        margin-bottom: 10px;\n      }\n    }\n    <\/style>\n<style>\n\/**\n * Hero Background Overlay Styles\n *\/\n.hero-background-overlay {\n    position: absolute;\n    top: 0;\n    left: 0;\n    width: 100%;\n    height: 100%;\n    z-index: 1; \/* Above background image, below content *\/\n    pointer-events: none; \/* Allows clicks to pass through to content *\/\n}\n\n\/* Ensure hero section is positioned relative *\/\n.block-hero {\n    position: relative;\n}\n\n\/* Ensure content sits above overlay *\/\n.hero--content {\n    position: relative;\n    z-index: 2; \/* Above overlay *\/\n}\n\n\/* Ensure background image stays at bottom *\/\n.hero-background-image {\n    position: absolute;\n    z-index: 0; \/* Behind everything *\/\n}\n<\/style>\n\n<section\n    class=\"block-hero block-hero-full-bleed \">\n\n  \n          \n              <div class=\"hero_background_colour bg__blue_light hero_background_colour__left\"><\/div>\n                    <div class=\"hero_background_colour bg__grey hero_background_colour__right\"><\/div>\n      \n      \n          \n    \n    <div class=\"hero--content\">\n\n      <div class=\"hero--content--inner-wrapper\">\n\n                  <!-- ORIGINAL COMPLEX IMAGES -->\n          <div class=\"hero-foreground-images\">\n\n                                            <div class=\"hero_bg_colour_split bg__blue_light hero_bg_colour_split__left\"><\/div>\n                          \n            <div class=\"img-wrapper ratio-1-1 image-is-background\">\n\t\n\n<img decoding=\"async\"\n\talt=\"Graphic\"\n    data-sizes=\"auto\"\n    data-src=\"https:\/\/onclusive.com\/wp-content\/uploads\/2022\/02\/How-we-do-it_Technology.svg\"\n    data-srcset=\"https:\/\/onclusive.com\/wp-content\/uploads\/2022\/02\/How-we-do-it_Technology.svg 1w,\n\thttps:\/\/onclusive.com\/wp-content\/uploads\/2022\/02\/How-we-do-it_Technology.svg 1w, \n\thttps:\/\/onclusive.com\/wp-content\/uploads\/2022\/02\/How-we-do-it_Technology.svg 1w\"\n    class=\"lazyload is-svg\"\n    src=\"https:\/\/onclusive.com\/wp-content\/uploads\/2022\/02\/How-we-do-it_Technology.svg\"\n\/>\n\n\n\n\n<\/div>            <div class=\"img-wrapper ratio-1-1 image-is-foreground\">\n\t\n\n<img decoding=\"async\"\n\talt=\"Rocket\"\n    data-sizes=\"auto\"\n    data-src=\"https:\/\/onclusive.com\/wp-content\/uploads\/2022\/02\/How-we-do-it_Technology-300x300.png\"\n    data-srcset=\"https:\/\/onclusive.com\/wp-content\/uploads\/2022\/02\/How-we-do-it_Technology.png 800w,\n\thttps:\/\/onclusive.com\/wp-content\/uploads\/2022\/02\/How-we-do-it_Technology.png 800w, \n\thttps:\/\/onclusive.com\/wp-content\/uploads\/2022\/02\/How-we-do-it_Technology.png 800w\"\n    class=\"lazyload not-svg\"\n    src=\"https:\/\/onclusive.com\/wp-content\/uploads\/2022\/02\/How-we-do-it_Technology-300x300.png\"\n\/>\n\n\n\n\n<\/div>          <\/div>\n        \n        <div class=\"hero--copy\">\n\n          <!-- OPTIONAL HERO TAG - ONLY IF SET -->\n          \n                      <h1 class=\"hero_title\" >\n                            <span class=\"hero_title_bold\">\n                Tecnolog\u00eda              <\/span>\n                <br\/>                                          L\u00edder impulsada por el data science             \n                        <\/h1> \n          \n          \n                      <div class=\"hero_buttons--wrapper\">\n            \n<a href=\"#intro\"  target=\"_self\" class=\"button  button__anchor-link\">\n    EXPLORAR    <svg   data-name=\"Layer 1\" xmlns=\"http:\/\/www.w3.org\/2000\/svg\" viewBox=\"0 0 12 7.41\"><polygon points=\"10.59 0 6 4.58 1.41 0 0 1.41 6 7.41 12 1.41 10.59 0\"\/><\/svg><\/a>\n\n<a href=\"#form\"  target=\"_self\" class=\"button button__outline button__anchor-link\">\n    Contacta con nosotros    <svg   data-name=\"Layer 1\" xmlns=\"http:\/\/www.w3.org\/2000\/svg\" viewBox=\"0 0 12 7.41\"><polygon points=\"10.59 0 6 4.58 1.41 0 0 1.41 6 7.41 12 1.41 10.59 0\"\/><\/svg><\/a>\n            <\/div>\n          \n        <\/div>\n\n      <\/div>\n\n    <\/div>\n\n    \n<\/section>\n\n\n<section\n  id=\"intro\"  class=\"o-wrapper block-statement js-block-statement\">\n\n              <div class=\"block-statement--inner-wrapper\">\n          <h2 class=\"statement-block--statement\">Como l\u00edderes en ciencia de datos, nuestra capacidad tecnol\u00f3gica te ofrece la posibilidad de conseguir cobertura medi\u00e1tica en todo el mundo y obtener informaci\u00f3n muy \u00fatil para tu negocio a trav\u00e9s del aprendizaje autom\u00e1tico. Con nuestros datos, siempre estar\u00e1s informado y preparado para reaccionar ante posibles oportunidades y amenazas.<br \/>\r\n <br \/>\r\nHemos desarrollado y registrado herramientas ad-hoc de an\u00e1lisis de relaciones p\u00fablicas para que tus acciones tengan un impacto en tu p\u00fablico objetivo. Con las herramientas m\u00e1s avanzadas del sector, puedes conseguir una visi\u00f3n integral de toda la actividad que te rodea, ahora y en un futuro.<\/h2> \n        <\/div>\n      \n<\/section> \n\n\n\n\n\n<section\n    class=\"block-fbs\">\n\n      \n<div class=\"card__feature-block card__feature-block__small \">\n\n\n  <div class=\"card--image\">\n    <div class=\"card--image--inner-wrapper\">\n      \n\n<img decoding=\"async\"\n\talt=\"Icon\"\n    data-sizes=\"auto\"\n    data-src=\"https:\/\/onclusive.com\/wp-content\/uploads\/2022\/02\/How-we-do-it_Technology_Technology-capabilities.svg\"\n    data-srcset=\"https:\/\/onclusive.com\/wp-content\/uploads\/2022\/02\/How-we-do-it_Technology_Technology-capabilities.svg 1w,\n\thttps:\/\/onclusive.com\/wp-content\/uploads\/2022\/02\/How-we-do-it_Technology_Technology-capabilities.svg 1w, \n\thttps:\/\/onclusive.com\/wp-content\/uploads\/2022\/02\/How-we-do-it_Technology_Technology-capabilities.svg 1w\"\n    class=\"lazyload is-svg\"\n    src=\"https:\/\/onclusive.com\/wp-content\/uploads\/2022\/02\/How-we-do-it_Technology_Technology-capabilities.svg\"\n\/>\n\n\n\n\n    <\/div>\n  <\/div>\n\n  \n  <div class=\"card--copy card_bg__grey\">\n    <!-- <div class=\"card_bg card_bg__grey\"><\/div> -->\n\n    <div>\n      \n      \n        <h3 class=\"feature_block_heading\">Capacidad tecnol\u00f3gica<\/h3> \n      \n              <p class=\"feature_block_copy\">El rastreador de noticias global de Onclusive se encarga de captar m\u00e1s contenido medi\u00e1tico que cualquier otra fuente, adem\u00e1s de aprovechar el procesamiento de lenguaje natural (PLN) y la inteligencia artificial (IA) para analizar y mejorar el impacto de tus acciones y ayudarte a conseguir tus objetivos.<\/p> \n            \n    <\/div>\n\n    \n<a href=\"https:\/\/onclusive.com\/es\/how-we-do-it\/technology\/technology-capabilities\/\"  target=\"_self\" class=\"button  button__page-link\">\n    CONOCE M\u00c1S    <svg   data-name=\"Layer 1\" xmlns=\"http:\/\/www.w3.org\/2000\/svg\" viewBox=\"0 0 16 16\"><polygon points=\"8 0 6.59 1.41 12.17 7 0 7 0 9 12.17 9 6.59 14.59 8 16 16 8 8 0\"\/><\/svg><\/a>\n  <\/div>\n\n\n<\/div>\n\n\n<div class=\"card__feature-block card__feature-block__small \">\n\n\n  <div class=\"card--image\">\n    <div class=\"card--image--inner-wrapper\">\n      \n\n<img decoding=\"async\"\n\talt=\"Icon\"\n    data-sizes=\"auto\"\n    data-src=\"https:\/\/onclusive.com\/wp-content\/uploads\/2022\/02\/How-we-do-it_Technology_PR-Analytics.svg\"\n    data-srcset=\"https:\/\/onclusive.com\/wp-content\/uploads\/2022\/02\/How-we-do-it_Technology_PR-Analytics.svg 1w,\n\thttps:\/\/onclusive.com\/wp-content\/uploads\/2022\/02\/How-we-do-it_Technology_PR-Analytics.svg 1w, \n\thttps:\/\/onclusive.com\/wp-content\/uploads\/2022\/02\/How-we-do-it_Technology_PR-Analytics.svg 1w\"\n    class=\"lazyload is-svg\"\n    src=\"https:\/\/onclusive.com\/wp-content\/uploads\/2022\/02\/How-we-do-it_Technology_PR-Analytics.svg\"\n\/>\n\n\n\n\n    <\/div>\n  <\/div>\n\n  \n  <div class=\"card--copy card_bg__grey\">\n    <!-- <div class=\"card_bg card_bg__grey\"><\/div> -->\n\n    <div>\n      \n      \n        <h3 class=\"feature_block_heading\">An\u00e1lisis<\/h3> \n      \n              <p class=\"feature_block_copy\">Nuestro an\u00e1lisis de relaciones p\u00fablicas te ofrece la informaci\u00f3n m\u00e1s exhaustiva sobre tus acciones actuales y futuras. Conoce su impacto y las reacciones de tu p\u00fablico y adel\u00e1ntate a las tendencias futuras.<\/p> \n            \n    <\/div>\n\n    \n<a href=\"https:\/\/onclusive.com\/es\/how-we-do-it\/technology\/analytics\/\"  target=\"_self\" class=\"button  button__page-link button__page-link\">\n    CONOCE M\u00c1S    <svg   data-name=\"Layer 1\" xmlns=\"http:\/\/www.w3.org\/2000\/svg\" viewBox=\"0 0 16 16\"><polygon points=\"8 0 6.59 1.41 12.17 7 0 7 0 9 12.17 9 6.59 14.59 8 16 16 8 8 0\"\/><\/svg><\/a>\n  <\/div>\n\n\n<\/div>\n\n\n<\/section>\n\n\n\n\n\n    <section\n      id=\"form\"      class=\"block-form bg__blue_light\">\n      \n\n  <div class=\"form-content\">\n    <div class=\"form-content--inner-wrapper\">\n\n      \n              <div class=\"form-content--heading\">\n          <h3 class=\"block--form_heading\">Contacta con nosotros<\/h3> \n        <\/div>\n      \n      <div class=\"form-content--copy\">\n    \n        \n            <div class=\"block--copy\"><p>Si quieres acceder a una demo, completa el formulario que aparece a continuaci\u00f3n:<\/p>\n<\/div>\n\n        \n      <\/div>\n\n      \n              <div id=\"myFrame\" class=\"form-content--form  \"> \n          <script charset=\"utf-8\" type=\"text\/javascript\" src=\"\/\/js.hsforms.net\/forms\/embed\/v2.js\"><\/script>\r\n<script>\r\n  hbspt.forms.create({\r\n    region: \"na1\",\r\n    portalId: \"42525281\",\r\n    formId: \"64871c98-d308-4b02-8e57-b0ffefda96b4\"\r\n  });\r\n<\/script>        <\/div> \n          <\/div>\n  <\/div>\n\n    <\/section> \n  \n<style>\n\/* Dark Background Form Styling - Only applies when .bg__black class exists *\/\n.block-form.bg__black .hs-form label,\n.block-form.bg__black .hs-form legend,\n.block-form.bg__black .hs-form .hs-form-field > label {\n  color: #ffffff !important;\n}\n\n.block-form.bg__black .hs-form input[type=\"text\"],\n.block-form.bg__black .hs-form input[type=\"email\"],\n.block-form.bg__black .hs-form input[type=\"tel\"],\n.block-form.bg__black .hs-form input[type=\"number\"],\n.block-form.bg__black .hs-form select,\n.block-form.bg__black .hs-form textarea {\n  background-color: #ffffff !important;\n  color: #1e1e23 !important;\n  border-color: #ffffff !important;\n}\n\n.block-form.bg__black .hs-form input[type=\"submit\"],\n.block-form.bg__black .hs-form .hs-button,\n.block-form.bg__black .hs-form button[type=\"submit\"] {\n  background-color: #316446 !important;\n  color: #f0ebf0 !important;\n  border: none !important;\n  transition: all 0.3s ease !important;\n}\n\n.block-form.bg__black .hs-form input[type=\"submit\"]:hover,\n.block-form.bg__black .hs-form .hs-button:hover,\n.block-form.bg__black .hs-form button[type=\"submit\"]:hover {\n  background-color: #254d35 !important;\n  color: #01E55F !important;\n}\n\n.block-form.bg__black .hs-form input::placeholder,\n.block-form.bg__black .hs-form textarea::placeholder {\n  color: #999999 !important;\n}\n\n.block-form.bg__black .hs-form .hs-error-msgs label,\n.block-form.bg__black .hs-form .hs-error-msg {\n  color: #ff6b6b !important;\n}\n\n.block-form.bg__black .hs-form .hs-field-desc,\n.block-form.bg__black .hs-form .hs-richtext {\n  color: #cccccc !important;\n}\n<\/style>\n\n\n\n","protected":false},"excerpt":{"rendered":"","protected":false},"author":1,"featured_media":0,"parent":5723,"menu_order":0,"comment_status":"closed","ping_status":"closed","template":"","meta":{"_acf_changed":false,"content-type":"","inline_featured_image":false,"footnotes":""},"region":[],"class_list":["post-4865","page","type-page","status-publish","hentry"],"acf":[],"_links":{"self":[{"href":"https:\/\/onclusive.com\/es\/wp-json\/wp\/v2\/pages\/4865","targetHints":{"allow":["GET"]}}],"collection":[{"href":"https:\/\/onclusive.com\/es\/wp-json\/wp\/v2\/pages"}],"about":[{"href":"https:\/\/onclusive.com\/es\/wp-json\/wp\/v2\/types\/page"}],"author":[{"embeddable":true,"href":"https:\/\/onclusive.com\/es\/wp-json\/wp\/v2\/users\/1"}],"replies":[{"embeddable":true,"href":"https:\/\/onclusive.com\/es\/wp-json\/wp\/v2\/comments?post=4865"}],"version-history":[{"count":0,"href":"https:\/\/onclusive.com\/es\/wp-json\/wp\/v2\/pages\/4865\/revisions"}],"up":[{"embeddable":true,"href":"https:\/\/onclusive.com\/es\/wp-json\/wp\/v2\/pages\/5723"}],"wp:attachment":[{"href":"https:\/\/onclusive.com\/es\/wp-json\/wp\/v2\/media?parent=4865"}],"wp:term":[{"taxonomy":"region","embeddable":true,"href":"https:\/\/onclusive.com\/es\/wp-json\/wp\/v2\/region?post=4865"}],"curies":[{"name":"wp","href":"https:\/\/api.w.org\/{rel}","templated":true}]}}