{"id":5011,"date":"2022-01-20T17:05:47","date_gmt":"2022-01-20T17:05:57","guid":{"rendered":"https:\/\/newonclusive.wpengine.com\/fundamentals\/security\/"},"modified":"2024-12-06T16:33:35","modified_gmt":"2024-12-06T16:33:35","slug":"seguridad","status":"publish","type":"page","link":"https:\/\/onclusive.com\/es\/como-lo-hacemos\/principios-fundamentales\/seguridad\/","title":{"rendered":"Seguridad"},"content":{"rendered":"\n<style>\n\/**\n * Hero Background Overlay Styles\n *\/\n.hero-background-overlay {\n    position: absolute;\n    top: 0;\n    left: 0;\n    width: 100%;\n    height: 100%;\n    z-index: 1; \/* Above background image, below content *\/\n    pointer-events: none; \/* Allows clicks to pass through to content *\/\n}\n\n\/* Ensure hero section is positioned relative *\/\n.block-hero {\n    position: relative;\n}\n\n\/* Ensure content sits above overlay *\/\n.hero--content {\n    position: relative;\n    z-index: 2; \/* Above overlay *\/\n}\n\n\/* Ensure background image stays at bottom *\/\n.hero-background-image {\n    position: absolute;\n    z-index: 0; \/* Behind everything *\/\n}\n<\/style>\n\n<section\n    class=\"block-hero block-hero-contained \">\n\n            <div class=\"contained-hero-inner-wrap\">\n      \n          \n            \n              <div class=\"hero_background_colour bg__red_light hero_background_colour__full\"><\/div>\n      \n          \n    \n    <div class=\"hero--content\">\n\n      <div class=\"hero--content--inner-wrapper\">\n\n                  <!-- ORIGINAL COMPLEX IMAGES -->\n          <div class=\"hero-foreground-images\">\n\n                                            <div class=\"hero_bg_colour_split bg__ hero_bg_colour_split__left\"><\/div>\n                          \n                        <div class=\"img-wrapper ratio-1-1 image-is-foreground\">\n\t\n\n<img decoding=\"async\"\n\talt=\"Graphic\"\n    data-sizes=\"auto\"\n    data-src=\"https:\/\/onclusive.com\/wp-content\/uploads\/2022\/02\/How-we-do-it_Fundamentals_Security_LRG.svg\"\n    data-srcset=\"https:\/\/onclusive.com\/wp-content\/uploads\/2022\/02\/How-we-do-it_Fundamentals_Security_LRG.svg 1w,\n\thttps:\/\/onclusive.com\/wp-content\/uploads\/2022\/02\/How-we-do-it_Fundamentals_Security_LRG.svg 1w, \n\thttps:\/\/onclusive.com\/wp-content\/uploads\/2022\/02\/How-we-do-it_Fundamentals_Security_LRG.svg 1w\"\n    class=\"lazyload is-svg\"\n    src=\"https:\/\/onclusive.com\/wp-content\/uploads\/2022\/02\/How-we-do-it_Fundamentals_Security_LRG.svg\"\n\/>\n\n\n\n\n<\/div>          <\/div>\n        \n        <div class=\"hero--copy\">\n\n          <!-- OPTIONAL HERO TAG - ONLY IF SET -->\n          \n                      <h1 class=\"hero_title\" >\n                            <span class=\"hero_title_bold\">\n                La seguridad              <\/span>\n                <br\/>                                           Una prioridad en nuestros productos y procedimientos             \n                        <\/h1> \n          \n          \n                      <div class=\"hero_buttons--wrapper\">\n            \n<a href=\"#enquiry\"  target=\"_self\" class=\"button  button__anchor-link\">\n    Saber m\u00e1s    <svg   data-name=\"Layer 1\" xmlns=\"http:\/\/www.w3.org\/2000\/svg\" viewBox=\"0 0 12 7.41\"><polygon points=\"10.59 0 6 4.58 1.41 0 0 1.41 6 7.41 12 1.41 10.59 0\"\/><\/svg><\/a>\n\n<a href=\"https:\/\/onclusive.com\/wp-content\/uploads\/2024\/11\/Onclusive-Global-Information-Security-Policy-Public.pdf\" rel=\"noreferrer\" target=\"_blank\" class=\"button button__outline button__page-link\">\n    Pol\u00edtica de descarga    <svg   data-name=\"Layer 1\" xmlns=\"http:\/\/www.w3.org\/2000\/svg\" viewBox=\"0 0 16 16\"><polygon points=\"8 0 6.59 1.41 12.17 7 0 7 0 9 12.17 9 6.59 14.59 8 16 16 8 8 0\"\/><\/svg><\/a>\n            <\/div>\n          \n        <\/div>\n\n      <\/div>\n\n    <\/div>\n\n            <\/div>\n        \n<\/section>\n\n\n<section\n    class=\"o-wrapper block-statement js-block-statement\">\n\n              <div class=\"block-statement--inner-wrapper\">\n          <h2 class=\"statement-block--statement\">Hoy en d\u00eda, la seguridad es fundamental para nuestro negocio. Cumplir los est\u00e1ndares y las directrices de seguridad de la informaci\u00f3n y protecci\u00f3n de datos siempre ha sido una prioridad en nuestros productos y procedimientos.<br \/>\r\n <br \/>\r\nEn Onclusive, invertimos en la infraestructura m\u00e1s avanzada para garantizar que ofrecemos las mejores herramientas y soluciones a nuestros clientes, as\u00ed como las m\u00e1s seguras.<br \/>\r\n<br \/>\r\n<\/h2> \n        <\/div>\n      \n<\/section> \n\n\n\n\n<section\n    class=\"block-fbl\">\n  <div class=\"block-fbl--inner-wrapper\">\n          <div class=\"card__feature-block card__feature-block__large\">\n  <div class=\"card--image\">\n    <div style=\"height: 90%; width: 90%; object-fit: contain; margin: 15px;\" class=\"card--image--inner-wrapper\">\n      \n\n<img decoding=\"async\"\n\talt=\"Person Holding Wires\"\n    data-sizes=\"auto\"\n    data-src=\"https:\/\/onclusive.com\/wp-content\/uploads\/2022\/02\/How-we-do-it_Fundamentals_Security_Security-standard-300x300.jpg\"\n    data-srcset=\"https:\/\/onclusive.com\/wp-content\/uploads\/2022\/02\/How-we-do-it_Fundamentals_Security_Security-standard.jpg 800w,\n\thttps:\/\/onclusive.com\/wp-content\/uploads\/2022\/02\/How-we-do-it_Fundamentals_Security_Security-standard.jpg 800w, \n\thttps:\/\/onclusive.com\/wp-content\/uploads\/2022\/02\/How-we-do-it_Fundamentals_Security_Security-standard.jpg 800w\"\n    class=\"lazyload not-svg\"\n    src=\"https:\/\/onclusive.com\/wp-content\/uploads\/2022\/02\/How-we-do-it_Fundamentals_Security_Security-standard-300x300.jpg\"\n\/>\n\n\n\n\n      \n      \n\n<img decoding=\"async\"\n\talt=\"Graphic\"\n    data-sizes=\"auto\"\n    data-src=\"https:\/\/onclusive.com\/wp-content\/uploads\/2022\/02\/How-we-do-it_Fundamentals_Security_Security-standard.svg\"\n    data-srcset=\"https:\/\/onclusive.com\/wp-content\/uploads\/2022\/02\/How-we-do-it_Fundamentals_Security_Security-standard.svg 1w,\n\thttps:\/\/onclusive.com\/wp-content\/uploads\/2022\/02\/How-we-do-it_Fundamentals_Security_Security-standard.svg 1w, \n\thttps:\/\/onclusive.com\/wp-content\/uploads\/2022\/02\/How-we-do-it_Fundamentals_Security_Security-standard.svg 1w\"\n    class=\"lazyload is-svg\"\n    src=\"https:\/\/onclusive.com\/wp-content\/uploads\/2022\/02\/How-we-do-it_Fundamentals_Security_Security-standard.svg\"\n\/>\n\n\n\n\n      \n    <\/div>\n  <\/div>\n  <div class=\"card--copy\">\n    <div class=\"card--copy--inner-wrapper\">\n      <div class=\"card_bg card_bg__\"><\/div>\n      <div class=\"feature-block-large__copy-wrapper\">\n                  <h3 class=\"feature_block_heading\">Est\u00e1ndares de seguridad<\/h3> \n                          <div class=\"feature_block_copy\"><p><span style=\"font-weight: 400;\">Onclusive colabora con algunas de las organizaciones m\u00e1s grandes del mundo y sus est\u00e1ndares de seguridad de la informaci\u00f3n son extremadamente estrictos. Y, como sabemos la complejidad y la importancia que esto requiere, trabajamos junto con nuestros clientes para garantizar que sus est\u00e1ndares de seguridad se cumplen y son totalmente compatibles con nuestros productos y servicios.<\/span><\/p>\n<\/div> \n              <\/div>\n      \n<a href=\"#enquiry\"  target=\"_self\" class=\"button  button__anchor-link\">\n    Conoce m\u00e1s    <svg   data-name=\"Layer 1\" xmlns=\"http:\/\/www.w3.org\/2000\/svg\" viewBox=\"0 0 12 7.41\"><polygon points=\"10.59 0 6 4.58 1.41 0 0 1.41 6 7.41 12 1.41 10.59 0\"\/><\/svg><\/a>\n    <\/div>\n  <\/div>\n  \n<\/div><div class=\"card__feature-block card__feature-block__large\">\n  <div class=\"card--image\">\n    <div style=\"height: 90%; width: 90%; object-fit: contain; margin: 15px;\" class=\"card--image--inner-wrapper\">\n      \n\n<img decoding=\"async\"\n\talt=\"Person Looking at Computer\"\n    data-sizes=\"auto\"\n    data-src=\"https:\/\/onclusive.com\/wp-content\/uploads\/2022\/02\/How-we-do-it_Fundamentals_Security_Data-protection-300x300.jpg\"\n    data-srcset=\"https:\/\/onclusive.com\/wp-content\/uploads\/2022\/02\/How-we-do-it_Fundamentals_Security_Data-protection.jpg 800w,\n\thttps:\/\/onclusive.com\/wp-content\/uploads\/2022\/02\/How-we-do-it_Fundamentals_Security_Data-protection.jpg 800w, \n\thttps:\/\/onclusive.com\/wp-content\/uploads\/2022\/02\/How-we-do-it_Fundamentals_Security_Data-protection.jpg 800w\"\n    class=\"lazyload not-svg\"\n    src=\"https:\/\/onclusive.com\/wp-content\/uploads\/2022\/02\/How-we-do-it_Fundamentals_Security_Data-protection-300x300.jpg\"\n\/>\n\n\n\n\n      \n      \n\n<img decoding=\"async\"\n\talt=\"Graphic\"\n    data-sizes=\"auto\"\n    data-src=\"https:\/\/onclusive.com\/wp-content\/uploads\/2022\/02\/How-we-do-it_Fundamentals_Security_Data-protection.svg\"\n    data-srcset=\"https:\/\/onclusive.com\/wp-content\/uploads\/2022\/02\/How-we-do-it_Fundamentals_Security_Data-protection.svg 1w,\n\thttps:\/\/onclusive.com\/wp-content\/uploads\/2022\/02\/How-we-do-it_Fundamentals_Security_Data-protection.svg 1w, \n\thttps:\/\/onclusive.com\/wp-content\/uploads\/2022\/02\/How-we-do-it_Fundamentals_Security_Data-protection.svg 1w\"\n    class=\"lazyload is-svg\"\n    src=\"https:\/\/onclusive.com\/wp-content\/uploads\/2022\/02\/How-we-do-it_Fundamentals_Security_Data-protection.svg\"\n\/>\n\n\n\n\n      \n    <\/div>\n  <\/div>\n  <div class=\"card--copy\">\n    <div class=\"card--copy--inner-wrapper\">\n      <div class=\"card_bg card_bg__\"><\/div>\n      <div class=\"feature-block-large__copy-wrapper\">\n                  <h3 class=\"feature_block_heading\">Protecci\u00f3n de datos<\/h3> \n                          <div class=\"feature_block_copy\"><p><span style=\"font-weight: 400;\">La seguridad de la informaci\u00f3n y la protecci\u00f3n de datos son una parte esencial de nuestras soluciones que, junto con la asistencia personalizada, nos permiten ayudarte a gestionar de forma eficaz y segura el control de tus adquisiciones, datos e IT. <\/span><\/p>\n<\/div> \n              <\/div>\n      \n<a href=\"#enquiry\"  target=\"_self\" class=\"button  button__anchor-link button__anchor-link\">\n    Contacta con nosotros    <svg   data-name=\"Layer 1\" xmlns=\"http:\/\/www.w3.org\/2000\/svg\" viewBox=\"0 0 12 7.41\"><polygon points=\"10.59 0 6 4.58 1.41 0 0 1.41 6 7.41 12 1.41 10.59 0\"\/><\/svg><\/a>\n    <\/div>\n  <\/div>\n  \n<\/div>      <\/div>\n<\/section>\n\n\n\n    <section\n      id=\"enquiry\"      class=\"block-form bg__yellow_light\">\n      \n\n  <div class=\"form-content\">\n    <div class=\"form-content--inner-wrapper\">\n\n      \n              <div class=\"form-content--heading\">\n          <h3 class=\"block--form_heading\">Contacta con nosotros<\/h3> \n        <\/div>\n      \n      <div class=\"form-content--copy\">\n    \n        \n            <div class=\"block--copy\"><p>Si quieres m\u00e1s informaci\u00f3n o tienes alguna duda sobre la seguridad de la informaci\u00f3n o la protecci\u00f3n de datos, completa el formulario que aparece a continuaci\u00f3n.<\/p>\n<\/div>\n\n        \n      <\/div>\n\n      \n              <div id=\"myFrame\" class=\"form-content--form  \"> \n          <script charset=\"utf-8\" type=\"text\/javascript\" src=\"\/\/js.hsforms.net\/forms\/embed\/v2.js\"><\/script>\r\n<script>\r\n  hbspt.forms.create({\r\n    region: \"na1\",\r\n    portalId: \"42525281\",\r\n    formId: \"64871c98-d308-4b02-8e57-b0ffefda96b4\"\r\n  });\r\n<\/script>        <\/div> \n          <\/div>\n  <\/div>\n\n    <\/section> \n  \n<style>\n\/* Dark Background Form Styling - Only applies when .bg__black class exists *\/\n.block-form.bg__black .hs-form label,\n.block-form.bg__black .hs-form legend,\n.block-form.bg__black .hs-form .hs-form-field > label {\n  color: #ffffff !important;\n}\n\n.block-form.bg__black .hs-form input[type=\"text\"],\n.block-form.bg__black .hs-form input[type=\"email\"],\n.block-form.bg__black .hs-form input[type=\"tel\"],\n.block-form.bg__black .hs-form input[type=\"number\"],\n.block-form.bg__black .hs-form select,\n.block-form.bg__black .hs-form textarea {\n  background-color: #ffffff !important;\n  color: #1e1e23 !important;\n  border-color: #ffffff !important;\n}\n\n.block-form.bg__black .hs-form input[type=\"submit\"],\n.block-form.bg__black .hs-form .hs-button,\n.block-form.bg__black .hs-form button[type=\"submit\"] {\n  background-color: #316446 !important;\n  color: #f0ebf0 !important;\n  border: none !important;\n  transition: all 0.3s ease !important;\n}\n\n.block-form.bg__black .hs-form input[type=\"submit\"]:hover,\n.block-form.bg__black .hs-form .hs-button:hover,\n.block-form.bg__black .hs-form button[type=\"submit\"]:hover {\n  background-color: #254d35 !important;\n  color: #01E55F !important;\n}\n\n.block-form.bg__black .hs-form input::placeholder,\n.block-form.bg__black .hs-form textarea::placeholder {\n  color: #999999 !important;\n}\n\n.block-form.bg__black .hs-form .hs-error-msgs label,\n.block-form.bg__black .hs-form .hs-error-msg {\n  color: #ff6b6b !important;\n}\n\n.block-form.bg__black .hs-form .hs-field-desc,\n.block-form.bg__black .hs-form .hs-richtext {\n  color: #cccccc !important;\n}\n<\/style>\n\n\n\n","protected":false},"excerpt":{"rendered":"","protected":false},"author":1,"featured_media":0,"parent":4849,"menu_order":1,"comment_status":"closed","ping_status":"closed","template":"","meta":{"_acf_changed":true,"content-type":"","inline_featured_image":false,"footnotes":""},"region":[],"class_list":["post-5011","page","type-page","status-publish","hentry"],"acf":[],"_links":{"self":[{"href":"https:\/\/onclusive.com\/es\/wp-json\/wp\/v2\/pages\/5011","targetHints":{"allow":["GET"]}}],"collection":[{"href":"https:\/\/onclusive.com\/es\/wp-json\/wp\/v2\/pages"}],"about":[{"href":"https:\/\/onclusive.com\/es\/wp-json\/wp\/v2\/types\/page"}],"author":[{"embeddable":true,"href":"https:\/\/onclusive.com\/es\/wp-json\/wp\/v2\/users\/1"}],"replies":[{"embeddable":true,"href":"https:\/\/onclusive.com\/es\/wp-json\/wp\/v2\/comments?post=5011"}],"version-history":[{"count":0,"href":"https:\/\/onclusive.com\/es\/wp-json\/wp\/v2\/pages\/5011\/revisions"}],"up":[{"embeddable":true,"href":"https:\/\/onclusive.com\/es\/wp-json\/wp\/v2\/pages\/4849"}],"wp:attachment":[{"href":"https:\/\/onclusive.com\/es\/wp-json\/wp\/v2\/media?parent=5011"}],"wp:term":[{"taxonomy":"region","embeddable":true,"href":"https:\/\/onclusive.com\/es\/wp-json\/wp\/v2\/region?post=5011"}],"curies":[{"name":"wp","href":"https:\/\/api.w.org\/{rel}","templated":true}]}}