{"id":5149,"date":"2022-01-20T17:08:09","date_gmt":"2022-01-20T17:08:09","guid":{"rendered":"https:\/\/newonclusive.wpengine.com\/insights-consultancy\/stakeholder-key-opinion-leaders\/"},"modified":"2024-08-05T21:18:19","modified_gmt":"2024-08-05T21:18:19","slug":"stakeholder-key-opinion-leaders","status":"publish","type":"page","link":"https:\/\/onclusive.com\/es\/que-hacemos\/insights-y-consultoria\/stakeholder-key-opinion-leaders\/","title":{"rendered":"Stakeholder &#038; Key Opinion Leaders"},"content":{"rendered":"\n<style>\n\/**\n * Hero Background Overlay Styles\n *\/\n.hero-background-overlay {\n    position: absolute;\n    top: 0;\n    left: 0;\n    width: 100%;\n    height: 100%;\n    z-index: 1; \/* Above background image, below content *\/\n    pointer-events: none; \/* Allows clicks to pass through to content *\/\n}\n\n\/* Ensure hero section is positioned relative *\/\n.block-hero {\n    position: relative;\n}\n\n\/* Ensure content sits above overlay *\/\n.hero--content {\n    position: relative;\n    z-index: 2; \/* Above overlay *\/\n}\n\n\/* Ensure background image stays at bottom *\/\n.hero-background-image {\n    position: absolute;\n    z-index: 0; \/* Behind everything *\/\n}\n<\/style>\n\n<section\n    class=\"block-hero block-hero-contained \">\n\n            <div class=\"contained-hero-inner-wrap\">\n      \n                  <div class=\"hero-background-image hero-background-image__image\">\n          \n<div class=\"lazyload background-image\" \tdata-bg-mobile \t= \"https:\/\/onclusive.com\/wp-content\/uploads\/2022\/02\/What-we-do_Insights-and-Consultancy_Stakeholder-and-Key-Opinion-Leaders-1024x512.jpg\"\n\tdata-bg-tablet \t= \"https:\/\/onclusive.com\/wp-content\/uploads\/2022\/02\/What-we-do_Insights-and-Consultancy_Stakeholder-and-Key-Opinion-Leaders-1200x600.jpg\"\n\tdata-bg-desktop = \"https:\/\/onclusive.com\/wp-content\/uploads\/2022\/02\/What-we-do_Insights-and-Consultancy_Stakeholder-and-Key-Opinion-Leaders.jpg\"\n\tdata-bg-super \t= \"https:\/\/onclusive.com\/wp-content\/uploads\/2022\/02\/What-we-do_Insights-and-Consultancy_Stakeholder-and-Key-Opinion-Leaders.jpg\"\n\tdata-expand=\"700\"\n\tstyle=\"background-image: url('https:\/\/onclusive.com\/wp-content\/uploads\/2022\/02\/What-we-do_Insights-and-Consultancy_Stakeholder-and-Key-Opinion-Leaders-1024x512.jpg');\"\n><\/div>        <\/div>\n\n          \n    \n    <div class=\"hero--content\">\n\n      <div class=\"hero--content--inner-wrapper\">\n\n                  <!-- ORIGINAL COMPLEX IMAGES -->\n          <div class=\"hero-foreground-images\">\n\n                                      \n                        <div class=\"img-wrapper ratio-1-1 image-is-foreground\">\n\t\n\n<img decoding=\"async\"\n\talt=\"Graphic\"\n    data-sizes=\"auto\"\n    data-src=\"https:\/\/onclusive.com\/wp-content\/uploads\/2022\/02\/Insights-and-Consultancy_Stakeholders-and-Key-Opinion-Leaders_LRG.svg\"\n    data-srcset=\"https:\/\/onclusive.com\/wp-content\/uploads\/2022\/02\/Insights-and-Consultancy_Stakeholders-and-Key-Opinion-Leaders_LRG.svg 1w,\n\thttps:\/\/onclusive.com\/wp-content\/uploads\/2022\/02\/Insights-and-Consultancy_Stakeholders-and-Key-Opinion-Leaders_LRG.svg 1w, \n\thttps:\/\/onclusive.com\/wp-content\/uploads\/2022\/02\/Insights-and-Consultancy_Stakeholders-and-Key-Opinion-Leaders_LRG.svg 1w\"\n    class=\"lazyload is-svg\"\n    src=\"https:\/\/onclusive.com\/wp-content\/uploads\/2022\/02\/Insights-and-Consultancy_Stakeholders-and-Key-Opinion-Leaders_LRG.svg\"\n\/>\n\n\n\n\n<\/div>          <\/div>\n        \n        <div class=\"hero--copy\">\n\n          <!-- OPTIONAL HERO TAG - ONLY IF SET -->\n          \n                      <h1 class=\"hero_title\" >\n                            <span class=\"hero_title_bold\">\n                Stakeholder &amp; Key Opinion Leaders              <\/span>\n                <br\/>                                           Conoce tu reputaci\u00f3n entre tus principales stakeholders             \n                        <\/h1> \n          \n          \n                      <div class=\"hero_buttons--wrapper\">\n            \n<a href=\"#enquiry\"  target=\"_self\" class=\"button  button__anchor-link\">\n    Conoce m\u00e1s    <svg   data-name=\"Layer 1\" xmlns=\"http:\/\/www.w3.org\/2000\/svg\" viewBox=\"0 0 12 7.41\"><polygon points=\"10.59 0 6 4.58 1.41 0 0 1.41 6 7.41 12 1.41 10.59 0\"\/><\/svg><\/a>\n            <\/div>\n          \n        <\/div>\n\n      <\/div>\n\n    <\/div>\n\n            <\/div>\n        \n<\/section>\n\n\n<section\n    class=\"o-wrapper block-statement js-block-statement\">\n\n              <div class=\"block-statement--inner-wrapper\">\n          <h2 class=\"statement-block--statement\">Todo negocio genera opiniones m\u00faltiples y diferentes entre sus stakeholders: clientes, pol\u00edticos, accionistas, empleados, etc. Conocer la opini\u00f3n que estos tienen sobre tu marca te permitir\u00e1 optimizar tu estrategia de comunicaci\u00f3n y proteger y mejorar tu reputaci\u00f3n dentro de tu sector.<br \/>\r\n <br \/>\r\nNuestro equipo de Insights combina informaci\u00f3n nueva con la ya existente para conocer la opini\u00f3n que tienen sobre tu marca tus principales stakeholders.<br \/>\r\n <br \/>\r\nAl conocer cada una de las opiniones, los profesionales de la comunicaci\u00f3n y las relaciones p\u00fablicas obtienen una visi\u00f3n completa de su rendimiento respecto al de sus competidores y podr\u00e1n identificar d\u00f3nde se debe centrar la actividad comunicativa para lograr el mayor impacto posible en su reputaci\u00f3n.<br \/>\r\n <br \/>\r\n<\/h2> \n        <\/div>\n      \n<\/section> \n\n\n\n\n\n<section\n    class=\"block-basic-card-row\">\n      <div class=\"\">\n      <h2 class=\"block--heading\">Beneficios:<\/h2> \n    <\/div>\n    <div class=\"card-row--inner-wrapper\">\n          \n<div class=\"card__basic card__grey\">\n\n            <div class=\"card--image\">\n        <div class=\"card--image--inner-wrapper\">\n          \n\n<img decoding=\"async\"\n\talt=\"Icon\"\n    data-sizes=\"auto\"\n    data-src=\"https:\/\/onclusive.com\/wp-content\/uploads\/2022\/02\/Insights-and-Consultancy_Stakeholder-Key-Opinion-Leaders_Refine-your-messages-and-campaigns.svg\"\n    data-srcset=\"https:\/\/onclusive.com\/wp-content\/uploads\/2022\/02\/Insights-and-Consultancy_Stakeholder-Key-Opinion-Leaders_Refine-your-messages-and-campaigns.svg 1w,\n\thttps:\/\/onclusive.com\/wp-content\/uploads\/2022\/02\/Insights-and-Consultancy_Stakeholder-Key-Opinion-Leaders_Refine-your-messages-and-campaigns.svg 1w, \n\thttps:\/\/onclusive.com\/wp-content\/uploads\/2022\/02\/Insights-and-Consultancy_Stakeholder-Key-Opinion-Leaders_Refine-your-messages-and-campaigns.svg 1w\"\n    class=\"lazyload is-svg\"\n    src=\"https:\/\/onclusive.com\/wp-content\/uploads\/2022\/02\/Insights-and-Consultancy_Stakeholder-Key-Opinion-Leaders_Refine-your-messages-and-campaigns.svg\"\n\/>\n\n\n\n\n        <\/div>\n      <\/div>\n      \n  <div class=\"card--copy\">\n    <div class=\"card--copy-wrapper\">\n              <h3 class=\"basic_card_heading text-bold\">Mejorar los mensajes y las campa\u00f1as para llegar a los grupos de stakeholders que te interesan.<\/h3> \n      \n          <\/div>\n\n      <\/div>\n\n<\/div>\n<div class=\"card__basic card__grey\">\n\n            <div class=\"card--image\">\n        <div class=\"card--image--inner-wrapper\">\n          \n\n<img decoding=\"async\"\n\talt=\"Icon\"\n    data-sizes=\"auto\"\n    data-src=\"https:\/\/onclusive.com\/wp-content\/uploads\/2022\/02\/Insights-and-Consultancy_Stakeholder-Key-Opinion-Leaders_Identify-opportunities-and-risks.svg\"\n    data-srcset=\"https:\/\/onclusive.com\/wp-content\/uploads\/2022\/02\/Insights-and-Consultancy_Stakeholder-Key-Opinion-Leaders_Identify-opportunities-and-risks.svg 1w,\n\thttps:\/\/onclusive.com\/wp-content\/uploads\/2022\/02\/Insights-and-Consultancy_Stakeholder-Key-Opinion-Leaders_Identify-opportunities-and-risks.svg 1w, \n\thttps:\/\/onclusive.com\/wp-content\/uploads\/2022\/02\/Insights-and-Consultancy_Stakeholder-Key-Opinion-Leaders_Identify-opportunities-and-risks.svg 1w\"\n    class=\"lazyload is-svg\"\n    src=\"https:\/\/onclusive.com\/wp-content\/uploads\/2022\/02\/Insights-and-Consultancy_Stakeholder-Key-Opinion-Leaders_Identify-opportunities-and-risks.svg\"\n\/>\n\n\n\n\n        <\/div>\n      <\/div>\n      \n  <div class=\"card--copy\">\n    <div class=\"card--copy-wrapper\">\n              <h3 class=\"basic_card_heading text-bold\">Identificar las oportunidades y amenazas para tu reputaci\u00f3n.<\/h3> \n      \n          <\/div>\n\n      <\/div>\n\n<\/div>\n<div class=\"card__basic card__grey\">\n\n            <div class=\"card--image\">\n        <div class=\"card--image--inner-wrapper\">\n          \n\n<img decoding=\"async\"\n\talt=\"Icon\"\n    data-sizes=\"auto\"\n    data-src=\"https:\/\/onclusive.com\/wp-content\/uploads\/2022\/02\/Insights-and-Consultancy_Stakeholder-Key-Opinion-Leaders_Understand-where-to-focus-resource.svg\"\n    data-srcset=\"https:\/\/onclusive.com\/wp-content\/uploads\/2022\/02\/Insights-and-Consultancy_Stakeholder-Key-Opinion-Leaders_Understand-where-to-focus-resource.svg 1w,\n\thttps:\/\/onclusive.com\/wp-content\/uploads\/2022\/02\/Insights-and-Consultancy_Stakeholder-Key-Opinion-Leaders_Understand-where-to-focus-resource.svg 1w, \n\thttps:\/\/onclusive.com\/wp-content\/uploads\/2022\/02\/Insights-and-Consultancy_Stakeholder-Key-Opinion-Leaders_Understand-where-to-focus-resource.svg 1w\"\n    class=\"lazyload is-svg\"\n    src=\"https:\/\/onclusive.com\/wp-content\/uploads\/2022\/02\/Insights-and-Consultancy_Stakeholder-Key-Opinion-Leaders_Understand-where-to-focus-resource.svg\"\n\/>\n\n\n\n\n        <\/div>\n      <\/div>\n      \n  <div class=\"card--copy\">\n    <div class=\"card--copy-wrapper\">\n              <h3 class=\"basic_card_heading text-bold\">Saber d\u00f3nde centrar tus esfuerzos para conseguir el mayor impacto posible.<\/h3> \n      \n          <\/div>\n\n      <\/div>\n\n<\/div>      <\/div>\n<\/section>\n\n\n\n\n<section\n    class=\"block-fbl\">\n  <div class=\"block-fbl--inner-wrapper\">\n          <div class=\"card__feature-block card__feature-block__large\">\n  <div class=\"card--image\">\n    <div style=\"height: 90%; width: 90%; object-fit: contain; margin: 15px;\" class=\"card--image--inner-wrapper\">\n      \n\n<img decoding=\"async\"\n\talt=\"\"\n    data-sizes=\"auto\"\n    data-src=\"https:\/\/onclusive.com\/wp-content\/uploads\/2022\/02\/Background-device-yellow-640.svg\"\n    data-srcset=\"https:\/\/onclusive.com\/wp-content\/uploads\/2022\/02\/Background-device-yellow-640.svg 640w,\n\thttps:\/\/onclusive.com\/wp-content\/uploads\/2022\/02\/Background-device-yellow-640.svg 640w, \n\thttps:\/\/onclusive.com\/wp-content\/uploads\/2022\/02\/Background-device-yellow-640.svg 640w\"\n    class=\"lazyload is-svg\"\n    src=\"https:\/\/onclusive.com\/wp-content\/uploads\/2022\/02\/Background-device-yellow-640.svg\"\n\/>\n\n\n\n\n      \n      \n\n<img decoding=\"async\"\n\talt=\"\"\n    data-sizes=\"auto\"\n    data-src=\"https:\/\/onclusive.com\/wp-content\/uploads\/2022\/02\/Understand-whos-shaping-your-reputation-300x300.png\"\n    data-srcset=\"https:\/\/onclusive.com\/wp-content\/uploads\/2022\/02\/Understand-whos-shaping-your-reputation-1200x1200.png 1200w,\n\thttps:\/\/onclusive.com\/wp-content\/uploads\/2022\/02\/Understand-whos-shaping-your-reputation-1024x1024.png 1024w, \n\thttps:\/\/onclusive.com\/wp-content\/uploads\/2022\/02\/Understand-whos-shaping-your-reputation.png 1280w\"\n    class=\"lazyload not-svg\"\n    src=\"https:\/\/onclusive.com\/wp-content\/uploads\/2022\/02\/Understand-whos-shaping-your-reputation-300x300.png\"\n\/>\n\n\n\n\n      \n    <\/div>\n  <\/div>\n  <div class=\"card--copy\">\n    <div class=\"card--copy--inner-wrapper\">\n      <div class=\"card_bg card_bg__\"><\/div>\n      <div class=\"feature-block-large__copy-wrapper\">\n                  <h3 class=\"feature_block_heading\">Saber qu\u00e9 influye en tu reputaci\u00f3n<\/h3> \n                          <div class=\"feature_block_copy\"><p><span style=\"font-weight: 400;\">Nuestros expertos trabajan junto a tu equipo para desarrollar una soluci\u00f3n que se adapte a tus necesidades. Utilizamos diversas fuentes para recopilar datos sobre la satisfacci\u00f3n del cliente, el valor de la marca y la satisfacci\u00f3n de los empleados, adem\u00e1s de contenido que ya se ha hecho p\u00fablico en canales tradicionales, medios de comunicaci\u00f3n, redes sociales, sitios web de rese\u00f1as, registros parlamentarios e informes del sector.\u00a0<\/span><\/p>\n<p><span style=\"font-weight: 400;\">Gracias al an\u00e1lisis realizado, ofrecemos una visi\u00f3n detallada de los distintos grupos de stakeholders y l\u00edderes de opini\u00f3n que tienen cierta influencia en tu reputaci\u00f3n a largo plazo.<\/span><\/p>\n<\/div> \n              <\/div>\n      \n<a href=\"#enquiry\"  target=\"_self\" class=\"button  button__anchor-link\">\n    Contacta con nuestros expertos    <svg   data-name=\"Layer 1\" xmlns=\"http:\/\/www.w3.org\/2000\/svg\" viewBox=\"0 0 12 7.41\"><polygon points=\"10.59 0 6 4.58 1.41 0 0 1.41 6 7.41 12 1.41 10.59 0\"\/><\/svg><\/a>\n    <\/div>\n  <\/div>\n  \n<\/div><div class=\"card__feature-block card__feature-block__large\">\n  <div class=\"card--image\">\n    <div style=\"height: 90%; width: 90%; object-fit: contain; margin: 15px;\" class=\"card--image--inner-wrapper\">\n      \n\n<img decoding=\"async\"\n\talt=\"\"\n    data-sizes=\"auto\"\n    data-src=\"https:\/\/onclusive.com\/wp-content\/uploads\/2022\/02\/Background-device-yellow-640.svg\"\n    data-srcset=\"https:\/\/onclusive.com\/wp-content\/uploads\/2022\/02\/Background-device-yellow-640.svg 640w,\n\thttps:\/\/onclusive.com\/wp-content\/uploads\/2022\/02\/Background-device-yellow-640.svg 640w, \n\thttps:\/\/onclusive.com\/wp-content\/uploads\/2022\/02\/Background-device-yellow-640.svg 640w\"\n    class=\"lazyload is-svg\"\n    src=\"https:\/\/onclusive.com\/wp-content\/uploads\/2022\/02\/Background-device-yellow-640.svg\"\n\/>\n\n\n\n\n      \n      \n\n<img decoding=\"async\"\n\talt=\"\"\n    data-sizes=\"auto\"\n    data-src=\"https:\/\/onclusive.com\/wp-content\/uploads\/2022\/02\/Discover-the-biggest-reputational-opportunities-300x300.png\"\n    data-srcset=\"https:\/\/onclusive.com\/wp-content\/uploads\/2022\/02\/Discover-the-biggest-reputational-opportunities-1200x1200.png 1200w,\n\thttps:\/\/onclusive.com\/wp-content\/uploads\/2022\/02\/Discover-the-biggest-reputational-opportunities-1024x1024.png 1024w, \n\thttps:\/\/onclusive.com\/wp-content\/uploads\/2022\/02\/Discover-the-biggest-reputational-opportunities.png 1280w\"\n    class=\"lazyload not-svg\"\n    src=\"https:\/\/onclusive.com\/wp-content\/uploads\/2022\/02\/Discover-the-biggest-reputational-opportunities-300x300.png\"\n\/>\n\n\n\n\n      \n    <\/div>\n  <\/div>\n  <div class=\"card--copy\">\n    <div class=\"card--copy--inner-wrapper\">\n      <div class=\"card_bg card_bg__\"><\/div>\n      <div class=\"feature-block-large__copy-wrapper\">\n                  <h3 class=\"feature_block_heading\">Descubrir las mejores oportunidades para mejorar tu reputaci\u00f3n<\/h3> \n                          <div class=\"feature_block_copy\"><p><span style=\"font-weight: 400;\">Utilizamos mapas de calor para descubrir c\u00f3mo responden a tus mensajes los distintos grupos de stakeholders y por qu\u00e9.\u00a0<\/span><\/p>\n<p><span style=\"font-weight: 400;\">Sigue su evoluci\u00f3n o valora la situaci\u00f3n en un momento concreto.<\/span><\/p>\n<p><span style=\"font-weight: 400;\">Te orientaremos sobre d\u00f3nde dirigir tus esfuerzos, tu equipo y tu actividad comunicativa para que puedas optimizar tu estrategia e informar a tu junta directiva sobre las \u00e1reas que ofrecen mejores oportunidades o las que implican posibles riesgos.<\/span><\/p>\n<p>&nbsp;<\/p>\n<\/div> \n              <\/div>\n      \n<a href=\"#enquiry\"  target=\"_self\" class=\"button  button__anchor-link button__anchor-link\">\n    Contacta    <svg   data-name=\"Layer 1\" xmlns=\"http:\/\/www.w3.org\/2000\/svg\" viewBox=\"0 0 12 7.41\"><polygon points=\"10.59 0 6 4.58 1.41 0 0 1.41 6 7.41 12 1.41 10.59 0\"\/><\/svg><\/a>\n    <\/div>\n  <\/div>\n  \n<\/div><div class=\"card__feature-block card__feature-block__large\">\n  <div class=\"card--image\">\n    <div style=\"height: 90%; width: 90%; object-fit: contain; margin: 15px;\" class=\"card--image--inner-wrapper\">\n      \n\n<img decoding=\"async\"\n\talt=\"\"\n    data-sizes=\"auto\"\n    data-src=\"https:\/\/onclusive.com\/wp-content\/uploads\/2022\/02\/Background-device-yellow-640.svg\"\n    data-srcset=\"https:\/\/onclusive.com\/wp-content\/uploads\/2022\/02\/Background-device-yellow-640.svg 640w,\n\thttps:\/\/onclusive.com\/wp-content\/uploads\/2022\/02\/Background-device-yellow-640.svg 640w, \n\thttps:\/\/onclusive.com\/wp-content\/uploads\/2022\/02\/Background-device-yellow-640.svg 640w\"\n    class=\"lazyload is-svg\"\n    src=\"https:\/\/onclusive.com\/wp-content\/uploads\/2022\/02\/Background-device-yellow-640.svg\"\n\/>\n\n\n\n\n      \n      \n\n<img decoding=\"async\"\n\talt=\"\"\n    data-sizes=\"auto\"\n    data-src=\"https:\/\/onclusive.com\/wp-content\/uploads\/2022\/02\/Create-the-right-message-for-the-right-audience-300x300.png\"\n    data-srcset=\"https:\/\/onclusive.com\/wp-content\/uploads\/2022\/02\/Create-the-right-message-for-the-right-audience-1200x1200.png 1200w,\n\thttps:\/\/onclusive.com\/wp-content\/uploads\/2022\/02\/Create-the-right-message-for-the-right-audience-1024x1024.png 1024w, \n\thttps:\/\/onclusive.com\/wp-content\/uploads\/2022\/02\/Create-the-right-message-for-the-right-audience.png 1280w\"\n    class=\"lazyload not-svg\"\n    src=\"https:\/\/onclusive.com\/wp-content\/uploads\/2022\/02\/Create-the-right-message-for-the-right-audience-300x300.png\"\n\/>\n\n\n\n\n      \n    <\/div>\n  <\/div>\n  <div class=\"card--copy\">\n    <div class=\"card--copy--inner-wrapper\">\n      <div class=\"card_bg card_bg__\"><\/div>\n      <div class=\"feature-block-large__copy-wrapper\">\n                  <h3 class=\"feature_block_heading\">Crea el mensaje adecuado para el p\u00fablico al que va dirigido <\/h3> \n                          <div class=\"feature_block_copy\"><p><span style=\"font-weight: 400;\">Al saber c\u00f3mo reciben tus mensajes los diferentes grupos, puedes mejorar tus comunicaciones y centrarte solo en aquellos de mayor relevancia.<\/span><\/p>\n<p><span style=\"font-weight: 400;\">Conoce c\u00f3mo evolucionan las opiniones a largo plazo y el impacto de las mejoras implementadas, adem\u00e1s de c\u00f3mo influyen otros factores externos en la imagen de tu marca.<\/span><\/p>\n<\/div> \n              <\/div>\n      \n<a href=\"#enquiry\"  target=\"_self\" class=\"button  button__anchor-link button__anchor-link button__anchor-link\">\n    Descubre m\u00e1s    <svg   data-name=\"Layer 1\" xmlns=\"http:\/\/www.w3.org\/2000\/svg\" viewBox=\"0 0 12 7.41\"><polygon points=\"10.59 0 6 4.58 1.41 0 0 1.41 6 7.41 12 1.41 10.59 0\"\/><\/svg><\/a>\n    <\/div>\n  <\/div>\n  \n<\/div><div class=\"card__feature-block card__feature-block__large\">\n  <div class=\"card--image\">\n    <div style=\"height: 90%; width: 90%; object-fit: contain; margin: 15px;\" class=\"card--image--inner-wrapper\">\n      \n\n<img decoding=\"async\"\n\talt=\"\"\n    data-sizes=\"auto\"\n    data-src=\"https:\/\/onclusive.com\/wp-content\/uploads\/2022\/03\/What-we-do_Insights-and-Consultancy_Stakeholder-and-Key-Opinion-Leaders_Access-expert-consultancy-to-support-your-team-300x300.jpg\"\n    data-srcset=\"https:\/\/onclusive.com\/wp-content\/uploads\/2022\/03\/What-we-do_Insights-and-Consultancy_Stakeholder-and-Key-Opinion-Leaders_Access-expert-consultancy-to-support-your-team.jpg 800w,\n\thttps:\/\/onclusive.com\/wp-content\/uploads\/2022\/03\/What-we-do_Insights-and-Consultancy_Stakeholder-and-Key-Opinion-Leaders_Access-expert-consultancy-to-support-your-team.jpg 800w, \n\thttps:\/\/onclusive.com\/wp-content\/uploads\/2022\/03\/What-we-do_Insights-and-Consultancy_Stakeholder-and-Key-Opinion-Leaders_Access-expert-consultancy-to-support-your-team.jpg 800w\"\n    class=\"lazyload not-svg\"\n    src=\"https:\/\/onclusive.com\/wp-content\/uploads\/2022\/03\/What-we-do_Insights-and-Consultancy_Stakeholder-and-Key-Opinion-Leaders_Access-expert-consultancy-to-support-your-team-300x300.jpg\"\n\/>\n\n\n\n\n      \n      \n\n<img decoding=\"async\"\n\talt=\"\"\n    data-sizes=\"auto\"\n    data-src=\"https:\/\/onclusive.com\/wp-content\/uploads\/2022\/03\/What-we-do_Vector_Insights-and-Consultancy_Stakeholders-and-Key-Opinion-Leaders_Access-expert-consultancy.svg\"\n    data-srcset=\"https:\/\/onclusive.com\/wp-content\/uploads\/2022\/03\/What-we-do_Vector_Insights-and-Consultancy_Stakeholders-and-Key-Opinion-Leaders_Access-expert-consultancy.svg 1w,\n\thttps:\/\/onclusive.com\/wp-content\/uploads\/2022\/03\/What-we-do_Vector_Insights-and-Consultancy_Stakeholders-and-Key-Opinion-Leaders_Access-expert-consultancy.svg 1w, \n\thttps:\/\/onclusive.com\/wp-content\/uploads\/2022\/03\/What-we-do_Vector_Insights-and-Consultancy_Stakeholders-and-Key-Opinion-Leaders_Access-expert-consultancy.svg 1w\"\n    class=\"lazyload is-svg\"\n    src=\"https:\/\/onclusive.com\/wp-content\/uploads\/2022\/03\/What-we-do_Vector_Insights-and-Consultancy_Stakeholders-and-Key-Opinion-Leaders_Access-expert-consultancy.svg\"\n\/>\n\n\n\n\n      \n    <\/div>\n  <\/div>\n  <div class=\"card--copy\">\n    <div class=\"card--copy--inner-wrapper\">\n      <div class=\"card_bg card_bg__\"><\/div>\n      <div class=\"feature-block-large__copy-wrapper\">\n                  <h3 class=\"feature_block_heading\">Utiliza la opini\u00f3n de nuestros expertos para ayudar a tu equipo<\/h3> \n                          <div class=\"feature_block_copy\"><p><span style=\"font-weight: 400;\">Gracias a nuestros informes y servicios de consultor\u00eda, trabajamos como si form\u00e1ramos parte de tu equipo, ya que utilizamos distintos datos para recopilar toda la informaci\u00f3n y optimizar tanto tu estrategia como tus recursos de comunicaci\u00f3n con el objetivo de tener un mayor impacto.<\/span><\/p>\n<p><span style=\"font-weight: 400;\">Nuestros informes se adaptan a tus necesidades espec\u00edficas y ofrecemos flexibilidad en cuanto a las m\u00e9tricas, la creaci\u00f3n de informes y las fuentes de datos.<\/span><\/p>\n<\/div> \n              <\/div>\n      \n<a href=\"#enquiry\"  target=\"_self\" class=\"button  button__anchor-link button__anchor-link button__anchor-link button__anchor-link\">\n    Contacta con nosotros    <svg   data-name=\"Layer 1\" xmlns=\"http:\/\/www.w3.org\/2000\/svg\" viewBox=\"0 0 12 7.41\"><polygon points=\"10.59 0 6 4.58 1.41 0 0 1.41 6 7.41 12 1.41 10.59 0\"\/><\/svg><\/a>\n    <\/div>\n  <\/div>\n  \n<\/div>      <\/div>\n<\/section>\n\n\n\n    <section\n      id=\"enquiry\"      class=\"block-form bg__yellow_light\">\n      \n\n  <div class=\"form-content\">\n    <div class=\"form-content--inner-wrapper\">\n\n      \n              <div class=\"form-content--heading\">\n          <h3 class=\"block--form_heading\">Contacta con nosotros<\/h3> \n        <\/div>\n      \n      <div class=\"form-content--copy\">\n    \n        \n            <div class=\"block--copy\"><p>Si quieres programar una reuni\u00f3n con nuestro, completa el formulario que aparece a continuaci\u00f3n:<\/p>\n<\/div>\n\n        \n      <\/div>\n\n      \n              <div id=\"myFrame\" class=\"form-content--form  \"> \n          <script charset=\"utf-8\" type=\"text\/javascript\" src=\"\/\/js.hsforms.net\/forms\/embed\/v2.js\"><\/script>\r\n<script>\r\n  hbspt.forms.create({\r\n    region: \"na1\",\r\n    portalId: \"42525281\",\r\n    formId: \"2013db34-9354-4601-906e-70d0e29f8c58\"\r\n  });\r\n<\/script>        <\/div> \n          <\/div>\n  <\/div>\n\n    <\/section> \n  \n<style>\n\/* Dark Background Form Styling - Only applies when .bg__black class exists *\/\n.block-form.bg__black .hs-form label,\n.block-form.bg__black .hs-form legend,\n.block-form.bg__black .hs-form .hs-form-field > label {\n  color: #ffffff !important;\n}\n\n.block-form.bg__black .hs-form input[type=\"text\"],\n.block-form.bg__black .hs-form input[type=\"email\"],\n.block-form.bg__black .hs-form input[type=\"tel\"],\n.block-form.bg__black .hs-form input[type=\"number\"],\n.block-form.bg__black .hs-form select,\n.block-form.bg__black .hs-form textarea {\n  background-color: #ffffff !important;\n  color: #1e1e23 !important;\n  border-color: #ffffff !important;\n}\n\n.block-form.bg__black .hs-form input[type=\"submit\"],\n.block-form.bg__black .hs-form .hs-button,\n.block-form.bg__black .hs-form button[type=\"submit\"] {\n  background-color: #316446 !important;\n  color: #f0ebf0 !important;\n  border: none !important;\n  transition: all 0.3s ease !important;\n}\n\n.block-form.bg__black .hs-form input[type=\"submit\"]:hover,\n.block-form.bg__black .hs-form .hs-button:hover,\n.block-form.bg__black .hs-form button[type=\"submit\"]:hover {\n  background-color: #254d35 !important;\n  color: #01E55F !important;\n}\n\n.block-form.bg__black .hs-form input::placeholder,\n.block-form.bg__black .hs-form textarea::placeholder {\n  color: #999999 !important;\n}\n\n.block-form.bg__black .hs-form .hs-error-msgs label,\n.block-form.bg__black .hs-form .hs-error-msg {\n  color: #ff6b6b !important;\n}\n\n.block-form.bg__black .hs-form .hs-field-desc,\n.block-form.bg__black .hs-form .hs-richtext {\n  color: #cccccc !important;\n}\n<\/style>\n\n\n\n","protected":false},"excerpt":{"rendered":"","protected":false},"author":1,"featured_media":0,"parent":4851,"menu_order":1,"comment_status":"closed","ping_status":"closed","template":"","meta":{"_acf_changed":false,"content-type":"","inline_featured_image":false,"footnotes":""},"region":[],"class_list":["post-5149","page","type-page","status-publish","hentry"],"acf":[],"_links":{"self":[{"href":"https:\/\/onclusive.com\/es\/wp-json\/wp\/v2\/pages\/5149","targetHints":{"allow":["GET"]}}],"collection":[{"href":"https:\/\/onclusive.com\/es\/wp-json\/wp\/v2\/pages"}],"about":[{"href":"https:\/\/onclusive.com\/es\/wp-json\/wp\/v2\/types\/page"}],"author":[{"embeddable":true,"href":"https:\/\/onclusive.com\/es\/wp-json\/wp\/v2\/users\/1"}],"replies":[{"embeddable":true,"href":"https:\/\/onclusive.com\/es\/wp-json\/wp\/v2\/comments?post=5149"}],"version-history":[{"count":0,"href":"https:\/\/onclusive.com\/es\/wp-json\/wp\/v2\/pages\/5149\/revisions"}],"up":[{"embeddable":true,"href":"https:\/\/onclusive.com\/es\/wp-json\/wp\/v2\/pages\/4851"}],"wp:attachment":[{"href":"https:\/\/onclusive.com\/es\/wp-json\/wp\/v2\/media?parent=5149"}],"wp:term":[{"taxonomy":"region","embeddable":true,"href":"https:\/\/onclusive.com\/es\/wp-json\/wp\/v2\/region?post=5149"}],"curies":[{"name":"wp","href":"https:\/\/api.w.org\/{rel}","templated":true}]}}