{"id":5728,"date":"2022-01-20T16:59:33","date_gmt":"2022-01-20T16:59:38","guid":{"rendered":"https:\/\/newonclusive.wpengine.com\/resources\/"},"modified":"2026-02-27T16:54:40","modified_gmt":"2026-02-27T16:54:40","slug":"recursos","status":"publish","type":"page","link":"https:\/\/onclusive.com\/es\/recursos\/","title":{"rendered":"Resources"},"content":{"rendered":"<style>\n      \/* Hero Simple Image - Minimal CSS, reuse existing layout *\/\n      .hero-simple-layout .hero-simple-image-container {\n        display: flex;\n        align-items: center;\n        justify-content: flex-end;\n        width: 100%;\n        height: 100%;\n      }\n      \n      .hero-simple-layout .hero-simple-img {\n        max-width: 100%;\n        max-height: 500px;\n        width: auto;\n        height: auto;\n        object-fit: contain;\n      }\n      \n      \/* Mobile - reduce image height *\/\n      @media (max-width: 768px) {\n        .hero-simple-layout .hero-simple-img {\n          max-height: 350px;\n        }\n\t\t.hero-simple-image-container {\n\t\t  justify-content: center !important;\n\t\t}\n      }\n      \n      @media (max-width: 480px) {\n        .hero-simple-layout .hero-simple-img {\n          max-height: 250px;\n        }\n      }\n      <\/style><style>\n    \/* Hero Tag - Optional tag above title *\/\n    .hero-tag {\n      font-size: 12px;\n      font-weight: 600;\n      letter-spacing: 2px;\n      text-transform: uppercase;\n      margin-bottom: 15px;\n      display: block;\n      line-height: 1.4;\n\t  padding: 5px 2.5px;\n    }\n    \n    @media (max-width: 768px) {\n      .hero-tag {\n        font-size: 11px;\n        letter-spacing: 1.5px;\n        margin-bottom: 12px;\n      }\n    }\n    \n    @media (max-width: 480px) {\n      .hero-tag {\n        font-size: 10px;\n        letter-spacing: 1px;\n        margin-bottom: 10px;\n      }\n    }\n    <\/style>\n<style>\n\/**\n * Hero Background Overlay Styles\n *\/\n.hero-background-overlay {\n    position: absolute;\n    top: 0;\n    left: 0;\n    width: 100%;\n    height: 100%;\n    z-index: 1; \/* Above background image, below content *\/\n    pointer-events: none; \/* Allows clicks to pass through to content *\/\n}\n\n\/* Ensure hero section is positioned relative *\/\n.block-hero {\n    position: relative;\n}\n\n\/* Ensure content sits above overlay *\/\n.hero--content {\n    position: relative;\n    z-index: 2; \/* Above overlay *\/\n}\n\n\/* Ensure background image stays at bottom *\/\n.hero-background-image {\n    position: absolute;\n    z-index: 0; \/* Behind everything *\/\n}\n<\/style>\n\n<section\n    class=\"block-hero block-hero-full-bleed hero-simple-layout\">\n\n  \n          \n              <div class=\"hero_background_colour bg__mint_light hero_background_colour__left\"><\/div>\n                    <div class=\"hero_background_colour bg__mint_light hero_background_colour__right\"><\/div>\n      \n      \n          \n    \n    <div class=\"hero--content\">\n\n      <div class=\"hero--content--inner-wrapper\">\n\n                  <!-- NEW SIMPLE IMAGE: Replaces complex overlapping images -->\n          <div class=\"hero-foreground-images\">\n            <div class=\"hero-simple-image-container\">\n                            <img decoding=\"async\" \n                src=\"https:\/\/onclusive.com\/wp-content\/uploads\/2026\/02\/Resources.png\" \n                alt=\"\"\n                class=\"hero-simple-img\"\n                loading=\"eager\">\n            <\/div>\n          <\/div>\n        \n        <div class=\"hero--copy\">\n\n          <!-- OPTIONAL HERO TAG - ONLY IF SET -->\n          \n                      <h1 class=\"hero_title\" style=\"color: #000000;\">\n                            <span class=\"hero_title_bold\">\n                Recursos              <\/span>\n                                                      <\/h1> \n          \n                      <p class=\"hero_copy\" style=\"color: #000000;\">Explora an\u00e1lisis de expertos, investigaciones e historias reales para ayudarte a demostrar y mejorar tu valor.<\/p> \n          \n          \n        <\/div>\n\n      <\/div>\n\n    <\/div>\n\n    \n<\/section>\n\n\n<section\n    class=\"block-pcon\">\n\n      \n\t\t\t<div class=\"post_content--wrapper\">\n\t\t\t\t<div class=\"post_content--copy  force_full_width  \">\n\t\t\t\t\t<div class=\"post_content--copy-inner-wrapper\">\n\n\n\t\t\t\t\t\t\t\t\t\t\t\t\t<div class=\"post_content-copy-wrapper\">\n\t\t\t\t\t\t\t\t\t\t\t\t\t\t\t  \t\t<p style=\"text-align: center;\"><span style=\"font-weight: 400;\">El Hub de Recursos de Onclusive re\u00fane liderazgo intelectual, investigaci\u00f3n y consejos pr\u00e1cticos para profesionales de RRPP, Comunicaci\u00f3n y Marketing. Desde informes estrat\u00e9gicos hasta historias de clientes y webinars, encuentra contenido de confianza para respaldar una planificaci\u00f3n, ejecuci\u00f3n y medici\u00f3n de medios m\u00e1s inteligente.<br \/>\n<\/span><\/p>\n \n\t\t\t\t\t\t\t\t\t\t\t\t\t\t\t<\/div>\n\t\t\t\t\t\t\n\t\t\t\t\t\t\n\t\t\t\t\t\t\n\t\t\t\t\t<\/div>\n\t\t\t\t<\/div>\n\t\t\t<\/div>\n\n\t\t\n<\/section> \n\n\n\n\n<section\n    class=\"block-fbl\">\n  <div class=\"block-fbl--inner-wrapper\">\n          <div class=\"card__feature-block card__feature-block__large\">\n  <div class=\"card--image\">\n    <div style=\"height: 90%; width: 90%; object-fit: contain; margin: 15px;\" class=\"card--image--inner-wrapper\">\n            \n      \n\n<img decoding=\"async\"\n\talt=\"\"\n    data-sizes=\"auto\"\n    data-src=\"https:\/\/onclusive.com\/wp-content\/uploads\/2026\/02\/Blog-281x300.png\"\n    data-srcset=\"https:\/\/onclusive.com\/wp-content\/uploads\/2026\/02\/Blog-1200x1280.png 1200w,\n\thttps:\/\/onclusive.com\/wp-content\/uploads\/2026\/02\/Blog-1024x1092.png 1024w, \n\thttps:\/\/onclusive.com\/wp-content\/uploads\/2026\/02\/Blog.png 1367w\"\n    class=\"lazyload not-svg\"\n    src=\"https:\/\/onclusive.com\/wp-content\/uploads\/2026\/02\/Blog-281x300.png\"\n\/>\n\n\n\n\n      \n    <\/div>\n  <\/div>\n  <div class=\"card--copy\">\n    <div class=\"card--copy--inner-wrapper\">\n      <div class=\"card_bg card_bg__\"><\/div>\n      <div class=\"feature-block-large__copy-wrapper\">\n                  <h3 class=\"feature_block_heading\">Blog<\/h3> \n                          <div class=\"feature_block_copy\"><p><span style=\"font-weight: 400;\">Comentarios de expertos y an\u00e1lisis pr\u00e1cticos para equipos de RRPP, Comunicaci\u00f3n y Marketing. <\/span><\/p>\n<p><span style=\"font-weight: 400;\">Nuestros blogs combinan perspectiva sectorial con an\u00e1lisis extra\u00eddos de los propios datos de Onclusive, ofreciendo insights basados en evidencia junto con orientaci\u00f3n pr\u00e1ctica sobre inteligencia de medios, rendimiento de campa\u00f1as y medici\u00f3n en canales pagados, ganados y propios<\/span><\/p>\n<p><b>Ideal para<\/b><span style=\"font-weight: 400;\">:<br \/>\nAprendizaje continuo, orientaci\u00f3n t\u00e1ctica y temas medi\u00e1ticos de actualidad.<\/span><\/p>\n<\/div> \n              <\/div>\n      \n<a href=\"https:\/\/onclusive.com\/es\/recursos\/blog\/\" rel=\"noreferrer\" target=\"_blank\" class=\"button  button__page-link\">\n    Visitar el Blog    <svg   data-name=\"Layer 1\" xmlns=\"http:\/\/www.w3.org\/2000\/svg\" viewBox=\"0 0 16 16\"><polygon points=\"8 0 6.59 1.41 12.17 7 0 7 0 9 12.17 9 6.59 14.59 8 16 16 8 8 0\"\/><\/svg><\/a>\n    <\/div>\n  <\/div>\n  \n<\/div>      <\/div>\n<\/section>\n\n\n<style>.block-fbl.flip-order .card__feature-block {\n    display: flex;\n    flex-direction: row !important;\n  }<\/style><section\n    class=\"block-fbl flip-order\">\n  <div class=\"block-fbl--inner-wrapper\">\n          <div class=\"card__feature-block card__feature-block__large flip-item\">\n  <div class=\"card--image\">\n    <div style=\"height: 90%; width: 90%; object-fit: contain; margin: 15px;\" class=\"card--image--inner-wrapper\">\n            \n      \n\n<img decoding=\"async\"\n\talt=\"\"\n    data-sizes=\"auto\"\n    data-src=\"https:\/\/onclusive.com\/wp-content\/uploads\/2026\/02\/Reports-1-281x300.png\"\n    data-srcset=\"https:\/\/onclusive.com\/wp-content\/uploads\/2026\/02\/Reports-1.png 684w,\n\thttps:\/\/onclusive.com\/wp-content\/uploads\/2026\/02\/Reports-1.png 684w, \n\thttps:\/\/onclusive.com\/wp-content\/uploads\/2026\/02\/Reports-1.png 684w\"\n    class=\"lazyload not-svg\"\n    src=\"https:\/\/onclusive.com\/wp-content\/uploads\/2026\/02\/Reports-1-281x300.png\"\n\/>\n\n\n\n\n      \n    <\/div>\n  <\/div>\n  <div class=\"card--copy\">\n    <div class=\"card--copy--inner-wrapper\">\n      <div class=\"card_bg card_bg__\"><\/div>\n      <div class=\"feature-block-large__copy-wrapper\">\n                  <h3 class=\"feature_block_heading\">Informes y Gu\u00edas<\/h3> \n                          <div class=\"feature_block_copy\"><p><span style=\"font-weight: 400;\">Investigaci\u00f3n en profundidad y marcos pr\u00e1cticos para respaldar la planificaci\u00f3n y evaluaci\u00f3n estrat\u00e9gicas.<\/span><\/p>\n<p><span style=\"font-weight: 400;\">Accede a informes, benchmarks y gu\u00edas estrat\u00e9gicas para l\u00edderes de comunicaci\u00f3n y marketing que cubren el uso de datos, an\u00e1lisis y tecnolog\u00edas emergentes para informar la estrategia y demostrar el impacto.<\/span><\/p>\n<p><b>Ideal para<\/b><span style=\"font-weight: 400;\">:<br \/>\nPlanificaci\u00f3n estrat\u00e9gica, alineaci\u00f3n de liderazgo y planificaci\u00f3n de campa\u00f1as.<\/span><\/p>\n<\/div> \n              <\/div>\n      \n<a href=\"https:\/\/onclusive.com\/es\/recursos\/informes\/\" rel=\"noreferrer\" target=\"_blank\" class=\"button  button__page-link\">\n    Explorar Informes y Gu\u00edas    <svg   data-name=\"Layer 1\" xmlns=\"http:\/\/www.w3.org\/2000\/svg\" viewBox=\"0 0 16 16\"><polygon points=\"8 0 6.59 1.41 12.17 7 0 7 0 9 12.17 9 6.59 14.59 8 16 16 8 8 0\"\/><\/svg><\/a>\n    <\/div>\n  <\/div>\n  \n<\/div>      <\/div>\n<\/section>\n\n\n<section\n    class=\"block-fbl\">\n  <div class=\"block-fbl--inner-wrapper\">\n          <div class=\"card__feature-block card__feature-block__large\">\n  <div class=\"card--image\">\n    <div style=\"height: 90%; width: 90%; object-fit: contain; margin: 15px;\" class=\"card--image--inner-wrapper\">\n            \n      \n\n<img decoding=\"async\"\n\talt=\"\"\n    data-sizes=\"auto\"\n    data-src=\"https:\/\/onclusive.com\/wp-content\/uploads\/2026\/02\/Webinars-1-281x300.png\"\n    data-srcset=\"https:\/\/onclusive.com\/wp-content\/uploads\/2026\/02\/Webinars-1.png 684w,\n\thttps:\/\/onclusive.com\/wp-content\/uploads\/2026\/02\/Webinars-1.png 684w, \n\thttps:\/\/onclusive.com\/wp-content\/uploads\/2026\/02\/Webinars-1.png 684w\"\n    class=\"lazyload not-svg\"\n    src=\"https:\/\/onclusive.com\/wp-content\/uploads\/2026\/02\/Webinars-1-281x300.png\"\n\/>\n\n\n\n\n      \n    <\/div>\n  <\/div>\n  <div class=\"card--copy\">\n    <div class=\"card--copy--inner-wrapper\">\n      <div class=\"card_bg card_bg__\"><\/div>\n      <div class=\"feature-block-large__copy-wrapper\">\n                  <h3 class=\"feature_block_heading\">Webinars<\/h3> \n                          <div class=\"feature_block_copy\"><p><span style=\"font-weight: 400;\">Sesiones en vivo y bajo demanda con expertos del sector y especialistas de Onclusive. <\/span><\/p>\n<p><span style=\"font-weight: 400;\">Explora temas pr\u00e1cticos en comunicaci\u00f3n y marketing, con sesiones centradas en aplicar insights, an\u00e1lisis y mejores pr\u00e1cticas a desaf\u00edos reales de planificaci\u00f3n, ejecuci\u00f3n y medici\u00f3n.<\/span><\/p>\n<p><b>Ideal para<\/b><span style=\"font-weight: 400;\">:<br \/>\nAprendizaje aplicado, an\u00e1lisis de expertos y alineaci\u00f3n interfuncional.<\/span><\/p>\n<\/div> \n              <\/div>\n      \n<a href=\"https:\/\/onclusive.com\/es\/recursos\/forthcoming-webinars\/\" rel=\"noreferrer\" target=\"_blank\" class=\"button  button__page-link\">\n    Descubre Nuestros Webinars    <svg   data-name=\"Layer 1\" xmlns=\"http:\/\/www.w3.org\/2000\/svg\" viewBox=\"0 0 16 16\"><polygon points=\"8 0 6.59 1.41 12.17 7 0 7 0 9 12.17 9 6.59 14.59 8 16 16 8 8 0\"\/><\/svg><\/a>\n    <\/div>\n  <\/div>\n  \n<\/div>      <\/div>\n<\/section>\n\n\n<style>.block-fbl.flip-order .card__feature-block {\n    display: flex;\n    flex-direction: row !important;\n  }<\/style><section\n    class=\"block-fbl flip-order\">\n  <div class=\"block-fbl--inner-wrapper\">\n          <div class=\"card__feature-block card__feature-block__large flip-item\">\n  <div class=\"card--image\">\n    <div style=\"height: 90%; width: 90%; object-fit: contain; margin: 15px;\" class=\"card--image--inner-wrapper\">\n            \n      \n\n<img decoding=\"async\"\n\talt=\"\"\n    data-sizes=\"auto\"\n    data-src=\"https:\/\/onclusive.com\/wp-content\/uploads\/2026\/02\/Stories-281x300.png\"\n    data-srcset=\"https:\/\/onclusive.com\/wp-content\/uploads\/2026\/02\/Stories.png 684w,\n\thttps:\/\/onclusive.com\/wp-content\/uploads\/2026\/02\/Stories.png 684w, \n\thttps:\/\/onclusive.com\/wp-content\/uploads\/2026\/02\/Stories.png 684w\"\n    class=\"lazyload not-svg\"\n    src=\"https:\/\/onclusive.com\/wp-content\/uploads\/2026\/02\/Stories-281x300.png\"\n\/>\n\n\n\n\n      \n    <\/div>\n  <\/div>\n  <div class=\"card--copy\">\n    <div class=\"card--copy--inner-wrapper\">\n      <div class=\"card_bg card_bg__\"><\/div>\n      <div class=\"feature-block-large__copy-wrapper\">\n                  <h3 class=\"feature_block_heading\">Historias de clientes<\/h3> \n                          <div class=\"feature_block_copy\"><p><span style=\"font-weight: 400;\">Ejemplos reales de c\u00f3mo las organizaciones &#8211; desde marcas globales l\u00edderes hasta startups en crecimiento &#8211; utilizan Onclusive para demostrar y mejorar su valor. <\/span><\/p>\n<p><span style=\"font-weight: 400;\">Las historias de clientes muestran c\u00f3mo los equipos aprovechan nuestras herramientas y tecnolog\u00edas junto con nuestros expertos en medios, y el impacto medible que estas soluciones aportan.<\/span><\/p>\n<p><b>Ideal para:<\/b><span style=\"font-weight: 400;\"><br \/>\nPrueba real, casos de uso e impacto demostrado.<\/span><\/p>\n<\/div> \n              <\/div>\n      \n<a href=\"https:\/\/onclusive.com\/es\/recursos\/casos-de-exito\/\" rel=\"noreferrer\" target=\"_blank\" class=\"button  button__page-link\">\n    Escucha a nuestros clientes    <svg   data-name=\"Layer 1\" xmlns=\"http:\/\/www.w3.org\/2000\/svg\" viewBox=\"0 0 16 16\"><polygon points=\"8 0 6.59 1.41 12.17 7 0 7 0 9 12.17 9 6.59 14.59 8 16 16 8 8 0\"\/><\/svg><\/a>\n    <\/div>\n  <\/div>\n  \n<\/div>      <\/div>\n<\/section>\n\n\n<section\n    class=\"block-fbl\">\n  <div class=\"block-fbl--inner-wrapper\">\n          <div class=\"card__feature-block card__feature-block__large\">\n  <div class=\"card--image\">\n    <div style=\"height: 90%; width: 90%; object-fit: contain; margin: 15px;\" class=\"card--image--inner-wrapper\">\n            \n      \n\n<img decoding=\"async\"\n\talt=\"\"\n    data-sizes=\"auto\"\n    data-src=\"https:\/\/onclusive.com\/wp-content\/uploads\/2026\/02\/Toolkit-281x300.png\"\n    data-srcset=\"https:\/\/onclusive.com\/wp-content\/uploads\/2026\/02\/Toolkit.png 684w,\n\thttps:\/\/onclusive.com\/wp-content\/uploads\/2026\/02\/Toolkit.png 684w, \n\thttps:\/\/onclusive.com\/wp-content\/uploads\/2026\/02\/Toolkit.png 684w\"\n    class=\"lazyload not-svg\"\n    src=\"https:\/\/onclusive.com\/wp-content\/uploads\/2026\/02\/Toolkit-281x300.png\"\n\/>\n\n\n\n\n      \n    <\/div>\n  <\/div>\n  <div class=\"card--copy\">\n    <div class=\"card--copy--inner-wrapper\">\n      <div class=\"card_bg card_bg__\"><\/div>\n      <div class=\"feature-block-large__copy-wrapper\">\n                  <h3 class=\"feature_block_heading\">Kit de herramientas de Medici\u00f3n de RR.PP. y Comunicaci\u00f3n<\/h3> \n                          <div class=\"feature_block_copy\"><p><span style=\"font-weight: 400;\">Herramientas pr\u00e1cticas y orientaci\u00f3n para respaldar una medici\u00f3n y evaluaci\u00f3n efectivas de RRPP El Kit de herramientas de Medici\u00f3n de RRPP re\u00fane marcos, plantillas y an\u00e1lisis de expertos para ayudar a los equipos de RRPP, Comunicaci\u00f3n y Marketing a definir objetivos, medir el rendimiento y reportar el impacto con confianza.<\/span><\/p>\n<p><b>Ideal para:<br \/>\n<\/b><span style=\"font-weight: 400;\">Fortalecer marcos de medici\u00f3n, mejorar el reporting y demostrar el valor de la comunicaci\u00f3n<\/span><\/p>\n<\/div> \n              <\/div>\n      \n<a href=\"https:\/\/onclusive.com\/es\/recursos\/relaciones-publicas-y-comunicaciones-toolkit\/\" rel=\"noreferrer\" target=\"_blank\" class=\"button  button__page-link\">\n    Descargar el Kit de herramientas    <svg   data-name=\"Layer 1\" xmlns=\"http:\/\/www.w3.org\/2000\/svg\" viewBox=\"0 0 16 16\"><polygon points=\"8 0 6.59 1.41 12.17 7 0 7 0 9 12.17 9 6.59 14.59 8 16 16 8 8 0\"\/><\/svg><\/a>\n    <\/div>\n  <\/div>\n  \n<\/div>      <\/div>\n<\/section>\n\n\n\n    <section\n      id=\"enquiry\"      class=\"block-form bg__green_light\">\n      \n\n  <div class=\"form-content\">\n    <div class=\"form-content--inner-wrapper\">\n\n      \n              <div class=\"form-content--heading\">\n          <h3 class=\"block--form_heading\">Contacta con nosotros<\/h3> \n        <\/div>\n      \n      <div class=\"form-content--copy\">\n    \n        \n            <div class=\"block--copy\"><p>Si quieres m\u00e1s informaci\u00f3n sobre nuestras soluciones o pedir una demo, por favor completa el formulario a continuaci\u00f3n.<\/p>\n<\/div>\n\n        \n      <\/div>\n\n      \n              <div id=\"myFrame\" class=\"form-content--form  \"> \n          <script charset=\"utf-8\" type=\"text\/javascript\" src=\"\/\/js.hsforms.net\/forms\/embed\/v2.js\"><\/script>\r\n<script>\r\n  hbspt.forms.create({\r\n    portalId: \"42525281\",\r\n    formId: \"64871c98-d308-4b02-8e57-b0ffefda96b4\",\r\n    region: \"na1\"\r\n  });\r\n<\/script>        <\/div> \n          <\/div>\n  <\/div>\n\n    <\/section> \n  \n<style>\n\/* Dark Background Form Styling - Only applies when .bg__black class exists *\/\n.block-form.bg__black .hs-form label,\n.block-form.bg__black .hs-form legend,\n.block-form.bg__black .hs-form .hs-form-field > label {\n  color: #ffffff !important;\n}\n\n.block-form.bg__black .hs-form input[type=\"text\"],\n.block-form.bg__black .hs-form input[type=\"email\"],\n.block-form.bg__black .hs-form input[type=\"tel\"],\n.block-form.bg__black .hs-form input[type=\"number\"],\n.block-form.bg__black .hs-form select,\n.block-form.bg__black .hs-form textarea {\n  background-color: #ffffff !important;\n  color: #1e1e23 !important;\n  border-color: #ffffff !important;\n}\n\n.block-form.bg__black .hs-form input[type=\"submit\"],\n.block-form.bg__black .hs-form .hs-button,\n.block-form.bg__black .hs-form button[type=\"submit\"] {\n  background-color: #316446 !important;\n  color: #f0ebf0 !important;\n  border: none !important;\n  transition: all 0.3s ease !important;\n}\n\n.block-form.bg__black .hs-form input[type=\"submit\"]:hover,\n.block-form.bg__black .hs-form .hs-button:hover,\n.block-form.bg__black .hs-form button[type=\"submit\"]:hover {\n  background-color: #254d35 !important;\n  color: #01E55F !important;\n}\n\n.block-form.bg__black .hs-form input::placeholder,\n.block-form.bg__black .hs-form textarea::placeholder {\n  color: #999999 !important;\n}\n\n.block-form.bg__black .hs-form .hs-error-msgs label,\n.block-form.bg__black .hs-form .hs-error-msg {\n  color: #ff6b6b !important;\n}\n\n.block-form.bg__black .hs-form .hs-field-desc,\n.block-form.bg__black .hs-form .hs-richtext {\n  color: #cccccc !important;\n}\n<\/style>\n\n\n\n","protected":false},"excerpt":{"rendered":"","protected":false},"author":1,"featured_media":0,"parent":0,"menu_order":17,"comment_status":"closed","ping_status":"closed","template":"","meta":{"_acf_changed":true,"content-type":"","inline_featured_image":false,"footnotes":""},"region":[],"class_list":["post-5728","page","type-page","status-publish","hentry"],"acf":[],"_links":{"self":[{"href":"https:\/\/onclusive.com\/es\/wp-json\/wp\/v2\/pages\/5728","targetHints":{"allow":["GET"]}}],"collection":[{"href":"https:\/\/onclusive.com\/es\/wp-json\/wp\/v2\/pages"}],"about":[{"href":"https:\/\/onclusive.com\/es\/wp-json\/wp\/v2\/types\/page"}],"author":[{"embeddable":true,"href":"https:\/\/onclusive.com\/es\/wp-json\/wp\/v2\/users\/1"}],"replies":[{"embeddable":true,"href":"https:\/\/onclusive.com\/es\/wp-json\/wp\/v2\/comments?post=5728"}],"version-history":[{"count":0,"href":"https:\/\/onclusive.com\/es\/wp-json\/wp\/v2\/pages\/5728\/revisions"}],"wp:attachment":[{"href":"https:\/\/onclusive.com\/es\/wp-json\/wp\/v2\/media?parent=5728"}],"wp:term":[{"taxonomy":"region","embeddable":true,"href":"https:\/\/onclusive.com\/es\/wp-json\/wp\/v2\/region?post=5728"}],"curies":[{"name":"wp","href":"https:\/\/api.w.org\/{rel}","templated":true}]}}