{"id":74014,"date":"2025-11-07T16:29:11","date_gmt":"2025-11-07T16:29:11","guid":{"rendered":"https:\/\/newonclusivstg.wpengine.com\/expertise\/"},"modified":"2026-03-03T15:42:58","modified_gmt":"2026-03-03T15:42:58","slug":"experiencia","status":"publish","type":"page","link":"https:\/\/onclusive.com\/es\/experiencia\/","title":{"rendered":"Expertise"},"content":{"rendered":"<style>\n      \/* Hero Simple Image - Minimal CSS, reuse existing layout *\/\n      .hero-simple-layout .hero-simple-image-container {\n        display: flex;\n        align-items: center;\n        justify-content: flex-end;\n        width: 100%;\n        height: 100%;\n      }\n      \n      .hero-simple-layout .hero-simple-img {\n        max-width: 100%;\n        max-height: 500px;\n        width: auto;\n        height: auto;\n        object-fit: contain;\n      }\n      \n      \/* Mobile - reduce image height *\/\n      @media (max-width: 768px) {\n        .hero-simple-layout .hero-simple-img {\n          max-height: 350px;\n        }\n\t\t.hero-simple-image-container {\n\t\t  justify-content: center !important;\n\t\t}\n      }\n      \n      @media (max-width: 480px) {\n        .hero-simple-layout .hero-simple-img {\n          max-height: 250px;\n        }\n      }\n      <\/style><style>\n    \/* Hero Tag - Optional tag above title *\/\n    .hero-tag {\n      font-size: 12px;\n      font-weight: 600;\n      letter-spacing: 2px;\n      text-transform: uppercase;\n      margin-bottom: 15px;\n      display: block;\n      line-height: 1.4;\n\t  padding: 5px 2.5px;\n    }\n    \n    @media (max-width: 768px) {\n      .hero-tag {\n        font-size: 11px;\n        letter-spacing: 1.5px;\n        margin-bottom: 12px;\n      }\n    }\n    \n    @media (max-width: 480px) {\n      .hero-tag {\n        font-size: 10px;\n        letter-spacing: 1px;\n        margin-bottom: 10px;\n      }\n    }\n    <\/style>\n<style>\n\/**\n * Hero Background Overlay Styles\n *\/\n.hero-background-overlay {\n    position: absolute;\n    top: 0;\n    left: 0;\n    width: 100%;\n    height: 100%;\n    z-index: 1; \/* Above background image, below content *\/\n    pointer-events: none; \/* Allows clicks to pass through to content *\/\n}\n\n\/* Ensure hero section is positioned relative *\/\n.block-hero {\n    position: relative;\n}\n\n\/* Ensure content sits above overlay *\/\n.hero--content {\n    position: relative;\n    z-index: 2; \/* Above overlay *\/\n}\n\n\/* Ensure background image stays at bottom *\/\n.hero-background-image {\n    position: absolute;\n    z-index: 0; \/* Behind everything *\/\n}\n<\/style>\n\n<section\n    class=\"block-hero block-hero-full-bleed hero-simple-layout\">\n\n  \n          \n              <div class=\"hero_background_colour bg__mint_light hero_background_colour__left\"><\/div>\n                    <div class=\"hero_background_colour bg__mint_light hero_background_colour__right\"><\/div>\n      \n      \n          \n    \n    <div class=\"hero--content\">\n\n      <div class=\"hero--content--inner-wrapper\">\n\n                  <!-- NEW SIMPLE IMAGE: Replaces complex overlapping images -->\n          <div class=\"hero-foreground-images\">\n            <div class=\"hero-simple-image-container\">\n                            <img decoding=\"async\" \n                src=\"https:\/\/onclusive.com\/wp-content\/uploads\/2026\/02\/Expertise-1.png\" \n                alt=\"\"\n                class=\"hero-simple-img\"\n                loading=\"eager\">\n            <\/div>\n          <\/div>\n        \n        <div class=\"hero--copy\">\n\n          <!-- OPTIONAL HERO TAG - ONLY IF SET -->\n                      <div class=\"hero-tag\" style=\"color: #326446;\">\n              Elevado por las personas            <\/div>\n          \n                      <h1 class=\"hero_title\" style=\"color: #000000;\">\n                            <span class=\"hero_title_bold\">\n                Experiencia              <\/span>\n                                                      <\/h1> \n          \n                      <p class=\"hero_copy\" style=\"color: #000000;\">Descubra la experiencia que convierte la inteligencia en impacto.<\/p> \n          \n          \n        <\/div>\n\n      <\/div>\n\n    <\/div>\n\n    \n<\/section>\n\n\n<section class=\"block-benefits-section bg__Array layout-simple\">\n    <div class=\"benefits-section-inner\">\n\n                    <!-- Simple Layout: Full-width title -->\n                            <div class=\"benefits-title-wrapper\">\n                    <div class=\"benefits-title\">\n                        <p style=\"text-align: center;\">Nuestra experiencia se encuentra en la intersecci\u00f3n entre la tecnolog\u00eda avanzada de IA y el profundo conocimiento de los medios de comunicaci\u00f3n. Ayudamos a las organizaciones a comprender la cobertura medi\u00e1tica global, gestionar su reputaci\u00f3n y seleccionar la cobertura m\u00e1s relevante.<\/p>\n                    <\/div>\n                <\/div>\n            \n        \n        <!-- Benefits Grid -->\n                    <div class=\"benefits-grid\" data-columns=\"4\">\n                                    <div class=\"benefit-item icon-size-small\">\n                        \n                                                    <div class=\"benefit-icon\">\n                                <img decoding=\"async\" \n                                    src=\"https:\/\/onclusive.com\/wp-content\/uploads\/2026\/02\/psychology_100dp_5F6368_FILL0_wght400_GRAD0_opsz48-1.svg\" \n                                    alt=\"\"\n                                \/>\n                            <\/div>\n                        \n                                                    <h3 class=\"benefit-title\">Inteligencia dirigida por personas<\/h3>\n                        \n                                                    <p class=\"benefit-description\">An\u00e1lisis basado en IA, mejorado por expertos en medios de comunicaci\u00f3n que a\u00f1aden contexto, validaci\u00f3n y un conocimiento del sector en el que puede confiar.<\/p>\n                        \n                    <\/div>\n                                    <div class=\"benefit-item icon-size-small\">\n                        \n                                                    <div class=\"benefit-icon\">\n                                <img decoding=\"async\" \n                                    src=\"https:\/\/onclusive.com\/wp-content\/uploads\/2026\/02\/auto_awesome_mosaic_100dp_5F6368_FILL0_wght400_GRAD0_opsz48-1.svg\" \n                                    alt=\"\"\n                                \/>\n                            <\/div>\n                        \n                                                    <h3 class=\"benefit-title\">Dise\u00f1ado para la acci\u00f3n<\/h3>\n                        \n                                                    <p class=\"benefit-description\">Convertimos datos medi\u00e1ticos complejos en informaci\u00f3n y resultados claros y cre\u00edbles que los l\u00edderes pueden comprender y los equipos pueden poner en pr\u00e1ctica.<\/p>\n                        \n                    <\/div>\n                                    <div class=\"benefit-item icon-size-small\">\n                        \n                                                    <div class=\"benefit-icon\">\n                                <img decoding=\"async\" \n                                    src=\"https:\/\/onclusive.com\/wp-content\/uploads\/2026\/02\/handshake_100dp_5F6368_FILL0_wght400_GRAD0_opsz48-1-1.svg\" \n                                    alt=\"\"\n                                \/>\n                            <\/div>\n                        \n                                                    <h3 class=\"benefit-title\">Probado y de confianza<\/h3>\n                        \n                                                    <p class=\"benefit-description\">Basado en metodolog\u00edas y mejores pr\u00e1cticas est\u00e1ndar del sector, ofrece confianza, coherencia y credibilidad a gran escala.<\/p>\n                        \n                    <\/div>\n                                    <div class=\"benefit-item icon-size-small\">\n                        \n                                                    <div class=\"benefit-icon\">\n                                <img decoding=\"async\" \n                                    src=\"https:\/\/onclusive.com\/wp-content\/uploads\/2026\/02\/rebase_100dp_5F6368_FILL0_wght400_GRAD0_opsz48-1.svg\" \n                                    alt=\"\"\n                                \/>\n                            <\/div>\n                        \n                                                    <h3 class=\"benefit-title\">Flexible a sus necesidades<\/h3>\n                        \n                                                    <p class=\"benefit-description\">Desde resultados automatizados hasta an\u00e1lisis totalmente personalizados realizados por expertos, nuestra experiencia se adapta a sus objetivos, flujos de trabajo y partes interesadas.<\/p>\n                        \n                    <\/div>\n                            <\/div>\n        \n    <\/div>\n<\/section>\n\n\n<section class=\"block-cta-section bg__blue_dark layout-single\">\n    <div class=\"cta-section-inner\">\n\n                    \n            <!-- Single Column: Image first, then content -->\n            \n            <div class=\"cta-content-column\">\n                \n                \n                                    <div class=\"cta-text\">\n                        <h3><span style=\"color: #ffffff;\">Desde la informaci\u00f3n hasta la elaboraci\u00f3n de informes, la experiencia marca la diferencia. Descubra c\u00f3mo Onclusive satisface sus necesidades de inteligencia medi\u00e1tica.<\/span><\/h3>\n                    <\/div>\n                \n                                    <div class=\"cta-button-wrapper\">\n                        <a \n                            href=\"#enquiry\" \n                            class=\"cta-button button-green button__anchor-link\"\n                            target=\"_self\"\n                                                    >\n                            P\u00f3ngase en contacto con nosotros                        <\/a>\n                    <\/div>\n                \n            <\/div>\n\n        \n    <\/div>\n<\/section>\n\n<section\n    class=\"block-fbl\">\n  <div class=\"block-fbl--inner-wrapper\">\n          <div class=\"card__feature-block card__feature-block__large\">\n  <div class=\"card--image\">\n    <div style=\"height: 90%; width: 90%; object-fit: contain; margin: 15px;\" class=\"card--image--inner-wrapper\">\n            \n      \n\n<img decoding=\"async\"\n\talt=\"\"\n    data-sizes=\"auto\"\n    data-src=\"https:\/\/onclusive.com\/wp-content\/uploads\/2026\/02\/Insights-281x300.png\"\n    data-srcset=\"https:\/\/onclusive.com\/wp-content\/uploads\/2026\/02\/Insights.png 684w,\n\thttps:\/\/onclusive.com\/wp-content\/uploads\/2026\/02\/Insights.png 684w, \n\thttps:\/\/onclusive.com\/wp-content\/uploads\/2026\/02\/Insights.png 684w\"\n    class=\"lazyload not-svg\"\n    src=\"https:\/\/onclusive.com\/wp-content\/uploads\/2026\/02\/Insights-281x300.png\"\n\/>\n\n\n\n\n      \n    <\/div>\n  <\/div>\n  <div class=\"card--copy\">\n    <div class=\"card--copy--inner-wrapper\">\n      <div class=\"card_bg card_bg__\"><\/div>\n      <div class=\"feature-block-large__copy-wrapper\">\n                  <h3 class=\"feature_block_heading\">Informaci\u00f3n<\/h3> \n                          <div class=\"feature_block_copy\"><p><strong>Vaya m\u00e1s all\u00e1 de las m\u00e9tricas superficiales. Nuestra experiencia en informaci\u00f3n le ayuda a descubrir tendencias, medir el impacto y comprender lo que realmente significa su cobertura para su marca, su reputaci\u00f3n y su estrategia.<\/strong><\/p>\n<ul>\n<li style=\"font-weight: 400;\" aria-level=\"1\"><span style=\"font-weight: 400;\">Comprenda la reputaci\u00f3n, la opini\u00f3n y las narrativas de los medios de comunicaci\u00f3n.<\/span><\/li>\n<li style=\"font-weight: 400;\" aria-level=\"1\"><span style=\"font-weight: 400;\">Realice un seguimiento del impacto entre las partes interesadas, los competidores y las campa\u00f1as.<\/span><\/li>\n<li style=\"font-weight: 400;\" aria-level=\"1\"><span style=\"font-weight: 400;\">Anticipe los riesgos y los cambios en el panorama medi\u00e1tico.<\/span><\/li>\n<li style=\"font-weight: 400;\" aria-level=\"1\"><span style=\"font-weight: 400;\">Apoye la toma de decisiones estrat\u00e9gicas con an\u00e1lisis expertos.<\/span><\/li>\n<\/ul>\n<\/div> \n              <\/div>\n      \n<a href=\"https:\/\/onclusive.com\/es\/experiencia\/insights\/\" rel=\"noreferrer\" target=\"_blank\" class=\"button  button__page-link\">\n    Explore los conocimientos    <svg   data-name=\"Layer 1\" xmlns=\"http:\/\/www.w3.org\/2000\/svg\" viewBox=\"0 0 16 16\"><polygon points=\"8 0 6.59 1.41 12.17 7 0 7 0 9 12.17 9 6.59 14.59 8 16 16 8 8 0\"\/><\/svg><\/a>\n    <\/div>\n  <\/div>\n  \n<\/div>      <\/div>\n<\/section>\n\n\n<style>.block-fbl.flip-order .card__feature-block {\n    display: flex;\n    flex-direction: row !important;\n  }<\/style><section\n    class=\"block-fbl flip-order\">\n  <div class=\"block-fbl--inner-wrapper\">\n          <div class=\"card__feature-block card__feature-block__large flip-item\">\n  <div class=\"card--image\">\n    <div style=\"height: 90%; width: 90%; object-fit: contain; margin: 15px;\" class=\"card--image--inner-wrapper\">\n            \n      \n\n<img decoding=\"async\"\n\talt=\"\"\n    data-sizes=\"auto\"\n    data-src=\"https:\/\/onclusive.com\/wp-content\/uploads\/2026\/02\/Press-Reviews-281x300.png\"\n    data-srcset=\"https:\/\/onclusive.com\/wp-content\/uploads\/2026\/02\/Press-Reviews.png 684w,\n\thttps:\/\/onclusive.com\/wp-content\/uploads\/2026\/02\/Press-Reviews.png 684w, \n\thttps:\/\/onclusive.com\/wp-content\/uploads\/2026\/02\/Press-Reviews.png 684w\"\n    class=\"lazyload not-svg\"\n    src=\"https:\/\/onclusive.com\/wp-content\/uploads\/2026\/02\/Press-Reviews-281x300.png\"\n\/>\n\n\n\n\n      \n    <\/div>\n  <\/div>\n  <div class=\"card--copy\">\n    <div class=\"card--copy--inner-wrapper\">\n      <div class=\"card_bg card_bg__\"><\/div>\n      <div class=\"feature-block-large__copy-wrapper\">\n                  <h3 class=\"feature_block_heading\">Rese\u00f1as de prensa<\/h3> \n                          <div class=\"feature_block_copy\"><p><strong>Desde res\u00famenes diarios hasta res\u00famenes estrat\u00e9gicos, nuestras rese\u00f1as de prensa combinan la automatizaci\u00f3n inteligente con la supervisi\u00f3n editorial de expertos, lo que le permite obtener res\u00famenes de medios de comunicaci\u00f3n oportunos y personalizados en los que puede confiar.<\/strong><\/p>\n<ul>\n<li style=\"font-weight: 400;\" aria-level=\"1\"><span style=\"font-weight: 400;\">Ahorre tiempo con res\u00famenes de prensa concisos y f\u00e1ciles de leer.<\/span><\/li>\n<li style=\"font-weight: 400;\" aria-level=\"1\"><span style=\"font-weight: 400;\">Garantice la precisi\u00f3n gracias a res\u00famenes validados por personas.<\/span><\/li>\n<li style=\"font-weight: 400;\" aria-level=\"1\"><span style=\"font-weight: 400;\">C\u00e9ntrese en la cobertura que m\u00e1s importa.<\/span><\/li>\n<li style=\"font-weight: 400;\" aria-level=\"1\"><span style=\"font-weight: 400;\">Mantenga informadas a las partes interesadas con el m\u00ednimo esfuerzo.<\/span><\/li>\n<\/ul>\n<\/div> \n              <\/div>\n      \n<a href=\"https:\/\/onclusive.com\/es\/experiencia\/revista-de-prensa\/\" rel=\"noreferrer\" target=\"_blank\" class=\"button  button__page-link\">\n    Explore las rese\u00f1as de prensa    <svg   data-name=\"Layer 1\" xmlns=\"http:\/\/www.w3.org\/2000\/svg\" viewBox=\"0 0 16 16\"><polygon points=\"8 0 6.59 1.41 12.17 7 0 7 0 9 12.17 9 6.59 14.59 8 16 16 8 8 0\"\/><\/svg><\/a>\n    <\/div>\n  <\/div>\n  \n<\/div>      <\/div>\n<\/section>\n\n\n\n<section\n    class=\"block-testimonial-centered\"\n  >\n\n  <div class=\"block-testimonial-centered--inner-wrapper\">\n\n    \n      <div class=\"testimonial-centered-wrapper\">\n        \n        <button class=\"testi-centered-nav-btn js-carousel-button-prev\" aria-label=\"Previous testimonial\">\n          <svg   data-name=\"Layer 1\" xmlns=\"http:\/\/www.w3.org\/2000\/svg\" xmlns:xlink=\"http:\/\/www.w3.org\/1999\/xlink\" viewBox=\"0 0 16 16\"><defs><clipPath  ><polygon points=\"-201 132 -202.41 133.41 -196.83 139 -209 139 -209 141 -196.83 141 -202.41 146.59 -201 148 -193 140 -201 132\" fill=\"none\" clip-rule=\"evenodd\"\/><\/clipPath><clipPath  ><polygon points=\"-271 132 -269.59 133.41 -275.17 139 -263 139 -263 141 -275.17 141 -269.59 146.59 -271 148 -279 140 -271 132\" fill=\"none\" clip-rule=\"evenodd\"\/><\/clipPath><\/defs><polygon points=\"8 16 9.41 14.59 3.83 9 16 9 16 7 3.83 7 9.41 1.41 8 0 0 8 8 16\" fill=\"#f0ebf0\" fill-rule=\"evenodd\"\/><\/svg>        <\/button>\n\n        <div class=\"testimonial-centered--content\">\n          \n          <div class=\"js-testi-centered-slider testi-centered-slider\">\n            \n                          \n              <div class=\"testimonial-centered--slide\">\n                \n                                  <blockquote class=\"testimonial-centered--quote\">\u00ab[Con Onclusive] vamos m\u00e1s all\u00e1 del enfoque tradicional hacia las partes interesadas y asumimos un papel activo en la mejora de la rendici\u00f3n de cuentas y el aumento del valor a\u00f1adido de la UE\u00bb.<\/blockquote> \n                \n                <div class=\"testimonial-centered--author-info\">\n                                      <p class=\"testimonial-centered--author\">Portavoz del Tribunal de Cuentas Europeo<\/p> \n                  \n                  \n                                  <\/div>\n                \n              <\/div>\n            \n                          \n              <div class=\"testimonial-centered--slide\">\n                \n                                  <blockquote class=\"testimonial-centered--quote\">\u00abOnclusive es un socio respetado que nos ayuda a seguir respondiendo en un mundo en r\u00e1pida evoluci\u00f3n\u00bb.<\/blockquote> \n                \n                <div class=\"testimonial-centered--author-info\">\n                                      <p class=\"testimonial-centered--author\">Aviva<\/p> \n                  \n                                      <p class=\"testimonial-centered--author_position\">Responsable de reputaci\u00f3n global y salud de la marca<\/p> \n                  \n                                  <\/div>\n                \n              <\/div>\n            \n                          \n              <div class=\"testimonial-centered--slide\">\n                \n                                  <blockquote class=\"testimonial-centered--quote\">\u00abTrabajar con Onclusive nos ha proporcionado una valiosa claridad sobre c\u00f3mo nos perciben algunas de las audiencias m\u00e1s importantes de Heathrow, lo que nos ha permitido perfeccionar nuestra estrategia de comunicaci\u00f3n y tomar decisiones empresariales mejor informadas\u00bb.<\/blockquote> \n                \n                <div class=\"testimonial-centered--author-info\">\n                                      <p class=\"testimonial-centered--author\">Heathrow<\/p> \n                  \n                                      <p class=\"testimonial-centered--author_position\">Jefe de Comunicaciones Estrat\u00e9gicas y Pol\u00edticas<\/p> \n                  \n                                  <\/div>\n                \n              <\/div>\n            \n            \n          <\/div>\n\n        <\/div>\n\n        <button class=\"testi-centered-nav-btn js-carousel-button-next\" aria-label=\"Next testimonial\">\n          <svg   data-name=\"Layer 1\" xmlns=\"http:\/\/www.w3.org\/2000\/svg\" xmlns:xlink=\"http:\/\/www.w3.org\/1999\/xlink\" viewBox=\"0 0 16 16\"><defs><clipPath><polygon points=\"-201 90 -202.41 91.41 -196.83 97 -209 97 -209 99 -196.83 99 -202.41 104.59 -201 106 -193 98 -201 90\" fill=\"none\" clip-rule=\"evenodd\"\/><\/clipPath><clipPath><polygon points=\"-271 90 -269.59 91.41 -275.17 97 -263 97 -263 99 -275.17 99 -269.59 104.59 -271 106 -279 98 -271 90\" fill=\"none\" clip-rule=\"evenodd\"\/><\/clipPath><\/defs><polygon points=\"8 0 6.59 1.41 12.17 7 0 7 0 9 12.17 9 6.59 14.59 8 16 16 8 8 0\" fill=\"#f0ebf0\" fill-rule=\"evenodd\"\/><\/svg>        <\/button>\n\n      <\/div>\n\n      <!-- Pagination counter - ALWAYS BELOW -->\n      <div class=\"testimonial-centered--pagination\">\n        <span class=\"pagination-counter\"><span class=\"current-slide\">1<\/span>\/<span class=\"total-slides\">3<\/span><\/span>\n      <\/div>\n\n    \n  <\/div>\n\n<\/section> \n\n\n\n\n\n    <section\n      id=\"enquiry\"      class=\"block-form bg__green_light\">\n      \n\n  <div class=\"form-content\">\n    <div class=\"form-content--inner-wrapper\">\n\n      \n              <div class=\"form-content--heading\">\n          <h3 class=\"block--form_heading\">Contacta con nosotros<\/h3> \n        <\/div>\n      \n      <div class=\"form-content--copy\">\n    \n        \n            <div class=\"block--copy\"><p>Si quieres m\u00e1s informaci\u00f3n sobre nuestras soluciones o pedir una demo, por favor completa el formulario a continuaci\u00f3n.<\/p>\n<\/div>\n\n        \n      <\/div>\n\n      \n              <div id=\"myFrame\" class=\"form-content--form  \"> \n          <script charset=\"utf-8\" type=\"text\/javascript\" src=\"\/\/js.hsforms.net\/forms\/embed\/v2.js\"><\/script>\r\n<script>\r\n  hbspt.forms.create({\r\n    portalId: \"42525281\",\r\n    formId: \"64871c98-d308-4b02-8e57-b0ffefda96b4\",\r\n    region: \"na1\"\r\n  });\r\n<\/script>        <\/div> \n          <\/div>\n  <\/div>\n\n    <\/section> \n  \n<style>\n\/* Dark Background Form Styling - Only applies when .bg__black class exists *\/\n.block-form.bg__black .hs-form label,\n.block-form.bg__black .hs-form legend,\n.block-form.bg__black .hs-form .hs-form-field > label {\n  color: #ffffff !important;\n}\n\n.block-form.bg__black .hs-form input[type=\"text\"],\n.block-form.bg__black .hs-form input[type=\"email\"],\n.block-form.bg__black .hs-form input[type=\"tel\"],\n.block-form.bg__black .hs-form input[type=\"number\"],\n.block-form.bg__black .hs-form select,\n.block-form.bg__black .hs-form textarea {\n  background-color: #ffffff !important;\n  color: #1e1e23 !important;\n  border-color: #ffffff !important;\n}\n\n.block-form.bg__black .hs-form input[type=\"submit\"],\n.block-form.bg__black .hs-form .hs-button,\n.block-form.bg__black .hs-form button[type=\"submit\"] {\n  background-color: #316446 !important;\n  color: #f0ebf0 !important;\n  border: none !important;\n  transition: all 0.3s ease !important;\n}\n\n.block-form.bg__black .hs-form input[type=\"submit\"]:hover,\n.block-form.bg__black .hs-form .hs-button:hover,\n.block-form.bg__black .hs-form button[type=\"submit\"]:hover {\n  background-color: #254d35 !important;\n  color: #01E55F !important;\n}\n\n.block-form.bg__black .hs-form input::placeholder,\n.block-form.bg__black .hs-form textarea::placeholder {\n  color: #999999 !important;\n}\n\n.block-form.bg__black .hs-form .hs-error-msgs label,\n.block-form.bg__black .hs-form .hs-error-msg {\n  color: #ff6b6b !important;\n}\n\n.block-form.bg__black .hs-form .hs-field-desc,\n.block-form.bg__black .hs-form .hs-richtext {\n  color: #cccccc !important;\n}\n<\/style>\n\n\n\n","protected":false},"excerpt":{"rendered":"","protected":false},"author":32,"featured_media":0,"parent":0,"menu_order":5,"comment_status":"closed","ping_status":"closed","template":"","meta":{"_acf_changed":false,"content-type":"","inline_featured_image":false,"footnotes":""},"region":[],"class_list":["post-74014","page","type-page","status-publish","hentry"],"acf":[],"_links":{"self":[{"href":"https:\/\/onclusive.com\/es\/wp-json\/wp\/v2\/pages\/74014","targetHints":{"allow":["GET"]}}],"collection":[{"href":"https:\/\/onclusive.com\/es\/wp-json\/wp\/v2\/pages"}],"about":[{"href":"https:\/\/onclusive.com\/es\/wp-json\/wp\/v2\/types\/page"}],"author":[{"embeddable":true,"href":"https:\/\/onclusive.com\/es\/wp-json\/wp\/v2\/users\/32"}],"replies":[{"embeddable":true,"href":"https:\/\/onclusive.com\/es\/wp-json\/wp\/v2\/comments?post=74014"}],"version-history":[{"count":2,"href":"https:\/\/onclusive.com\/es\/wp-json\/wp\/v2\/pages\/74014\/revisions"}],"predecessor-version":[{"id":85659,"href":"https:\/\/onclusive.com\/es\/wp-json\/wp\/v2\/pages\/74014\/revisions\/85659"}],"wp:attachment":[{"href":"https:\/\/onclusive.com\/es\/wp-json\/wp\/v2\/media?parent=74014"}],"wp:term":[{"taxonomy":"region","embeddable":true,"href":"https:\/\/onclusive.com\/es\/wp-json\/wp\/v2\/region?post=74014"}],"curies":[{"name":"wp","href":"https:\/\/api.w.org\/{rel}","templated":true}]}}