{"id":3583,"date":"2022-01-20T17:09:47","date_gmt":"2022-01-20T17:09:47","guid":{"rendered":"https:\/\/newonclusive.wpengine.com\/careers\/"},"modified":"2026-02-20T17:39:04","modified_gmt":"2026-02-20T17:39:04","slug":"carrieres","status":"publish","type":"page","link":"https:\/\/onclusive.com\/fr\/qui-sommes-nous\/carrieres\/","title":{"rendered":"Carri\u00e8res"},"content":{"rendered":"<style>\n    \/* Hero Tag - Optional tag above title *\/\n    .hero-tag {\n      font-size: 12px;\n      font-weight: 600;\n      letter-spacing: 2px;\n      text-transform: uppercase;\n      margin-bottom: 15px;\n      display: block;\n      line-height: 1.4;\n\t  padding: 5px 2.5px;\n    }\n    \n    @media (max-width: 768px) {\n      .hero-tag {\n        font-size: 11px;\n        letter-spacing: 1.5px;\n        margin-bottom: 12px;\n      }\n    }\n    \n    @media (max-width: 480px) {\n      .hero-tag {\n        font-size: 10px;\n        letter-spacing: 1px;\n        margin-bottom: 10px;\n      }\n    }\n    <\/style>\n<style>\n\/**\n * Hero Background Overlay Styles\n *\/\n.hero-background-overlay {\n    position: absolute;\n    top: 0;\n    left: 0;\n    width: 100%;\n    height: 100%;\n    z-index: 1; \/* Above background image, below content *\/\n    pointer-events: none; \/* Allows clicks to pass through to content *\/\n}\n\n\/* Ensure hero section is positioned relative *\/\n.block-hero {\n    position: relative;\n}\n\n\/* Ensure content sits above overlay *\/\n.hero--content {\n    position: relative;\n    z-index: 2; \/* Above overlay *\/\n}\n\n\/* Ensure background image stays at bottom *\/\n.hero-background-image {\n    position: absolute;\n    z-index: 0; \/* Behind everything *\/\n}\n<\/style>\n\n<section\n    class=\"block-hero block-hero-full-bleed \">\n\n  \n                  <div class=\"hero-background-image hero-background-image__full-bleed\">\n          \n<div class=\"lazyload background-image\" \tdata-bg-mobile \t= \"https:\/\/onclusive.com\/wp-content\/uploads\/2022\/02\/Our-company_Careers-1024x512.jpg\"\n\tdata-bg-tablet \t= \"https:\/\/onclusive.com\/wp-content\/uploads\/2022\/02\/Our-company_Careers-1200x600.jpg\"\n\tdata-bg-desktop = \"https:\/\/onclusive.com\/wp-content\/uploads\/2022\/02\/Our-company_Careers.jpg\"\n\tdata-bg-super \t= \"https:\/\/onclusive.com\/wp-content\/uploads\/2022\/02\/Our-company_Careers.jpg\"\n\tdata-expand=\"700\"\n\tstyle=\"background-image: url('https:\/\/onclusive.com\/wp-content\/uploads\/2022\/02\/Our-company_Careers-1024x512.jpg');\"\n><\/div>        <\/div>\n\n          \n    \n    <div class=\"hero--content\">\n\n      <div class=\"hero--content--inner-wrapper\">\n\n                  <!-- ORIGINAL COMPLEX IMAGES -->\n          <div class=\"hero-foreground-images\">\n\n                                      \n                        <div class=\"img-wrapper ratio-1-1 image-is-foreground\">\n\t\n\n<img decoding=\"async\"\n\talt=\"Graphic\"\n    data-sizes=\"auto\"\n    data-src=\"https:\/\/onclusive.com\/wp-content\/uploads\/2022\/02\/Our-company_Careers.svg\"\n    data-srcset=\"https:\/\/onclusive.com\/wp-content\/uploads\/2022\/02\/Our-company_Careers.svg 1w,\n\thttps:\/\/onclusive.com\/wp-content\/uploads\/2022\/02\/Our-company_Careers.svg 1w, \n\thttps:\/\/onclusive.com\/wp-content\/uploads\/2022\/02\/Our-company_Careers.svg 1w\"\n    class=\"lazyload is-svg\"\n    src=\"https:\/\/onclusive.com\/wp-content\/uploads\/2022\/02\/Our-company_Careers.svg\"\n\/>\n\n\n\n\n<\/div>          <\/div>\n        \n        <div class=\"hero--copy\">\n\n          <!-- OPTIONAL HERO TAG - ONLY IF SET -->\n          \n                      <h1 class=\"hero_title\" >\n                            <span class=\"hero_title_bold\">\n                Carri\u00e8res              <\/span>\n                <br\/>                                          Ensemble vers le succ\u00e8s             \n                        <\/h1> \n          \n          \n          \n        <\/div>\n\n      <\/div>\n\n    <\/div>\n\n    \n<\/section>\n\n\n<section\n    class=\"o-wrapper block-statement js-block-statement\">\n\n              <div class=\"block-statement--inner-wrapper\">\n          <h2 class=\"statement-block--statement\">Chez Onclusive, nous travaillons en v\u00e9ritable partenariat avec nos clients pour les mener \u00e0 la r\u00e9ussite gr\u00e2ce \u00e0 nos technologies, insights et expertises humaines. Nous valorisons le travail des professionnels de la communication et des relations publiques au plus haut niveau gr\u00e2ce \u00e0 une alchimie parfaite entre les hommes, les solutions et les contenus. <br \/>\r\n<br \/>\r\nNos collaborateurs sont parmi les plus talentueux dans le domaine de la veille et de la mesure appliqu\u00e9es aux m\u00e9dias et \u00e0 la communication. Ils travaillent en \u00e9troite collaboration avec nos clients afin de les comprendre et de les soutenir, que ce soit \u00e0 travers le service offert, les technologies mises en \u0153uvre de bout en bout, ou l&rsquo;identification d\u2019insights in\u00e9dits pour optimiser leurs strat\u00e9gies de communication. <br \/>\r\n<br \/>\r\nChaque membre de notre \u00e9quipe se concentre sur les r\u00e9sultats et la valeur apport\u00e9e \u00e0 nos clients chaque jour. Travailler en \u00e9quipe nous permet d&rsquo;en apprendre toujours plus, d&rsquo;\u00e9largir nos connaissances, d&rsquo;explorer les opportunit\u00e9s et de trouver de nouvelles r\u00e9ponses. Nous gardons constamment un \u0153il sur l&rsquo;avenir en restant agiles et en repoussant les limites pour stimuler le progr\u00e8s.<br \/>\r\n<br \/>\r\nSi vous pensez pouvoir jouer un r\u00f4le dans la communication de demain et la concr\u00e9tisation de nos ambitions et convictions, lisez ce qui suit.<br \/>\r\n<br \/>\r\n<\/h2> \n        <\/div>\n      \n<\/section> \n\n\n\n\n<section\n    class=\"block-fbl\">\n  <div class=\"block-fbl--inner-wrapper\">\n          <div class=\"card__feature-block card__feature-block__large\">\n  <div class=\"card--image\">\n    <div style=\"height: 90%; width: 90%; object-fit: contain; margin: 15px;\" class=\"card--image--inner-wrapper\">\n            \n      \n\n<img decoding=\"async\"\n\talt=\"Woman Smiling at Laptop\"\n    data-sizes=\"auto\"\n    data-src=\"https:\/\/onclusive.com\/wp-content\/uploads\/2022\/02\/Our-company_Careers_Hybrid-work-300x300.jpg\"\n    data-srcset=\"https:\/\/onclusive.com\/wp-content\/uploads\/2022\/02\/Our-company_Careers_Hybrid-work.jpg 800w,\n\thttps:\/\/onclusive.com\/wp-content\/uploads\/2022\/02\/Our-company_Careers_Hybrid-work.jpg 800w, \n\thttps:\/\/onclusive.com\/wp-content\/uploads\/2022\/02\/Our-company_Careers_Hybrid-work.jpg 800w\"\n    class=\"lazyload not-svg\"\n    src=\"https:\/\/onclusive.com\/wp-content\/uploads\/2022\/02\/Our-company_Careers_Hybrid-work-300x300.jpg\"\n\/>\n\n\n\n\n      \n    <\/div>\n  <\/div>\n  <div class=\"card--copy\">\n    <div class=\"card--copy--inner-wrapper\">\n      <div class=\"card_bg card_bg__\"><\/div>\n      <div class=\"feature-block-large__copy-wrapper\">\n                  <h3 class=\"feature_block_heading\">Le travail hybride<\/h3> \n                          <div class=\"feature_block_copy\"><p><span style=\"font-weight: 400;\">Nous savons l&rsquo;importance de trouver un \u00e9quilibre entre la vie professionnelle et la vie priv\u00e9e, et nous voulons votre bonheur pour que vous puissiez toujours donner le meilleur de vous-m\u00eame. C&rsquo;est pourquoi nous proposons un syst\u00e8me de travail hybride adapt\u00e9 aux al\u00e9as de la vie.\u00a0<\/span><\/p>\n<p>&nbsp;<\/p>\n<\/div> \n              <\/div>\n          <\/div>\n  <\/div>\n  \n<\/div><div class=\"card__feature-block card__feature-block__large\">\n  <div class=\"card--image\">\n    <div style=\"height: 90%; width: 90%; object-fit: contain; margin: 15px;\" class=\"card--image--inner-wrapper\">\n            \n      \n\n<img decoding=\"async\"\n\talt=\"Man and Woman Talk\"\n    data-sizes=\"auto\"\n    data-src=\"https:\/\/onclusive.com\/wp-content\/uploads\/2022\/02\/Our-company_Careers_Diversity-and-inclusion-300x300.jpg\"\n    data-srcset=\"https:\/\/onclusive.com\/wp-content\/uploads\/2022\/02\/Our-company_Careers_Diversity-and-inclusion.jpg 800w,\n\thttps:\/\/onclusive.com\/wp-content\/uploads\/2022\/02\/Our-company_Careers_Diversity-and-inclusion.jpg 800w, \n\thttps:\/\/onclusive.com\/wp-content\/uploads\/2022\/02\/Our-company_Careers_Diversity-and-inclusion.jpg 800w\"\n    class=\"lazyload not-svg\"\n    src=\"https:\/\/onclusive.com\/wp-content\/uploads\/2022\/02\/Our-company_Careers_Diversity-and-inclusion-300x300.jpg\"\n\/>\n\n\n\n\n      \n    <\/div>\n  <\/div>\n  <div class=\"card--copy\">\n    <div class=\"card--copy--inner-wrapper\">\n      <div class=\"card_bg card_bg__\"><\/div>\n      <div class=\"feature-block-large__copy-wrapper\">\n                  <h3 class=\"feature_block_heading\">Diversit\u00e9 et inclusion<\/h3> \n                          <div class=\"feature_block_copy\"><p><span style=\"font-weight: 400;\">Nous croyons en la cr\u00e9ation d&rsquo;un environnement de travail inclusif o\u00f9 nos collaborateurs peuvent grandir et s&rsquo;\u00e9panouir \u00e0 leur mani\u00e8re. La promotion d&rsquo;une culture interne fond\u00e9e sur les exp\u00e9riences uniques et partag\u00e9es de nos collaborateurs est essentielle pour garantir la r\u00e9ussite de nos clients et la prosp\u00e9rit\u00e9 future de notre entreprise et de nos partenariats.<\/span><\/p>\n<\/div> \n              <\/div>\n          <\/div>\n  <\/div>\n  \n<\/div><div class=\"card__feature-block card__feature-block__large\">\n  <div class=\"card--image\">\n    <div style=\"height: 90%; width: 90%; object-fit: contain; margin: 15px;\" class=\"card--image--inner-wrapper\">\n            \n            \n    <\/div>\n  <\/div>\n  <div class=\"card--copy\">\n    <div class=\"card--copy--inner-wrapper\">\n      <div class=\"card_bg card_bg__\"><\/div>\n      <div class=\"feature-block-large__copy-wrapper\">\n                  <h3 class=\"feature_block_heading\">Parit\u00e9<\/h3> \n                          <div class=\"feature_block_copy\"><div><\/div>\n<div>\n<p class=\"x_MsoNormal\"><span class=\"x_contentpasted2\"><span class=\"ContentPasted0\">En 2024, Onclusive France d\u00e9clare un index sur<\/span><\/span><span class=\"x_contentpasted3\"><span class=\"ContentPasted0\">\u00a0l\u2019\u00e9galit\u00e9 femmes-hommes\u00a0<\/span><\/span><span class=\"x_contentpasted2\"><span class=\"ContentPasted0\">de 96\/100, avec le maximum de points pour les 3 derniers indicateurs :<\/span><\/span><\/p>\n<ul type=\"disc\">\n<li class=\"x_xmsonormal\">Indicateur \u00e9cart de r\u00e9mun\u00e9rations : 36<\/li>\n<li class=\"x_xmsonormal\">Indicateur \u00e9cart de taux d&rsquo;augmentation : 20<\/li>\n<li class=\"x_xmsonormal\">Indicateur \u00e9cart de taux de promotion : 15<\/li>\n<li class=\"x_xmsonormal\">Indicateur retour de cong\u00e9s maternit\u00e9 : 15<\/li>\n<li class=\"x_xmsonormal\">Indicateur hautes r\u00e9mun\u00e9rations : 10<\/li>\n<\/ul>\n<\/div>\n<\/div> \n              <\/div>\n          <\/div>\n  <\/div>\n  \n<\/div>      <\/div>\n<\/section>\n\n\n\n<section\n    class=\"block-cta block-colour-bg__grey\">\n\n    <div class=\"cta--inner-wrapper\">\n      \n              <div class=\"cta--bg-image\">\n          \n<div class=\"lazyload background-image\" \tdata-bg-mobile \t= \"https:\/\/onclusive.com\/wp-content\/uploads\/2022\/02\/Our-company_Contact-us_Lets-work-together.svg\"\n\tdata-bg-tablet \t= \"https:\/\/onclusive.com\/wp-content\/uploads\/2022\/02\/Our-company_Contact-us_Lets-work-together.svg\"\n\tdata-bg-desktop = \"https:\/\/onclusive.com\/wp-content\/uploads\/2022\/02\/Our-company_Contact-us_Lets-work-together.svg\"\n\tdata-bg-super \t= \"https:\/\/onclusive.com\/wp-content\/uploads\/2022\/02\/Our-company_Contact-us_Lets-work-together.svg\"\n\tdata-expand=\"700\"\n\tstyle=\"background-image: url('https:\/\/onclusive.com\/wp-content\/uploads\/2022\/02\/Our-company_Contact-us_Lets-work-together.svg');\"\n><\/div>        <\/div>\n           \n      <div class=\"cta--content\">\n                  <h4 class=\"cta-heading\">Travaillons ensemble.\r\n<\/h4> \n        \n        \n<a href=\"https:\/\/www.linkedin.com\/company\/onclusive\/jobs\/\" target=\"_self\" class=\"button button__large button__page-link\" rel=\"noopener\">\n    Consultez nos offres d&#8217;emplois    <svg   data-name=\"Layer 1\" xmlns=\"http:\/\/www.w3.org\/2000\/svg\" viewBox=\"0 0 16 16\"><polygon points=\"8 0 6.59 1.41 12.17 7 0 7 0 9 12.17 9 6.59 14.59 8 16 16 8 8 0\"\/><\/svg><\/a>\n      <\/div> \n    <\/div>\n\n<\/section> \n\n\n","protected":false},"excerpt":{"rendered":"","protected":false},"author":1,"featured_media":0,"parent":82755,"menu_order":3,"comment_status":"closed","ping_status":"closed","template":"","meta":{"_acf_changed":false,"content-type":"","inline_featured_image":false,"footnotes":""},"region":[],"class_list":["post-3583","page","type-page","status-publish","hentry"],"acf":[],"_links":{"self":[{"href":"https:\/\/onclusive.com\/fr\/wp-json\/wp\/v2\/pages\/3583","targetHints":{"allow":["GET"]}}],"collection":[{"href":"https:\/\/onclusive.com\/fr\/wp-json\/wp\/v2\/pages"}],"about":[{"href":"https:\/\/onclusive.com\/fr\/wp-json\/wp\/v2\/types\/page"}],"author":[{"embeddable":true,"href":"https:\/\/onclusive.com\/fr\/wp-json\/wp\/v2\/users\/1"}],"replies":[{"embeddable":true,"href":"https:\/\/onclusive.com\/fr\/wp-json\/wp\/v2\/comments?post=3583"}],"version-history":[{"count":1,"href":"https:\/\/onclusive.com\/fr\/wp-json\/wp\/v2\/pages\/3583\/revisions"}],"predecessor-version":[{"id":83489,"href":"https:\/\/onclusive.com\/fr\/wp-json\/wp\/v2\/pages\/3583\/revisions\/83489"}],"up":[{"embeddable":true,"href":"https:\/\/onclusive.com\/fr\/wp-json\/wp\/v2\/pages\/82755"}],"wp:attachment":[{"href":"https:\/\/onclusive.com\/fr\/wp-json\/wp\/v2\/media?parent=3583"}],"wp:term":[{"taxonomy":"region","embeddable":true,"href":"https:\/\/onclusive.com\/fr\/wp-json\/wp\/v2\/region?post=3583"}],"curies":[{"name":"wp","href":"https:\/\/api.w.org\/{rel}","templated":true}]}}