{"id":5726,"date":"2022-01-20T16:59:33","date_gmt":"2022-01-20T16:59:38","guid":{"rendered":"https:\/\/newonclusive.wpengine.com\/resources\/"},"modified":"2026-02-27T17:04:01","modified_gmt":"2026-02-27T17:04:01","slug":"ressources","status":"publish","type":"page","link":"https:\/\/onclusive.com\/fr\/ressources\/","title":{"rendered":"Resources"},"content":{"rendered":"<style>\n      \/* Hero Simple Image - Minimal CSS, reuse existing layout *\/\n      .hero-simple-layout .hero-simple-image-container {\n        display: flex;\n        align-items: center;\n        justify-content: flex-end;\n        width: 100%;\n        height: 100%;\n      }\n      \n      .hero-simple-layout .hero-simple-img {\n        max-width: 100%;\n        max-height: 500px;\n        width: auto;\n        height: auto;\n        object-fit: contain;\n      }\n      \n      \/* Mobile - reduce image height *\/\n      @media (max-width: 768px) {\n        .hero-simple-layout .hero-simple-img {\n          max-height: 350px;\n        }\n\t\t.hero-simple-image-container {\n\t\t  justify-content: center !important;\n\t\t}\n      }\n      \n      @media (max-width: 480px) {\n        .hero-simple-layout .hero-simple-img {\n          max-height: 250px;\n        }\n      }\n      <\/style><style>\n    \/* Hero Tag - Optional tag above title *\/\n    .hero-tag {\n      font-size: 12px;\n      font-weight: 600;\n      letter-spacing: 2px;\n      text-transform: uppercase;\n      margin-bottom: 15px;\n      display: block;\n      line-height: 1.4;\n\t  padding: 5px 2.5px;\n    }\n    \n    @media (max-width: 768px) {\n      .hero-tag {\n        font-size: 11px;\n        letter-spacing: 1.5px;\n        margin-bottom: 12px;\n      }\n    }\n    \n    @media (max-width: 480px) {\n      .hero-tag {\n        font-size: 10px;\n        letter-spacing: 1px;\n        margin-bottom: 10px;\n      }\n    }\n    <\/style>\n<style>\n\/**\n * Hero Background Overlay Styles\n *\/\n.hero-background-overlay {\n    position: absolute;\n    top: 0;\n    left: 0;\n    width: 100%;\n    height: 100%;\n    z-index: 1; \/* Above background image, below content *\/\n    pointer-events: none; \/* Allows clicks to pass through to content *\/\n}\n\n\/* Ensure hero section is positioned relative *\/\n.block-hero {\n    position: relative;\n}\n\n\/* Ensure content sits above overlay *\/\n.hero--content {\n    position: relative;\n    z-index: 2; \/* Above overlay *\/\n}\n\n\/* Ensure background image stays at bottom *\/\n.hero-background-image {\n    position: absolute;\n    z-index: 0; \/* Behind everything *\/\n}\n<\/style>\n\n<section\n    class=\"block-hero block-hero-full-bleed hero-simple-layout\">\n\n  \n          \n              <div class=\"hero_background_colour bg__mint_light hero_background_colour__left\"><\/div>\n                    <div class=\"hero_background_colour bg__mint_light hero_background_colour__right\"><\/div>\n      \n      \n          \n    \n    <div class=\"hero--content\">\n\n      <div class=\"hero--content--inner-wrapper\">\n\n                  <!-- NEW SIMPLE IMAGE: Replaces complex overlapping images -->\n          <div class=\"hero-foreground-images\">\n            <div class=\"hero-simple-image-container\">\n                            <img decoding=\"async\" \n                src=\"https:\/\/onclusive.com\/wp-content\/uploads\/2026\/02\/Resources.png\" \n                alt=\"\"\n                class=\"hero-simple-img\"\n                loading=\"eager\">\n            <\/div>\n          <\/div>\n        \n        <div class=\"hero--copy\">\n\n          <!-- OPTIONAL HERO TAG - ONLY IF SET -->\n          \n                      <h1 class=\"hero_title\" style=\"color: #000000;\">\n                            <span class=\"hero_title_bold\">\n                Ressources              <\/span>\n                                                      <\/h1> \n          \n                      <p class=\"hero_copy\" style=\"color: #000000;\">Explorez des analyses d&#039;experts, des \u00e9tudes et des t\u00e9moignages concrets pour vous aider \u00e0 d\u00e9montrer et am\u00e9liorer votre impact.<\/p> \n          \n          \n        <\/div>\n\n      <\/div>\n\n    <\/div>\n\n    \n<\/section>\n\n\n<section\n    class=\"block-pcon\">\n\n      \n\t\t\t<div class=\"post_content--wrapper\">\n\t\t\t\t<div class=\"post_content--copy  force_full_width  \">\n\t\t\t\t\t<div class=\"post_content--copy-inner-wrapper\">\n\n\n\t\t\t\t\t\t\t\t\t\t\t\t\t<div class=\"post_content-copy-wrapper\">\n\t\t\t\t\t\t\t\t\t\t\t\t\t\t\t  \t\t<p style=\"text-align: center;\">Le Hub Ressources d\u2019Onclusive rassemble leadership d\u2019opinion, \u00e9tudes et conseils pratiques pour les professionnels des RP, de la communication et du marketing. Des rapports strat\u00e9giques aux t\u00e9moignages clients et aux webinars, vous y trouverez des contenus fiables pour soutenir votre planification media, l\u2019ex\u00e9cution de vos campagnes et une mesure plus pertinente.<\/p>\n \n\t\t\t\t\t\t\t\t\t\t\t\t\t\t\t<\/div>\n\t\t\t\t\t\t\n\t\t\t\t\t\t\n\t\t\t\t\t\t\n\t\t\t\t\t<\/div>\n\t\t\t\t<\/div>\n\t\t\t<\/div>\n\n\t\t\n<\/section> \n\n\n\n\n<section\n    class=\"block-fbl\">\n  <div class=\"block-fbl--inner-wrapper\">\n          <div class=\"card__feature-block card__feature-block__large\">\n  <div class=\"card--image\">\n    <div style=\"height: 90%; width: 90%; object-fit: contain; margin: 15px;\" class=\"card--image--inner-wrapper\">\n            \n      \n\n<img decoding=\"async\"\n\talt=\"\"\n    data-sizes=\"auto\"\n    data-src=\"https:\/\/onclusive.com\/wp-content\/uploads\/2026\/02\/Blog-281x300.png\"\n    data-srcset=\"https:\/\/onclusive.com\/wp-content\/uploads\/2026\/02\/Blog-1200x1280.png 1200w,\n\thttps:\/\/onclusive.com\/wp-content\/uploads\/2026\/02\/Blog-1024x1092.png 1024w, \n\thttps:\/\/onclusive.com\/wp-content\/uploads\/2026\/02\/Blog.png 1367w\"\n    class=\"lazyload not-svg\"\n    src=\"https:\/\/onclusive.com\/wp-content\/uploads\/2026\/02\/Blog-281x300.png\"\n\/>\n\n\n\n\n      \n    <\/div>\n  <\/div>\n  <div class=\"card--copy\">\n    <div class=\"card--copy--inner-wrapper\">\n      <div class=\"card_bg card_bg__\"><\/div>\n      <div class=\"feature-block-large__copy-wrapper\">\n                  <h3 class=\"feature_block_heading\">Blog<\/h3> \n                          <div class=\"feature_block_copy\"><p><span style=\"font-weight: 400;\">Commentaires d&rsquo;experts et analyses pratiques pour les \u00e9quipes RP, Communication et Marketing.<\/span><\/p>\n<p><span style=\"font-weight: 400;\">Nos blogs combinent une perspective sectorielle avec des analyses tir\u00e9es des propres donn\u00e9es d&rsquo;Onclusive, offrant des insights fond\u00e9s sur des preuves ainsi que des conseils pratiques sur la veille m\u00e9dias, la performance des campagnes et la mesure sur les canaux paid, earned et owned media.<\/span><\/p>\n<p><b>Id\u00e9al pour :<br \/>\n<\/b><span style=\"font-weight: 400;\">L<\/span><span style=\"font-weight: 400;\">&lsquo;apprentissage continu, les conseils tactiques et les sujets m\u00e9diatiques tendance.<\/span><\/p>\n<\/div> \n              <\/div>\n      \n<a href=\"https:\/\/onclusive.com\/fr\/ressources\/blog\/\" rel=\"noreferrer\" target=\"_blank\" class=\"button  button__page-link\">\n    Visiter le Blog    <svg   data-name=\"Layer 1\" xmlns=\"http:\/\/www.w3.org\/2000\/svg\" viewBox=\"0 0 16 16\"><polygon points=\"8 0 6.59 1.41 12.17 7 0 7 0 9 12.17 9 6.59 14.59 8 16 16 8 8 0\"\/><\/svg><\/a>\n    <\/div>\n  <\/div>\n  \n<\/div>      <\/div>\n<\/section>\n\n\n<style>.block-fbl.flip-order .card__feature-block {\n    display: flex;\n    flex-direction: row !important;\n  }<\/style><section\n    class=\"block-fbl flip-order\">\n  <div class=\"block-fbl--inner-wrapper\">\n          <div class=\"card__feature-block card__feature-block__large flip-item\">\n  <div class=\"card--image\">\n    <div style=\"height: 90%; width: 90%; object-fit: contain; margin: 15px;\" class=\"card--image--inner-wrapper\">\n            \n      \n\n<img decoding=\"async\"\n\talt=\"\"\n    data-sizes=\"auto\"\n    data-src=\"https:\/\/onclusive.com\/wp-content\/uploads\/2026\/02\/Reports-1-281x300.png\"\n    data-srcset=\"https:\/\/onclusive.com\/wp-content\/uploads\/2026\/02\/Reports-1.png 684w,\n\thttps:\/\/onclusive.com\/wp-content\/uploads\/2026\/02\/Reports-1.png 684w, \n\thttps:\/\/onclusive.com\/wp-content\/uploads\/2026\/02\/Reports-1.png 684w\"\n    class=\"lazyload not-svg\"\n    src=\"https:\/\/onclusive.com\/wp-content\/uploads\/2026\/02\/Reports-1-281x300.png\"\n\/>\n\n\n\n\n      \n    <\/div>\n  <\/div>\n  <div class=\"card--copy\">\n    <div class=\"card--copy--inner-wrapper\">\n      <div class=\"card_bg card_bg__\"><\/div>\n      <div class=\"feature-block-large__copy-wrapper\">\n                  <h3 class=\"feature_block_heading\">Rapports &amp; Guides<\/h3> \n                          <div class=\"feature_block_copy\"><p><span style=\"font-weight: 400;\">Etudes approfondies et cas pratiques pour soutenir la planification strat\u00e9gique et l\u2019\u00e9valuation.<\/span><\/p>\n<p><span style=\"font-weight: 400;\">Acc\u00e9dez aux rapports, benchmarks et guides strat\u00e9giques destin\u00e9s aux leaders communication et marketing couvrant l&rsquo;utilisation des donn\u00e9es, des analyses et des technologies \u00e9mergentes pour \u00e9clairer leurs strat\u00e9gies et d\u00e9montrer leur impact.<\/span><\/p>\n<p><b>Id\u00e9al pour <\/b><span style=\"font-weight: 400;\">:<br \/>\nLa planification strat\u00e9gique, l\u2019alignement avec sa direction et la pr\u00e9paration des campagnes.<\/span><\/p>\n<\/div> \n              <\/div>\n      \n<a href=\"https:\/\/onclusive.com\/fr\/ressources\/livres-blancs\/\" rel=\"noreferrer\" target=\"_blank\" class=\"button  button__page-link\">\n    Explorer les Rapports &amp; Guides    <svg   data-name=\"Layer 1\" xmlns=\"http:\/\/www.w3.org\/2000\/svg\" viewBox=\"0 0 16 16\"><polygon points=\"8 0 6.59 1.41 12.17 7 0 7 0 9 12.17 9 6.59 14.59 8 16 16 8 8 0\"\/><\/svg><\/a>\n    <\/div>\n  <\/div>\n  \n<\/div>      <\/div>\n<\/section>\n\n\n<section\n    class=\"block-fbl\">\n  <div class=\"block-fbl--inner-wrapper\">\n          <div class=\"card__feature-block card__feature-block__large\">\n  <div class=\"card--image\">\n    <div style=\"height: 90%; width: 90%; object-fit: contain; margin: 15px;\" class=\"card--image--inner-wrapper\">\n            \n      \n\n<img decoding=\"async\"\n\talt=\"\"\n    data-sizes=\"auto\"\n    data-src=\"https:\/\/onclusive.com\/wp-content\/uploads\/2026\/02\/Webinars-1-281x300.png\"\n    data-srcset=\"https:\/\/onclusive.com\/wp-content\/uploads\/2026\/02\/Webinars-1.png 684w,\n\thttps:\/\/onclusive.com\/wp-content\/uploads\/2026\/02\/Webinars-1.png 684w, \n\thttps:\/\/onclusive.com\/wp-content\/uploads\/2026\/02\/Webinars-1.png 684w\"\n    class=\"lazyload not-svg\"\n    src=\"https:\/\/onclusive.com\/wp-content\/uploads\/2026\/02\/Webinars-1-281x300.png\"\n\/>\n\n\n\n\n      \n    <\/div>\n  <\/div>\n  <div class=\"card--copy\">\n    <div class=\"card--copy--inner-wrapper\">\n      <div class=\"card_bg card_bg__\"><\/div>\n      <div class=\"feature-block-large__copy-wrapper\">\n                  <h3 class=\"feature_block_heading\">Webinars<\/h3> \n                          <div class=\"feature_block_copy\"><p><span style=\"font-weight: 400;\">Sessions en direct et \u00e0 la demande anim\u00e9es par des experts du secteur et des sp\u00e9cialistes Onclusive. <\/span><\/p>\n<p><span style=\"font-weight: 400;\">Explorez des sujets pratiques en communication et marketing, avec des sessions ax\u00e9es sur l&rsquo;application d&rsquo;insights, d&rsquo;analyses et de bonnes pratiques aux d\u00e9fis r\u00e9els de planification, d\u2019ex\u00e9cution et de mesure.<\/span><\/p>\n<p><b>Id\u00e9al pour :<\/b><span style=\"font-weight: 400;\"><br \/>\ndes bonnes pratiques, des pr\u00e9sentations et des uses cases concrets, des analyses d&rsquo;experts<\/span><\/p>\n<\/div> \n              <\/div>\n      \n<a href=\"https:\/\/onclusive.com\/fr\/ressources\/forthcoming-webinars\/\" rel=\"noreferrer\" target=\"_blank\" class=\"button  button__page-link\">\n    D\u00e9couvrir Nos Webinars    <svg   data-name=\"Layer 1\" xmlns=\"http:\/\/www.w3.org\/2000\/svg\" viewBox=\"0 0 16 16\"><polygon points=\"8 0 6.59 1.41 12.17 7 0 7 0 9 12.17 9 6.59 14.59 8 16 16 8 8 0\"\/><\/svg><\/a>\n    <\/div>\n  <\/div>\n  \n<\/div>      <\/div>\n<\/section>\n\n\n<style>.block-fbl.flip-order .card__feature-block {\n    display: flex;\n    flex-direction: row !important;\n  }<\/style><section\n    class=\"block-fbl flip-order\">\n  <div class=\"block-fbl--inner-wrapper\">\n          <div class=\"card__feature-block card__feature-block__large flip-item\">\n  <div class=\"card--image\">\n    <div style=\"height: 90%; width: 90%; object-fit: contain; margin: 15px;\" class=\"card--image--inner-wrapper\">\n            \n      \n\n<img decoding=\"async\"\n\talt=\"\"\n    data-sizes=\"auto\"\n    data-src=\"https:\/\/onclusive.com\/wp-content\/uploads\/2026\/02\/Stories-281x300.png\"\n    data-srcset=\"https:\/\/onclusive.com\/wp-content\/uploads\/2026\/02\/Stories.png 684w,\n\thttps:\/\/onclusive.com\/wp-content\/uploads\/2026\/02\/Stories.png 684w, \n\thttps:\/\/onclusive.com\/wp-content\/uploads\/2026\/02\/Stories.png 684w\"\n    class=\"lazyload not-svg\"\n    src=\"https:\/\/onclusive.com\/wp-content\/uploads\/2026\/02\/Stories-281x300.png\"\n\/>\n\n\n\n\n      \n    <\/div>\n  <\/div>\n  <div class=\"card--copy\">\n    <div class=\"card--copy--inner-wrapper\">\n      <div class=\"card_bg card_bg__\"><\/div>\n      <div class=\"feature-block-large__copy-wrapper\">\n                  <h3 class=\"feature_block_heading\">T\u00e9moignages clients<\/h3> \n                          <div class=\"feature_block_copy\"><p><span style=\"font-weight: 400;\">Exemples concrets de la fa\u00e7on dont les organisations &#8211; des grandes marques mondiales aux startups en croissance &#8211; utilisent Onclusive pour d\u00e9montrer et am\u00e9liorer leur valeur. <\/span><\/p>\n<p><span style=\"font-weight: 400;\">L<\/span><span style=\"font-weight: 400;\">es t\u00e9moignages clients illustrent comment les \u00e9quipes exploitent nos outils et technologies aux c\u00f4t\u00e9s de nos experts m\u00e9dias, ainsi que l&rsquo;impact mesurable que ces solutions apportent.<\/span><\/p>\n<p><b>Id\u00e9al pour <\/b><span style=\"font-weight: 400;\">:<br \/>\nPreuves concr\u00e8tes, cas d&rsquo;usage et impact d\u00e9montr\u00e9.<\/span><\/p>\n<\/div> \n              <\/div>\n      \n<a href=\"https:\/\/onclusive.com\/fr\/ressources\/temoignages-clients\/\" rel=\"noreferrer\" target=\"_blank\" class=\"button  button__page-link\">\n    D\u00e9couvrir les T\u00e9moignages Clients    <svg   data-name=\"Layer 1\" xmlns=\"http:\/\/www.w3.org\/2000\/svg\" viewBox=\"0 0 16 16\"><polygon points=\"8 0 6.59 1.41 12.17 7 0 7 0 9 12.17 9 6.59 14.59 8 16 16 8 8 0\"\/><\/svg><\/a>\n    <\/div>\n  <\/div>\n  \n<\/div>      <\/div>\n<\/section>\n\n\n<section\n    class=\"block-fbl\">\n  <div class=\"block-fbl--inner-wrapper\">\n          <div class=\"card__feature-block card__feature-block__large\">\n  <div class=\"card--image\">\n    <div style=\"height: 90%; width: 90%; object-fit: contain; margin: 15px;\" class=\"card--image--inner-wrapper\">\n            \n      \n\n<img decoding=\"async\"\n\talt=\"\"\n    data-sizes=\"auto\"\n    data-src=\"https:\/\/onclusive.com\/wp-content\/uploads\/2026\/02\/Toolkit-281x300.png\"\n    data-srcset=\"https:\/\/onclusive.com\/wp-content\/uploads\/2026\/02\/Toolkit.png 684w,\n\thttps:\/\/onclusive.com\/wp-content\/uploads\/2026\/02\/Toolkit.png 684w, \n\thttps:\/\/onclusive.com\/wp-content\/uploads\/2026\/02\/Toolkit.png 684w\"\n    class=\"lazyload not-svg\"\n    src=\"https:\/\/onclusive.com\/wp-content\/uploads\/2026\/02\/Toolkit-281x300.png\"\n\/>\n\n\n\n\n      \n    <\/div>\n  <\/div>\n  <div class=\"card--copy\">\n    <div class=\"card--copy--inner-wrapper\">\n      <div class=\"card_bg card_bg__\"><\/div>\n      <div class=\"feature-block-large__copy-wrapper\">\n                  <h3 class=\"feature_block_heading\">Bo\u00eete \u00e0 outils Mesure RP &amp; Communication<\/h3> \n                          <div class=\"feature_block_copy\"><p><span style=\"font-weight: 400;\">Outils pratiques et conseils pour soutenir une mesure et une \u00e9valuation efficaces des RP. <\/span><\/p>\n<p><span style=\"font-weight: 400;\">La Bo\u00eete \u00e0 outils Mesure RP rassemble des cadres de mesure, des mod\u00e8les et des analyses d&rsquo;experts pour aider les \u00e9quipes RP, Communication et Marketing \u00e0 d\u00e9finir des objectifs, mesurer la performance et faire leurs reportings d&rsquo;impact en toute confiance.<\/span><\/p>\n<p><b>Id\u00e9al pour :<br \/>\n<\/b><span style=\"font-weight: 400;\">Renforcer les cadres de mesure, am\u00e9liorer le reporting et d\u00e9montrer la valeur de la communication.<\/span><\/p>\n<\/div> \n              <\/div>\n      \n<a href=\"https:\/\/onclusive.com\/fr\/ressources\/toolkit-mois-de-la-mesure\/\" rel=\"noreferrer\" target=\"_blank\" class=\"button  button__page-link\">\n    T\u00e9l\u00e9charger la Bo\u00eete \u00e0 outils    <svg   data-name=\"Layer 1\" xmlns=\"http:\/\/www.w3.org\/2000\/svg\" viewBox=\"0 0 16 16\"><polygon points=\"8 0 6.59 1.41 12.17 7 0 7 0 9 12.17 9 6.59 14.59 8 16 16 8 8 0\"\/><\/svg><\/a>\n    <\/div>\n  <\/div>\n  \n<\/div>      <\/div>\n<\/section>\n\n\n\n    <section\n      id=\"enquiry\"      class=\"block-form bg__green_light\">\n      \n\n  <div class=\"form-content\">\n    <div class=\"form-content--inner-wrapper\">\n\n      \n              <div class=\"form-content--heading\">\n          <h3 class=\"block--form_heading\">Contactez-nous<\/h3> \n        <\/div>\n      \n      <div class=\"form-content--copy\">\n    \n        \n            <div class=\"block--copy\"><p>Pour en savoir plus sur nos solutions ou pour toute autre demande, veuillez remplir le formulaire ci-dessous.<\/p>\n<\/div>\n\n        \n      <\/div>\n\n      \n              <div id=\"myFrame\" class=\"form-content--form  \"> \n          <script charset=\"utf-8\" type=\"text\/javascript\" src=\"\/\/js.hsforms.net\/forms\/embed\/v2.js\"><\/script>\r\n<script>\r\n  hbspt.forms.create({\r\n    portalId: \"42525281\",\r\n    formId: \"8fe5baf3-afdb-4d53-9256-dc8e7d2f3530\",\r\n    region: \"na1\"\r\n  });\r\n<\/script>        <\/div> \n          <\/div>\n  <\/div>\n\n    <\/section> \n  \n<style>\n\/* Dark Background Form Styling - Only applies when .bg__black class exists *\/\n.block-form.bg__black .hs-form label,\n.block-form.bg__black .hs-form legend,\n.block-form.bg__black .hs-form .hs-form-field > label {\n  color: #ffffff !important;\n}\n\n.block-form.bg__black .hs-form input[type=\"text\"],\n.block-form.bg__black .hs-form input[type=\"email\"],\n.block-form.bg__black .hs-form input[type=\"tel\"],\n.block-form.bg__black .hs-form input[type=\"number\"],\n.block-form.bg__black .hs-form select,\n.block-form.bg__black .hs-form textarea {\n  background-color: #ffffff !important;\n  color: #1e1e23 !important;\n  border-color: #ffffff !important;\n}\n\n.block-form.bg__black .hs-form input[type=\"submit\"],\n.block-form.bg__black .hs-form .hs-button,\n.block-form.bg__black .hs-form button[type=\"submit\"] {\n  background-color: #316446 !important;\n  color: #f0ebf0 !important;\n  border: none !important;\n  transition: all 0.3s ease !important;\n}\n\n.block-form.bg__black .hs-form input[type=\"submit\"]:hover,\n.block-form.bg__black .hs-form .hs-button:hover,\n.block-form.bg__black .hs-form button[type=\"submit\"]:hover {\n  background-color: #254d35 !important;\n  color: #01E55F !important;\n}\n\n.block-form.bg__black .hs-form input::placeholder,\n.block-form.bg__black .hs-form textarea::placeholder {\n  color: #999999 !important;\n}\n\n.block-form.bg__black .hs-form .hs-error-msgs label,\n.block-form.bg__black .hs-form .hs-error-msg {\n  color: #ff6b6b !important;\n}\n\n.block-form.bg__black .hs-form .hs-field-desc,\n.block-form.bg__black .hs-form .hs-richtext {\n  color: #cccccc !important;\n}\n<\/style>\n\n\n\n","protected":false},"excerpt":{"rendered":"","protected":false},"author":1,"featured_media":0,"parent":0,"menu_order":17,"comment_status":"closed","ping_status":"closed","template":"","meta":{"_acf_changed":true,"content-type":"","inline_featured_image":false,"footnotes":""},"region":[],"class_list":["post-5726","page","type-page","status-publish","hentry"],"acf":[],"_links":{"self":[{"href":"https:\/\/onclusive.com\/fr\/wp-json\/wp\/v2\/pages\/5726","targetHints":{"allow":["GET"]}}],"collection":[{"href":"https:\/\/onclusive.com\/fr\/wp-json\/wp\/v2\/pages"}],"about":[{"href":"https:\/\/onclusive.com\/fr\/wp-json\/wp\/v2\/types\/page"}],"author":[{"embeddable":true,"href":"https:\/\/onclusive.com\/fr\/wp-json\/wp\/v2\/users\/1"}],"replies":[{"embeddable":true,"href":"https:\/\/onclusive.com\/fr\/wp-json\/wp\/v2\/comments?post=5726"}],"version-history":[{"count":0,"href":"https:\/\/onclusive.com\/fr\/wp-json\/wp\/v2\/pages\/5726\/revisions"}],"wp:attachment":[{"href":"https:\/\/onclusive.com\/fr\/wp-json\/wp\/v2\/media?parent=5726"}],"wp:term":[{"taxonomy":"region","embeddable":true,"href":"https:\/\/onclusive.com\/fr\/wp-json\/wp\/v2\/region?post=5726"}],"curies":[{"name":"wp","href":"https:\/\/api.w.org\/{rel}","templated":true}]}}