{"id":5746,"date":"2022-01-20T17:08:47","date_gmt":"2022-01-20T17:08:41","guid":{"rendered":"https:\/\/newonclusive.wpengine.com\/newswire\/"},"modified":"2025-10-22T08:26:35","modified_gmt":"2025-10-22T08:26:35","slug":"fils-de-presse","status":"publish","type":"page","link":"https:\/\/onclusive.com\/fr\/solutions\/outils-de-gestion-des-rp\/fils-de-presse\/","title":{"rendered":"Fils de presse"},"content":{"rendered":"\n<style>\n\/**\n * Hero Background Overlay Styles\n *\/\n.hero-background-overlay {\n    position: absolute;\n    top: 0;\n    left: 0;\n    width: 100%;\n    height: 100%;\n    z-index: 1; \/* Above background image, below content *\/\n    pointer-events: none; \/* Allows clicks to pass through to content *\/\n}\n\n\/* Ensure hero section is positioned relative *\/\n.block-hero {\n    position: relative;\n}\n\n\/* Ensure content sits above overlay *\/\n.hero--content {\n    position: relative;\n    z-index: 2; \/* Above overlay *\/\n}\n\n\/* Ensure background image stays at bottom *\/\n.hero-background-image {\n    position: absolute;\n    z-index: 0; \/* Behind everything *\/\n}\n<\/style>\n\n<section\n    class=\"block-hero block-hero-contained \">\n\n            <div class=\"contained-hero-inner-wrap\">\n      \n                  <div class=\"hero-background-image hero-background-image__image\">\n          \n<div class=\"lazyload background-image\" \tdata-bg-mobile \t= \"https:\/\/onclusive.com\/wp-content\/uploads\/2022\/02\/What-we-do_PR-and-Comms-Tools_Newswire-1024x512.jpg\"\n\tdata-bg-tablet \t= \"https:\/\/onclusive.com\/wp-content\/uploads\/2022\/02\/What-we-do_PR-and-Comms-Tools_Newswire-1200x600.jpg\"\n\tdata-bg-desktop = \"https:\/\/onclusive.com\/wp-content\/uploads\/2022\/02\/What-we-do_PR-and-Comms-Tools_Newswire.jpg\"\n\tdata-bg-super \t= \"https:\/\/onclusive.com\/wp-content\/uploads\/2022\/02\/What-we-do_PR-and-Comms-Tools_Newswire.jpg\"\n\tdata-expand=\"700\"\n\tstyle=\"background-image: url('https:\/\/onclusive.com\/wp-content\/uploads\/2022\/02\/What-we-do_PR-and-Comms-Tools_Newswire-1024x512.jpg');\"\n><\/div>        <\/div>\n\n          \n    \n    <div class=\"hero--content\">\n\n      <div class=\"hero--content--inner-wrapper\">\n\n                  <!-- ORIGINAL COMPLEX IMAGES -->\n          <div class=\"hero-foreground-images\">\n\n                                      \n                        <div class=\"img-wrapper ratio-1-1 image-is-foreground\">\n\t\n\n<img decoding=\"async\"\n\talt=\"Graphic\"\n    data-sizes=\"auto\"\n    data-src=\"https:\/\/onclusive.com\/wp-content\/uploads\/2022\/02\/PR-and-Comms-Tools_Newswire_LRG.svg\"\n    data-srcset=\"https:\/\/onclusive.com\/wp-content\/uploads\/2022\/02\/PR-and-Comms-Tools_Newswire_LRG.svg 1w,\n\thttps:\/\/onclusive.com\/wp-content\/uploads\/2022\/02\/PR-and-Comms-Tools_Newswire_LRG.svg 1w, \n\thttps:\/\/onclusive.com\/wp-content\/uploads\/2022\/02\/PR-and-Comms-Tools_Newswire_LRG.svg 1w\"\n    class=\"lazyload is-svg\"\n    src=\"https:\/\/onclusive.com\/wp-content\/uploads\/2022\/02\/PR-and-Comms-Tools_Newswire_LRG.svg\"\n\/>\n\n\n\n\n<\/div>          <\/div>\n        \n        <div class=\"hero--copy\">\n\n          <!-- OPTIONAL HERO TAG - ONLY IF SET -->\n          \n                      <h1 class=\"hero_title\" >\n                            <span class=\"hero_title_bold\">\n                Fils de presse              <\/span>\n                <br\/>                                          G\u00e9rez la diffusion de vos communiqu\u00e9s de presse             \n                        <\/h1> \n          \n          \n                      <div class=\"hero_buttons--wrapper\">\n            \n<a href=\"#enquiry\"  target=\"_self\" class=\"button  button__anchor-link\">\n    En savoir plus    <svg   data-name=\"Layer 1\" xmlns=\"http:\/\/www.w3.org\/2000\/svg\" viewBox=\"0 0 12 7.41\"><polygon points=\"10.59 0 6 4.58 1.41 0 0 1.41 6 7.41 12 1.41 10.59 0\"\/><\/svg><\/a>\n            <\/div>\n          \n        <\/div>\n\n      <\/div>\n\n    <\/div>\n\n            <\/div>\n        \n<\/section>\n\n\n<section\n    class=\"o-wrapper block-statement js-block-statement\">\n\n              <div class=\"block-statement--inner-wrapper\">\n          <h2 class=\"statement-block--statement\">En 2019, Onclusive et Business Wire ont annonc\u00e9 le d\u00e9but d&rsquo;un partenariat strat\u00e9gique.<br \/>\r\n<br \/>\r\nDepuis pr\u00e8s de 60 ans, Business Wire met en relation les entreprises et leurs publics gr\u00e2ce \u00e0 son service de fils de presse, qui regroupe des millions de communiqu\u00e9s de presse atteignant d&rsquo;innombrables lecteurs. Aucun autre partenaire ne peut vous offrir un tel service.<\/h2> \n        <\/div>\n      \n<\/section> \n\n\n\n\n\n<section\n    class=\"block-basic-card-row\">\n      <div class=\"\">\n      <h2 class=\"block--heading\">Features:<\/h2> \n    <\/div>\n    <div class=\"card-row--inner-wrapper\">\n          \n<div class=\"card__basic card__grey\">\n\n            <div class=\"card--image\">\n        <div class=\"card--image--inner-wrapper\">\n          \n\n<img decoding=\"async\"\n\talt=\"Icon\"\n    data-sizes=\"auto\"\n    data-src=\"https:\/\/onclusive.com\/wp-content\/uploads\/2022\/02\/PR-and-Comms-Tools_Newswire_Rich-press-release-distribution-management.svg\"\n    data-srcset=\"https:\/\/onclusive.com\/wp-content\/uploads\/2022\/02\/PR-and-Comms-Tools_Newswire_Rich-press-release-distribution-management.svg 1w,\n\thttps:\/\/onclusive.com\/wp-content\/uploads\/2022\/02\/PR-and-Comms-Tools_Newswire_Rich-press-release-distribution-management.svg 1w, \n\thttps:\/\/onclusive.com\/wp-content\/uploads\/2022\/02\/PR-and-Comms-Tools_Newswire_Rich-press-release-distribution-management.svg 1w\"\n    class=\"lazyload is-svg\"\n    src=\"https:\/\/onclusive.com\/wp-content\/uploads\/2022\/02\/PR-and-Comms-Tools_Newswire_Rich-press-release-distribution-management.svg\"\n\/>\n\n\n\n\n        <\/div>\n      <\/div>\n      \n  <div class=\"card--copy\">\n    <div class=\"card--copy-wrapper\">\n              <h3 class=\"basic_card_heading text-bold\">Gestion \u00e9tendue de la distribution des communiqu\u00e9s de presse.<\/h3> \n      \n          <\/div>\n\n      <\/div>\n\n<\/div>\n<div class=\"card__basic card__grey\">\n\n            <div class=\"card--image\">\n        <div class=\"card--image--inner-wrapper\">\n          \n\n<img decoding=\"async\"\n\talt=\"Icon\"\n    data-sizes=\"auto\"\n    data-src=\"https:\/\/onclusive.com\/wp-content\/uploads\/2022\/02\/PR-and-Comms-Tools_Newswire_Access-to-newswires-distribution-network-of-over-100000.svg\"\n    data-srcset=\"https:\/\/onclusive.com\/wp-content\/uploads\/2022\/02\/PR-and-Comms-Tools_Newswire_Access-to-newswires-distribution-network-of-over-100000.svg 1w,\n\thttps:\/\/onclusive.com\/wp-content\/uploads\/2022\/02\/PR-and-Comms-Tools_Newswire_Access-to-newswires-distribution-network-of-over-100000.svg 1w, \n\thttps:\/\/onclusive.com\/wp-content\/uploads\/2022\/02\/PR-and-Comms-Tools_Newswire_Access-to-newswires-distribution-network-of-over-100000.svg 1w\"\n    class=\"lazyload is-svg\"\n    src=\"https:\/\/onclusive.com\/wp-content\/uploads\/2022\/02\/PR-and-Comms-Tools_Newswire_Access-to-newswires-distribution-network-of-over-100000.svg\"\n\/>\n\n\n\n\n        <\/div>\n      <\/div>\n      \n  <div class=\"card--copy\">\n    <div class=\"card--copy-wrapper\">\n              <h3 class=\"basic_card_heading text-bold\">Acc\u00e8s \u00e0 un r\u00e9seau de distribution de fils de presse englobant plus de 100 000 m\u00e9dias.<\/h3> \n      \n          <\/div>\n\n      <\/div>\n\n<\/div>\n<div class=\"card__basic card__grey\">\n\n            <div class=\"card--image\">\n        <div class=\"card--image--inner-wrapper\">\n          \n\n<img decoding=\"async\"\n\talt=\"Icon\"\n    data-sizes=\"auto\"\n    data-src=\"https:\/\/onclusive.com\/wp-content\/uploads\/2022\/02\/PR-and-Comms-Tools_Newswire_Press-release-disclosure-including-regulated-industries.svg\"\n    data-srcset=\"https:\/\/onclusive.com\/wp-content\/uploads\/2022\/02\/PR-and-Comms-Tools_Newswire_Press-release-disclosure-including-regulated-industries.svg 1w,\n\thttps:\/\/onclusive.com\/wp-content\/uploads\/2022\/02\/PR-and-Comms-Tools_Newswire_Press-release-disclosure-including-regulated-industries.svg 1w, \n\thttps:\/\/onclusive.com\/wp-content\/uploads\/2022\/02\/PR-and-Comms-Tools_Newswire_Press-release-disclosure-including-regulated-industries.svg 1w\"\n    class=\"lazyload is-svg\"\n    src=\"https:\/\/onclusive.com\/wp-content\/uploads\/2022\/02\/PR-and-Comms-Tools_Newswire_Press-release-disclosure-including-regulated-industries.svg\"\n\/>\n\n\n\n\n        <\/div>\n      <\/div>\n      \n  <div class=\"card--copy\">\n    <div class=\"card--copy-wrapper\">\n              <h3 class=\"basic_card_heading text-bold\">Diffusion des communiqu\u00e9s de presse, y compris sur les industries r\u00e9glement\u00e9es.<\/h3> \n      \n          <\/div>\n\n      <\/div>\n\n<\/div>\n<div class=\"card__basic card__grey\">\n\n            <div class=\"card--image\">\n        <div class=\"card--image--inner-wrapper\">\n          \n\n<img decoding=\"async\"\n\talt=\"Icon\"\n    data-sizes=\"auto\"\n    data-src=\"https:\/\/onclusive.com\/wp-content\/uploads\/2022\/02\/PR-and-Comms-Tools_Newswire_Targeted-distribution.svg\"\n    data-srcset=\"https:\/\/onclusive.com\/wp-content\/uploads\/2022\/02\/PR-and-Comms-Tools_Newswire_Targeted-distribution.svg 1w,\n\thttps:\/\/onclusive.com\/wp-content\/uploads\/2022\/02\/PR-and-Comms-Tools_Newswire_Targeted-distribution.svg 1w, \n\thttps:\/\/onclusive.com\/wp-content\/uploads\/2022\/02\/PR-and-Comms-Tools_Newswire_Targeted-distribution.svg 1w\"\n    class=\"lazyload is-svg\"\n    src=\"https:\/\/onclusive.com\/wp-content\/uploads\/2022\/02\/PR-and-Comms-Tools_Newswire_Targeted-distribution.svg\"\n\/>\n\n\n\n\n        <\/div>\n      <\/div>\n      \n  <div class=\"card--copy\">\n    <div class=\"card--copy-wrapper\">\n              <h3 class=\"basic_card_heading text-bold\">Diffusion de communiqu\u00e9s de presse cibl\u00e9e.<\/h3> \n      \n          <\/div>\n\n      <\/div>\n\n<\/div>      <\/div>\n<\/section>\n\n\n\n\n<section\n    class=\"block-fbl\">\n  <div class=\"block-fbl--inner-wrapper\">\n          <div class=\"card__feature-block card__feature-block__large\">\n  <div class=\"card--image\">\n    <div style=\"height: 90%; width: 90%; object-fit: contain; margin: 15px;\" class=\"card--image--inner-wrapper\">\n      \n\n<img decoding=\"async\"\n\talt=\"Adjusting Slider in a Newsroom\"\n    data-sizes=\"auto\"\n    data-src=\"https:\/\/onclusive.com\/wp-content\/uploads\/2022\/03\/What-we-do_PR-and-Comms-Tools_Newswire_Access-a-worldwide-distribution-network-300x300.jpg\"\n    data-srcset=\"https:\/\/onclusive.com\/wp-content\/uploads\/2022\/03\/What-we-do_PR-and-Comms-Tools_Newswire_Access-a-worldwide-distribution-network.jpg 800w,\n\thttps:\/\/onclusive.com\/wp-content\/uploads\/2022\/03\/What-we-do_PR-and-Comms-Tools_Newswire_Access-a-worldwide-distribution-network.jpg 800w, \n\thttps:\/\/onclusive.com\/wp-content\/uploads\/2022\/03\/What-we-do_PR-and-Comms-Tools_Newswire_Access-a-worldwide-distribution-network.jpg 800w\"\n    class=\"lazyload not-svg\"\n    src=\"https:\/\/onclusive.com\/wp-content\/uploads\/2022\/03\/What-we-do_PR-and-Comms-Tools_Newswire_Access-a-worldwide-distribution-network-300x300.jpg\"\n\/>\n\n\n\n\n      \n      \n\n<img decoding=\"async\"\n\talt=\"Graphic\"\n    data-sizes=\"auto\"\n    data-src=\"https:\/\/onclusive.com\/wp-content\/uploads\/2022\/03\/What-we-do_PR-and-Comms-Tools_Newswire_Access-a-worldwide-distribution-network.svg\"\n    data-srcset=\"https:\/\/onclusive.com\/wp-content\/uploads\/2022\/03\/What-we-do_PR-and-Comms-Tools_Newswire_Access-a-worldwide-distribution-network.svg 1w,\n\thttps:\/\/onclusive.com\/wp-content\/uploads\/2022\/03\/What-we-do_PR-and-Comms-Tools_Newswire_Access-a-worldwide-distribution-network.svg 1w, \n\thttps:\/\/onclusive.com\/wp-content\/uploads\/2022\/03\/What-we-do_PR-and-Comms-Tools_Newswire_Access-a-worldwide-distribution-network.svg 1w\"\n    class=\"lazyload is-svg\"\n    src=\"https:\/\/onclusive.com\/wp-content\/uploads\/2022\/03\/What-we-do_PR-and-Comms-Tools_Newswire_Access-a-worldwide-distribution-network.svg\"\n\/>\n\n\n\n\n      \n    <\/div>\n  <\/div>\n  <div class=\"card--copy\">\n    <div class=\"card--copy--inner-wrapper\">\n      <div class=\"card_bg card_bg__\"><\/div>\n      <div class=\"feature-block-large__copy-wrapper\">\n                  <h3 class=\"feature_block_heading\">Acc\u00e9dez \u00e0 un r\u00e9seau de distribution international <\/h3> \n                          <div class=\"feature_block_copy\"><p><span style=\"font-weight: 400;\">Chaque jour, les communiqu\u00e9s de presse diffus\u00e9s via le r\u00e9seau\u00a0NX brevet\u00e9 de Business\u00a0Wire atteignent plus de 100\u00a0000\u00a0m\u00e9dias dans 162\u00a0pays.\u00a0<\/span><\/p>\n<p><span style=\"font-weight: 400;\">Gr\u00e2ce \u00e0 nos options de diffusion flexibles, vous pouvez opter pour une distribution par le biais de 193\u00a0cat\u00e9gories industrielles et commerciales, ou d&rsquo;un circuit mondial propos\u00e9 dans plus de 20\u00a0langues.<\/span><\/p>\n<p>&nbsp;<\/p>\n<\/div> \n              <\/div>\n      \n<a href=\"#enquiry\"  target=\"_self\" class=\"button  button__anchor-link\">\n    \u00catre rappel\u00e9    <svg   data-name=\"Layer 1\" xmlns=\"http:\/\/www.w3.org\/2000\/svg\" viewBox=\"0 0 12 7.41\"><polygon points=\"10.59 0 6 4.58 1.41 0 0 1.41 6 7.41 12 1.41 10.59 0\"\/><\/svg><\/a>\n    <\/div>\n  <\/div>\n  \n<\/div><div class=\"card__feature-block card__feature-block__large\">\n  <div class=\"card--image\">\n    <div style=\"height: 90%; width: 90%; object-fit: contain; margin: 15px;\" class=\"card--image--inner-wrapper\">\n      \n\n<img decoding=\"async\"\n\talt=\"Newspaper Press\"\n    data-sizes=\"auto\"\n    data-src=\"https:\/\/onclusive.com\/wp-content\/uploads\/2022\/03\/What-we-do_PR-and-Comms-Tools_Newswire_Distribute-your-news-with-speed-300x300.jpg\"\n    data-srcset=\"https:\/\/onclusive.com\/wp-content\/uploads\/2022\/03\/What-we-do_PR-and-Comms-Tools_Newswire_Distribute-your-news-with-speed.jpg 800w,\n\thttps:\/\/onclusive.com\/wp-content\/uploads\/2022\/03\/What-we-do_PR-and-Comms-Tools_Newswire_Distribute-your-news-with-speed.jpg 800w, \n\thttps:\/\/onclusive.com\/wp-content\/uploads\/2022\/03\/What-we-do_PR-and-Comms-Tools_Newswire_Distribute-your-news-with-speed.jpg 800w\"\n    class=\"lazyload not-svg\"\n    src=\"https:\/\/onclusive.com\/wp-content\/uploads\/2022\/03\/What-we-do_PR-and-Comms-Tools_Newswire_Distribute-your-news-with-speed-300x300.jpg\"\n\/>\n\n\n\n\n      \n      \n\n<img decoding=\"async\"\n\talt=\"\"\n    data-sizes=\"auto\"\n    data-src=\"https:\/\/onclusive.com\/wp-content\/uploads\/2022\/03\/Business-Wire-Logo-Small-Navy-300x300.png\"\n    data-srcset=\"https:\/\/onclusive.com\/wp-content\/uploads\/2022\/03\/Business-Wire-Logo-Small-Navy.png 640w,\n\thttps:\/\/onclusive.com\/wp-content\/uploads\/2022\/03\/Business-Wire-Logo-Small-Navy.png 640w, \n\thttps:\/\/onclusive.com\/wp-content\/uploads\/2022\/03\/Business-Wire-Logo-Small-Navy.png 640w\"\n    class=\"lazyload not-svg\"\n    src=\"https:\/\/onclusive.com\/wp-content\/uploads\/2022\/03\/Business-Wire-Logo-Small-Navy-300x300.png\"\n\/>\n\n\n\n\n      \n    <\/div>\n  <\/div>\n  <div class=\"card--copy\">\n    <div class=\"card--copy--inner-wrapper\">\n      <div class=\"card_bg card_bg__\"><\/div>\n      <div class=\"feature-block-large__copy-wrapper\">\n                  <h3 class=\"feature_block_heading\">Diffusez rapidement vos actualit\u00e9s<\/h3> \n                          <div class=\"feature_block_copy\"><p><span style=\"font-weight: 400;\">Le r\u00e9seau haut d\u00e9bit brevet\u00e9 de Business\u00a0Wire garantit que vos actualit\u00e9s sont divulgu\u00e9es aux autorit\u00e9s r\u00e9glementaires, aux investisseurs, aux m\u00e9dias, aux analystes et \u00e0 tous vos autres publics cibles.\u00a0<\/span><\/p>\n<p><span style=\"font-weight: 400;\">Business\u00a0Wire est une soci\u00e9t\u00e9 de diffusion de communiqu\u00e9s de presse fiable et reconnue pour les actualit\u00e9s financi\u00e8res aux \u00c9tats-Unis, au Canada et sur les march\u00e9s europ\u00e9ens.<\/span><\/p>\n<p>&nbsp;<\/p>\n<\/div> \n              <\/div>\n      \n<a href=\"#enquiry\"  target=\"_self\" class=\"button  button__anchor-link button__anchor-link\">\n    Voir Onclusive en action    <svg   data-name=\"Layer 1\" xmlns=\"http:\/\/www.w3.org\/2000\/svg\" viewBox=\"0 0 12 7.41\"><polygon points=\"10.59 0 6 4.58 1.41 0 0 1.41 6 7.41 12 1.41 10.59 0\"\/><\/svg><\/a>\n    <\/div>\n  <\/div>\n  \n<\/div><div class=\"card__feature-block card__feature-block__large\">\n  <div class=\"card--image\">\n    <div style=\"height: 90%; width: 90%; object-fit: contain; margin: 15px;\" class=\"card--image--inner-wrapper\">\n      \n\n<img decoding=\"async\"\n\talt=\"Graphic\"\n    data-sizes=\"auto\"\n    data-src=\"https:\/\/onclusive.com\/wp-content\/uploads\/2022\/03\/What-we-do_PR-and-Comms-Tools_Newswire_Customize-your-targets.svg\"\n    data-srcset=\"https:\/\/onclusive.com\/wp-content\/uploads\/2022\/03\/What-we-do_PR-and-Comms-Tools_Newswire_Customize-your-targets.svg 1w,\n\thttps:\/\/onclusive.com\/wp-content\/uploads\/2022\/03\/What-we-do_PR-and-Comms-Tools_Newswire_Customize-your-targets.svg 1w, \n\thttps:\/\/onclusive.com\/wp-content\/uploads\/2022\/03\/What-we-do_PR-and-Comms-Tools_Newswire_Customize-your-targets.svg 1w\"\n    class=\"lazyload is-svg\"\n    src=\"https:\/\/onclusive.com\/wp-content\/uploads\/2022\/03\/What-we-do_PR-and-Comms-Tools_Newswire_Customize-your-targets.svg\"\n\/>\n\n\n\n\n      \n      \n\n<img decoding=\"async\"\n\talt=\"Darts\"\n    data-sizes=\"auto\"\n    data-src=\"https:\/\/onclusive.com\/wp-content\/uploads\/2022\/03\/What-we-do_PR-and-Comms-Tools_Newswire_Customize-your-targets-300x300.png\"\n    data-srcset=\"https:\/\/onclusive.com\/wp-content\/uploads\/2022\/03\/What-we-do_PR-and-Comms-Tools_Newswire_Customize-your-targets.png 800w,\n\thttps:\/\/onclusive.com\/wp-content\/uploads\/2022\/03\/What-we-do_PR-and-Comms-Tools_Newswire_Customize-your-targets.png 800w, \n\thttps:\/\/onclusive.com\/wp-content\/uploads\/2022\/03\/What-we-do_PR-and-Comms-Tools_Newswire_Customize-your-targets.png 800w\"\n    class=\"lazyload not-svg\"\n    src=\"https:\/\/onclusive.com\/wp-content\/uploads\/2022\/03\/What-we-do_PR-and-Comms-Tools_Newswire_Customize-your-targets-300x300.png\"\n\/>\n\n\n\n\n      \n    <\/div>\n  <\/div>\n  <div class=\"card--copy\">\n    <div class=\"card--copy--inner-wrapper\">\n      <div class=\"card_bg card_bg__\"><\/div>\n      <div class=\"feature-block-large__copy-wrapper\">\n                  <h3 class=\"feature_block_heading\">Personnalisez vos cibles<\/h3> \n                          <div class=\"feature_block_copy\"><p><span style=\"font-weight: 400;\">Le r\u00e9seau de distribution de Business\u00a0Wire comprend tout ce dont vous avez besoin pour g\u00e9rer votre storytelling. Personnalisez vos besoins en mati\u00e8re de diffusion et mettez en place un ciblage bas\u00e9 sur les crit\u00e8res d\u00e9mographiques, la langue, la localisation et le secteur.<\/span><\/p>\n<\/div> \n              <\/div>\n      \n<a href=\"#enquiry\"  target=\"_self\" class=\"button  button__anchor-link button__anchor-link button__anchor-link\">\n    Nous contacter    <svg   data-name=\"Layer 1\" xmlns=\"http:\/\/www.w3.org\/2000\/svg\" viewBox=\"0 0 12 7.41\"><polygon points=\"10.59 0 6 4.58 1.41 0 0 1.41 6 7.41 12 1.41 10.59 0\"\/><\/svg><\/a>\n    <\/div>\n  <\/div>\n  \n<\/div>      <\/div>\n<\/section>\n\n\n\n    <section\n      id=\"enquiry\"      class=\"block-form bg__orange_light\">\n      \n\n  <div class=\"form-content\">\n    <div class=\"form-content--inner-wrapper\">\n\n      \n              <div class=\"form-content--heading\">\n          <h3 class=\"block--form_heading\">Contactez-nous.<\/h3> \n        <\/div>\n      \n      <div class=\"form-content--copy\">\n    \n        \n            <div class=\"block--copy\"><p>Pour planifier une d\u00e9mo de nos outils de gestion des RP, remplissez le formulaire ci-dessous:<\/p>\n<\/div>\n\n        \n      <\/div>\n\n      \n              <div id=\"myFrame\" class=\"form-content--form  \"> \n          <iframe src=\"https:\/\/go.onclusive.net\/l\/505521\/2022-02-22\/f6mbx5\" width=\"100%\" height=\"500\" type=\"text\/html\" frameborder=\"0\" allowTransparency=\"true\" style=\"border: 0\"><\/iframe>        <\/div> \n          <\/div>\n  <\/div>\n\n    <\/section> \n  \n<style>\n\/* Dark Background Form Styling - Only applies when .bg__black class exists *\/\n.block-form.bg__black .hs-form label,\n.block-form.bg__black .hs-form legend,\n.block-form.bg__black .hs-form .hs-form-field > label {\n  color: #ffffff !important;\n}\n\n.block-form.bg__black .hs-form input[type=\"text\"],\n.block-form.bg__black .hs-form input[type=\"email\"],\n.block-form.bg__black .hs-form input[type=\"tel\"],\n.block-form.bg__black .hs-form input[type=\"number\"],\n.block-form.bg__black .hs-form select,\n.block-form.bg__black .hs-form textarea {\n  background-color: #ffffff !important;\n  color: #1e1e23 !important;\n  border-color: #ffffff !important;\n}\n\n.block-form.bg__black .hs-form input[type=\"submit\"],\n.block-form.bg__black .hs-form .hs-button,\n.block-form.bg__black .hs-form button[type=\"submit\"] {\n  background-color: #316446 !important;\n  color: #f0ebf0 !important;\n  border: none !important;\n  transition: all 0.3s ease !important;\n}\n\n.block-form.bg__black .hs-form input[type=\"submit\"]:hover,\n.block-form.bg__black .hs-form .hs-button:hover,\n.block-form.bg__black .hs-form button[type=\"submit\"]:hover {\n  background-color: #254d35 !important;\n  color: #01E55F !important;\n}\n\n.block-form.bg__black .hs-form input::placeholder,\n.block-form.bg__black .hs-form textarea::placeholder {\n  color: #999999 !important;\n}\n\n.block-form.bg__black .hs-form .hs-error-msgs label,\n.block-form.bg__black .hs-form .hs-error-msg {\n  color: #ff6b6b !important;\n}\n\n.block-form.bg__black .hs-form .hs-field-desc,\n.block-form.bg__black .hs-form .hs-richtext {\n  color: #cccccc !important;\n}\n<\/style>\n\n\n\n","protected":false},"excerpt":{"rendered":"","protected":false},"author":1,"featured_media":0,"parent":5785,"menu_order":4,"comment_status":"closed","ping_status":"closed","template":"","meta":{"_acf_changed":false,"content-type":"","inline_featured_image":false,"footnotes":""},"region":[],"class_list":["post-5746","page","type-page","status-publish","hentry"],"acf":[],"_links":{"self":[{"href":"https:\/\/onclusive.com\/fr\/wp-json\/wp\/v2\/pages\/5746","targetHints":{"allow":["GET"]}}],"collection":[{"href":"https:\/\/onclusive.com\/fr\/wp-json\/wp\/v2\/pages"}],"about":[{"href":"https:\/\/onclusive.com\/fr\/wp-json\/wp\/v2\/types\/page"}],"author":[{"embeddable":true,"href":"https:\/\/onclusive.com\/fr\/wp-json\/wp\/v2\/users\/1"}],"replies":[{"embeddable":true,"href":"https:\/\/onclusive.com\/fr\/wp-json\/wp\/v2\/comments?post=5746"}],"version-history":[{"count":0,"href":"https:\/\/onclusive.com\/fr\/wp-json\/wp\/v2\/pages\/5746\/revisions"}],"up":[{"embeddable":true,"href":"https:\/\/onclusive.com\/fr\/wp-json\/wp\/v2\/pages\/5785"}],"wp:attachment":[{"href":"https:\/\/onclusive.com\/fr\/wp-json\/wp\/v2\/media?parent=5746"}],"wp:term":[{"taxonomy":"region","embeddable":true,"href":"https:\/\/onclusive.com\/fr\/wp-json\/wp\/v2\/region?post=5746"}],"curies":[{"name":"wp","href":"https:\/\/api.w.org\/{rel}","templated":true}]}}