{"id":5836,"date":"2022-01-20T17:09:47","date_gmt":"2022-01-20T17:09:47","guid":{"rendered":"https:\/\/newonclusive.wpengine.com\/our-company\/partnerships-awards\/"},"modified":"2025-09-17T14:31:03","modified_gmt":"2025-09-17T14:31:03","slug":"partenariats-et-recompenses","status":"publish","type":"page","link":"https:\/\/onclusive.com\/fr\/qui-sommes-nous\/partenariats-et-recompenses\/","title":{"rendered":"Partenariats et r\u00e9compenses"},"content":{"rendered":"\n<style>\n\/**\n * Hero Background Overlay Styles\n *\/\n.hero-background-overlay {\n    position: absolute;\n    top: 0;\n    left: 0;\n    width: 100%;\n    height: 100%;\n    z-index: 1; \/* Above background image, below content *\/\n    pointer-events: none; \/* Allows clicks to pass through to content *\/\n}\n\n\/* Ensure hero section is positioned relative *\/\n.block-hero {\n    position: relative;\n}\n\n\/* Ensure content sits above overlay *\/\n.hero--content {\n    position: relative;\n    z-index: 2; \/* Above overlay *\/\n}\n\n\/* Ensure background image stays at bottom *\/\n.hero-background-image {\n    position: absolute;\n    z-index: 0; \/* Behind everything *\/\n}\n<\/style>\n\n<section\n    class=\"block-hero block-hero-contained \">\n\n            <div class=\"contained-hero-inner-wrap\">\n      \n          \n            \n              <div class=\"hero_background_colour bg__green_light hero_background_colour__full\"><\/div>\n      \n          \n    \n    <div class=\"hero--content\">\n\n      <div class=\"hero--content--inner-wrapper\">\n\n                  <!-- ORIGINAL COMPLEX IMAGES -->\n          <div class=\"hero-foreground-images\">\n\n                                            <div class=\"hero_bg_colour_split bg__ hero_bg_colour_split__left\"><\/div>\n                          \n            <div class=\"img-wrapper ratio-1-1 image-is-background\">\n\t\n\n<img decoding=\"async\"\n\talt=\"Graphic\"\n    data-sizes=\"auto\"\n    data-src=\"https:\/\/onclusive.com\/wp-content\/uploads\/2022\/03\/Our-company_Partnerships-and-awards.svg\"\n    data-srcset=\"https:\/\/onclusive.com\/wp-content\/uploads\/2022\/03\/Our-company_Partnerships-and-awards.svg 1w,\n\thttps:\/\/onclusive.com\/wp-content\/uploads\/2022\/03\/Our-company_Partnerships-and-awards.svg 1w, \n\thttps:\/\/onclusive.com\/wp-content\/uploads\/2022\/03\/Our-company_Partnerships-and-awards.svg 1w\"\n    class=\"lazyload is-svg\"\n    src=\"https:\/\/onclusive.com\/wp-content\/uploads\/2022\/03\/Our-company_Partnerships-and-awards.svg\"\n\/>\n\n\n\n\n<\/div>            <div class=\"img-wrapper ratio-1-1 image-is-foreground\">\n\t\n\n<img decoding=\"async\"\n\talt=\"Prosecco Bottle\"\n    data-sizes=\"auto\"\n    data-src=\"https:\/\/onclusive.com\/wp-content\/uploads\/2022\/03\/Our-company_Partnerships-and-Awards-300x300.png\"\n    data-srcset=\"https:\/\/onclusive.com\/wp-content\/uploads\/2022\/03\/Our-company_Partnerships-and-Awards.png 800w,\n\thttps:\/\/onclusive.com\/wp-content\/uploads\/2022\/03\/Our-company_Partnerships-and-Awards.png 800w, \n\thttps:\/\/onclusive.com\/wp-content\/uploads\/2022\/03\/Our-company_Partnerships-and-Awards.png 800w\"\n    class=\"lazyload not-svg\"\n    src=\"https:\/\/onclusive.com\/wp-content\/uploads\/2022\/03\/Our-company_Partnerships-and-Awards-300x300.png\"\n\/>\n\n\n\n\n<\/div>          <\/div>\n        \n        <div class=\"hero--copy\">\n\n          <!-- OPTIONAL HERO TAG - ONLY IF SET -->\n          \n                      <h1 class=\"hero_title\" >\n                            <span class=\"hero_title_bold\">\n                Partenariats et r\u00e9compenses              <\/span>\n                <br\/>                                          L&#039;am\u00e9lioration de nos produits et services             \n                        <\/h1> \n          \n          \n          \n        <\/div>\n\n      <\/div>\n\n    <\/div>\n\n            <\/div>\n        \n<\/section>\n\n\n<section\n    class=\"o-wrapper block-statement js-block-statement\">\n\n              <div class=\"block-statement--inner-wrapper\">\n          <h2 class=\"statement-block--statement\">Chez Onclusive, nous sommes fiers de fournir aux professionnels des relations publics et de la communication des outils et des services de pointe pour la veille, la mesure et la gestion des relations media. <br \/>\r\n<br \/>\r\nNous recherchons des prix et des accr\u00e9ditations reconnus qui nous permettent de nous positionner sur le march\u00e9. Ils apportent \u00e0 nos clients une vision ind\u00e9pendante et objective d&rsquo;Onclusive et leur montrent comment nous pouvons les aider \u00e0 d\u00e9montrer leur valeur et \u00e0 l&rsquo;am\u00e9liorer.<br \/>\r\n<br \/>\r\nPour garantir un accompagnement optimal \u00e0 nos clients, nous sommes \u00e9galement membres de grandes f\u00e9d\u00e9rations qui reconnaissent et d\u00e9fendent leurs int\u00e9r\u00eats \u00e0 l&rsquo;\u00e9chelle internationale. En outre, nous intervenons r\u00e9guli\u00e8rement lors d&rsquo;\u00e9v\u00e9nements du secteur pour partager nos connaissances et notre expertise.<br \/>\r\n<\/h2> \n        <\/div>\n      \n<\/section> \n\n\n\n\n\n<div\n    class=\"block-badges\">\n\n\n        \n  <div class=\"badges-grid  override_assorted_logos\">\n\n              \n                          <div class=\"badge-image-wrapper\">\n              \n\n<img decoding=\"async\"\n\talt=\"\"\n    data-sizes=\"auto\"\n    data-src=\"https:\/\/onclusive.com\/wp-content\/uploads\/2025\/09\/MediaMonitoring_Leader_EMEA_Leader-261x300.png\"\n    data-srcset=\"https:\/\/onclusive.com\/wp-content\/uploads\/2025\/09\/MediaMonitoring_Leader_EMEA_Leader.png 869w,\n\thttps:\/\/onclusive.com\/wp-content\/uploads\/2025\/09\/MediaMonitoring_Leader_EMEA_Leader.png 869w, \n\thttps:\/\/onclusive.com\/wp-content\/uploads\/2025\/09\/MediaMonitoring_Leader_EMEA_Leader.png 869w\"\n    class=\"lazyload not-svg\"\n    src=\"https:\/\/onclusive.com\/wp-content\/uploads\/2025\/09\/MediaMonitoring_Leader_EMEA_Leader-261x300.png\"\n\/>\n\n\n\n\n              <\/div>\n                          <div class=\"badge-image-wrapper\">\n              \n\n<img decoding=\"async\"\n\talt=\"\"\n    data-sizes=\"auto\"\n    data-src=\"https:\/\/onclusive.com\/wp-content\/uploads\/2025\/09\/MediaMonitoring_Leader_Leader-261x300.png\"\n    data-srcset=\"https:\/\/onclusive.com\/wp-content\/uploads\/2025\/09\/MediaMonitoring_Leader_Leader.png 869w,\n\thttps:\/\/onclusive.com\/wp-content\/uploads\/2025\/09\/MediaMonitoring_Leader_Leader.png 869w, \n\thttps:\/\/onclusive.com\/wp-content\/uploads\/2025\/09\/MediaMonitoring_Leader_Leader.png 869w\"\n    class=\"lazyload not-svg\"\n    src=\"https:\/\/onclusive.com\/wp-content\/uploads\/2025\/09\/MediaMonitoring_Leader_Leader-261x300.png\"\n\/>\n\n\n\n\n              <\/div>\n                          <div class=\"badge-image-wrapper\">\n              \n\n<img decoding=\"async\"\n\talt=\"\"\n    data-sizes=\"auto\"\n    data-src=\"https:\/\/onclusive.com\/wp-content\/uploads\/2025\/09\/MediaandInfluencerTargeting_FastestImplementation_GoLiveTime-261x300.png\"\n    data-srcset=\"https:\/\/onclusive.com\/wp-content\/uploads\/2025\/09\/MediaandInfluencerTargeting_FastestImplementation_GoLiveTime.png 869w,\n\thttps:\/\/onclusive.com\/wp-content\/uploads\/2025\/09\/MediaandInfluencerTargeting_FastestImplementation_GoLiveTime.png 869w, \n\thttps:\/\/onclusive.com\/wp-content\/uploads\/2025\/09\/MediaandInfluencerTargeting_FastestImplementation_GoLiveTime.png 869w\"\n    class=\"lazyload not-svg\"\n    src=\"https:\/\/onclusive.com\/wp-content\/uploads\/2025\/09\/MediaandInfluencerTargeting_FastestImplementation_GoLiveTime-261x300.png\"\n\/>\n\n\n\n\n              <\/div>\n                          <div class=\"badge-image-wrapper\">\n              \n\n<img decoding=\"async\"\n\talt=\"\"\n    data-sizes=\"auto\"\n    data-src=\"https:\/\/onclusive.com\/wp-content\/uploads\/2025\/09\/MediaandInfluencerTargeting_BestEstimatedROI_Roi-261x300.png\"\n    data-srcset=\"https:\/\/onclusive.com\/wp-content\/uploads\/2025\/09\/MediaandInfluencerTargeting_BestEstimatedROI_Roi.png 869w,\n\thttps:\/\/onclusive.com\/wp-content\/uploads\/2025\/09\/MediaandInfluencerTargeting_BestEstimatedROI_Roi.png 869w, \n\thttps:\/\/onclusive.com\/wp-content\/uploads\/2025\/09\/MediaandInfluencerTargeting_BestEstimatedROI_Roi.png 869w\"\n    class=\"lazyload not-svg\"\n    src=\"https:\/\/onclusive.com\/wp-content\/uploads\/2025\/09\/MediaandInfluencerTargeting_BestEstimatedROI_Roi-261x300.png\"\n\/>\n\n\n\n\n              <\/div>\n                          <div class=\"badge-image-wrapper\">\n              \n\n<img decoding=\"async\"\n\talt=\"\"\n    data-sizes=\"auto\"\n    data-src=\"https:\/\/onclusive.com\/wp-content\/uploads\/2025\/09\/users-love-us-1-258x300.png\"\n    data-srcset=\"https:\/\/onclusive.com\/wp-content\/uploads\/2025\/09\/users-love-us-1.png 860w,\n\thttps:\/\/onclusive.com\/wp-content\/uploads\/2025\/09\/users-love-us-1.png 860w, \n\thttps:\/\/onclusive.com\/wp-content\/uploads\/2025\/09\/users-love-us-1.png 860w\"\n    class=\"lazyload not-svg\"\n    src=\"https:\/\/onclusive.com\/wp-content\/uploads\/2025\/09\/users-love-us-1-258x300.png\"\n\/>\n\n\n\n\n              <\/div>\n                     \n      \n  <\/div>\n\n<\/div> \n\n\n\n\n<section\n    class=\"block-fbl\">\n  <div class=\"block-fbl--inner-wrapper\">\n          <div class=\"card__feature-block card__feature-block__large\">\n  <div class=\"card--image\">\n    <div style=\"height: 90%; width: 90%; object-fit: contain; margin: 15px;\" class=\"card--image--inner-wrapper\">\n      \n\n<img decoding=\"async\"\n\talt=\"Earth From Spce\"\n    data-sizes=\"auto\"\n    data-src=\"https:\/\/onclusive.com\/wp-content\/uploads\/2022\/03\/Our-company_Partnerships-and-Awards_Partnerships-that-support-global-media-monitoring-and-measurement-300x300.jpg\"\n    data-srcset=\"https:\/\/onclusive.com\/wp-content\/uploads\/2022\/03\/Our-company_Partnerships-and-Awards_Partnerships-that-support-global-media-monitoring-and-measurement.jpg 800w,\n\thttps:\/\/onclusive.com\/wp-content\/uploads\/2022\/03\/Our-company_Partnerships-and-Awards_Partnerships-that-support-global-media-monitoring-and-measurement.jpg 800w, \n\thttps:\/\/onclusive.com\/wp-content\/uploads\/2022\/03\/Our-company_Partnerships-and-Awards_Partnerships-that-support-global-media-monitoring-and-measurement.jpg 800w\"\n    class=\"lazyload not-svg\"\n    src=\"https:\/\/onclusive.com\/wp-content\/uploads\/2022\/03\/Our-company_Partnerships-and-Awards_Partnerships-that-support-global-media-monitoring-and-measurement-300x300.jpg\"\n\/>\n\n\n\n\n      \n      \n\n<img decoding=\"async\"\n\talt=\"Graphic\"\n    data-sizes=\"auto\"\n    data-src=\"https:\/\/onclusive.com\/wp-content\/uploads\/2022\/03\/Our-company_Partnerships-and-awards_Partnerships-that-support-global-media-monitoring-and-measurement.svg\"\n    data-srcset=\"https:\/\/onclusive.com\/wp-content\/uploads\/2022\/03\/Our-company_Partnerships-and-awards_Partnerships-that-support-global-media-monitoring-and-measurement.svg 1w,\n\thttps:\/\/onclusive.com\/wp-content\/uploads\/2022\/03\/Our-company_Partnerships-and-awards_Partnerships-that-support-global-media-monitoring-and-measurement.svg 1w, \n\thttps:\/\/onclusive.com\/wp-content\/uploads\/2022\/03\/Our-company_Partnerships-and-awards_Partnerships-that-support-global-media-monitoring-and-measurement.svg 1w\"\n    class=\"lazyload is-svg\"\n    src=\"https:\/\/onclusive.com\/wp-content\/uploads\/2022\/03\/Our-company_Partnerships-and-awards_Partnerships-that-support-global-media-monitoring-and-measurement.svg\"\n\/>\n\n\n\n\n      \n    <\/div>\n  <\/div>\n  <div class=\"card--copy\">\n    <div class=\"card--copy--inner-wrapper\">\n      <div class=\"card_bg card_bg__\"><\/div>\n      <div class=\"feature-block-large__copy-wrapper\">\n                  <h3 class=\"feature_block_heading\">Partenariats pour soutenir la veille et la mesure des m\u00e9dias \u00e0 l\u2019international<\/h3> \n                          <div class=\"feature_block_copy\"><p><span style=\"font-weight: 400;\">Nous sommes membres de nombreuses f\u00e9d\u00e9rations internationales qui d\u00e9fendent les int\u00e9r\u00eats de nos clients et de notre secteur.<\/span><\/p>\n<p><b>AMEC\u00a0<\/b><span style=\"font-weight: 400;\">: Association pour la Mesure et l&rsquo;Evaluation de la Communication<\/span><span style=\"font-weight: 400;\">\u00a0<\/span><\/p>\n<p><span style=\"font-weight: 400;\">Nous jouons un r\u00f4le majeur en tant que membre de l&rsquo;AMEC, avec laquelle notre \u00e9quipe collabore \u00e9troitement depuis de nombreuses ann\u00e9es. Phil Lynch, Senior Vice President of Head of Insights and Consultancy chez Onclusive, si\u00e8ge au conseil d&rsquo;administration de l&rsquo;AMEC.<\/span><\/p>\n<p><b>FIBEP\u00a0<\/b><span style=\"font-weight: 400;\">: F\u00e9d\u00e9ration Internationale des Bureaux d&rsquo;Extraits de Presse<\/span><\/p>\n<p><span style=\"font-weight: 400;\">Depuis\u00a02014, nous dirigeons la Commission des droits d&rsquo;auteur de la FIBEP, qui repr\u00e9sente fi\u00e8rement le march\u00e9 mondial de la veille m\u00e9diatique. Christophe Dick\u00e8s, Global Media &amp; Copyright Director chez Onclusive, si\u00e8ge au conseil d&rsquo;administration de la FIBEP.<\/span><\/p>\n<p><span style=\"font-weight: 400;\">Nous disposons \u00e9galement d&rsquo;un r\u00e9seau international de partenaires en droits d&rsquo;auteur.\u00a0<\/span><\/p>\n<p><a href=\"https:\/\/onclusive.com\/fr\/organisation\/nos-fondamentaux\/droits-auteur-et-licences\/\"><span style=\"font-weight: 400;\">Plus de d\u00e9tails ici<\/span><\/a><span style=\"font-weight: 400;\">.<\/span><\/p>\n<p><span style=\"font-weight: 400;\">Nous prenons par ailleurs part \u00e0 de multiples initiatives internationales. \u00c0 titre d&rsquo;exemple, nous avons rencontr\u00e9 des repr\u00e9sentants de la Commission Europ\u00e9enne, du Parlement Europ\u00e9en ainsi que les repr\u00e9sentations nationales pour soutenir une r\u00e9mun\u00e9ration \u00e9quitable des droits d&rsquo;auteur et un march\u00e9 juste.<\/span><\/p>\n<\/div> \n              <\/div>\n          <\/div>\n  <\/div>\n  \n<\/div>      <\/div>\n<\/section>\n","protected":false},"excerpt":{"rendered":"","protected":false},"author":1,"featured_media":0,"parent":82755,"menu_order":2,"comment_status":"closed","ping_status":"closed","template":"","meta":{"_acf_changed":true,"content-type":"","inline_featured_image":false,"footnotes":""},"region":[],"class_list":["post-5836","page","type-page","status-publish","hentry"],"acf":[],"_links":{"self":[{"href":"https:\/\/onclusive.com\/fr\/wp-json\/wp\/v2\/pages\/5836","targetHints":{"allow":["GET"]}}],"collection":[{"href":"https:\/\/onclusive.com\/fr\/wp-json\/wp\/v2\/pages"}],"about":[{"href":"https:\/\/onclusive.com\/fr\/wp-json\/wp\/v2\/types\/page"}],"author":[{"embeddable":true,"href":"https:\/\/onclusive.com\/fr\/wp-json\/wp\/v2\/users\/1"}],"replies":[{"embeddable":true,"href":"https:\/\/onclusive.com\/fr\/wp-json\/wp\/v2\/comments?post=5836"}],"version-history":[{"count":0,"href":"https:\/\/onclusive.com\/fr\/wp-json\/wp\/v2\/pages\/5836\/revisions"}],"up":[{"embeddable":true,"href":"https:\/\/onclusive.com\/fr\/wp-json\/wp\/v2\/pages\/82755"}],"wp:attachment":[{"href":"https:\/\/onclusive.com\/fr\/wp-json\/wp\/v2\/media?parent=5836"}],"wp:term":[{"taxonomy":"region","embeddable":true,"href":"https:\/\/onclusive.com\/fr\/wp-json\/wp\/v2\/region?post=5836"}],"curies":[{"name":"wp","href":"https:\/\/api.w.org\/{rel}","templated":true}]}}