{"id":5858,"date":"2022-02-23T11:11:47","date_gmt":"2022-02-23T11:11:12","guid":{"rendered":"https:\/\/newonclusive.wpengine.com\/technology-capabilities\/proprietary-newscrawler\/"},"modified":"2024-08-08T16:43:41","modified_gmt":"2024-08-08T16:43:41","slug":"proprietary-news-crawler","status":"publish","type":"page","link":"https:\/\/onclusive.com\/fr\/organisation\/nos-technologies\/capacites-technologiques\/proprietary-news-crawler\/","title":{"rendered":"Proprietary news crawler"},"content":{"rendered":"\n<style>\n\/**\n * Hero Background Overlay Styles\n *\/\n.hero-background-overlay {\n    position: absolute;\n    top: 0;\n    left: 0;\n    width: 100%;\n    height: 100%;\n    z-index: 1; \/* Above background image, below content *\/\n    pointer-events: none; \/* Allows clicks to pass through to content *\/\n}\n\n\/* Ensure hero section is positioned relative *\/\n.block-hero {\n    position: relative;\n}\n\n\/* Ensure content sits above overlay *\/\n.hero--content {\n    position: relative;\n    z-index: 2; \/* Above overlay *\/\n}\n\n\/* Ensure background image stays at bottom *\/\n.hero-background-image {\n    position: absolute;\n    z-index: 0; \/* Behind everything *\/\n}\n<\/style>\n\n<section\n    class=\"block-hero block-hero-contained \">\n\n            <div class=\"contained-hero-inner-wrap\">\n      \n          \n            \n              <div class=\"hero_background_colour bg__blue_light hero_background_colour__full\"><\/div>\n      \n          \n    \n    <div class=\"hero--content\">\n\n      <div class=\"hero--content--inner-wrapper\">\n\n                  <!-- ORIGINAL COMPLEX IMAGES -->\n          <div class=\"hero-foreground-images\">\n\n                                            <div class=\"hero_bg_colour_split bg__ hero_bg_colour_split__left\"><\/div>\n                          \n                        <div class=\"img-wrapper ratio-1-1 image-is-foreground\">\n\t\n\n<img decoding=\"async\"\n\talt=\"Graphic\"\n    data-sizes=\"auto\"\n    data-src=\"https:\/\/onclusive.com\/wp-content\/uploads\/2022\/02\/How-we-do-it_Technology_Technology-capabilities_Propietary-newscrawler_LRG.svg\"\n    data-srcset=\"https:\/\/onclusive.com\/wp-content\/uploads\/2022\/02\/How-we-do-it_Technology_Technology-capabilities_Propietary-newscrawler_LRG.svg 1w,\n\thttps:\/\/onclusive.com\/wp-content\/uploads\/2022\/02\/How-we-do-it_Technology_Technology-capabilities_Propietary-newscrawler_LRG.svg 1w, \n\thttps:\/\/onclusive.com\/wp-content\/uploads\/2022\/02\/How-we-do-it_Technology_Technology-capabilities_Propietary-newscrawler_LRG.svg 1w\"\n    class=\"lazyload is-svg\"\n    src=\"https:\/\/onclusive.com\/wp-content\/uploads\/2022\/02\/How-we-do-it_Technology_Technology-capabilities_Propietary-newscrawler_LRG.svg\"\n\/>\n\n\n\n\n<\/div>          <\/div>\n        \n        <div class=\"hero--copy\">\n\n          <!-- OPTIONAL HERO TAG - ONLY IF SET -->\n          \n                      <h1 class=\"hero_title\" >\n                            <span class=\"hero_title_bold\">\n                Moteur de recherche de contenus media              <\/span>\n                <br\/>                                          Toutes les actualit\u00e9s locales et internationales captur\u00e9es pour \u00eatre analys\u00e9es automatiquement             \n                        <\/h1> \n          \n          \n                      <div class=\"hero_buttons--wrapper\">\n            \n<a href=\"#enquiry\"  target=\"_self\" class=\"button  button__anchor-link\">\n    Explorer    <svg   data-name=\"Layer 1\" xmlns=\"http:\/\/www.w3.org\/2000\/svg\" viewBox=\"0 0 12 7.41\"><polygon points=\"10.59 0 6 4.58 1.41 0 0 1.41 6 7.41 12 1.41 10.59 0\"\/><\/svg><\/a>\n            <\/div>\n          \n        <\/div>\n\n      <\/div>\n\n    <\/div>\n\n            <\/div>\n        \n<\/section>\n\n\n<section\n    class=\"o-wrapper block-statement js-block-statement\">\n\n              <div class=\"block-statement--inner-wrapper\">\n          <h2 class=\"statement-block--statement\">Notre plateforme automatis\u00e9e d&rsquo;analyse et de veille media repose sur un moteur de recherche brevet\u00e9, qui utilise des applications de traitement linguistique automatique pour recueillir quotidiennement des millions de ressources Owned ou Earned media, de fils de presse ou de r\u00e9seaux sociaux \u2013 soit davantage que toute autre source disponible dans le monde. <\/h2> \n        <\/div>\n      \n<\/section> \n\n\n\n\n\n<section\n    class=\"block-pcon\">\n\n      \n\t\t\t<div class=\"post_content--wrapper\">\n\t\t\t\t<div class=\"post_content--copy  \">\n\t\t\t\t\t<div class=\"post_content--copy-inner-wrapper\">\n\n\n\t\t\t\t\t\t\t\t\t\t\t\t\t<div class=\"post_content-copy-wrapper\">\n\t\t\t\t\t\t\t\t\t\t\t\t\t\t\t  \t\t<p><span style=\"font-weight: 400;\">Onclusive fournit la couverture de r\u00e9seaux sociaux et d&rsquo;actualit\u00e9s la plus compl\u00e8te et pr\u00e9cise du march\u00e9, englobant les m\u00e9dias digitaux, les fils de presse, la presse online et print, la t\u00e9l\u00e9vision, la radio et les principaux r\u00e9seaux sociaux, dont Twitter, Facebook, Instagram, YouTube, TikTok et Reddit.<\/span><\/p>\n \n\t\t\t\t\t\t\t\t\t\t\t\t\t\t\t<\/div>\n\t\t\t\t\t\t\n\t\t\t\t\t\t\n\t\t\t\t\t\t\n\t\t\t\t\t<\/div>\n\t\t\t\t<\/div>\n\t\t\t<\/div>\n\n\t\t\n<\/section> \n\n\n\n\n\n<section\n    class=\"block-basic-card-row\">\n      <div class=\"\">\n      <h2 class=\"block--heading\">Features<\/h2> \n    <\/div>\n    <div class=\"card-row--inner-wrapper\">\n          \n<div class=\"card__basic card__grey\">\n\n            <div class=\"card--image\">\n        <div class=\"card--image--inner-wrapper\">\n          \n\n<img decoding=\"async\"\n\talt=\"Icon\"\n    data-sizes=\"auto\"\n    data-src=\"https:\/\/onclusive.com\/wp-content\/uploads\/2022\/02\/How-we-do-it_Technology_Technology-capabilities_Propietary-newscrawler_The-worlds-biggest-source-for-automated.svg\"\n    data-srcset=\"https:\/\/onclusive.com\/wp-content\/uploads\/2022\/02\/How-we-do-it_Technology_Technology-capabilities_Propietary-newscrawler_The-worlds-biggest-source-for-automated.svg 1w,\n\thttps:\/\/onclusive.com\/wp-content\/uploads\/2022\/02\/How-we-do-it_Technology_Technology-capabilities_Propietary-newscrawler_The-worlds-biggest-source-for-automated.svg 1w, \n\thttps:\/\/onclusive.com\/wp-content\/uploads\/2022\/02\/How-we-do-it_Technology_Technology-capabilities_Propietary-newscrawler_The-worlds-biggest-source-for-automated.svg 1w\"\n    class=\"lazyload is-svg\"\n    src=\"https:\/\/onclusive.com\/wp-content\/uploads\/2022\/02\/How-we-do-it_Technology_Technology-capabilities_Propietary-newscrawler_The-worlds-biggest-source-for-automated.svg\"\n\/>\n\n\n\n\n        <\/div>\n      <\/div>\n      \n  <div class=\"card--copy\">\n    <div class=\"card--copy-wrapper\">\n              <h3 class=\"basic_card_heading text-bold\">La plus grande source d&#039;analyse automatis\u00e9e des actualit\u00e9s au monde.<\/h3> \n      \n          <\/div>\n\n      <\/div>\n\n<\/div>\n<div class=\"card__basic card__grey\">\n\n            <div class=\"card--image\">\n        <div class=\"card--image--inner-wrapper\">\n          \n\n<img decoding=\"async\"\n\talt=\"Icon\"\n    data-sizes=\"auto\"\n    data-src=\"https:\/\/onclusive.com\/wp-content\/uploads\/2022\/02\/How-we-do-it_Technology_Technology-capabilities_Propietary-newscrawler_247-news-alert-worldwide.svg\"\n    data-srcset=\"https:\/\/onclusive.com\/wp-content\/uploads\/2022\/02\/How-we-do-it_Technology_Technology-capabilities_Propietary-newscrawler_247-news-alert-worldwide.svg 1w,\n\thttps:\/\/onclusive.com\/wp-content\/uploads\/2022\/02\/How-we-do-it_Technology_Technology-capabilities_Propietary-newscrawler_247-news-alert-worldwide.svg 1w, \n\thttps:\/\/onclusive.com\/wp-content\/uploads\/2022\/02\/How-we-do-it_Technology_Technology-capabilities_Propietary-newscrawler_247-news-alert-worldwide.svg 1w\"\n    class=\"lazyload is-svg\"\n    src=\"https:\/\/onclusive.com\/wp-content\/uploads\/2022\/02\/How-we-do-it_Technology_Technology-capabilities_Propietary-newscrawler_247-news-alert-worldwide.svg\"\n\/>\n\n\n\n\n        <\/div>\n      <\/div>\n      \n  <div class=\"card--copy\">\n    <div class=\"card--copy-wrapper\">\n              <h3 class=\"basic_card_heading text-bold\">Des mises \u00e0 jour 24h\/24, 7j\/7, \u00e0 l&#039;\u00e9chelle mondiale.<\/h3> \n      \n          <\/div>\n\n      <\/div>\n\n<\/div>\n<div class=\"card__basic card__grey\">\n\n            <div class=\"card--image\">\n        <div class=\"card--image--inner-wrapper\">\n          \n\n<img decoding=\"async\"\n\talt=\"Icon\"\n    data-sizes=\"auto\"\n    data-src=\"https:\/\/onclusive.com\/wp-content\/uploads\/2022\/02\/How-we-do-it_Technology_Technology-capabilities_Propietary-newscrawler_Stay-informed-of-trends-and-topics.svg\"\n    data-srcset=\"https:\/\/onclusive.com\/wp-content\/uploads\/2022\/02\/How-we-do-it_Technology_Technology-capabilities_Propietary-newscrawler_Stay-informed-of-trends-and-topics.svg 1w,\n\thttps:\/\/onclusive.com\/wp-content\/uploads\/2022\/02\/How-we-do-it_Technology_Technology-capabilities_Propietary-newscrawler_Stay-informed-of-trends-and-topics.svg 1w, \n\thttps:\/\/onclusive.com\/wp-content\/uploads\/2022\/02\/How-we-do-it_Technology_Technology-capabilities_Propietary-newscrawler_Stay-informed-of-trends-and-topics.svg 1w\"\n    class=\"lazyload is-svg\"\n    src=\"https:\/\/onclusive.com\/wp-content\/uploads\/2022\/02\/How-we-do-it_Technology_Technology-capabilities_Propietary-newscrawler_Stay-informed-of-trends-and-topics.svg\"\n\/>\n\n\n\n\n        <\/div>\n      <\/div>\n      \n  <div class=\"card--copy\">\n    <div class=\"card--copy-wrapper\">\n              <h3 class=\"basic_card_heading text-bold\">Soyez \u00e0 l&#039;aff\u00fbt des tendances et sujets d&#039;actualit\u00e9 \u00e0 mesure qu&#039;ils se pr\u00e9sentent.<\/h3> \n      \n          <\/div>\n\n      <\/div>\n\n<\/div>\n<div class=\"card__basic card__grey\">\n\n            <div class=\"card--image\">\n        <div class=\"card--image--inner-wrapper\">\n          \n\n<img decoding=\"async\"\n\talt=\"Icon\"\n    data-sizes=\"auto\"\n    data-src=\"https:\/\/onclusive.com\/wp-content\/uploads\/2022\/02\/How-we-do-it_Technology_Technology-capabilities_Propietary-newscrawler_Protect-your-reputation-through-1.svg\"\n    data-srcset=\"https:\/\/onclusive.com\/wp-content\/uploads\/2022\/02\/How-we-do-it_Technology_Technology-capabilities_Propietary-newscrawler_Protect-your-reputation-through-1.svg 1w,\n\thttps:\/\/onclusive.com\/wp-content\/uploads\/2022\/02\/How-we-do-it_Technology_Technology-capabilities_Propietary-newscrawler_Protect-your-reputation-through-1.svg 1w, \n\thttps:\/\/onclusive.com\/wp-content\/uploads\/2022\/02\/How-we-do-it_Technology_Technology-capabilities_Propietary-newscrawler_Protect-your-reputation-through-1.svg 1w\"\n    class=\"lazyload is-svg\"\n    src=\"https:\/\/onclusive.com\/wp-content\/uploads\/2022\/02\/How-we-do-it_Technology_Technology-capabilities_Propietary-newscrawler_Protect-your-reputation-through-1.svg\"\n\/>\n\n\n\n\n        <\/div>\n      <\/div>\n      \n  <div class=\"card--copy\">\n    <div class=\"card--copy-wrapper\">\n              <h3 class=\"basic_card_heading text-bold\">Mettez \u00e0 profit les informations pour prot\u00e9ger votre r\u00e9putation.<\/h3> \n      \n          <\/div>\n\n      <\/div>\n\n<\/div>      <\/div>\n<\/section>\n\n\n\n\n<section\n    class=\"block-fbl\">\n  <div class=\"block-fbl--inner-wrapper\">\n          <div class=\"card__feature-block card__feature-block__large\">\n  <div class=\"card--image\">\n    <div style=\"height: 90%; width: 90%; object-fit: contain; margin: 15px;\" class=\"card--image--inner-wrapper\">\n      \n\n<img decoding=\"async\"\n\talt=\"TV and Bookstand\"\n    data-sizes=\"auto\"\n    data-src=\"https:\/\/onclusive.com\/wp-content\/uploads\/2022\/02\/How-we-do-it_Technology_Technology-capabilities_Propietary-newscrawler_Enriched-content-300x300.jpg\"\n    data-srcset=\"https:\/\/onclusive.com\/wp-content\/uploads\/2022\/02\/How-we-do-it_Technology_Technology-capabilities_Propietary-newscrawler_Enriched-content.jpg 800w,\n\thttps:\/\/onclusive.com\/wp-content\/uploads\/2022\/02\/How-we-do-it_Technology_Technology-capabilities_Propietary-newscrawler_Enriched-content.jpg 800w, \n\thttps:\/\/onclusive.com\/wp-content\/uploads\/2022\/02\/How-we-do-it_Technology_Technology-capabilities_Propietary-newscrawler_Enriched-content.jpg 800w\"\n    class=\"lazyload not-svg\"\n    src=\"https:\/\/onclusive.com\/wp-content\/uploads\/2022\/02\/How-we-do-it_Technology_Technology-capabilities_Propietary-newscrawler_Enriched-content-300x300.jpg\"\n\/>\n\n\n\n\n      \n      \n\n<img decoding=\"async\"\n\talt=\"Graphic\"\n    data-sizes=\"auto\"\n    data-src=\"https:\/\/onclusive.com\/wp-content\/uploads\/2022\/02\/How-we-do-it_Technology_Technology-capabilities_Propietary-newscrawler_Enriched-content.svg\"\n    data-srcset=\"https:\/\/onclusive.com\/wp-content\/uploads\/2022\/02\/How-we-do-it_Technology_Technology-capabilities_Propietary-newscrawler_Enriched-content.svg 1w,\n\thttps:\/\/onclusive.com\/wp-content\/uploads\/2022\/02\/How-we-do-it_Technology_Technology-capabilities_Propietary-newscrawler_Enriched-content.svg 1w, \n\thttps:\/\/onclusive.com\/wp-content\/uploads\/2022\/02\/How-we-do-it_Technology_Technology-capabilities_Propietary-newscrawler_Enriched-content.svg 1w\"\n    class=\"lazyload is-svg\"\n    src=\"https:\/\/onclusive.com\/wp-content\/uploads\/2022\/02\/How-we-do-it_Technology_Technology-capabilities_Propietary-newscrawler_Enriched-content.svg\"\n\/>\n\n\n\n\n      \n    <\/div>\n  <\/div>\n  <div class=\"card--copy\">\n    <div class=\"card--copy--inner-wrapper\">\n      <div class=\"card_bg card_bg__\"><\/div>\n      <div class=\"feature-block-large__copy-wrapper\">\n                  <h3 class=\"feature_block_heading\">Informations enrichies<\/h3> \n                          <div class=\"feature_block_copy\"><p><span style=\"font-weight: 400;\">Notre moteur de recherche brevet\u00e9 organise, \u00e9value et enrichit tous les contenus media \u00e0 travers des dizaines de crit\u00e8res, de fa\u00e7on \u00e0 pr\u00e9parer les informations aux analyses tant globales qu\u2019au niveau de la retomb\u00e9e.<\/span><\/p>\n<\/div> \n              <\/div>\n      \n<a href=\"#enquiry\"  target=\"_self\" class=\"button  button__anchor-link\">\n    Discuter avec un expert    <svg   data-name=\"Layer 1\" xmlns=\"http:\/\/www.w3.org\/2000\/svg\" viewBox=\"0 0 12 7.41\"><polygon points=\"10.59 0 6 4.58 1.41 0 0 1.41 6 7.41 12 1.41 10.59 0\"\/><\/svg><\/a>\n    <\/div>\n  <\/div>\n  \n<\/div><div class=\"card__feature-block card__feature-block__large\">\n  <div class=\"card--image\">\n    <div style=\"height: 90%; width: 90%; object-fit: contain; margin: 15px;\" class=\"card--image--inner-wrapper\">\n      \n\n<img decoding=\"async\"\n\talt=\"Graphic\"\n    data-sizes=\"auto\"\n    data-src=\"https:\/\/onclusive.com\/wp-content\/uploads\/2022\/03\/How-we-do-it_Technology_Technology-capabilities_Propietary-newscrawler_Search-filter-results.svg\"\n    data-srcset=\"https:\/\/onclusive.com\/wp-content\/uploads\/2022\/03\/How-we-do-it_Technology_Technology-capabilities_Propietary-newscrawler_Search-filter-results.svg 1w,\n\thttps:\/\/onclusive.com\/wp-content\/uploads\/2022\/03\/How-we-do-it_Technology_Technology-capabilities_Propietary-newscrawler_Search-filter-results.svg 1w, \n\thttps:\/\/onclusive.com\/wp-content\/uploads\/2022\/03\/How-we-do-it_Technology_Technology-capabilities_Propietary-newscrawler_Search-filter-results.svg 1w\"\n    class=\"lazyload is-svg\"\n    src=\"https:\/\/onclusive.com\/wp-content\/uploads\/2022\/03\/How-we-do-it_Technology_Technology-capabilities_Propietary-newscrawler_Search-filter-results.svg\"\n\/>\n\n\n\n\n      \n      \n\n<img decoding=\"async\"\n\talt=\"Camera\"\n    data-sizes=\"auto\"\n    data-src=\"https:\/\/onclusive.com\/wp-content\/uploads\/2022\/03\/How-we-do-it_Technology_Technology-capabilities_Propietary-newscrawler_Search-and-filter-results-300x300.png\"\n    data-srcset=\"https:\/\/onclusive.com\/wp-content\/uploads\/2022\/03\/How-we-do-it_Technology_Technology-capabilities_Propietary-newscrawler_Search-and-filter-results.png 800w,\n\thttps:\/\/onclusive.com\/wp-content\/uploads\/2022\/03\/How-we-do-it_Technology_Technology-capabilities_Propietary-newscrawler_Search-and-filter-results.png 800w, \n\thttps:\/\/onclusive.com\/wp-content\/uploads\/2022\/03\/How-we-do-it_Technology_Technology-capabilities_Propietary-newscrawler_Search-and-filter-results.png 800w\"\n    class=\"lazyload not-svg\"\n    src=\"https:\/\/onclusive.com\/wp-content\/uploads\/2022\/03\/How-we-do-it_Technology_Technology-capabilities_Propietary-newscrawler_Search-and-filter-results-300x300.png\"\n\/>\n\n\n\n\n      \n    <\/div>\n  <\/div>\n  <div class=\"card--copy\">\n    <div class=\"card--copy--inner-wrapper\">\n      <div class=\"card_bg card_bg__\"><\/div>\n      <div class=\"feature-block-large__copy-wrapper\">\n                  <h3 class=\"feature_block_heading\">R\u00e9sultats pr\u00e9cis<\/h3> \n                          <div class=\"feature_block_copy\"><p><span style=\"font-weight: 400;\">Recherchez et filtrez les r\u00e9sultats du moteur de recherche e contenus media pour vous concentrer sur les retomb\u00e9es les plus importantes pour vos projets et objectifs. Appliquez des filtres bas\u00e9s sur les r\u00e9f\u00e9rences, l&rsquo;importance des publications, la port\u00e9e ou l&rsquo;engagement sur les r\u00e9seaux sociaux, ainsi que des filtres plus classiques comme la date, le nom de la publication, l&rsquo;auteur et la langue.\u00a0 <\/span><\/p>\n<\/div> \n              <\/div>\n      \n<a href=\"#enquiry\"  target=\"_self\" class=\"button  button__anchor-link button__anchor-link\">\n    Nous contacter    <svg   data-name=\"Layer 1\" xmlns=\"http:\/\/www.w3.org\/2000\/svg\" viewBox=\"0 0 12 7.41\"><polygon points=\"10.59 0 6 4.58 1.41 0 0 1.41 6 7.41 12 1.41 10.59 0\"\/><\/svg><\/a>\n    <\/div>\n  <\/div>\n  \n<\/div><div class=\"card__feature-block card__feature-block__large\">\n  <div class=\"card--image\">\n    <div style=\"height: 90%; width: 90%; object-fit: contain; margin: 15px;\" class=\"card--image--inner-wrapper\">\n      \n\n<img decoding=\"async\"\n\talt=\"4 Different Media Types\"\n    data-sizes=\"auto\"\n    data-src=\"https:\/\/onclusive.com\/wp-content\/uploads\/2022\/02\/How-we-do-it_Technology_Technology-capabilities_Propietary-newscrawler_Media-monitoring-300x300.jpg\"\n    data-srcset=\"https:\/\/onclusive.com\/wp-content\/uploads\/2022\/02\/How-we-do-it_Technology_Technology-capabilities_Propietary-newscrawler_Media-monitoring.jpg 800w,\n\thttps:\/\/onclusive.com\/wp-content\/uploads\/2022\/02\/How-we-do-it_Technology_Technology-capabilities_Propietary-newscrawler_Media-monitoring.jpg 800w, \n\thttps:\/\/onclusive.com\/wp-content\/uploads\/2022\/02\/How-we-do-it_Technology_Technology-capabilities_Propietary-newscrawler_Media-monitoring.jpg 800w\"\n    class=\"lazyload not-svg\"\n    src=\"https:\/\/onclusive.com\/wp-content\/uploads\/2022\/02\/How-we-do-it_Technology_Technology-capabilities_Propietary-newscrawler_Media-monitoring-300x300.jpg\"\n\/>\n\n\n\n\n      \n      \n\n<img decoding=\"async\"\n\talt=\"Graphic\"\n    data-sizes=\"auto\"\n    data-src=\"https:\/\/onclusive.com\/wp-content\/uploads\/2022\/02\/How-we-do-it_Technology_Technology-capabilities_Propietary-newscrawler_Media-monitoring.svg\"\n    data-srcset=\"https:\/\/onclusive.com\/wp-content\/uploads\/2022\/02\/How-we-do-it_Technology_Technology-capabilities_Propietary-newscrawler_Media-monitoring.svg 1w,\n\thttps:\/\/onclusive.com\/wp-content\/uploads\/2022\/02\/How-we-do-it_Technology_Technology-capabilities_Propietary-newscrawler_Media-monitoring.svg 1w, \n\thttps:\/\/onclusive.com\/wp-content\/uploads\/2022\/02\/How-we-do-it_Technology_Technology-capabilities_Propietary-newscrawler_Media-monitoring.svg 1w\"\n    class=\"lazyload is-svg\"\n    src=\"https:\/\/onclusive.com\/wp-content\/uploads\/2022\/02\/How-we-do-it_Technology_Technology-capabilities_Propietary-newscrawler_Media-monitoring.svg\"\n\/>\n\n\n\n\n      \n    <\/div>\n  <\/div>\n  <div class=\"card--copy\">\n    <div class=\"card--copy--inner-wrapper\">\n      <div class=\"card_bg card_bg__\"><\/div>\n      <div class=\"feature-block-large__copy-wrapper\">\n                  <h3 class=\"feature_block_heading\">Veille media<\/h3> \n                          <div class=\"feature_block_copy\"><p><span style=\"font-weight: 400;\">Nous fournissons les services de veille media les plus complets et pr\u00e9cis du march\u00e9. Elle englobe les m\u00e9dias digitaux, les fils de presse, la presse online et print, la t\u00e9l\u00e9vision et la radio. C&rsquo;est \u00e0 vous de choisir quand et de quelle mani\u00e8re vous souhaitez recevoir les informations. Nous proposons diff\u00e9rents formats de livraison, \u00e0 la fr\u00e9quence qui vous convient.<\/span><\/p>\n<p>&nbsp;<\/p>\n<p>&nbsp;<\/p>\n<\/div> \n              <\/div>\n      \n<a href=\"https:\/\/onclusive.com\/fr\/solutions\/veille\/veille-media\/\"  target=\"_self\" class=\"button  button__anchor-link button__anchor-link button__page-link\">\n    En savoir plus sur la Veille Media    <svg   data-name=\"Layer 1\" xmlns=\"http:\/\/www.w3.org\/2000\/svg\" viewBox=\"0 0 16 16\"><polygon points=\"8 0 6.59 1.41 12.17 7 0 7 0 9 12.17 9 6.59 14.59 8 16 16 8 8 0\"\/><\/svg><\/a>\n    <\/div>\n  <\/div>\n  \n<\/div>      <\/div>\n<\/section>\n","protected":false},"excerpt":{"rendered":"","protected":false},"author":3,"featured_media":0,"parent":5731,"menu_order":0,"comment_status":"closed","ping_status":"closed","template":"","meta":{"_acf_changed":false,"content-type":"","inline_featured_image":false,"footnotes":""},"region":[],"class_list":["post-5858","page","type-page","status-publish","hentry"],"acf":[],"_links":{"self":[{"href":"https:\/\/onclusive.com\/fr\/wp-json\/wp\/v2\/pages\/5858","targetHints":{"allow":["GET"]}}],"collection":[{"href":"https:\/\/onclusive.com\/fr\/wp-json\/wp\/v2\/pages"}],"about":[{"href":"https:\/\/onclusive.com\/fr\/wp-json\/wp\/v2\/types\/page"}],"author":[{"embeddable":true,"href":"https:\/\/onclusive.com\/fr\/wp-json\/wp\/v2\/users\/3"}],"replies":[{"embeddable":true,"href":"https:\/\/onclusive.com\/fr\/wp-json\/wp\/v2\/comments?post=5858"}],"version-history":[{"count":0,"href":"https:\/\/onclusive.com\/fr\/wp-json\/wp\/v2\/pages\/5858\/revisions"}],"up":[{"embeddable":true,"href":"https:\/\/onclusive.com\/fr\/wp-json\/wp\/v2\/pages\/5731"}],"wp:attachment":[{"href":"https:\/\/onclusive.com\/fr\/wp-json\/wp\/v2\/media?parent=5858"}],"wp:term":[{"taxonomy":"region","embeddable":true,"href":"https:\/\/onclusive.com\/fr\/wp-json\/wp\/v2\/region?post=5858"}],"curies":[{"name":"wp","href":"https:\/\/api.w.org\/{rel}","templated":true}]}}