{"id":5861,"date":"2022-02-23T11:11:46","date_gmt":"2022-02-23T11:11:46","guid":{"rendered":"https:\/\/newonclusive.wpengine.com\/technology-capabilities\/natural-language-processing-nlp\/"},"modified":"2024-08-08T16:43:35","modified_gmt":"2024-08-08T16:43:35","slug":"natural-language-processing-nlp","status":"publish","type":"page","link":"https:\/\/onclusive.com\/fr\/organisation\/nos-technologies\/capacites-technologiques\/natural-language-processing-nlp\/","title":{"rendered":"Natural language processing (NLP)"},"content":{"rendered":"\n<style>\n\/**\n * Hero Background Overlay Styles\n *\/\n.hero-background-overlay {\n    position: absolute;\n    top: 0;\n    left: 0;\n    width: 100%;\n    height: 100%;\n    z-index: 1; \/* Above background image, below content *\/\n    pointer-events: none; \/* Allows clicks to pass through to content *\/\n}\n\n\/* Ensure hero section is positioned relative *\/\n.block-hero {\n    position: relative;\n}\n\n\/* Ensure content sits above overlay *\/\n.hero--content {\n    position: relative;\n    z-index: 2; \/* Above overlay *\/\n}\n\n\/* Ensure background image stays at bottom *\/\n.hero-background-image {\n    position: absolute;\n    z-index: 0; \/* Behind everything *\/\n}\n<\/style>\n\n<section\n    class=\"block-hero block-hero-contained \">\n\n            <div class=\"contained-hero-inner-wrap\">\n      \n          \n            \n              <div class=\"hero_background_colour bg__blue_light hero_background_colour__full\"><\/div>\n      \n          \n    \n    <div class=\"hero--content\">\n\n      <div class=\"hero--content--inner-wrapper\">\n\n                  <!-- ORIGINAL COMPLEX IMAGES -->\n          <div class=\"hero-foreground-images\">\n\n                                            <div class=\"hero_bg_colour_split bg__ hero_bg_colour_split__left\"><\/div>\n                          \n                        <div class=\"img-wrapper ratio-1-1 image-is-foreground\">\n\t\n\n<img decoding=\"async\"\n\talt=\"Graphic\"\n    data-sizes=\"auto\"\n    data-src=\"https:\/\/onclusive.com\/wp-content\/uploads\/2022\/02\/How-we-do-it_Technology_Technology-capabilities_Natural-language-processing_LRG.svg\"\n    data-srcset=\"https:\/\/onclusive.com\/wp-content\/uploads\/2022\/02\/How-we-do-it_Technology_Technology-capabilities_Natural-language-processing_LRG.svg 1w,\n\thttps:\/\/onclusive.com\/wp-content\/uploads\/2022\/02\/How-we-do-it_Technology_Technology-capabilities_Natural-language-processing_LRG.svg 1w, \n\thttps:\/\/onclusive.com\/wp-content\/uploads\/2022\/02\/How-we-do-it_Technology_Technology-capabilities_Natural-language-processing_LRG.svg 1w\"\n    class=\"lazyload is-svg\"\n    src=\"https:\/\/onclusive.com\/wp-content\/uploads\/2022\/02\/How-we-do-it_Technology_Technology-capabilities_Natural-language-processing_LRG.svg\"\n\/>\n\n\n\n\n<\/div>          <\/div>\n        \n        <div class=\"hero--copy\">\n\n          <!-- OPTIONAL HERO TAG - ONLY IF SET -->\n          \n                      <h1 class=\"hero_title\" >\n                            <span class=\"hero_title_bold\">\n                Le traitement automatique des langues (Natural Langage Processing)               <\/span>\n                <br\/>                                          un outil pour faire face \u00e0 l&#039;explosion des contenus digitaux \u00e0 l&#039;\u00e9chelle mondiale             \n                        <\/h1> \n          \n          \n                      <div class=\"hero_buttons--wrapper\">\n            \n<a href=\"#enquiry\"  target=\"_self\" class=\"button  button__anchor-link\">\n    Explorer    <svg   data-name=\"Layer 1\" xmlns=\"http:\/\/www.w3.org\/2000\/svg\" viewBox=\"0 0 12 7.41\"><polygon points=\"10.59 0 6 4.58 1.41 0 0 1.41 6 7.41 12 1.41 10.59 0\"\/><\/svg><\/a>\n            <\/div>\n          \n        <\/div>\n\n      <\/div>\n\n    <\/div>\n\n            <\/div>\n        \n<\/section>\n\n\n<section\n    class=\"o-wrapper block-statement js-block-statement\">\n\n              <div class=\"block-statement--inner-wrapper\">\n          <h2 class=\"statement-block--statement\">En tant qu&rsquo;ambassadeurs de la premi\u00e8re technologie de data science au monde, notre moteur de recherche brevet\u00e9 utilise des applications de traitement automatique des langues afin d&rsquo;effectuer une analyse multiplateforme des m\u00e9dias bas\u00e9e sur plus de 6 millions d&rsquo;items chaque jour.<br \/>\r\n<br \/>\r\nLes contenus media sont identifi\u00e9s et mis \u00e0 disposition pour une analyse plus approfondie gr\u00e2ce \u00e0 la combinaison de trois processus cl\u00e9s : notre traitement automatique des langues (NLP), nos solutions de veille par l\u2019intellience artificielle, et notre mod\u00e8le de machine learning (ML).<br \/>\r\n<br \/>\r\nDes donn\u00e9es coh\u00e9rentes, exhaustives et impartiales sont ainsi g\u00e9n\u00e9r\u00e9es de mani\u00e8re automatis\u00e9e et fournissent les insights les plus pertinents au moment o\u00f9 vous en avez besoin. En utilisant nos outils d&rsquo;analyse, vous disposez des donn\u00e9es les plus pertinentes \u00e0 analyser afin d&rsquo;identifier votre public, vos sujets et vos tendances et pr\u00e9parer ainsi vos  activit\u00e9s RP\u00e0 venir.<\/h2> \n        <\/div>\n      \n<\/section> \n\n\n\n\n\n<section\n    class=\"block-basic-card-row\">\n      <div class=\"\">\n      <h2 class=\"block--heading\">Benefits:<\/h2> \n    <\/div>\n    <div class=\"card-row--inner-wrapper\">\n          \n<div class=\"card__basic card__grey\">\n\n            <div class=\"card--image\">\n        <div class=\"card--image--inner-wrapper\">\n          \n\n<img decoding=\"async\"\n\talt=\"Icon\"\n    data-sizes=\"auto\"\n    data-src=\"https:\/\/onclusive.com\/wp-content\/uploads\/2022\/02\/How-we-do-it_Technology_Technology-capabilities_Natural-language-processing_Machine-led-categorisation-of.svg\"\n    data-srcset=\"https:\/\/onclusive.com\/wp-content\/uploads\/2022\/02\/How-we-do-it_Technology_Technology-capabilities_Natural-language-processing_Machine-led-categorisation-of.svg 1w,\n\thttps:\/\/onclusive.com\/wp-content\/uploads\/2022\/02\/How-we-do-it_Technology_Technology-capabilities_Natural-language-processing_Machine-led-categorisation-of.svg 1w, \n\thttps:\/\/onclusive.com\/wp-content\/uploads\/2022\/02\/How-we-do-it_Technology_Technology-capabilities_Natural-language-processing_Machine-led-categorisation-of.svg 1w\"\n    class=\"lazyload is-svg\"\n    src=\"https:\/\/onclusive.com\/wp-content\/uploads\/2022\/02\/How-we-do-it_Technology_Technology-capabilities_Natural-language-processing_Machine-led-categorisation-of.svg\"\n\/>\n\n\n\n\n        <\/div>\n      <\/div>\n      \n  <div class=\"card--copy\">\n    <div class=\"card--copy-wrapper\">\n              <h3 class=\"basic_card_heading text-bold\">Cat\u00e9gorisation automatis\u00e9e de plus de 6 millions d&#039;items par jour.<\/h3> \n      \n          <\/div>\n\n      <\/div>\n\n<\/div>\n<div class=\"card__basic card__grey\">\n\n            <div class=\"card--image\">\n        <div class=\"card--image--inner-wrapper\">\n          \n\n<img decoding=\"async\"\n\talt=\"Icon\"\n    data-sizes=\"auto\"\n    data-src=\"https:\/\/onclusive.com\/wp-content\/uploads\/2022\/02\/How-we-do-it_Technology_Technology-capabilities_Natural-language-processing_Cross-platform-media-analysis.svg\"\n    data-srcset=\"https:\/\/onclusive.com\/wp-content\/uploads\/2022\/02\/How-we-do-it_Technology_Technology-capabilities_Natural-language-processing_Cross-platform-media-analysis.svg 1w,\n\thttps:\/\/onclusive.com\/wp-content\/uploads\/2022\/02\/How-we-do-it_Technology_Technology-capabilities_Natural-language-processing_Cross-platform-media-analysis.svg 1w, \n\thttps:\/\/onclusive.com\/wp-content\/uploads\/2022\/02\/How-we-do-it_Technology_Technology-capabilities_Natural-language-processing_Cross-platform-media-analysis.svg 1w\"\n    class=\"lazyload is-svg\"\n    src=\"https:\/\/onclusive.com\/wp-content\/uploads\/2022\/02\/How-we-do-it_Technology_Technology-capabilities_Natural-language-processing_Cross-platform-media-analysis.svg\"\n\/>\n\n\n\n\n        <\/div>\n      <\/div>\n      \n  <div class=\"card--copy\">\n    <div class=\"card--copy-wrapper\">\n              <h3 class=\"basic_card_heading text-bold\">Analyse multiplateforme de m\u00e9dias.<\/h3> \n      \n          <\/div>\n\n      <\/div>\n\n<\/div>\n<div class=\"card__basic card__grey\">\n\n            <div class=\"card--image\">\n        <div class=\"card--image--inner-wrapper\">\n          \n\n<img decoding=\"async\"\n\talt=\"Icon\"\n    data-sizes=\"auto\"\n    data-src=\"https:\/\/onclusive.com\/wp-content\/uploads\/2022\/02\/How-we-do-it_Technology_Technology-capabilities_Natural-language-processing_Multilingual-sentiment-analysis.svg\"\n    data-srcset=\"https:\/\/onclusive.com\/wp-content\/uploads\/2022\/02\/How-we-do-it_Technology_Technology-capabilities_Natural-language-processing_Multilingual-sentiment-analysis.svg 1w,\n\thttps:\/\/onclusive.com\/wp-content\/uploads\/2022\/02\/How-we-do-it_Technology_Technology-capabilities_Natural-language-processing_Multilingual-sentiment-analysis.svg 1w, \n\thttps:\/\/onclusive.com\/wp-content\/uploads\/2022\/02\/How-we-do-it_Technology_Technology-capabilities_Natural-language-processing_Multilingual-sentiment-analysis.svg 1w\"\n    class=\"lazyload is-svg\"\n    src=\"https:\/\/onclusive.com\/wp-content\/uploads\/2022\/02\/How-we-do-it_Technology_Technology-capabilities_Natural-language-processing_Multilingual-sentiment-analysis.svg\"\n\/>\n\n\n\n\n        <\/div>\n      <\/div>\n      \n  <div class=\"card--copy\">\n    <div class=\"card--copy-wrapper\">\n              <h3 class=\"basic_card_heading text-bold\">Analyse de la tonalit\u00e9 multilingue prenant en charge 104 langues.<\/h3> \n      \n          <\/div>\n\n      <\/div>\n\n<\/div>\n<div class=\"card__basic card__grey\">\n\n            <div class=\"card--image\">\n        <div class=\"card--image--inner-wrapper\">\n          \n\n<img decoding=\"async\"\n\talt=\"Icon\"\n    data-sizes=\"auto\"\n    data-src=\"https:\/\/onclusive.com\/wp-content\/uploads\/2022\/02\/How-we-do-it_Technology_Technology-capabilities_Natural-language-processing_Comprehensive-and-consistent.svg\"\n    data-srcset=\"https:\/\/onclusive.com\/wp-content\/uploads\/2022\/02\/How-we-do-it_Technology_Technology-capabilities_Natural-language-processing_Comprehensive-and-consistent.svg 1w,\n\thttps:\/\/onclusive.com\/wp-content\/uploads\/2022\/02\/How-we-do-it_Technology_Technology-capabilities_Natural-language-processing_Comprehensive-and-consistent.svg 1w, \n\thttps:\/\/onclusive.com\/wp-content\/uploads\/2022\/02\/How-we-do-it_Technology_Technology-capabilities_Natural-language-processing_Comprehensive-and-consistent.svg 1w\"\n    class=\"lazyload is-svg\"\n    src=\"https:\/\/onclusive.com\/wp-content\/uploads\/2022\/02\/How-we-do-it_Technology_Technology-capabilities_Natural-language-processing_Comprehensive-and-consistent.svg\"\n\/>\n\n\n\n\n        <\/div>\n      <\/div>\n      \n  <div class=\"card--copy\">\n    <div class=\"card--copy-wrapper\">\n              <h3 class=\"basic_card_heading text-bold\">Donn\u00e9es exhaustives et coh\u00e9rentes.<\/h3> \n      \n          <\/div>\n\n      <\/div>\n\n<\/div>\n<div class=\"card__basic card__grey\">\n\n            <div class=\"card--image\">\n        <div class=\"card--image--inner-wrapper\">\n          \n\n<img decoding=\"async\"\n\talt=\"Icon\"\n    data-sizes=\"auto\"\n    data-src=\"https:\/\/onclusive.com\/wp-content\/uploads\/2022\/02\/How-we-do-it_Technology_Technology-capabilities_Natural-language-processing_Advanced-insights-that.svg\"\n    data-srcset=\"https:\/\/onclusive.com\/wp-content\/uploads\/2022\/02\/How-we-do-it_Technology_Technology-capabilities_Natural-language-processing_Advanced-insights-that.svg 1w,\n\thttps:\/\/onclusive.com\/wp-content\/uploads\/2022\/02\/How-we-do-it_Technology_Technology-capabilities_Natural-language-processing_Advanced-insights-that.svg 1w, \n\thttps:\/\/onclusive.com\/wp-content\/uploads\/2022\/02\/How-we-do-it_Technology_Technology-capabilities_Natural-language-processing_Advanced-insights-that.svg 1w\"\n    class=\"lazyload is-svg\"\n    src=\"https:\/\/onclusive.com\/wp-content\/uploads\/2022\/02\/How-we-do-it_Technology_Technology-capabilities_Natural-language-processing_Advanced-insights-that.svg\"\n\/>\n\n\n\n\n        <\/div>\n      <\/div>\n      \n  <div class=\"card--copy\">\n    <div class=\"card--copy-wrapper\">\n              <h3 class=\"basic_card_heading text-bold\">Informations avanc\u00e9es qui accompagnent nos outils de mesure Power of Voice\u2122 et PR Attribution\u2122<\/h3> \n      \n          <\/div>\n\n      <\/div>\n\n<\/div>      <\/div>\n<\/section>\n\n\n\n\n<section\n    class=\"block-fbl\">\n  <div class=\"block-fbl--inner-wrapper\">\n          <div class=\"card__feature-block card__feature-block__large\">\n  <div class=\"card--image\">\n    <div style=\"height: 90%; width: 90%; object-fit: contain; margin: 15px;\" class=\"card--image--inner-wrapper\">\n            \n      \n\n<img decoding=\"async\"\n\talt=\"Graphic\"\n    data-sizes=\"auto\"\n    data-src=\"https:\/\/onclusive.com\/wp-content\/uploads\/2022\/02\/How-we-do-it_Technology_Technology-capabilities_Natural-language-processing_Consistent-data.svg\"\n    data-srcset=\"https:\/\/onclusive.com\/wp-content\/uploads\/2022\/02\/How-we-do-it_Technology_Technology-capabilities_Natural-language-processing_Consistent-data.svg 1w,\n\thttps:\/\/onclusive.com\/wp-content\/uploads\/2022\/02\/How-we-do-it_Technology_Technology-capabilities_Natural-language-processing_Consistent-data.svg 1w, \n\thttps:\/\/onclusive.com\/wp-content\/uploads\/2022\/02\/How-we-do-it_Technology_Technology-capabilities_Natural-language-processing_Consistent-data.svg 1w\"\n    class=\"lazyload is-svg\"\n    src=\"https:\/\/onclusive.com\/wp-content\/uploads\/2022\/02\/How-we-do-it_Technology_Technology-capabilities_Natural-language-processing_Consistent-data.svg\"\n\/>\n\n\n\n\n      \n    <\/div>\n  <\/div>\n  <div class=\"card--copy\">\n    <div class=\"card--copy--inner-wrapper\">\n      <div class=\"card_bg card_bg__\"><\/div>\n      <div class=\"feature-block-large__copy-wrapper\">\n                  <h3 class=\"feature_block_heading\">Un traitement des donn\u00e9es coh\u00e9rent et automatique<\/h3> \n                          <div class=\"feature_block_copy\"><h4><span style=\"font-weight: 400;\">Les capacit\u00e9s de notre moteur de recherche brevet\u00e9 ont \u00e9t\u00e9 affin\u00e9es gr\u00e2ce \u00e0 nos applications NLP et nos solutions de surveillance par l\u2019IA pour en faire le moteur de recherche de contenus media le plus avanc\u00e9 sur le march\u00e9.<\/span><\/h4>\n<h4><span style=\"font-weight: 400;\">Les donn\u00e9es media ne cessent d&rsquo;augmenter, avec un volume de contenus digitaux et social media chaque jour plus important. Notre moteur de recherche brevet\u00e9 traite en effet 33\u00a0To de donn\u00e9es media par jour, bien plus que certaines plateformes social media\u00a0!\u00a0<\/span><\/h4>\n<h4><span style=\"font-weight: 400;\">Il serait physiquement impossible de traiter manuellement ces donn\u00e9es de mani\u00e8re coh\u00e9rente et autonome. C&rsquo;est pourquoi notre solution de veille par l\u2019intelligence artificielle apprend en permanence, permettant ainsi une analyse de plus en plus intelligente \u00e0 mesure que le volume d&rsquo;articles augmente, afin de fournir les donn\u00e9es les plus coh\u00e9rentes et exhaustives disponibles au moment o\u00f9 vous en avez besoin.<\/span><\/h4>\n<\/div> \n              <\/div>\n          <\/div>\n  <\/div>\n  \n<\/div><div class=\"card__feature-block card__feature-block__large\">\n  <div class=\"card--image\">\n    <div style=\"height: 90%; width: 90%; object-fit: contain; margin: 15px;\" class=\"card--image--inner-wrapper\">\n      \n\n<img decoding=\"async\"\n\talt=\"\"\n    data-sizes=\"auto\"\n    data-src=\"https:\/\/onclusive.com\/wp-content\/uploads\/2022\/02\/How-we-do-it_Technology_Technology-capabilities_Natural-Language-Processing_Intelligence-300x300.jpg\"\n    data-srcset=\"https:\/\/onclusive.com\/wp-content\/uploads\/2022\/02\/How-we-do-it_Technology_Technology-capabilities_Natural-Language-Processing_Intelligence.jpg 800w,\n\thttps:\/\/onclusive.com\/wp-content\/uploads\/2022\/02\/How-we-do-it_Technology_Technology-capabilities_Natural-Language-Processing_Intelligence.jpg 800w, \n\thttps:\/\/onclusive.com\/wp-content\/uploads\/2022\/02\/How-we-do-it_Technology_Technology-capabilities_Natural-Language-Processing_Intelligence.jpg 800w\"\n    class=\"lazyload not-svg\"\n    src=\"https:\/\/onclusive.com\/wp-content\/uploads\/2022\/02\/How-we-do-it_Technology_Technology-capabilities_Natural-Language-Processing_Intelligence-300x300.jpg\"\n\/>\n\n\n\n\n      \n      \n\n<img decoding=\"async\"\n\talt=\"Graphic\"\n    data-sizes=\"auto\"\n    data-src=\"https:\/\/onclusive.com\/wp-content\/uploads\/2022\/02\/How-we-do-it_Technology_Technology-capabilities_Natural-language-processing_Intelligence.svg\"\n    data-srcset=\"https:\/\/onclusive.com\/wp-content\/uploads\/2022\/02\/How-we-do-it_Technology_Technology-capabilities_Natural-language-processing_Intelligence.svg 1w,\n\thttps:\/\/onclusive.com\/wp-content\/uploads\/2022\/02\/How-we-do-it_Technology_Technology-capabilities_Natural-language-processing_Intelligence.svg 1w, \n\thttps:\/\/onclusive.com\/wp-content\/uploads\/2022\/02\/How-we-do-it_Technology_Technology-capabilities_Natural-language-processing_Intelligence.svg 1w\"\n    class=\"lazyload is-svg\"\n    src=\"https:\/\/onclusive.com\/wp-content\/uploads\/2022\/02\/How-we-do-it_Technology_Technology-capabilities_Natural-language-processing_Intelligence.svg\"\n\/>\n\n\n\n\n      \n    <\/div>\n  <\/div>\n  <div class=\"card--copy\">\n    <div class=\"card--copy--inner-wrapper\">\n      <div class=\"card_bg card_bg__\"><\/div>\n      <div class=\"feature-block-large__copy-wrapper\">\n                  <h3 class=\"feature_block_heading\">Solutions de veille par l\u2019intelligence artificielle<\/h3> \n                          <div class=\"feature_block_copy\"><p><span style=\"font-weight: 400;\">La combinaison du N<\/span><i><span style=\"font-weight: 400;\">atural Language Processing<\/span><\/i><span style=\"font-weight: 400;\"> et des solutions de veille par l\u2019IA permet de confirmer l&rsquo;authenticit\u00e9 de la publication et le degr\u00e9 d&rsquo;engagement qu&rsquo;elle a re\u00e7u sur les r\u00e9seaux sociaux, que ce soit sous forme de mentions \u00ab\u00a0J&rsquo;aime \/ Like\u00a0\u00bb, de partages, de commentaires ou de retweets. <\/span><\/p>\n<\/div> \n              <\/div>\n      \n<a href=\"#enquiry\"  target=\"_self\" class=\"button  button__anchor-link\">\n    D\u00e9couvrir    <svg   data-name=\"Layer 1\" xmlns=\"http:\/\/www.w3.org\/2000\/svg\" viewBox=\"0 0 12 7.41\"><polygon points=\"10.59 0 6 4.58 1.41 0 0 1.41 6 7.41 12 1.41 10.59 0\"\/><\/svg><\/a>\n    <\/div>\n  <\/div>\n  \n<\/div><div class=\"card__feature-block card__feature-block__large\">\n  <div class=\"card--image\">\n    <div style=\"height: 90%; width: 90%; object-fit: contain; margin: 15px;\" class=\"card--image--inner-wrapper\">\n      \n\n<img decoding=\"async\"\n\talt=\"\"\n    data-sizes=\"auto\"\n    data-src=\"https:\/\/onclusive.com\/wp-content\/uploads\/2022\/02\/How-we-do-it_Technology_Technology-capabilities_Natural-Language-Processing_Media-sentiment-analysis-300x300.jpg\"\n    data-srcset=\"https:\/\/onclusive.com\/wp-content\/uploads\/2022\/02\/How-we-do-it_Technology_Technology-capabilities_Natural-Language-Processing_Media-sentiment-analysis.jpg 800w,\n\thttps:\/\/onclusive.com\/wp-content\/uploads\/2022\/02\/How-we-do-it_Technology_Technology-capabilities_Natural-Language-Processing_Media-sentiment-analysis.jpg 800w, \n\thttps:\/\/onclusive.com\/wp-content\/uploads\/2022\/02\/How-we-do-it_Technology_Technology-capabilities_Natural-Language-Processing_Media-sentiment-analysis.jpg 800w\"\n    class=\"lazyload not-svg\"\n    src=\"https:\/\/onclusive.com\/wp-content\/uploads\/2022\/02\/How-we-do-it_Technology_Technology-capabilities_Natural-Language-Processing_Media-sentiment-analysis-300x300.jpg\"\n\/>\n\n\n\n\n      \n      \n\n<img decoding=\"async\"\n\talt=\"Graphic\"\n    data-sizes=\"auto\"\n    data-src=\"https:\/\/onclusive.com\/wp-content\/uploads\/2022\/02\/How-we-do-it_Technology_Technology-capabilities_Natural-language-processing_Media-sentiment-analysis.svg\"\n    data-srcset=\"https:\/\/onclusive.com\/wp-content\/uploads\/2022\/02\/How-we-do-it_Technology_Technology-capabilities_Natural-language-processing_Media-sentiment-analysis.svg 1w,\n\thttps:\/\/onclusive.com\/wp-content\/uploads\/2022\/02\/How-we-do-it_Technology_Technology-capabilities_Natural-language-processing_Media-sentiment-analysis.svg 1w, \n\thttps:\/\/onclusive.com\/wp-content\/uploads\/2022\/02\/How-we-do-it_Technology_Technology-capabilities_Natural-language-processing_Media-sentiment-analysis.svg 1w\"\n    class=\"lazyload is-svg\"\n    src=\"https:\/\/onclusive.com\/wp-content\/uploads\/2022\/02\/How-we-do-it_Technology_Technology-capabilities_Natural-language-processing_Media-sentiment-analysis.svg\"\n\/>\n\n\n\n\n      \n    <\/div>\n  <\/div>\n  <div class=\"card--copy\">\n    <div class=\"card--copy--inner-wrapper\">\n      <div class=\"card_bg card_bg__\"><\/div>\n      <div class=\"feature-block-large__copy-wrapper\">\n                  <h3 class=\"feature_block_heading\">Analyse de la tonalit\u00e9 dans les m\u00e9dias<\/h3> \n                          <div class=\"feature_block_copy\"><p><span style=\"font-weight: 400;\">Les donn\u00e9es sont trait\u00e9es via notre outil brevet\u00e9 d&rsquo;analyse de la tonalit\u00e9 \u00e0 l&rsquo;\u00e9chelle internationale, utilisant le traitement automatique du langage et l&rsquo;intelligence artificielle dans 104\u00a0langues, pour fournir des informations automatis\u00e9es sur le ton qui se d\u00e9gage de votre couverture m\u00e9diatique Earned media.\u00a0<\/span><\/p>\n<p><span style=\"font-weight: 400;\">Les articles sont \u00e9valu\u00e9s en termes de pertinence, de ton et de sentiments v\u00e9hicul\u00e9s vis-\u00e0-vis de votre marque.<\/span><\/p>\n<\/div> \n              <\/div>\n      \n<a href=\"#enquiry\"  target=\"_self\" class=\"button  button__anchor-link button__anchor-link\">\n    \u00catre rappel\u00e9    <svg   data-name=\"Layer 1\" xmlns=\"http:\/\/www.w3.org\/2000\/svg\" viewBox=\"0 0 12 7.41\"><polygon points=\"10.59 0 6 4.58 1.41 0 0 1.41 6 7.41 12 1.41 10.59 0\"\/><\/svg><\/a>\n    <\/div>\n  <\/div>\n  \n<\/div><div class=\"card__feature-block card__feature-block__large\">\n  <div class=\"card--image\">\n    <div style=\"height: 90%; width: 90%; object-fit: contain; margin: 15px;\" class=\"card--image--inner-wrapper\">\n      \n\n<img decoding=\"async\"\n\talt=\"Graphic\"\n    data-sizes=\"auto\"\n    data-src=\"https:\/\/onclusive.com\/wp-content\/uploads\/2022\/02\/How-we-do-it_Technology_Technology-capabilities_Natural-language-processing_Technology.svg\"\n    data-srcset=\"https:\/\/onclusive.com\/wp-content\/uploads\/2022\/02\/How-we-do-it_Technology_Technology-capabilities_Natural-language-processing_Technology.svg 1w,\n\thttps:\/\/onclusive.com\/wp-content\/uploads\/2022\/02\/How-we-do-it_Technology_Technology-capabilities_Natural-language-processing_Technology.svg 1w, \n\thttps:\/\/onclusive.com\/wp-content\/uploads\/2022\/02\/How-we-do-it_Technology_Technology-capabilities_Natural-language-processing_Technology.svg 1w\"\n    class=\"lazyload is-svg\"\n    src=\"https:\/\/onclusive.com\/wp-content\/uploads\/2022\/02\/How-we-do-it_Technology_Technology-capabilities_Natural-language-processing_Technology.svg\"\n\/>\n\n\n\n\n      \n      \n\n<img decoding=\"async\"\n\talt=\"Rocket\"\n    data-sizes=\"auto\"\n    data-src=\"https:\/\/onclusive.com\/wp-content\/uploads\/2022\/02\/How-we-do-it_Technology_Technology-capabilities_Natural-Language-Processing_Technology-1-300x300.png\"\n    data-srcset=\"https:\/\/onclusive.com\/wp-content\/uploads\/2022\/02\/How-we-do-it_Technology_Technology-capabilities_Natural-Language-Processing_Technology-1.png 800w,\n\thttps:\/\/onclusive.com\/wp-content\/uploads\/2022\/02\/How-we-do-it_Technology_Technology-capabilities_Natural-Language-Processing_Technology-1.png 800w, \n\thttps:\/\/onclusive.com\/wp-content\/uploads\/2022\/02\/How-we-do-it_Technology_Technology-capabilities_Natural-Language-Processing_Technology-1.png 800w\"\n    class=\"lazyload not-svg\"\n    src=\"https:\/\/onclusive.com\/wp-content\/uploads\/2022\/02\/How-we-do-it_Technology_Technology-capabilities_Natural-Language-Processing_Technology-1-300x300.png\"\n\/>\n\n\n\n\n      \n    <\/div>\n  <\/div>\n  <div class=\"card--copy\">\n    <div class=\"card--copy--inner-wrapper\">\n      <div class=\"card_bg card_bg__\"><\/div>\n      <div class=\"feature-block-large__copy-wrapper\">\n                  <h3 class=\"feature_block_heading\">Technologies<\/h3> \n                          <div class=\"feature_block_copy\"><p><span style=\"font-weight: 400;\">Les donn\u00e9es issues de nos mod\u00e8les de traitement automatique des langues fournissent \u00e0 nos clients les insights et analyses les plus avanc\u00e9s, \u00e0 la pointe de toutes les solutions propos\u00e9es sur le march\u00e9. Les outils d&rsquo;analyse Onclusive offrent la solution la plus puissante, avec notamment nos propres outils brevet\u00e9s Power\u00a0of\u00a0Voice\u2122 et PR\u00a0Attributio<\/span><span style=\"font-weight: 400;\">n\u2122<\/span><span style=\"font-weight: 400;\">, con\u00e7us pour mesurer la qualit\u00e9 des contenu de communication et leur impact global r\u00e9el.\u00a0<\/span><\/p>\n<p><span style=\"font-weight: 400;\">L&rsquo;un des meilleurs indicateurs de qualit\u00e9, et un facteur cl\u00e9 de mesure de Power\u00a0of\u00a0Voice\u2122, est le ton et le sentiment qui se d\u00e9gagent de la couverture m\u00e9diatique au fil du temps. Une compr\u00e9hension pr\u00e9cise de la tonalit\u00e9 est essentielle lors de la recherche de sujets et de th\u00e8mes li\u00e9s aux strat\u00e9gies de communication des entreprises.\u00a0 <\/span><\/p>\n<\/div> \n              <\/div>\n          <\/div>\n  <\/div>\n  \n<\/div>      <\/div>\n<\/section>\n","protected":false},"excerpt":{"rendered":"","protected":false},"author":3,"featured_media":0,"parent":5731,"menu_order":1,"comment_status":"closed","ping_status":"closed","template":"","meta":{"_acf_changed":false,"content-type":"","inline_featured_image":false,"footnotes":""},"region":[],"class_list":["post-5861","page","type-page","status-publish","hentry"],"acf":[],"_links":{"self":[{"href":"https:\/\/onclusive.com\/fr\/wp-json\/wp\/v2\/pages\/5861","targetHints":{"allow":["GET"]}}],"collection":[{"href":"https:\/\/onclusive.com\/fr\/wp-json\/wp\/v2\/pages"}],"about":[{"href":"https:\/\/onclusive.com\/fr\/wp-json\/wp\/v2\/types\/page"}],"author":[{"embeddable":true,"href":"https:\/\/onclusive.com\/fr\/wp-json\/wp\/v2\/users\/3"}],"replies":[{"embeddable":true,"href":"https:\/\/onclusive.com\/fr\/wp-json\/wp\/v2\/comments?post=5861"}],"version-history":[{"count":0,"href":"https:\/\/onclusive.com\/fr\/wp-json\/wp\/v2\/pages\/5861\/revisions"}],"up":[{"embeddable":true,"href":"https:\/\/onclusive.com\/fr\/wp-json\/wp\/v2\/pages\/5731"}],"wp:attachment":[{"href":"https:\/\/onclusive.com\/fr\/wp-json\/wp\/v2\/media?parent=5861"}],"wp:term":[{"taxonomy":"region","embeddable":true,"href":"https:\/\/onclusive.com\/fr\/wp-json\/wp\/v2\/region?post=5861"}],"curies":[{"name":"wp","href":"https:\/\/api.w.org\/{rel}","templated":true}]}}