{"id":5916,"date":"2022-01-20T17:08:47","date_gmt":"2022-01-20T17:08:09","guid":{"rendered":"https:\/\/newonclusive.wpengine.com\/what-we-do\/insights-consultancy\/reputation-brand-insights\/"},"modified":"2025-10-21T16:30:53","modified_gmt":"2025-10-21T16:30:53","slug":"reputation-et-insights-de-marque","status":"publish","type":"page","link":"https:\/\/onclusive.com\/fr\/solutions\/insights-et-conseil\/reputation-et-insights-de-marque\/","title":{"rendered":"R\u00e9putation et Insights\u00a0de marque"},"content":{"rendered":"\n<style>\n\/**\n * Hero Background Overlay Styles\n *\/\n.hero-background-overlay {\n    position: absolute;\n    top: 0;\n    left: 0;\n    width: 100%;\n    height: 100%;\n    z-index: 1; \/* Above background image, below content *\/\n    pointer-events: none; \/* Allows clicks to pass through to content *\/\n}\n\n\/* Ensure hero section is positioned relative *\/\n.block-hero {\n    position: relative;\n}\n\n\/* Ensure content sits above overlay *\/\n.hero--content {\n    position: relative;\n    z-index: 2; \/* Above overlay *\/\n}\n\n\/* Ensure background image stays at bottom *\/\n.hero-background-image {\n    position: absolute;\n    z-index: 0; \/* Behind everything *\/\n}\n<\/style>\n\n<section\n    class=\"block-hero block-hero-contained \">\n\n            <div class=\"contained-hero-inner-wrap\">\n      \n                  <div class=\"hero-background-image hero-background-image__image\">\n          \n<div class=\"lazyload background-image\" \tdata-bg-mobile \t= \"https:\/\/onclusive.com\/wp-content\/uploads\/2022\/02\/What-we-do_Insights-and-Consultancy_Reputation-and-Brand-Insights-1024x512.jpg\"\n\tdata-bg-tablet \t= \"https:\/\/onclusive.com\/wp-content\/uploads\/2022\/02\/What-we-do_Insights-and-Consultancy_Reputation-and-Brand-Insights-1200x600.jpg\"\n\tdata-bg-desktop = \"https:\/\/onclusive.com\/wp-content\/uploads\/2022\/02\/What-we-do_Insights-and-Consultancy_Reputation-and-Brand-Insights.jpg\"\n\tdata-bg-super \t= \"https:\/\/onclusive.com\/wp-content\/uploads\/2022\/02\/What-we-do_Insights-and-Consultancy_Reputation-and-Brand-Insights.jpg\"\n\tdata-expand=\"700\"\n\tstyle=\"background-image: url('https:\/\/onclusive.com\/wp-content\/uploads\/2022\/02\/What-we-do_Insights-and-Consultancy_Reputation-and-Brand-Insights-1024x512.jpg');\"\n><\/div>        <\/div>\n\n          \n    \n    <div class=\"hero--content\">\n\n      <div class=\"hero--content--inner-wrapper\">\n\n                  <!-- ORIGINAL COMPLEX IMAGES -->\n          <div class=\"hero-foreground-images\">\n\n                                      \n                        <div class=\"img-wrapper ratio-1-1 image-is-foreground\">\n\t\n\n<img decoding=\"async\"\n\talt=\"Graphic\"\n    data-sizes=\"auto\"\n    data-src=\"https:\/\/onclusive.com\/wp-content\/uploads\/2022\/02\/Insights-and-Consultancy_Reputation-and-Brand-Insights_LRG.svg\"\n    data-srcset=\"https:\/\/onclusive.com\/wp-content\/uploads\/2022\/02\/Insights-and-Consultancy_Reputation-and-Brand-Insights_LRG.svg 1w,\n\thttps:\/\/onclusive.com\/wp-content\/uploads\/2022\/02\/Insights-and-Consultancy_Reputation-and-Brand-Insights_LRG.svg 1w, \n\thttps:\/\/onclusive.com\/wp-content\/uploads\/2022\/02\/Insights-and-Consultancy_Reputation-and-Brand-Insights_LRG.svg 1w\"\n    class=\"lazyload is-svg\"\n    src=\"https:\/\/onclusive.com\/wp-content\/uploads\/2022\/02\/Insights-and-Consultancy_Reputation-and-Brand-Insights_LRG.svg\"\n\/>\n\n\n\n\n<\/div>          <\/div>\n        \n        <div class=\"hero--copy\">\n\n          <!-- OPTIONAL HERO TAG - ONLY IF SET -->\n          \n                      <h1 class=\"hero_title\" >\n                            <span class=\"hero_title_bold\">\n                R\u00e9putation et Insights de marque               <\/span>\n                <br\/>                                          Visez l\u2019excellence pour votre communication             \n                        <\/h1> \n          \n          \n                      <div class=\"hero_buttons--wrapper\">\n            \n<a href=\"#enquiry\"  target=\"_self\" class=\"button  button__anchor-link\">\n    En savoir plus    <svg   data-name=\"Layer 1\" xmlns=\"http:\/\/www.w3.org\/2000\/svg\" viewBox=\"0 0 12 7.41\"><polygon points=\"10.59 0 6 4.58 1.41 0 0 1.41 6 7.41 12 1.41 10.59 0\"\/><\/svg><\/a>\n            <\/div>\n          \n        <\/div>\n\n      <\/div>\n\n    <\/div>\n\n            <\/div>\n        \n<\/section>\n\n\n<section\n    class=\"o-wrapper block-statement js-block-statement\">\n\n              <div class=\"block-statement--inner-wrapper\">\n          <h2 class=\"statement-block--statement\">Acc\u00e9dez \u00e0 des insights fiables et identifiez les principaux leviers de r\u00e9putation de votre marque.<br \/>\r\n <br \/>\r\nEn associant l&rsquo;intelligence humaine \u00e0 la technologie d&rsquo;analyse media, nous vous permettons de mieux comprendre le profil media de votre marque, votre positionnement dans la dynamique de vos march\u00e9s, ainsi que les sujets et probl\u00e9matiques plus larges de votre secteur susceptibles d&rsquo;avoir un impact sur la r\u00e9putation de votre entreprise.<br \/>\r\n <br \/>\r\nNous fournissons des insights cl\u00e9s pour guider votre strat\u00e9gie de communication et sa mise en \u0153uvre.<\/h2> \n        <\/div>\n      \n<\/section> \n\n\n\n\n\n<section\n    class=\"block-basic-card-row\">\n      <div class=\"\">\n      <h2 class=\"block--heading\">B\u00e9n\u00e9fices:<\/h2> \n    <\/div>\n    <div class=\"card-row--inner-wrapper\">\n          \n<div class=\"card__basic card__grey\">\n\n            <div class=\"card--image\">\n        <div class=\"card--image--inner-wrapper\">\n          \n\n<img decoding=\"async\"\n\talt=\"Icon\"\n    data-sizes=\"auto\"\n    data-src=\"https:\/\/onclusive.com\/wp-content\/uploads\/2022\/02\/Insights-and-Consultancy_Reputation-and-Brand-Insights_Uncover-the-effectiveness-of-your-proactive.svg\"\n    data-srcset=\"https:\/\/onclusive.com\/wp-content\/uploads\/2022\/02\/Insights-and-Consultancy_Reputation-and-Brand-Insights_Uncover-the-effectiveness-of-your-proactive.svg 1w,\n\thttps:\/\/onclusive.com\/wp-content\/uploads\/2022\/02\/Insights-and-Consultancy_Reputation-and-Brand-Insights_Uncover-the-effectiveness-of-your-proactive.svg 1w, \n\thttps:\/\/onclusive.com\/wp-content\/uploads\/2022\/02\/Insights-and-Consultancy_Reputation-and-Brand-Insights_Uncover-the-effectiveness-of-your-proactive.svg 1w\"\n    class=\"lazyload is-svg\"\n    src=\"https:\/\/onclusive.com\/wp-content\/uploads\/2022\/02\/Insights-and-Consultancy_Reputation-and-Brand-Insights_Uncover-the-effectiveness-of-your-proactive.svg\"\n\/>\n\n\n\n\n        <\/div>\n      <\/div>\n      \n  <div class=\"card--copy\">\n    <div class=\"card--copy-wrapper\">\n              <h3 class=\"basic_card_heading text-bold\">\u00c9valuez l&#039;efficacit\u00e9 de vos activit\u00e9s de communication<\/h3> \n      \n          <\/div>\n\n      <\/div>\n\n<\/div>\n<div class=\"card__basic card__grey\">\n\n            <div class=\"card--image\">\n        <div class=\"card--image--inner-wrapper\">\n          \n\n<img decoding=\"async\"\n\talt=\"Icon\"\n    data-sizes=\"auto\"\n    data-src=\"https:\/\/onclusive.com\/wp-content\/uploads\/2022\/02\/Insights-and-Consultancy_Reputation-and-Brand-Insights_Discover-how-industry-issues-covered.svg\"\n    data-srcset=\"https:\/\/onclusive.com\/wp-content\/uploads\/2022\/02\/Insights-and-Consultancy_Reputation-and-Brand-Insights_Discover-how-industry-issues-covered.svg 1w,\n\thttps:\/\/onclusive.com\/wp-content\/uploads\/2022\/02\/Insights-and-Consultancy_Reputation-and-Brand-Insights_Discover-how-industry-issues-covered.svg 1w, \n\thttps:\/\/onclusive.com\/wp-content\/uploads\/2022\/02\/Insights-and-Consultancy_Reputation-and-Brand-Insights_Discover-how-industry-issues-covered.svg 1w\"\n    class=\"lazyload is-svg\"\n    src=\"https:\/\/onclusive.com\/wp-content\/uploads\/2022\/02\/Insights-and-Consultancy_Reputation-and-Brand-Insights_Discover-how-industry-issues-covered.svg\"\n\/>\n\n\n\n\n        <\/div>\n      <\/div>\n      \n  <div class=\"card--copy\">\n    <div class=\"card--copy-wrapper\">\n              <h3 class=\"basic_card_heading text-bold\">D\u00e9couvrez comment les sujets abord\u00e9s dans les m\u00e9dias ont un impact sur la r\u00e9putation de votre marque<\/h3> \n      \n          <\/div>\n\n      <\/div>\n\n<\/div>\n<div class=\"card__basic card__grey\">\n\n            <div class=\"card--image\">\n        <div class=\"card--image--inner-wrapper\">\n          \n\n<img decoding=\"async\"\n\talt=\"Icon\"\n    data-sizes=\"auto\"\n    data-src=\"https:\/\/onclusive.com\/wp-content\/uploads\/2022\/02\/Insights-and-Consultancy_Reputation-and-Brand-Insights_Reveal-the-key-drivers-of-your-brand-rep.svg\"\n    data-srcset=\"https:\/\/onclusive.com\/wp-content\/uploads\/2022\/02\/Insights-and-Consultancy_Reputation-and-Brand-Insights_Reveal-the-key-drivers-of-your-brand-rep.svg 1w,\n\thttps:\/\/onclusive.com\/wp-content\/uploads\/2022\/02\/Insights-and-Consultancy_Reputation-and-Brand-Insights_Reveal-the-key-drivers-of-your-brand-rep.svg 1w, \n\thttps:\/\/onclusive.com\/wp-content\/uploads\/2022\/02\/Insights-and-Consultancy_Reputation-and-Brand-Insights_Reveal-the-key-drivers-of-your-brand-rep.svg 1w\"\n    class=\"lazyload is-svg\"\n    src=\"https:\/\/onclusive.com\/wp-content\/uploads\/2022\/02\/Insights-and-Consultancy_Reputation-and-Brand-Insights_Reveal-the-key-drivers-of-your-brand-rep.svg\"\n\/>\n\n\n\n\n        <\/div>\n      <\/div>\n      \n  <div class=\"card--copy\">\n    <div class=\"card--copy-wrapper\">\n              <h3 class=\"basic_card_heading text-bold\">Identifiez les principaux leviers de r\u00e9putation de votre marque<\/h3> \n      \n          <\/div>\n\n      <\/div>\n\n<\/div>      <\/div>\n<\/section>\n\n\n\n\n<section\n    class=\"block-fbl\">\n  <div class=\"block-fbl--inner-wrapper\">\n          <div class=\"card__feature-block card__feature-block__large\">\n  <div class=\"card--image\">\n    <div style=\"height: 90%; width: 90%; object-fit: contain; margin: 15px;\" class=\"card--image--inner-wrapper\">\n      \n\n<img decoding=\"async\"\n\talt=\"\"\n    data-sizes=\"auto\"\n    data-src=\"https:\/\/onclusive.com\/wp-content\/uploads\/2022\/02\/Background-device-blue-640.svg\"\n    data-srcset=\"https:\/\/onclusive.com\/wp-content\/uploads\/2022\/02\/Background-device-blue-640.svg 640w,\n\thttps:\/\/onclusive.com\/wp-content\/uploads\/2022\/02\/Background-device-blue-640.svg 640w, \n\thttps:\/\/onclusive.com\/wp-content\/uploads\/2022\/02\/Background-device-blue-640.svg 640w\"\n    class=\"lazyload is-svg\"\n    src=\"https:\/\/onclusive.com\/wp-content\/uploads\/2022\/02\/Background-device-blue-640.svg\"\n\/>\n\n\n\n\n      \n      \n\n<img decoding=\"async\"\n\talt=\"\"\n    data-sizes=\"auto\"\n    data-src=\"https:\/\/onclusive.com\/wp-content\/uploads\/2022\/03\/A-unique-blend-of-human-and-AI-300x300.png\"\n    data-srcset=\"https:\/\/onclusive.com\/wp-content\/uploads\/2022\/03\/A-unique-blend-of-human-and-AI-1200x1200.png 1200w,\n\thttps:\/\/onclusive.com\/wp-content\/uploads\/2022\/03\/A-unique-blend-of-human-and-AI-1024x1024.png 1024w, \n\thttps:\/\/onclusive.com\/wp-content\/uploads\/2022\/03\/A-unique-blend-of-human-and-AI.png 1280w\"\n    class=\"lazyload not-svg\"\n    src=\"https:\/\/onclusive.com\/wp-content\/uploads\/2022\/03\/A-unique-blend-of-human-and-AI-300x300.png\"\n\/>\n\n\n\n\n      \n    <\/div>\n  <\/div>\n  <div class=\"card--copy\">\n    <div class=\"card--copy--inner-wrapper\">\n      <div class=\"card_bg card_bg__\"><\/div>\n      <div class=\"feature-block-large__copy-wrapper\">\n                  <h3 class=\"feature_block_heading\">Association unique d&#039;intelligence humaine et artificielle<\/h3> \n                          <div class=\"feature_block_copy\"><p><span style=\"font-weight: 400;\">Nos \u00e9quipes Insights utilisent la puissance de l&rsquo;intelligence artificielle pour acc\u00e9der \u00e0 de grands volumes de donn\u00e9es non-structur\u00e9es et les convertir en une source unique d\u2019informations, pertinentes et directement actionnables.<\/span><\/p>\n<p><span style=\"font-weight: 400;\">Nos experts donnent du sens \u00e0 ces donn\u00e9es, en g\u00e9n\u00e9rant des insights riches qui permettent de prendre des d\u00e9cisions de communication \u201c<\/span><i><span style=\"font-weight: 400;\">data driven<\/span><\/i><span style=\"font-weight: 400;\">\u201d plus \u00e9clair\u00e9es.<\/span><\/p>\n<p><span style=\"font-weight: 400;\">Notre expertise en mati\u00e8re de conseil a \u00e9t\u00e9 r\u00e9compens\u00e9e par de nombreux prix, dont r\u00e9cemment pour notre travail avec TikTok, Natwest, et Otto<\/span><\/p>\n<\/div> \n              <\/div>\n      \n<a href=\"#enquiry\"  target=\"_self\" class=\"button  button__anchor-link\">\n    Discuter avec un expert    <svg   data-name=\"Layer 1\" xmlns=\"http:\/\/www.w3.org\/2000\/svg\" viewBox=\"0 0 12 7.41\"><polygon points=\"10.59 0 6 4.58 1.41 0 0 1.41 6 7.41 12 1.41 10.59 0\"\/><\/svg><\/a>\n    <\/div>\n  <\/div>\n  \n<\/div><div class=\"card__feature-block card__feature-block__large\">\n  <div class=\"card--image\">\n    <div style=\"height: 90%; width: 90%; object-fit: contain; margin: 15px;\" class=\"card--image--inner-wrapper\">\n      \n\n<img decoding=\"async\"\n\talt=\"\"\n    data-sizes=\"auto\"\n    data-src=\"https:\/\/onclusive.com\/wp-content\/uploads\/2022\/02\/Background-device-blue-640.svg\"\n    data-srcset=\"https:\/\/onclusive.com\/wp-content\/uploads\/2022\/02\/Background-device-blue-640.svg 640w,\n\thttps:\/\/onclusive.com\/wp-content\/uploads\/2022\/02\/Background-device-blue-640.svg 640w, \n\thttps:\/\/onclusive.com\/wp-content\/uploads\/2022\/02\/Background-device-blue-640.svg 640w\"\n    class=\"lazyload is-svg\"\n    src=\"https:\/\/onclusive.com\/wp-content\/uploads\/2022\/02\/Background-device-blue-640.svg\"\n\/>\n\n\n\n\n      \n      \n\n<img decoding=\"async\"\n\talt=\"\"\n    data-sizes=\"auto\"\n    data-src=\"https:\/\/onclusive.com\/wp-content\/uploads\/2022\/03\/Brand-perception-in-the-media-300x300.png\"\n    data-srcset=\"https:\/\/onclusive.com\/wp-content\/uploads\/2022\/03\/Brand-perception-in-the-media-1200x1200.png 1200w,\n\thttps:\/\/onclusive.com\/wp-content\/uploads\/2022\/03\/Brand-perception-in-the-media-1024x1024.png 1024w, \n\thttps:\/\/onclusive.com\/wp-content\/uploads\/2022\/03\/Brand-perception-in-the-media.png 1280w\"\n    class=\"lazyload not-svg\"\n    src=\"https:\/\/onclusive.com\/wp-content\/uploads\/2022\/03\/Brand-perception-in-the-media-300x300.png\"\n\/>\n\n\n\n\n      \n    <\/div>\n  <\/div>\n  <div class=\"card--copy\">\n    <div class=\"card--copy--inner-wrapper\">\n      <div class=\"card_bg card_bg__\"><\/div>\n      <div class=\"feature-block-large__copy-wrapper\">\n                  <h3 class=\"feature_block_heading\">Perception de votre marque dans les m\u00e9dias<\/h3> \n                          <div class=\"feature_block_copy\"><p><span style=\"font-weight: 400;\">Obtenez une image claire de l&rsquo;\u00e9volution de la perception de votre marque sur les nombreux canaux m\u00e9diatiques.\u00a0<\/span><\/p>\n<p><span style=\"font-weight: 400;\">Nous combinons des insights provenant des m\u00e9dias mainstream et des r\u00e9seaux sociaux pour identifier la fa\u00e7on dont les campagnes de communication sont diffus\u00e9es et amplifi\u00e9es sur tous les canaux, et comment votre message circule \u00e0 travers le prisme des m\u00e9dias.<\/span><\/p>\n<\/div> \n              <\/div>\n      \n<a href=\"#enquiry\"  target=\"_self\" class=\"button  button__anchor-link button__anchor-link\">\n    D\u00e9couvrir    <svg   data-name=\"Layer 1\" xmlns=\"http:\/\/www.w3.org\/2000\/svg\" viewBox=\"0 0 12 7.41\"><polygon points=\"10.59 0 6 4.58 1.41 0 0 1.41 6 7.41 12 1.41 10.59 0\"\/><\/svg><\/a>\n    <\/div>\n  <\/div>\n  \n<\/div><div class=\"card__feature-block card__feature-block__large\">\n  <div class=\"card--image\">\n    <div style=\"height: 90%; width: 90%; object-fit: contain; margin: 15px;\" class=\"card--image--inner-wrapper\">\n      \n\n<img decoding=\"async\"\n\talt=\"\"\n    data-sizes=\"auto\"\n    data-src=\"https:\/\/onclusive.com\/wp-content\/uploads\/2022\/02\/Background-device-blue-640.svg\"\n    data-srcset=\"https:\/\/onclusive.com\/wp-content\/uploads\/2022\/02\/Background-device-blue-640.svg 640w,\n\thttps:\/\/onclusive.com\/wp-content\/uploads\/2022\/02\/Background-device-blue-640.svg 640w, \n\thttps:\/\/onclusive.com\/wp-content\/uploads\/2022\/02\/Background-device-blue-640.svg 640w\"\n    class=\"lazyload is-svg\"\n    src=\"https:\/\/onclusive.com\/wp-content\/uploads\/2022\/02\/Background-device-blue-640.svg\"\n\/>\n\n\n\n\n      \n      \n\n<img decoding=\"async\"\n\talt=\"\"\n    data-sizes=\"auto\"\n    data-src=\"https:\/\/onclusive.com\/wp-content\/uploads\/2022\/03\/Sustainable-Reputation-Index-1-300x300.png\"\n    data-srcset=\"https:\/\/onclusive.com\/wp-content\/uploads\/2022\/03\/Sustainable-Reputation-Index-1-1200x1200.png 1200w,\n\thttps:\/\/onclusive.com\/wp-content\/uploads\/2022\/03\/Sustainable-Reputation-Index-1-1024x1024.png 1024w, \n\thttps:\/\/onclusive.com\/wp-content\/uploads\/2022\/03\/Sustainable-Reputation-Index-1.png 1280w\"\n    class=\"lazyload not-svg\"\n    src=\"https:\/\/onclusive.com\/wp-content\/uploads\/2022\/03\/Sustainable-Reputation-Index-1-300x300.png\"\n\/>\n\n\n\n\n      \n    <\/div>\n  <\/div>\n  <div class=\"card--copy\">\n    <div class=\"card--copy--inner-wrapper\">\n      <div class=\"card_bg card_bg__\"><\/div>\n      <div class=\"feature-block-large__copy-wrapper\">\n                  <h3 class=\"feature_block_heading\">Indice de r\u00e9putation en mati\u00e8re de d\u00e9veloppement durable<\/h3> \n                          <div class=\"feature_block_copy\"><p><span style=\"font-weight: 400;\">Nous avons d\u00e9velopp\u00e9 une approche permettant de mesurer les performances organisationnelles par rapport aux Sustainable Development Goals (SDGs) des Nations Unies.\u00a0<\/span><\/p>\n<p><span style=\"font-weight: 400;\">Nous utilisons ces objectifs comme un cadre pour comprendre le volume des conversations et l&rsquo;importance du ressenti envers votre marque dans chaque domaine (\u00e9conomique, social et \u00e9cologique). Nous examinons ensuite l&rsquo;impact de vos messages dans les m\u00e9dias, ce qui vous permet de mesurer et de comprendre votre r\u00e9putation en mati\u00e8re de d\u00e9veloppement durable.<\/span><\/p>\n<p><span style=\"font-weight: 400;\">Nous \u00e9valuons la contribution de chaque marque \u00e0 la r\u00e9putation globale d&rsquo;une entreprise en mati\u00e8re de d\u00e9veloppement durable et la positionnons par rapport \u00e0 la concurrence.\u00a0<\/span><\/p>\n<\/div> \n              <\/div>\n      \n<a href=\"#enquiry\"  target=\"_self\" class=\"button  button__anchor-link button__anchor-link button__anchor-link\">\n    Nous contacter    <svg   data-name=\"Layer 1\" xmlns=\"http:\/\/www.w3.org\/2000\/svg\" viewBox=\"0 0 12 7.41\"><polygon points=\"10.59 0 6 4.58 1.41 0 0 1.41 6 7.41 12 1.41 10.59 0\"\/><\/svg><\/a>\n    <\/div>\n  <\/div>\n  \n<\/div>      <\/div>\n<\/section>\n\n\n\n    <section\n      id=\"enquiry\"      class=\"block-form bg__blue_light\">\n      \n\n  <div class=\"form-content\">\n    <div class=\"form-content--inner-wrapper\">\n\n      \n              <div class=\"form-content--heading\">\n          <h3 class=\"block--form_heading\">Contactez-nous.<\/h3> \n        <\/div>\n      \n      <div class=\"form-content--copy\">\n    \n        \n            <div class=\"block--copy\"><p>Pour discuter de votre projet avec notre \u00e9quipe Insights, remplissez le formulaire ci-dessous :<\/p>\n<\/div>\n\n        \n      <\/div>\n\n      \n              <div id=\"myFrame\" class=\"form-content--form  \"> \n          <script charset=\"utf-8\" type=\"text\/javascript\" src=\"\/\/js.hsforms.net\/forms\/embed\/v2.js\"><\/script>\r\n<script>\r\n  hbspt.forms.create({\r\n    region: \"na1\",\r\n    portalId: \"42525281\",\r\n    formId: \"5e70bfa1-5825-45a1-8842-8e5b8b6977da\"\r\n  });\r\n<\/script>        <\/div> \n          <\/div>\n  <\/div>\n\n    <\/section> \n  \n<style>\n\/* Dark Background Form Styling - Only applies when .bg__black class exists *\/\n.block-form.bg__black .hs-form label,\n.block-form.bg__black .hs-form legend,\n.block-form.bg__black .hs-form .hs-form-field > label {\n  color: #ffffff !important;\n}\n\n.block-form.bg__black .hs-form input[type=\"text\"],\n.block-form.bg__black .hs-form input[type=\"email\"],\n.block-form.bg__black .hs-form input[type=\"tel\"],\n.block-form.bg__black .hs-form input[type=\"number\"],\n.block-form.bg__black .hs-form select,\n.block-form.bg__black .hs-form textarea {\n  background-color: #ffffff !important;\n  color: #1e1e23 !important;\n  border-color: #ffffff !important;\n}\n\n.block-form.bg__black .hs-form input[type=\"submit\"],\n.block-form.bg__black .hs-form .hs-button,\n.block-form.bg__black .hs-form button[type=\"submit\"] {\n  background-color: #316446 !important;\n  color: #f0ebf0 !important;\n  border: none !important;\n  transition: all 0.3s ease !important;\n}\n\n.block-form.bg__black .hs-form input[type=\"submit\"]:hover,\n.block-form.bg__black .hs-form .hs-button:hover,\n.block-form.bg__black .hs-form button[type=\"submit\"]:hover {\n  background-color: #254d35 !important;\n  color: #01E55F !important;\n}\n\n.block-form.bg__black .hs-form input::placeholder,\n.block-form.bg__black .hs-form textarea::placeholder {\n  color: #999999 !important;\n}\n\n.block-form.bg__black .hs-form .hs-error-msgs label,\n.block-form.bg__black .hs-form .hs-error-msg {\n  color: #ff6b6b !important;\n}\n\n.block-form.bg__black .hs-form .hs-field-desc,\n.block-form.bg__black .hs-form .hs-richtext {\n  color: #cccccc !important;\n}\n<\/style>\n\n\n\n","protected":false},"excerpt":{"rendered":"","protected":false},"author":1,"featured_media":0,"parent":5913,"menu_order":0,"comment_status":"closed","ping_status":"closed","template":"","meta":{"_acf_changed":false,"content-type":"","inline_featured_image":false,"footnotes":""},"region":[],"class_list":["post-5916","page","type-page","status-publish","hentry"],"acf":[],"_links":{"self":[{"href":"https:\/\/onclusive.com\/fr\/wp-json\/wp\/v2\/pages\/5916","targetHints":{"allow":["GET"]}}],"collection":[{"href":"https:\/\/onclusive.com\/fr\/wp-json\/wp\/v2\/pages"}],"about":[{"href":"https:\/\/onclusive.com\/fr\/wp-json\/wp\/v2\/types\/page"}],"author":[{"embeddable":true,"href":"https:\/\/onclusive.com\/fr\/wp-json\/wp\/v2\/users\/1"}],"replies":[{"embeddable":true,"href":"https:\/\/onclusive.com\/fr\/wp-json\/wp\/v2\/comments?post=5916"}],"version-history":[{"count":0,"href":"https:\/\/onclusive.com\/fr\/wp-json\/wp\/v2\/pages\/5916\/revisions"}],"up":[{"embeddable":true,"href":"https:\/\/onclusive.com\/fr\/wp-json\/wp\/v2\/pages\/5913"}],"wp:attachment":[{"href":"https:\/\/onclusive.com\/fr\/wp-json\/wp\/v2\/media?parent=5916"}],"wp:term":[{"taxonomy":"region","embeddable":true,"href":"https:\/\/onclusive.com\/fr\/wp-json\/wp\/v2\/region?post=5916"}],"curies":[{"name":"wp","href":"https:\/\/api.w.org\/{rel}","templated":true}]}}