{"id":73572,"date":"2025-11-05T20:06:49","date_gmt":"2025-11-05T20:06:49","guid":{"rendered":"https:\/\/newonclusivstg.wpengine.com\/?page_id=73572"},"modified":"2026-04-10T19:58:48","modified_gmt":"2026-04-10T19:58:48","slug":"veille-medias-geree-par-des-experts","status":"publish","type":"page","link":"https:\/\/onclusive.com\/fr\/produits\/veille-medias-geree-par-des-experts\/","title":{"rendered":"Managed Monitoring"},"content":{"rendered":"\n\n<style>\n      \/* Hero Simple Image - Minimal CSS, reuse existing layout *\/\n      .hero-simple-layout .hero-simple-image-container {\n        display: flex;\n        align-items: center;\n        justify-content: flex-end;\n        width: 100%;\n        height: 100%;\n      }\n      \n      .hero-simple-layout .hero-simple-img {\n        max-width: 100%;\n        max-height: 500px;\n        width: auto;\n        height: auto;\n        object-fit: contain;\n      }\n      \n      \/* Mobile - reduce image height *\/\n      @media (max-width: 768px) {\n        .hero-simple-layout .hero-simple-img {\n          max-height: 350px;\n        }\n\t\t.hero-simple-image-container {\n\t\t  justify-content: center !important;\n\t\t}\n      }\n      \n      @media (max-width: 480px) {\n        .hero-simple-layout .hero-simple-img {\n          max-height: 250px;\n        }\n      }\n      <\/style><style>\n    \/* Hero Tag - Optional tag above title *\/\n    .hero-tag {\n      font-size: 12px;\n      font-weight: 600;\n      letter-spacing: 2px;\n      text-transform: uppercase;\n      margin-bottom: 15px;\n      display: block;\n      line-height: 1.4;\n\t  padding: 5px 2.5px;\n    }\n    \n    @media (max-width: 768px) {\n      .hero-tag {\n        font-size: 11px;\n        letter-spacing: 1.5px;\n        margin-bottom: 12px;\n      }\n    }\n    \n    @media (max-width: 480px) {\n      .hero-tag {\n        font-size: 10px;\n        letter-spacing: 1px;\n        margin-bottom: 10px;\n      }\n    }\n    <\/style>\n<style>\n\/**\n * Hero Background Overlay Styles\n *\/\n.hero-background-overlay {\n    position: absolute;\n    top: 0;\n    left: 0;\n    width: 100%;\n    height: 100%;\n    z-index: 1; \/* Above background image, below content *\/\n    pointer-events: none; \/* Allows clicks to pass through to content *\/\n}\n\n\/* Ensure hero section is positioned relative *\/\n.block-hero {\n    position: relative;\n}\n\n\/* Ensure content sits above overlay *\/\n.hero--content {\n    position: relative;\n    z-index: 2; \/* Above overlay *\/\n}\n\n\/* Ensure background image stays at bottom *\/\n.hero-background-image {\n    position: absolute;\n    z-index: 0; \/* Behind everything *\/\n}\n<\/style>\n\n<section\n    class=\"block-hero block-hero-full-bleed hero-simple-layout\">\n\n  \n          \n              <div class=\"hero_background_colour bg__mint_light hero_background_colour__left\"><\/div>\n                    <div class=\"hero_background_colour bg__mint_light hero_background_colour__right\"><\/div>\n      \n      \n          \n    \n    <div class=\"hero--content\">\n\n      <div class=\"hero--content--inner-wrapper\">\n\n                  <!-- NEW SIMPLE IMAGE: Replaces complex overlapping images -->\n          <div class=\"hero-foreground-images\">\n            <div class=\"hero-simple-image-container\">\n                            <img decoding=\"async\" \n                src=\"https:\/\/onclusive.com\/wp-content\/uploads\/2025\/11\/Media-Intelligence-Managed-by-Experts-1.png\" \n                alt=\"\"\n                class=\"hero-simple-img\"\n                loading=\"eager\">\n            <\/div>\n          <\/div>\n        \n        <div class=\"hero--copy\">\n\n          <!-- OPTIONAL HERO TAG - ONLY IF SET -->\n                      <div class=\"hero-tag\" style=\"color: #326446;\">\n              Managed Monitoring            <\/div>\n          \n                      <h1 class=\"hero_title\" >\n                            <span class=\"hero_title_bold\">\n                Veille m\u00e9dias g\u00e9r\u00e9e par des experts              <\/span>\n                                                      <\/h1> \n          \n                      <p class=\"hero_copy\" >Laissez les experts Onclusive g\u00e9rer votre veille m\u00e9dias, pour vous concentrer sur votre strat\u00e9gie RP et l\u2019engagement des parties prenantes.<\/p> \n          \n                      <div class=\"hero_buttons--wrapper\">\n            \n<a href=\"#enquiry\"  target=\"_self\" class=\"button  button__anchor-link\">\n    Planifier une d\u00e9mo    <svg   data-name=\"Layer 1\" xmlns=\"http:\/\/www.w3.org\/2000\/svg\" viewBox=\"0 0 12 7.41\"><polygon points=\"10.59 0 6 4.58 1.41 0 0 1.41 6 7.41 12 1.41 10.59 0\"\/><\/svg><\/a>\n            <\/div>\n          \n        <\/div>\n\n      <\/div>\n\n    <\/div>\n\n    \n<\/section>\n\n\n<section class=\"block-benefits-section bg__Array layout-simple\">\n    <div class=\"benefits-section-inner\">\n\n                    <!-- Simple Layout: Full-width title -->\n                            <div class=\"benefits-title-wrapper\">\n                    <div class=\"benefits-title\">\n                        <p><span style=\"font-weight: 400;\">Onclusive Managed Monitoring simplifie le suivi m\u00e9diatique gr\u00e2ce \u00e0 un service g\u00e9r\u00e9 par les experts d\u2019Onclusive. Alliant la couverture m\u00e9dias la plus compl\u00e8te d\u2019Europe, une curation experte et des analyses aliment\u00e9es par IA, il vous aide \u00e0 prot\u00e9ger et valoriser la r\u00e9putation de votre marque sur tous les canaux.<\/span><\/p>\n                    <\/div>\n                <\/div>\n            \n        \n        <!-- Benefits Grid -->\n                    <div class=\"benefits-grid\" data-columns=\"4\">\n                                    <div class=\"benefit-item icon-size-small\">\n                        \n                                                    <div class=\"benefit-icon\">\n                                <img decoding=\"async\" \n                                    src=\"https:\/\/onclusive.com\/wp-content\/uploads\/2025\/11\/Expert-Service-Management-1.svg\" \n                                    alt=\"\"\n                                \/>\n                            <\/div>\n                        \n                                                    <h3 class=\"benefit-title\">Gestion de service experte<\/h3>\n                        \n                                                    <p class=\"benefit-description\">Notre \u00e9quipe d\u00e9di\u00e9e g\u00e8re tout de la configuration de la veille \u00e0 la cr\u00e9ation des Revues de Presse, devenant une extension de votre \u00e9quipe communication.\r\n<\/p>\n                        \n                    <\/div>\n                                    <div class=\"benefit-item icon-size-small\">\n                        \n                                                    <div class=\"benefit-icon\">\n                                <img decoding=\"async\" \n                                    src=\"https:\/\/onclusive.com\/wp-content\/uploads\/2025\/11\/Unmatched-Global-Coverage-1.svg\" \n                                    alt=\"\"\n                                \/>\n                            <\/div>\n                        \n                                                    <h3 class=\"benefit-title\">Couverture mondiale in\u00e9gal\u00e9<\/h3>\n                        \n                                                    <p class=\"benefit-description\">Acc\u00e8s \u00e0 60 000+ titres print, 3 millions+ sites web, 12 000+ broadcast (TV, Radio et Podcast), et sources Social avec contenu enrichi en seulement 14 secondes.\r\n<\/p>\n                        \n                    <\/div>\n                                    <div class=\"benefit-item icon-size-small\">\n                        \n                                                    <div class=\"benefit-icon\">\n                                <img decoding=\"async\" \n                                    src=\"https:\/\/onclusive.com\/wp-content\/uploads\/2025\/11\/Tailored-Intelligence-1.svg\" \n                                    alt=\"\"\n                                \/>\n                            <\/div>\n                        \n                                                    <h3 class=\"benefit-title\">Veille sur mesure<\/h3>\n                        \n                                                    <p class=\"benefit-description\">Recevez des Revues de Presse personnalis\u00e9es, r\u00e9sum\u00e9s contextuels et synth\u00e8ses de couverture valid\u00e9es qui maintiennent les parties prenantes inform\u00e9es.\r\n<\/p>\n                        \n                    <\/div>\n                                    <div class=\"benefit-item icon-size-small\">\n                        \n                                                    <div class=\"benefit-icon\">\n                                <img decoding=\"async\" \n                                    src=\"https:\/\/onclusive.com\/wp-content\/uploads\/2025\/11\/Complete-Peace-of-Mind-1.svg\" \n                                    alt=\"\"\n                                \/>\n                            <\/div>\n                        \n                                                    <h3 class=\"benefit-title\">Tranquillit\u00e9 d&#039;esprit compl\u00e8te<\/h3>\n                        \n                                                    <p class=\"benefit-description\">Conformit\u00e9 copyright compl\u00e8te, support mondial, et \u00e9quipes de veille d\u00e9di\u00e9es assurent un service fiable et ininterrompu.<\/p>\n                        \n                    <\/div>\n                            <\/div>\n        \n    <\/div>\n<\/section>\n\n\n<section class=\"block-cta-section bg__green_dark layout-single\">\n    <div class=\"cta-section-inner\">\n\n                    \n            <!-- Single Column: Image first, then content -->\n            \n            <div class=\"cta-content-column\">\n                \n                \n                                    <div class=\"cta-text\">\n                        <h3>Laissez nos experts g\u00e9rer votre veille m\u00e9dias. R\u00e9servez une consultation pour d\u00e9couvrir comment nous pouvons soutenir vos objectifs de communication.<\/h3>\n                    <\/div>\n                \n                                    <div class=\"cta-button-wrapper\">\n                        <a \n                            href=\"#enquiry\" \n                            class=\"cta-button button-green button__anchor-link\"\n                            target=\"_self\"\n                                                    >\n                            D\u00e9couvrir                        <\/a>\n                    <\/div>\n                \n            <\/div>\n\n        \n    <\/div>\n<\/section>\n\n<section\n    class=\"block-fbl\">\n  <div class=\"block-fbl--inner-wrapper\">\n          <div class=\"card__feature-block card__feature-block__large\">\n  <div class=\"card--image\">\n    <div style=\"height: 90%; width: 90%; object-fit: contain; margin: 15px;\" class=\"card--image--inner-wrapper\">\n            \n      \n\n<img decoding=\"async\"\n\talt=\"\"\n    data-sizes=\"auto\"\n    data-src=\"https:\/\/onclusive.com\/wp-content\/uploads\/2025\/11\/Reputation-Platform-Access-300x300.png\"\n    data-srcset=\"https:\/\/onclusive.com\/wp-content\/uploads\/2025\/11\/Reputation-Platform-Access.png 1000w,\n\thttps:\/\/onclusive.com\/wp-content\/uploads\/2025\/11\/Reputation-Platform-Access.png 1000w, \n\thttps:\/\/onclusive.com\/wp-content\/uploads\/2025\/11\/Reputation-Platform-Access.png 1000w\"\n    class=\"lazyload not-svg\"\n    src=\"https:\/\/onclusive.com\/wp-content\/uploads\/2025\/11\/Reputation-Platform-Access-300x300.png\"\n\/>\n\n\n\n\n      \n    <\/div>\n  <\/div>\n  <div class=\"card--copy\">\n    <div class=\"card--copy--inner-wrapper\">\n      <div class=\"card_bg card_bg__\"><\/div>\n      <div class=\"feature-block-large__copy-wrapper\">\n                  <h3 class=\"feature_block_heading\">Acc\u00e8s \u00e0 la Plateforme R\u00e9putation<\/h3> \n                          <div class=\"feature_block_copy\"><p><strong>Votre plateforme compl\u00e8te de veille g\u00e9r\u00e9e par nos experts avec analyses en temps r\u00e9el et reporting RP.<\/strong><\/p>\n<ul>\n<li style=\"font-weight: 400;\" aria-level=\"1\"><span style=\"font-weight: 400;\">Filtrez la couverture par date, mots-cl\u00e9s, cat\u00e9gories et type de m\u00e9dias<\/span><\/li>\n<li style=\"font-weight: 400;\" aria-level=\"1\"><span style=\"font-weight: 400;\">Acc\u00e9dez aux copies PDF de la couverture print<\/span><\/li>\n<li style=\"font-weight: 400;\" aria-level=\"1\"><span style=\"font-weight: 400;\">Cr\u00e9ez des tableaux de bord analytics dynamiques<\/span><\/li>\n<li style=\"font-weight: 400;\" aria-level=\"1\"><span style=\"font-weight: 400;\">Partagez les Revues de Presse au sein de votre organisation<\/span><\/li>\n<\/ul>\n<\/div> \n              <\/div>\n      \n<a href=\"#enquiry\"  target=\"_self\" class=\"button  button__anchor-link\">\n    Planifier une d\u00e9mo    <svg   data-name=\"Layer 1\" xmlns=\"http:\/\/www.w3.org\/2000\/svg\" viewBox=\"0 0 12 7.41\"><polygon points=\"10.59 0 6 4.58 1.41 0 0 1.41 6 7.41 12 1.41 10.59 0\"\/><\/svg><\/a>\n    <\/div>\n  <\/div>\n  \n<\/div>      <\/div>\n<\/section>\n\n\n<style>.block-fbl.flip-order .card__feature-block {\n    display: flex;\n    flex-direction: row !important;\n  }<\/style><section\n    class=\"block-fbl flip-order\">\n  <div class=\"block-fbl--inner-wrapper\">\n          <div class=\"card__feature-block card__feature-block__large flip-item\">\n  <div class=\"card--image\">\n    <div style=\"height: 90%; width: 90%; object-fit: contain; margin: 15px;\" class=\"card--image--inner-wrapper\">\n            \n      \n\n<img decoding=\"async\"\n\talt=\"\"\n    data-sizes=\"auto\"\n    data-src=\"https:\/\/onclusive.com\/wp-content\/uploads\/2025\/11\/AI-Powered-Content-Processing-300x300.png\"\n    data-srcset=\"https:\/\/onclusive.com\/wp-content\/uploads\/2025\/11\/AI-Powered-Content-Processing.png 1000w,\n\thttps:\/\/onclusive.com\/wp-content\/uploads\/2025\/11\/AI-Powered-Content-Processing.png 1000w, \n\thttps:\/\/onclusive.com\/wp-content\/uploads\/2025\/11\/AI-Powered-Content-Processing.png 1000w\"\n    class=\"lazyload not-svg\"\n    src=\"https:\/\/onclusive.com\/wp-content\/uploads\/2025\/11\/AI-Powered-Content-Processing-300x300.png\"\n\/>\n\n\n\n\n      \n    <\/div>\n  <\/div>\n  <div class=\"card--copy\">\n    <div class=\"card--copy--inner-wrapper\">\n      <div class=\"card_bg card_bg__\"><\/div>\n      <div class=\"feature-block-large__copy-wrapper\">\n                  <h3 class=\"feature_block_heading\">Traitement de Contenu Aliment\u00e9 par IA<\/h3> \n                          <div class=\"feature_block_copy\"><p><strong>Des outils de production propuls\u00e9s par AI Sense pour fournir une couverture intelligente et curat\u00e9e.<\/strong><\/p>\n<ul>\n<li style=\"font-weight: 400;\" aria-level=\"1\"><span style=\"font-weight: 400;\">Analyse automatis\u00e9e du sentiment et notation de pertinence<\/span><\/li>\n<li style=\"font-weight: 400;\" aria-level=\"1\"><span style=\"font-weight: 400;\">Classification IPTC Media Topic sur 1200+ cat\u00e9gories<\/span><\/li>\n<li style=\"font-weight: 400;\" aria-level=\"1\"><span style=\"font-weight: 400;\">R\u00e9sum\u00e9s contextuels bas\u00e9s sur vos mots-cl\u00e9s<\/span><\/li>\n<li style=\"font-weight: 400;\" aria-level=\"1\"><span style=\"font-weight: 400;\">D\u00e9-duplication et regroupement intelligent des contenus<\/span><\/li>\n<\/ul>\n<\/div> \n              <\/div>\n      \n<a href=\"#enquiry\"  target=\"_self\" class=\"button  button__anchor-link\">\n    Discutons-en    <svg   data-name=\"Layer 1\" xmlns=\"http:\/\/www.w3.org\/2000\/svg\" viewBox=\"0 0 12 7.41\"><polygon points=\"10.59 0 6 4.58 1.41 0 0 1.41 6 7.41 12 1.41 10.59 0\"\/><\/svg><\/a>\n    <\/div>\n  <\/div>\n  \n<\/div>      <\/div>\n<\/section>\n\n\n<section\n    class=\"block-fbl\">\n  <div class=\"block-fbl--inner-wrapper\">\n          <div class=\"card__feature-block card__feature-block__large\">\n  <div class=\"card--image\">\n    <div style=\"height: 90%; width: 90%; object-fit: contain; margin: 15px;\" class=\"card--image--inner-wrapper\">\n            \n      \n\n<img decoding=\"async\"\n\talt=\"\"\n    data-sizes=\"auto\"\n    data-src=\"https:\/\/onclusive.com\/wp-content\/uploads\/2025\/11\/Flexible-Editorial-Services-300x300.png\"\n    data-srcset=\"https:\/\/onclusive.com\/wp-content\/uploads\/2025\/11\/Flexible-Editorial-Services.png 1000w,\n\thttps:\/\/onclusive.com\/wp-content\/uploads\/2025\/11\/Flexible-Editorial-Services.png 1000w, \n\thttps:\/\/onclusive.com\/wp-content\/uploads\/2025\/11\/Flexible-Editorial-Services.png 1000w\"\n    class=\"lazyload not-svg\"\n    src=\"https:\/\/onclusive.com\/wp-content\/uploads\/2025\/11\/Flexible-Editorial-Services-300x300.png\"\n\/>\n\n\n\n\n      \n    <\/div>\n  <\/div>\n  <div class=\"card--copy\">\n    <div class=\"card--copy--inner-wrapper\">\n      <div class=\"card_bg card_bg__\"><\/div>\n      <div class=\"feature-block-large__copy-wrapper\">\n                  <h3 class=\"feature_block_heading\">Services \u00c9ditoriaux Flexibles<\/h3> \n                          <div class=\"feature_block_copy\"><p><strong>Choisissez le niveau de support \u00e9ditorial adapt\u00e9 \u00e0 vos besoins.<\/strong><\/p>\n<ul>\n<li style=\"font-weight: 400;\" aria-level=\"1\"><span style=\"font-weight: 400;\">Emails de clipping avec extraits pour mises \u00e0 jour rapides<\/span><\/li>\n<li style=\"font-weight: 400;\" aria-level=\"1\"><span style=\"font-weight: 400;\">Revues de Presse avec r\u00e9sum\u00e9s aliment\u00e9s par IA<\/span><\/li>\n<li style=\"font-weight: 400;\" aria-level=\"1\"><span style=\"font-weight: 400;\">Press Review Plus avec validation experte<\/span><\/li>\n<li style=\"font-weight: 400;\" aria-level=\"1\"><span style=\"font-weight: 400;\">Services \u00e9ditoriaux sur mesure incluant des synth\u00e8ses d\u2019actualit\u00e9<\/span><\/li>\n<\/ul>\n<\/div> \n              <\/div>\n      \n<a href=\"#enquiry\"  target=\"_self\" class=\"button  button__anchor-link\">\n    \u00catre rappel\u00e9    <svg   data-name=\"Layer 1\" xmlns=\"http:\/\/www.w3.org\/2000\/svg\" viewBox=\"0 0 12 7.41\"><polygon points=\"10.59 0 6 4.58 1.41 0 0 1.41 6 7.41 12 1.41 10.59 0\"\/><\/svg><\/a>\n    <\/div>\n  <\/div>\n  \n<\/div>      <\/div>\n<\/section>\n\n\n<style>.block-fbl.flip-order .card__feature-block {\n    display: flex;\n    flex-direction: row !important;\n  }<\/style><section\n    class=\"block-fbl flip-order\">\n  <div class=\"block-fbl--inner-wrapper\">\n          <div class=\"card__feature-block card__feature-block__large flip-item\">\n  <div class=\"card--image\">\n    <div style=\"height: 90%; width: 90%; object-fit: contain; margin: 15px;\" class=\"card--image--inner-wrapper\">\n            \n      \n\n<img decoding=\"async\"\n\talt=\"\"\n    data-sizes=\"auto\"\n    data-src=\"https:\/\/onclusive.com\/wp-content\/uploads\/2025\/11\/Global-Content-Hub-Integration-1-300x300.png\"\n    data-srcset=\"https:\/\/onclusive.com\/wp-content\/uploads\/2025\/11\/Global-Content-Hub-Integration-1.png 1000w,\n\thttps:\/\/onclusive.com\/wp-content\/uploads\/2025\/11\/Global-Content-Hub-Integration-1.png 1000w, \n\thttps:\/\/onclusive.com\/wp-content\/uploads\/2025\/11\/Global-Content-Hub-Integration-1.png 1000w\"\n    class=\"lazyload not-svg\"\n    src=\"https:\/\/onclusive.com\/wp-content\/uploads\/2025\/11\/Global-Content-Hub-Integration-1-300x300.png\"\n\/>\n\n\n\n\n      \n    <\/div>\n  <\/div>\n  <div class=\"card--copy\">\n    <div class=\"card--copy--inner-wrapper\">\n      <div class=\"card_bg card_bg__\"><\/div>\n      <div class=\"feature-block-large__copy-wrapper\">\n                  <h3 class=\"feature_block_heading\">Int\u00e9gration Global Content Hub<\/h3> \n                          <div class=\"feature_block_copy\"><p><strong>Acc\u00e9dez au plus grand r\u00e9f\u00e9rentiel m\u00e9dias d&rsquo;Europe avec fiabilit\u00e9 garantie.<\/strong><\/p>\n<ul>\n<li style=\"font-weight: 400;\" aria-level=\"1\"><span style=\"font-weight: 400;\">28+ millions d\u2019items de contenu <\/span><i><span style=\"font-weight: 400;\">earned media<\/span><\/i><span style=\"font-weight: 400;\"> collect\u00e9s quotidiennement<\/span><\/li>\n<li style=\"font-weight: 400;\" aria-level=\"1\"><span style=\"font-weight: 400;\">99,9% de temps de disponibilit\u00e9 plateforme avec infrastructure cloud<\/span><\/li>\n<li style=\"font-weight: 400;\" aria-level=\"1\"><span style=\"font-weight: 400;\">Trois sources pour la pr\u00e9cision du contenu online<\/span><\/li>\n<li style=\"font-weight: 400;\" aria-level=\"1\"><span style=\"font-weight: 400;\">Conformit\u00e9 copyright compl\u00e8te<\/span><\/li>\n<\/ul>\n<\/div> \n              <\/div>\n      \n<a href=\"#enquiry\"  target=\"_self\" class=\"button  button__anchor-link\">\n    En savoir plus    <svg   data-name=\"Layer 1\" xmlns=\"http:\/\/www.w3.org\/2000\/svg\" viewBox=\"0 0 12 7.41\"><polygon points=\"10.59 0 6 4.58 1.41 0 0 1.41 6 7.41 12 1.41 10.59 0\"\/><\/svg><\/a>\n    <\/div>\n  <\/div>\n  \n<\/div>      <\/div>\n<\/section>\n\n\n\n\n\n\n\n    <section\n      id=\"enquiry\"      class=\"block-form bg__green_light\">\n      \n\n  <div class=\"form-content\">\n    <div class=\"form-content--inner-wrapper\">\n\n      \n              <div class=\"form-content--heading\">\n          <h3 class=\"block--form_heading\">Contactez-nous<\/h3> \n        <\/div>\n      \n      <div class=\"form-content--copy\">\n    \n        \n            <div class=\"block--copy\"><p>Pour en savoir plus sur nos solutions ou pour toute autre demande, veuillez remplir le formulaire ci-dessous.<\/p>\n<\/div>\n\n        \n      <\/div>\n\n      \n              <div id=\"myFrame\" class=\"form-content--form  \"> \n          <script charset=\"utf-8\" type=\"text\/javascript\" src=\"\/\/js.hsforms.net\/forms\/embed\/v2.js\"><\/script>\r\n<script>\r\n  hbspt.forms.create({\r\n    portalId: \"42525281\",\r\n    formId: \"13f93200-439e-4777-b9be-fe9d2b2c55b2\",\r\n    region: \"na1\"\r\n  });\r\n<\/script>        <\/div> \n          <\/div>\n  <\/div>\n\n    <\/section> \n  \n<style>\n\/* Dark Background Form Styling - Only applies when .bg__black class exists *\/\n.block-form.bg__black .hs-form label,\n.block-form.bg__black .hs-form legend,\n.block-form.bg__black .hs-form .hs-form-field > label {\n  color: #ffffff !important;\n}\n\n.block-form.bg__black .hs-form input[type=\"text\"],\n.block-form.bg__black .hs-form input[type=\"email\"],\n.block-form.bg__black .hs-form input[type=\"tel\"],\n.block-form.bg__black .hs-form input[type=\"number\"],\n.block-form.bg__black .hs-form select,\n.block-form.bg__black .hs-form textarea {\n  background-color: #ffffff !important;\n  color: #1e1e23 !important;\n  border-color: #ffffff !important;\n}\n\n.block-form.bg__black .hs-form input[type=\"submit\"],\n.block-form.bg__black .hs-form .hs-button,\n.block-form.bg__black .hs-form button[type=\"submit\"] {\n  background-color: #316446 !important;\n  color: #f0ebf0 !important;\n  border: none !important;\n  transition: all 0.3s ease !important;\n}\n\n.block-form.bg__black .hs-form input[type=\"submit\"]:hover,\n.block-form.bg__black .hs-form .hs-button:hover,\n.block-form.bg__black .hs-form button[type=\"submit\"]:hover {\n  background-color: #254d35 !important;\n  color: #01E55F !important;\n}\n\n.block-form.bg__black .hs-form input::placeholder,\n.block-form.bg__black .hs-form textarea::placeholder {\n  color: #999999 !important;\n}\n\n.block-form.bg__black .hs-form .hs-error-msgs label,\n.block-form.bg__black .hs-form .hs-error-msg {\n  color: #ff6b6b !important;\n}\n\n.block-form.bg__black .hs-form .hs-field-desc,\n.block-form.bg__black .hs-form .hs-richtext {\n  color: #cccccc !important;\n}\n<\/style>\n\n\n\n","protected":false},"excerpt":{"rendered":"","protected":false},"author":32,"featured_media":0,"parent":73977,"menu_order":4,"comment_status":"closed","ping_status":"closed","template":"","meta":{"_acf_changed":false,"content-type":"","inline_featured_image":false,"footnotes":""},"region":[],"class_list":["post-73572","page","type-page","status-publish","hentry"],"acf":[],"_links":{"self":[{"href":"https:\/\/onclusive.com\/fr\/wp-json\/wp\/v2\/pages\/73572","targetHints":{"allow":["GET"]}}],"collection":[{"href":"https:\/\/onclusive.com\/fr\/wp-json\/wp\/v2\/pages"}],"about":[{"href":"https:\/\/onclusive.com\/fr\/wp-json\/wp\/v2\/types\/page"}],"author":[{"embeddable":true,"href":"https:\/\/onclusive.com\/fr\/wp-json\/wp\/v2\/users\/32"}],"replies":[{"embeddable":true,"href":"https:\/\/onclusive.com\/fr\/wp-json\/wp\/v2\/comments?post=73572"}],"version-history":[{"count":1,"href":"https:\/\/onclusive.com\/fr\/wp-json\/wp\/v2\/pages\/73572\/revisions"}],"predecessor-version":[{"id":88778,"href":"https:\/\/onclusive.com\/fr\/wp-json\/wp\/v2\/pages\/73572\/revisions\/88778"}],"up":[{"embeddable":true,"href":"https:\/\/onclusive.com\/fr\/wp-json\/wp\/v2\/pages\/73977"}],"wp:attachment":[{"href":"https:\/\/onclusive.com\/fr\/wp-json\/wp\/v2\/media?parent=73572"}],"wp:term":[{"taxonomy":"region","embeddable":true,"href":"https:\/\/onclusive.com\/fr\/wp-json\/wp\/v2\/region?post=73572"}],"curies":[{"name":"wp","href":"https:\/\/api.w.org\/{rel}","templated":true}]}}