{"id":73610,"date":"2025-11-04T21:10:41","date_gmt":"2025-11-04T21:10:41","guid":{"rendered":"https:\/\/newonclusivstg.wpengine.com\/?page_id=73610"},"modified":"2025-11-06T21:20:13","modified_gmt":"2025-11-06T21:20:13","slug":"revues-de-presse","status":"publish","type":"page","link":"https:\/\/onclusive.com\/fr\/expertise\/revues-de-presse\/","title":{"rendered":"Press Reviews"},"content":{"rendered":"\n\n<style>\n      \/* Hero Simple Image - Minimal CSS, reuse existing layout *\/\n      .hero-simple-layout .hero-simple-image-container {\n        display: flex;\n        align-items: center;\n        justify-content: flex-end;\n        width: 100%;\n        height: 100%;\n      }\n      \n      .hero-simple-layout .hero-simple-img {\n        max-width: 100%;\n        max-height: 500px;\n        width: auto;\n        height: auto;\n        object-fit: contain;\n      }\n      \n      \/* Mobile - reduce image height *\/\n      @media (max-width: 768px) {\n        .hero-simple-layout .hero-simple-img {\n          max-height: 350px;\n        }\n\t\t.hero-simple-image-container {\n\t\t  justify-content: center !important;\n\t\t}\n      }\n      \n      @media (max-width: 480px) {\n        .hero-simple-layout .hero-simple-img {\n          max-height: 250px;\n        }\n      }\n      <\/style><style>\n    \/* Hero Tag - Optional tag above title *\/\n    .hero-tag {\n      font-size: 12px;\n      font-weight: 600;\n      letter-spacing: 2px;\n      text-transform: uppercase;\n      margin-bottom: 15px;\n      display: block;\n      line-height: 1.4;\n\t  padding: 5px 2.5px;\n    }\n    \n    @media (max-width: 768px) {\n      .hero-tag {\n        font-size: 11px;\n        letter-spacing: 1.5px;\n        margin-bottom: 12px;\n      }\n    }\n    \n    @media (max-width: 480px) {\n      .hero-tag {\n        font-size: 10px;\n        letter-spacing: 1px;\n        margin-bottom: 10px;\n      }\n    }\n    <\/style>\n<style>\n\/**\n * Hero Background Overlay Styles\n *\/\n.hero-background-overlay {\n    position: absolute;\n    top: 0;\n    left: 0;\n    width: 100%;\n    height: 100%;\n    z-index: 1; \/* Above background image, below content *\/\n    pointer-events: none; \/* Allows clicks to pass through to content *\/\n}\n\n\/* Ensure hero section is positioned relative *\/\n.block-hero {\n    position: relative;\n}\n\n\/* Ensure content sits above overlay *\/\n.hero--content {\n    position: relative;\n    z-index: 2; \/* Above overlay *\/\n}\n\n\/* Ensure background image stays at bottom *\/\n.hero-background-image {\n    position: absolute;\n    z-index: 0; \/* Behind everything *\/\n}\n<\/style>\n\n<section\n    class=\"block-hero block-hero-full-bleed hero-simple-layout\">\n\n  \n          \n              <div class=\"hero_background_colour bg__mint_light hero_background_colour__left\"><\/div>\n                    <div class=\"hero_background_colour bg__mint_light hero_background_colour__right\"><\/div>\n      \n      \n          \n    \n    <div class=\"hero--content\">\n\n      <div class=\"hero--content--inner-wrapper\">\n\n                  <!-- NEW SIMPLE IMAGE: Replaces complex overlapping images -->\n          <div class=\"hero-foreground-images\">\n            <div class=\"hero-simple-image-container\">\n                            <img decoding=\"async\" \n                src=\"https:\/\/onclusive.com\/wp-content\/uploads\/2025\/11\/Curated-Coverage-Intelligence.png\" \n                alt=\"\"\n                class=\"hero-simple-img\"\n                loading=\"eager\">\n            <\/div>\n          <\/div>\n        \n        <div class=\"hero--copy\">\n\n          <!-- OPTIONAL HERO TAG - ONLY IF SET -->\n                      <div class=\"hero-tag\" style=\"color: #326446;\">\n              Revues de presse            <\/div>\n          \n                      <h1 class=\"hero_title\" >\n                            <span class=\"hero_title_bold\">\n                Revues de presse s\u00e9lectives              <\/span>\n                                                      <\/h1> \n          \n                      <p class=\"hero_copy\" >Informez vos parties prenantes avec des digests d\u2019actualit\u00e9 personnalis\u00e9s et soigneusement \u00e9labor\u00e9s, livr\u00e9es directement dans leur messagerie.\r\n<\/p> \n          \n                      <div class=\"hero_buttons--wrapper\">\n            \n<a href=\"#enquiry\"  target=\"_self\" class=\"button  button__anchor-link\">\n    Planifier une d\u00e9mo    <svg   data-name=\"Layer 1\" xmlns=\"http:\/\/www.w3.org\/2000\/svg\" viewBox=\"0 0 12 7.41\"><polygon points=\"10.59 0 6 4.58 1.41 0 0 1.41 6 7.41 12 1.41 10.59 0\"\/><\/svg><\/a>\n            <\/div>\n          \n        <\/div>\n\n      <\/div>\n\n    <\/div>\n\n    \n<\/section>\n\n\n<section class=\"block-benefits-section bg__Array layout-simple\">\n    <div class=\"benefits-section-inner\">\n\n                    <!-- Simple Layout: Full-width title -->\n                            <div class=\"benefits-title-wrapper\">\n                    <div class=\"benefits-title\">\n                        <p><span style=\"font-weight: 400;\">Les Revues de Presse Onclusive transforment la veille m\u00e9dias brute en communications sur-mesure qui maintiennent votre organisation align\u00e9e. Alliant r\u00e9sum\u00e9s aliment\u00e9s par l\u2019IA et curation experte, nous livrons l\u2019actualit\u00e9 et les contenus social media essentiels \u2014 dans des formats pr\u00eats \u00e0 \u00eatre partag\u00e9s avec vos parties prenantes.<\/span><\/p>\n                    <\/div>\n                <\/div>\n            \n        \n        <!-- Benefits Grid -->\n                    <div class=\"benefits-grid\" data-columns=\"4\">\n                                    <div class=\"benefit-item icon-size-small\">\n                        \n                                                    <div class=\"benefit-icon\">\n                                <img decoding=\"async\" \n                                    src=\"https:\/\/onclusive.com\/wp-content\/uploads\/2025\/11\/Save-Hours-Daily.svg\" \n                                    alt=\"\"\n                                \/>\n                            <\/div>\n                        \n                                                    <h3 class=\"benefit-title\">Gagnez des heures chaque jour<\/h3>\n                        \n                                                    <p class=\"benefit-description\">\u00c9liminez la compilation et le formatage manuels. Nos experts g\u00e8rent tout, de la s\u00e9lection des contenus \u00e0 la diffusion pr\u00eate pour vos parties prenantes.\r\n<\/p>\n                        \n                    <\/div>\n                                    <div class=\"benefit-item icon-size-small\">\n                        \n                                                    <div class=\"benefit-icon\">\n                                <img decoding=\"async\" \n                                    src=\"https:\/\/onclusive.com\/wp-content\/uploads\/2025\/11\/Stakeholder-Ready.svg\" \n                                    alt=\"\"\n                                \/>\n                            <\/div>\n                        \n                                                    <h3 class=\"benefit-title\">Pr\u00eat pour vos parties prenantes<\/h3>\n                        \n                                                    <p class=\"benefit-description\">Synth\u00e8ses professionnelles et coh\u00e9rentes avec votre marque, faciles \u00e0 lire pour les dirigeants et directement exploitables par les \u00e9quipes.\r\n<\/p>\n                        \n                    <\/div>\n                                    <div class=\"benefit-item icon-size-small\">\n                        \n                                                    <div class=\"benefit-icon\">\n                                <img decoding=\"async\" \n                                    src=\"https:\/\/onclusive.com\/wp-content\/uploads\/2025\/11\/AI-Powered-Intelligence-1.svg\" \n                                    alt=\"\"\n                                \/>\n                            <\/div>\n                        \n                                                    <h3 class=\"benefit-title\">Veille propuls\u00e9e par IA<\/h3>\n                        \n                                                    <p class=\"benefit-description\">Les r\u00e9sum\u00e9s contextuels d\u2019AI Sense offrent une compr\u00e9hension imm\u00e9diate de la mani\u00e8re dont la couverture m\u00e9diatique impacte votre marque.\r\n<\/p>\n                        \n                    <\/div>\n                                    <div class=\"benefit-item icon-size-small\">\n                        \n                                                    <div class=\"benefit-icon\">\n                                <img decoding=\"async\" \n                                    src=\"https:\/\/onclusive.com\/wp-content\/uploads\/2025\/11\/Complete-Flexibility-2.svg\" \n                                    alt=\"\"\n                                \/>\n                            <\/div>\n                        \n                                                    <h3 class=\"benefit-title\">Flexibilit\u00e9 totale<\/h3>\n                        \n                                                    <p class=\"benefit-description\">Des emails automatis\u00e9s aux panoramas ou synth\u00e8ses ex\u00e9cutives valid\u00e9es chaque jour par nos consultants, adaptez le niveau de service \u00e0 vos besoins et pr\u00e9f\u00e9rences.\r\n<\/p>\n                        \n                    <\/div>\n                            <\/div>\n        \n    <\/div>\n<\/section>\n\n\n<section class=\"block-cta-section bg__red_dark layout-single\">\n    <div class=\"cta-section-inner\">\n\n                    \n            <!-- Single Column: Image first, then content -->\n            \n            <div class=\"cta-content-column\">\n                \n                \n                                    <div class=\"cta-text\">\n                        <h3>Ne perdez plus des heures sur vos rapports de veille. Laissez nos experts livrer les informations essentielles \u00e0 vos parties prenantes.<\/h3>\n                    <\/div>\n                \n                                    <div class=\"cta-button-wrapper\">\n                        <a \n                            href=\"#enquiry\" \n                            class=\"cta-button button-green button__anchor-link\"\n                            target=\"_self\"\n                                                    >\n                            D\u00e9couvrir                        <\/a>\n                    <\/div>\n                \n            <\/div>\n\n        \n    <\/div>\n<\/section>\n\n<section\n    class=\"block-fbl\">\n  <div class=\"block-fbl--inner-wrapper\">\n          <div class=\"card__feature-block card__feature-block__large\">\n  <div class=\"card--image\">\n    <div style=\"height: 90%; width: 90%; object-fit: contain; margin: 15px;\" class=\"card--image--inner-wrapper\">\n            \n      \n\n<img decoding=\"async\"\n\talt=\"\"\n    data-sizes=\"auto\"\n    data-src=\"https:\/\/onclusive.com\/wp-content\/uploads\/2025\/11\/Press-Reviews-300x300.png\"\n    data-srcset=\"https:\/\/onclusive.com\/wp-content\/uploads\/2025\/11\/Press-Reviews.png 1000w,\n\thttps:\/\/onclusive.com\/wp-content\/uploads\/2025\/11\/Press-Reviews.png 1000w, \n\thttps:\/\/onclusive.com\/wp-content\/uploads\/2025\/11\/Press-Reviews.png 1000w\"\n    class=\"lazyload not-svg\"\n    src=\"https:\/\/onclusive.com\/wp-content\/uploads\/2025\/11\/Press-Reviews-300x300.png\"\n\/>\n\n\n\n\n      \n    <\/div>\n  <\/div>\n  <div class=\"card--copy\">\n    <div class=\"card--copy--inner-wrapper\">\n      <div class=\"card_bg card_bg__\"><\/div>\n      <div class=\"feature-block-large__copy-wrapper\">\n                  <h3 class=\"feature_block_heading\">Revues de Presse<\/h3> \n                          <div class=\"feature_block_copy\"><p><strong>Digests quotidiens avec r\u00e9sum\u00e9s g\u00e9n\u00e9r\u00e9s par IA, pour un aper\u00e7u rapide et facile \u00e0 partager.<\/strong><\/p>\n<ul>\n<li style=\"font-weight: 400;\" aria-level=\"1\"><span style=\"font-weight: 400;\">R\u00e9sum\u00e9s d\u2019articles aliment\u00e9s par IA pour une lecture rapide<\/span><\/li>\n<li style=\"font-weight: 400;\" aria-level=\"1\"><span style=\"font-weight: 400;\">Organisation par pertinence et priorit\u00e9<\/span><\/li>\n<li style=\"font-weight: 400;\" aria-level=\"1\"><span style=\"font-weight: 400;\">Cat\u00e9gories et sections personnalisables<\/span><\/li>\n<li style=\"font-weight: 400;\" aria-level=\"1\"><span style=\"font-weight: 400;\">Validation humaine par nos experts<\/span><\/li>\n<\/ul>\n<\/div> \n              <\/div>\n      \n<a href=\"#enquiry\"  target=\"_self\" class=\"button  button__anchor-link\">\n    Planifier une d\u00e9mo    <svg   data-name=\"Layer 1\" xmlns=\"http:\/\/www.w3.org\/2000\/svg\" viewBox=\"0 0 12 7.41\"><polygon points=\"10.59 0 6 4.58 1.41 0 0 1.41 6 7.41 12 1.41 10.59 0\"\/><\/svg><\/a>\n    <\/div>\n  <\/div>\n  \n<\/div>      <\/div>\n<\/section>\n\n\n<style>.block-fbl.flip-order .card__feature-block {\n    display: flex;\n    flex-direction: row !important;\n  }<\/style><section\n    class=\"block-fbl flip-order\">\n  <div class=\"block-fbl--inner-wrapper\">\n          <div class=\"card__feature-block card__feature-block__large flip-item\">\n  <div class=\"card--image\">\n    <div style=\"height: 90%; width: 90%; object-fit: contain; margin: 15px;\" class=\"card--image--inner-wrapper\">\n            \n      \n\n<img decoding=\"async\"\n\talt=\"\"\n    data-sizes=\"auto\"\n    data-src=\"https:\/\/onclusive.com\/wp-content\/uploads\/2025\/11\/Custom-Editorial-Services-300x300.png\"\n    data-srcset=\"https:\/\/onclusive.com\/wp-content\/uploads\/2025\/11\/Custom-Editorial-Services.png 1000w,\n\thttps:\/\/onclusive.com\/wp-content\/uploads\/2025\/11\/Custom-Editorial-Services.png 1000w, \n\thttps:\/\/onclusive.com\/wp-content\/uploads\/2025\/11\/Custom-Editorial-Services.png 1000w\"\n    class=\"lazyload not-svg\"\n    src=\"https:\/\/onclusive.com\/wp-content\/uploads\/2025\/11\/Custom-Editorial-Services-300x300.png\"\n\/>\n\n\n\n\n      \n    <\/div>\n  <\/div>\n  <div class=\"card--copy\">\n    <div class=\"card--copy--inner-wrapper\">\n      <div class=\"card_bg card_bg__\"><\/div>\n      <div class=\"feature-block-large__copy-wrapper\">\n                  <h3 class=\"feature_block_heading\">Services \u00c9ditoriaux Sur-Mesure<\/h3> \n                          <div class=\"feature_block_copy\"><p><strong>Services d\u2019actualit\u00e9 enti\u00e8rement personnalis\u00e9s selon les besoins des dirigeants.<\/strong><\/p>\n<ul>\n<li style=\"font-weight: 400;\" aria-level=\"1\"><span style=\"font-weight: 400;\">R\u00e9sum\u00e9s ex\u00e9cutifs et digests d\u2019actualit\u00e9<\/span><\/li>\n<li style=\"font-weight: 400;\" aria-level=\"1\"><span style=\"font-weight: 400;\">R\u00e9sum\u00e9s manuels cr\u00e9\u00e9s par des experts du secteur<\/span><\/li>\n<li style=\"font-weight: 400;\" aria-level=\"1\"><span style=\"font-weight: 400;\">Livraison via WhatsApp pour les mises \u00e0 jour urgentes<\/span><\/li>\n<\/ul>\n<\/div> \n              <\/div>\n      \n<a href=\"#enquiry\"  target=\"_self\" class=\"button  button__anchor-link\">\n    Discutons-en    <svg   data-name=\"Layer 1\" xmlns=\"http:\/\/www.w3.org\/2000\/svg\" viewBox=\"0 0 12 7.41\"><polygon points=\"10.59 0 6 4.58 1.41 0 0 1.41 6 7.41 12 1.41 10.59 0\"\/><\/svg><\/a>\n    <\/div>\n  <\/div>\n  \n<\/div>      <\/div>\n<\/section>\n\n\n<section\n    class=\"block-fbl\">\n  <div class=\"block-fbl--inner-wrapper\">\n          <div class=\"card__feature-block card__feature-block__large\">\n  <div class=\"card--image\">\n    <div style=\"height: 90%; width: 90%; object-fit: contain; margin: 15px;\" class=\"card--image--inner-wrapper\">\n            \n      \n\n<img decoding=\"async\"\n\talt=\"\"\n    data-sizes=\"auto\"\n    data-src=\"https:\/\/onclusive.com\/wp-content\/uploads\/2025\/11\/Smart-Distribution-300x300.png\"\n    data-srcset=\"https:\/\/onclusive.com\/wp-content\/uploads\/2025\/11\/Smart-Distribution.png 1000w,\n\thttps:\/\/onclusive.com\/wp-content\/uploads\/2025\/11\/Smart-Distribution.png 1000w, \n\thttps:\/\/onclusive.com\/wp-content\/uploads\/2025\/11\/Smart-Distribution.png 1000w\"\n    class=\"lazyload not-svg\"\n    src=\"https:\/\/onclusive.com\/wp-content\/uploads\/2025\/11\/Smart-Distribution-300x300.png\"\n\/>\n\n\n\n\n      \n    <\/div>\n  <\/div>\n  <div class=\"card--copy\">\n    <div class=\"card--copy--inner-wrapper\">\n      <div class=\"card_bg card_bg__\"><\/div>\n      <div class=\"feature-block-large__copy-wrapper\">\n                  <h3 class=\"feature_block_heading\">Distribution Intelligente<\/h3> \n                          <div class=\"feature_block_copy\"><p><strong>Diffusez la bonne information aux bonnes personnes, au bon moment.<\/strong><\/p>\n<ul>\n<li style=\"font-weight: 400;\" aria-level=\"1\"><span style=\"font-weight: 400;\">Listes de parties prenantes multiples avec contenus personnalis\u00e9s<\/span><\/li>\n<li style=\"font-weight: 400;\" aria-level=\"1\"><span style=\"font-weight: 400;\">Livraison programm\u00e9e ou acc\u00e8s \u00e0 la demande<\/span><\/li>\n<li style=\"font-weight: 400;\" aria-level=\"1\"><span style=\"font-weight: 400;\">Format optimis\u00e9 pour mobile<\/span><\/li>\n<li style=\"font-weight: 400;\" aria-level=\"1\"><span style=\"font-weight: 400;\">Int\u00e9gration avec les communications internes<\/span><\/li>\n<\/ul>\n<\/div> \n              <\/div>\n      \n<a href=\"#enquiry\"  target=\"_self\" class=\"button  button__anchor-link\">\n    \u00catre rappel\u00e9    <svg   data-name=\"Layer 1\" xmlns=\"http:\/\/www.w3.org\/2000\/svg\" viewBox=\"0 0 12 7.41\"><polygon points=\"10.59 0 6 4.58 1.41 0 0 1.41 6 7.41 12 1.41 10.59 0\"\/><\/svg><\/a>\n    <\/div>\n  <\/div>\n  \n<\/div>      <\/div>\n<\/section>\n\n\n<style>.block-fbl.flip-order .card__feature-block {\n    display: flex;\n    flex-direction: row !important;\n  }<\/style><section\n    class=\"block-fbl flip-order\">\n  <div class=\"block-fbl--inner-wrapper\">\n          <div class=\"card__feature-block card__feature-block__large flip-item\">\n  <div class=\"card--image\">\n    <div style=\"height: 90%; width: 90%; object-fit: contain; margin: 15px;\" class=\"card--image--inner-wrapper\">\n            \n      \n\n<img decoding=\"async\"\n\talt=\"\"\n    data-sizes=\"auto\"\n    data-src=\"https:\/\/onclusive.com\/wp-content\/uploads\/2025\/11\/Custom-Coverage-Categories-300x300.png\"\n    data-srcset=\"https:\/\/onclusive.com\/wp-content\/uploads\/2025\/11\/Custom-Coverage-Categories.png 1000w,\n\thttps:\/\/onclusive.com\/wp-content\/uploads\/2025\/11\/Custom-Coverage-Categories.png 1000w, \n\thttps:\/\/onclusive.com\/wp-content\/uploads\/2025\/11\/Custom-Coverage-Categories.png 1000w\"\n    class=\"lazyload not-svg\"\n    src=\"https:\/\/onclusive.com\/wp-content\/uploads\/2025\/11\/Custom-Coverage-Categories-300x300.png\"\n\/>\n\n\n\n\n      \n    <\/div>\n  <\/div>\n  <div class=\"card--copy\">\n    <div class=\"card--copy--inner-wrapper\">\n      <div class=\"card_bg card_bg__\"><\/div>\n      <div class=\"feature-block-large__copy-wrapper\">\n                  <h3 class=\"feature_block_heading\">Cat\u00e9gories de Couverture Personnalis\u00e9es<\/h3> \n                          <div class=\"feature_block_copy\"><p><strong>Une organisation intelligente pour identifier facilement les contenus pertinents.<\/strong><\/p>\n<ul>\n<li style=\"font-weight: 400;\" aria-level=\"1\"><span style=\"font-weight: 400;\">Auto-segmentation par th\u00e8me et pertinence<\/span><\/li>\n<li style=\"font-weight: 400;\" aria-level=\"1\"><span style=\"font-weight: 400;\">Cat\u00e9gories personnalis\u00e9es pour votre secteur<\/span><\/li>\n<li style=\"font-weight: 400;\" aria-level=\"1\"><span style=\"font-weight: 400;\">Sections d\u00e9di\u00e9es \u00e0 la couverture concurrentielle<\/span><\/li>\n<li style=\"font-weight: 400;\" aria-level=\"1\"><span style=\"font-weight: 400;\">Alertes crise et indicateurs de priorit\u00e9<\/span><\/li>\n<\/ul>\n<\/div> \n              <\/div>\n      \n<a href=\"#enquiry\"  target=\"_self\" class=\"button  button__anchor-link\">\n    En savoir plus    <svg   data-name=\"Layer 1\" xmlns=\"http:\/\/www.w3.org\/2000\/svg\" viewBox=\"0 0 12 7.41\"><polygon points=\"10.59 0 6 4.58 1.41 0 0 1.41 6 7.41 12 1.41 10.59 0\"\/><\/svg><\/a>\n    <\/div>\n  <\/div>\n  \n<\/div>      <\/div>\n<\/section>\n\n\n<section\n    class=\"block-fbl\">\n  <div class=\"block-fbl--inner-wrapper\">\n          <div class=\"card__feature-block card__feature-block__large\">\n  <div class=\"card--image\">\n    <div style=\"height: 90%; width: 90%; object-fit: contain; margin: 15px;\" class=\"card--image--inner-wrapper\">\n            \n      \n\n<img decoding=\"async\"\n\talt=\"\"\n    data-sizes=\"auto\"\n    data-src=\"https:\/\/onclusive.com\/wp-content\/uploads\/2025\/11\/Copyright-Confidence-300x300.png\"\n    data-srcset=\"https:\/\/onclusive.com\/wp-content\/uploads\/2025\/11\/Copyright-Confidence.png 1000w,\n\thttps:\/\/onclusive.com\/wp-content\/uploads\/2025\/11\/Copyright-Confidence.png 1000w, \n\thttps:\/\/onclusive.com\/wp-content\/uploads\/2025\/11\/Copyright-Confidence.png 1000w\"\n    class=\"lazyload not-svg\"\n    src=\"https:\/\/onclusive.com\/wp-content\/uploads\/2025\/11\/Copyright-Confidence-300x300.png\"\n\/>\n\n\n\n\n      \n    <\/div>\n  <\/div>\n  <div class=\"card--copy\">\n    <div class=\"card--copy--inner-wrapper\">\n      <div class=\"card_bg card_bg__\"><\/div>\n      <div class=\"feature-block-large__copy-wrapper\">\n                  <h3 class=\"feature_block_heading\">Conformit\u00e9 au Droit d\u2019Auteur<\/h3> \n                          <div class=\"feature_block_copy\"><p><strong>Assurez-vous que votre veille m\u00e9dias est enti\u00e8rement conforme.<\/strong><\/p>\n<ul>\n<li style=\"font-weight: 400;\" aria-level=\"1\"><span style=\"font-weight: 400;\">Accords de licence multi-march\u00e9s<\/span><\/li>\n<li style=\"font-weight: 400;\" aria-level=\"1\"><span style=\"font-weight: 400;\">Expertise locale\u00a0<\/span><\/li>\n<li style=\"font-weight: 400;\" aria-level=\"1\"><span style=\"font-weight: 400;\">Droits de partage de contenus transfrontaliers<\/span><\/li>\n<\/ul>\n<\/div> \n              <\/div>\n      \n<a href=\"#enquiry\"  target=\"_self\" class=\"button  button__anchor-link\">\n    Nous contacter    <svg   data-name=\"Layer 1\" xmlns=\"http:\/\/www.w3.org\/2000\/svg\" viewBox=\"0 0 12 7.41\"><polygon points=\"10.59 0 6 4.58 1.41 0 0 1.41 6 7.41 12 1.41 10.59 0\"\/><\/svg><\/a>\n    <\/div>\n  <\/div>\n  \n<\/div>      <\/div>\n<\/section>\n\n\n\n\n\n\n\n    <section\n      id=\"enquiry\"      class=\"block-form bg__green_light\">\n      \n\n  <div class=\"form-content\">\n    <div class=\"form-content--inner-wrapper\">\n\n      \n              <div class=\"form-content--heading\">\n          <h3 class=\"block--form_heading\">Contactez-nous<\/h3> \n        <\/div>\n      \n      <div class=\"form-content--copy\">\n    \n        \n            <div class=\"block--copy\"><p>Pour en savoir plus sur nos solutions ou pour toute autre demande, veuillez remplir le formulaire ci-dessous.<\/p>\n<\/div>\n\n        \n      <\/div>\n\n      \n              <div id=\"myFrame\" class=\"form-content--form  \"> \n          <script charset=\"utf-8\" type=\"text\/javascript\" src=\"\/\/js.hsforms.net\/forms\/embed\/v2.js\"><\/script>\r\n<script>\r\n  hbspt.forms.create({\r\n    portalId: \"42525281\",\r\n    formId: \"13f93200-439e-4777-b9be-fe9d2b2c55b2\",\r\n    region: \"na1\"\r\n  });\r\n<\/script>        <\/div> \n          <\/div>\n  <\/div>\n\n    <\/section> \n  \n<style>\n\/* Dark Background Form Styling - Only applies when .bg__black class exists *\/\n.block-form.bg__black .hs-form label,\n.block-form.bg__black .hs-form legend,\n.block-form.bg__black .hs-form .hs-form-field > label {\n  color: #ffffff !important;\n}\n\n.block-form.bg__black .hs-form input[type=\"text\"],\n.block-form.bg__black .hs-form input[type=\"email\"],\n.block-form.bg__black .hs-form input[type=\"tel\"],\n.block-form.bg__black .hs-form input[type=\"number\"],\n.block-form.bg__black .hs-form select,\n.block-form.bg__black .hs-form textarea {\n  background-color: #ffffff !important;\n  color: #1e1e23 !important;\n  border-color: #ffffff !important;\n}\n\n.block-form.bg__black .hs-form input[type=\"submit\"],\n.block-form.bg__black .hs-form .hs-button,\n.block-form.bg__black .hs-form button[type=\"submit\"] {\n  background-color: #316446 !important;\n  color: #f0ebf0 !important;\n  border: none !important;\n  transition: all 0.3s ease !important;\n}\n\n.block-form.bg__black .hs-form input[type=\"submit\"]:hover,\n.block-form.bg__black .hs-form .hs-button:hover,\n.block-form.bg__black .hs-form button[type=\"submit\"]:hover {\n  background-color: #254d35 !important;\n  color: #01E55F !important;\n}\n\n.block-form.bg__black .hs-form input::placeholder,\n.block-form.bg__black .hs-form textarea::placeholder {\n  color: #999999 !important;\n}\n\n.block-form.bg__black .hs-form .hs-error-msgs label,\n.block-form.bg__black .hs-form .hs-error-msg {\n  color: #ff6b6b !important;\n}\n\n.block-form.bg__black .hs-form .hs-field-desc,\n.block-form.bg__black .hs-form .hs-richtext {\n  color: #cccccc !important;\n}\n<\/style>\n\n\n\n","protected":false},"excerpt":{"rendered":"","protected":false},"author":32,"featured_media":78168,"parent":74011,"menu_order":2,"comment_status":"closed","ping_status":"closed","template":"","meta":{"_acf_changed":false,"content-type":"","inline_featured_image":false,"footnotes":""},"region":[],"class_list":["post-73610","page","type-page","status-publish","has-post-thumbnail","hentry"],"acf":[],"_links":{"self":[{"href":"https:\/\/onclusive.com\/fr\/wp-json\/wp\/v2\/pages\/73610","targetHints":{"allow":["GET"]}}],"collection":[{"href":"https:\/\/onclusive.com\/fr\/wp-json\/wp\/v2\/pages"}],"about":[{"href":"https:\/\/onclusive.com\/fr\/wp-json\/wp\/v2\/types\/page"}],"author":[{"embeddable":true,"href":"https:\/\/onclusive.com\/fr\/wp-json\/wp\/v2\/users\/32"}],"replies":[{"embeddable":true,"href":"https:\/\/onclusive.com\/fr\/wp-json\/wp\/v2\/comments?post=73610"}],"version-history":[{"count":0,"href":"https:\/\/onclusive.com\/fr\/wp-json\/wp\/v2\/pages\/73610\/revisions"}],"up":[{"embeddable":true,"href":"https:\/\/onclusive.com\/fr\/wp-json\/wp\/v2\/pages\/74011"}],"wp:featuredmedia":[{"embeddable":true,"href":"https:\/\/onclusive.com\/fr\/wp-json\/wp\/v2\/media\/78168"}],"wp:attachment":[{"href":"https:\/\/onclusive.com\/fr\/wp-json\/wp\/v2\/media?parent=73610"}],"wp:term":[{"taxonomy":"region","embeddable":true,"href":"https:\/\/onclusive.com\/fr\/wp-json\/wp\/v2\/region?post=73610"}],"curies":[{"name":"wp","href":"https:\/\/api.w.org\/{rel}","templated":true}]}}