{"id":77211,"date":"2025-12-17T14:49:48","date_gmt":"2025-12-17T14:49:48","guid":{"rendered":"https:\/\/newonclusivstg.wpengine.com\/?page_id=77211"},"modified":"2026-02-12T09:18:12","modified_gmt":"2026-02-12T09:18:12","slug":"rse","status":"publish","type":"page","link":"https:\/\/onclusive.com\/fr\/qui-sommes-nous\/rse\/","title":{"rendered":"RSE"},"content":{"rendered":"\n\n<style>\n      \/* Hero Simple Image - Minimal CSS, reuse existing layout *\/\n      .hero-simple-layout .hero-simple-image-container {\n        display: flex;\n        align-items: center;\n        justify-content: flex-end;\n        width: 100%;\n        height: 100%;\n      }\n      \n      .hero-simple-layout .hero-simple-img {\n        max-width: 100%;\n        max-height: 500px;\n        width: auto;\n        height: auto;\n        object-fit: contain;\n      }\n      \n      \/* Mobile - reduce image height *\/\n      @media (max-width: 768px) {\n        .hero-simple-layout .hero-simple-img {\n          max-height: 350px;\n        }\n\t\t.hero-simple-image-container {\n\t\t  justify-content: center !important;\n\t\t}\n      }\n      \n      @media (max-width: 480px) {\n        .hero-simple-layout .hero-simple-img {\n          max-height: 250px;\n        }\n      }\n      <\/style><style>\n    \/* Hero Tag - Optional tag above title *\/\n    .hero-tag {\n      font-size: 12px;\n      font-weight: 600;\n      letter-spacing: 2px;\n      text-transform: uppercase;\n      margin-bottom: 15px;\n      display: block;\n      line-height: 1.4;\n\t  padding: 5px 2.5px;\n    }\n    \n    @media (max-width: 768px) {\n      .hero-tag {\n        font-size: 11px;\n        letter-spacing: 1.5px;\n        margin-bottom: 12px;\n      }\n    }\n    \n    @media (max-width: 480px) {\n      .hero-tag {\n        font-size: 10px;\n        letter-spacing: 1px;\n        margin-bottom: 10px;\n      }\n    }\n    <\/style>\n<style>\n\/**\n * Hero Background Overlay Styles\n *\/\n.hero-background-overlay {\n    position: absolute;\n    top: 0;\n    left: 0;\n    width: 100%;\n    height: 100%;\n    z-index: 1; \/* Above background image, below content *\/\n    pointer-events: none; \/* Allows clicks to pass through to content *\/\n}\n\n\/* Ensure hero section is positioned relative *\/\n.block-hero {\n    position: relative;\n}\n\n\/* Ensure content sits above overlay *\/\n.hero--content {\n    position: relative;\n    z-index: 2; \/* Above overlay *\/\n}\n\n\/* Ensure background image stays at bottom *\/\n.hero-background-image {\n    position: absolute;\n    z-index: 0; \/* Behind everything *\/\n}\n<\/style>\n\n<section\n    class=\"block-hero block-hero-full-bleed hero-simple-layout\">\n\n  \n          \n              <div class=\"hero_background_colour bg__mint_light hero_background_colour__left\"><\/div>\n                    <div class=\"hero_background_colour bg__mint_light hero_background_colour__right\"><\/div>\n      \n      \n          \n    \n    <div class=\"hero--content\">\n\n      <div class=\"hero--content--inner-wrapper\">\n\n                  <!-- NEW SIMPLE IMAGE: Replaces complex overlapping images -->\n          <div class=\"hero-foreground-images\">\n            <div class=\"hero-simple-image-container\">\n                            <img decoding=\"async\" \n                src=\"https:\/\/onclusive.com\/wp-content\/uploads\/2025\/12\/Our-Commitment-to-Sustainability-ESG.webp\" \n                alt=\"\"\n                class=\"hero-simple-img\"\n                loading=\"eager\">\n            <\/div>\n          <\/div>\n        \n        <div class=\"hero--copy\">\n\n          <!-- OPTIONAL HERO TAG - ONLY IF SET -->\n          \n                      <h1 class=\"hero_title\" >\n                            <span class=\"hero_title_bold\">\n                Notre engagement en mati\u00e8re d&#039;impact et de RSE              <\/span>\n                                                      <\/h1> \n          \n                      <p class=\"hero_copy\" >Chez Onclusive, la confiance est au c\u0153ur de tout ce que nous faisons \u2014 qu\u2019il s\u2019agisse de fournir des analyses fiables ou d\u2019op\u00e9rer avec int\u00e9grit\u00e9 et responsabilit\u00e9. Nous sommes convaincus que la confiance ne se limite pas \u00e0 nos produits et services. Elle repose aussi sur notre capacit\u00e9 \u00e0 \u00eatre une entreprise qui agit de mani\u00e8re responsable envers ses collaborateurs, ses clients, les territoires dans lesquels elle op\u00e8re et la plan\u00e8te que nous partageons tous.<\/p> \n          \n          \n        <\/div>\n\n      <\/div>\n\n    <\/div>\n\n    \n<\/section>\n\n\n<section class=\"block-benefits-section bg__Array layout-simple\">\n    <div class=\"benefits-section-inner\">\n\n                    <!-- Simple Layout: Full-width title -->\n                            <div class=\"benefits-title-wrapper\">\n                    <div class=\"benefits-title\">\n                        <p>Guid\u00e9s par nos valeurs et notre \u00e9thique, nous nous engageons \u00e0 construire un avenir plus durable et plus inclusif.Notre d\u00e9marche en mati\u00e8re de durabilit\u00e9 est encore en d\u00e9veloppement, mais nos ambitions sont fortes.<br \/>\n&nbsp;<br \/>\n\u00c0 l\u2019image de notre position de r\u00e9f\u00e9rence mondiale en mati\u00e8re de contenus m\u00e9dias int\u00e9gr\u00e9s, nous aspirons \u00e0 \u00eatre un acteur de confiance et responsable, capable de g\u00e9n\u00e9rer un impact positif en concentrant nos actions sur les axes suivants :<\/p>\n                    <\/div>\n                <\/div>\n            \n        \n        <!-- Benefits Grid -->\n                    <div class=\"benefits-grid\" data-columns=\"3\">\n                                    <div class=\"benefit-item icon-size-large\">\n                        \n                                                    <div class=\"benefit-icon\">\n                                <img decoding=\"async\" \n                                    src=\"https:\/\/onclusive.com\/wp-content\/uploads\/2025\/12\/Environmental-Responsibility.png\" \n                                    alt=\"\"\n                                \/>\n                            <\/div>\n                        \n                                                    <h3 class=\"benefit-title\">Responsabilit\u00e9 environnementale<\/h3>\n                        \n                                                    <p class=\"benefit-description\">Nous avons \u00e9tabli un bilan carbone de r\u00e9f\u00e9rence afin de suivre nos progr\u00e8s et de piloter, \u00e0 l\u2019\u00e9chelle mondiale, des initiatives cibl\u00e9es de r\u00e9duction des \u00e9missions dans l\u2019ensemble de nos op\u00e9rations.\r\n<\/p>\n                        \n                    <\/div>\n                                    <div class=\"benefit-item icon-size-large\">\n                        \n                                                    <div class=\"benefit-icon\">\n                                <img decoding=\"async\" \n                                    src=\"https:\/\/onclusive.com\/wp-content\/uploads\/2025\/12\/Social-Impact.png\" \n                                    alt=\"\"\n                                \/>\n                            <\/div>\n                        \n                                                    <h3 class=\"benefit-title\">Impact social<\/h3>\n                        \n                                                    <p class=\"benefit-description\">Nous cultivons un environnement de travail o\u00f9 chaque collaborateur peut s\u2019\u00e9panouir. Nous accordons une importance particuli\u00e8re \u00e0 la sant\u00e9, au bien-\u00eatre et \u00e0 l\u2019\u00e9galit\u00e9, avec la diversit\u00e9 et l\u2019inclusion au c\u0153ur de notre mani\u00e8re de constituer des \u00e9quipes plus fortes et de mieux servir nos clients.\r\n<\/p>\n                        \n                    <\/div>\n                                    <div class=\"benefit-item icon-size-large\">\n                        \n                                                    <div class=\"benefit-icon\">\n                                <img decoding=\"async\" \n                                    src=\"https:\/\/onclusive.com\/wp-content\/uploads\/2025\/12\/Strong-Governance.png\" \n                                    alt=\"\"\n                                \/>\n                            <\/div>\n                        \n                                                    <h3 class=\"benefit-title\">Gouvernance responsable<\/h3>\n                        \n                                                    <p class=\"benefit-description\">Nous op\u00e9rons avec int\u00e9grit\u00e9 et veillons \u00e0 ce que nos pratiques commerciales respectent en permanence les normes \u00e9thiques les plus \u00e9lev\u00e9es.\r\n<\/p>\n                        \n                    <\/div>\n                            <\/div>\n        \n    <\/div>\n<\/section>\n\n\n<section class=\"block-cta-section bg__green_dark layout-two-column\">\n    <div class=\"cta-section-inner\">\n\n        \n            <!-- Two Column: Content left, image right -->\n            <div class=\"cta-content-column\">\n                \n                                    <h3 class=\"cta-title feature_block_heading\">\n                        En savoir plus sur nos avanc\u00e9es                    <\/h3>\n                \n                                    <div class=\"cta-text\">\n                        <p>Vous pouvez consulter le d\u00e9tail de notre d\u00e9marche RSE et de notre feuille de route \u2014 incluant des donn\u00e9es pr\u00e9cises sur notre bilan carbone ainsi que sur nos initiatives en mati\u00e8re d\u2019\u00c9quit\u00e9, de Diversit\u00e9 et d\u2019Inclusion (ED&#038;I) \u2014 dans notre <strong>rapport RSE complet<\/strong>.<\/p>\n<p><small>Le rapport disponible au t\u00e9l\u00e9chargement est en anglais.<\/small><\/p>\n                    <\/div>\n                \n                                    <div class=\"cta-button-wrapper\">\n                        <a \n                            href=\"https:\/\/onclusive.com\/wp-content\/uploads\/2025\/12\/Onclusive-ESG-Report-2025.pdf\" \n                            class=\"cta-button button-green button__page-link\"\n                            target=\"_self\"\n                                                    >\n                            Consulter le rapport RSE complet                        <\/a>\n                    <\/div>\n                \n            <\/div>\n\n                            <div class=\"cta-image-column\">\n                    <img decoding=\"async\" \n                        src=\"https:\/\/onclusive.com\/wp-content\/uploads\/2025\/12\/Learn-more-about-our-progress.webp\" \n                        alt=\"\"\n                    \/>\n                <\/div>\n            \n        \n    <\/div>\n<\/section>\n\n<style>.block-fbl {\n    --ss_large: 30px; \n    --ss_x_large: 30px; \n  }<\/style><style>.block-fbl.flip-order .card__feature-block {\n    display: flex;\n    flex-direction: row !important;\n  }<\/style><section\n    class=\"block-fbl flip-order\">\n  <div class=\"block-fbl--inner-wrapper\">\n          <div class=\"card__feature-block card__feature-block__large flip-item\">\n  <div class=\"card--image\">\n    <div style=\"height: 90%; width: 90%; object-fit: contain; margin: 15px;\" class=\"card--image--inner-wrapper\">\n            \n      \n\n<img decoding=\"async\"\n\talt=\"\"\n    data-sizes=\"auto\"\n    data-src=\"https:\/\/onclusive.com\/wp-content\/uploads\/2025\/12\/Carbon-footprint-roadmap-281x300.webp\"\n    data-srcset=\"https:\/\/onclusive.com\/wp-content\/uploads\/2025\/12\/Carbon-footprint-roadmap-1200x1281.webp 1200w,\n\thttps:\/\/onclusive.com\/wp-content\/uploads\/2025\/12\/Carbon-footprint-roadmap-1024x1093.webp 1024w, \n\thttps:\/\/onclusive.com\/wp-content\/uploads\/2025\/12\/Carbon-footprint-roadmap.webp 1366w\"\n    class=\"lazyload not-svg\"\n    src=\"https:\/\/onclusive.com\/wp-content\/uploads\/2025\/12\/Carbon-footprint-roadmap-281x300.webp\"\n\/>\n\n\n\n\n      \n    <\/div>\n  <\/div>\n  <div class=\"card--copy\">\n    <div class=\"card--copy--inner-wrapper\">\n      <div class=\"card_bg card_bg__\"><\/div>\n      <div class=\"feature-block-large__copy-wrapper\">\n                  <h3 class=\"feature_block_heading\">Feuille de route bilan carbone<\/h3> \n                          <div class=\"feature_block_copy\"><p><span style=\"font-weight: 400;\">En 2025, Onclusive a r\u00e9alis\u00e9 son premier bilan carbone annuel (pr\u00e9sent\u00e9 en d\u00e9tail dans notre rapport RSE). Cette \u00e9valuation nous permet de d\u00e9finir une feuille de route claire pour r\u00e9duire notre impact environnemental \u00e0 l\u2019avenir.<\/span><\/p>\n<p><span style=\"font-weight: 400;\">Nous nous engageons \u00e0 atteindre la <\/span><b>neutralit\u00e9 carbone d\u2019ici 2050<\/b><span style=\"font-weight: 400;\">. Cet objectif ambitieux n\u00e9cessitera la mise en \u0153uvre de mesures d\u2019optimisation organisationnelles, techniques et financi\u00e8res au cours des 25 prochaines ann\u00e9es, incluant :<\/span><\/p>\n<ul>\n<li style=\"font-weight: 400;\" aria-level=\"1\"><span style=\"font-weight: 400;\">des actions internes de r\u00e9duction des \u00e9missions \u00e0 partir de 2026 ;<\/span><\/li>\n<li style=\"font-weight: 400;\" aria-level=\"1\"><span style=\"font-weight: 400;\">des mesures de compensation carbone \u00e0 d\u00e9finir d\u2019ici 2028.<\/span><\/li>\n<\/ul>\n<p><span style=\"font-weight: 400;\">\u00c0 partir de 2026, nous publierons chaque ann\u00e9e un point d\u2019avancement sur nos progr\u00e8s et les actions mises en \u0153uvre dans notre rapport ESG, disponible sur cette page.<\/span><\/p>\n<\/div> \n              <\/div>\n          <\/div>\n  <\/div>\n  \n<\/div>      <\/div>\n<\/section>\n\n\n\n<section class=\"block-benefits-section bg__Array reduce-padding layout-simple\">\n    <div class=\"benefits-section-inner\">\n\n                    <!-- Simple Layout: Full-width title -->\n            \n        \n        <!-- Benefits Grid -->\n                    <div class=\"benefits-grid\" data-columns=\"4\">\n                                    <div class=\"benefit-item icon-size-small\">\n                        \n                                                    <div class=\"benefit-icon\">\n                                <img decoding=\"async\" \n                                    src=\"https:\/\/onclusive.com\/wp-content\/uploads\/2025\/12\/globe_100dp_00E65F_FILL0_wght400_GRAD0_opsz48-1.svg\" \n                                    alt=\"\"\n                                \/>\n                            <\/div>\n                        \n                                                    <h3 class=\"benefit-title\">Nous travaillons dans plus de 10 pays<\/h3>\n                        \n                        \n                    <\/div>\n                                    <div class=\"benefit-item icon-size-small\">\n                        \n                                                    <div class=\"benefit-icon\">\n                                <img decoding=\"async\" \n                                    src=\"https:\/\/onclusive.com\/wp-content\/uploads\/2025\/12\/folder_shared_100dp_00E65F_FILL0_wght400_GRAD0_opsz48-1.svg\" \n                                    alt=\"\"\n                                \/>\n                            <\/div>\n                        \n                                                    <h3 class=\"benefit-title\">6 groupes th\u00e9matiques de collaborateurs <\/h3>\n                        \n                        \n                    <\/div>\n                                    <div class=\"benefit-item icon-size-small\">\n                        \n                                                    <div class=\"benefit-icon\">\n                                <img decoding=\"async\" \n                                    src=\"https:\/\/onclusive.com\/wp-content\/uploads\/2025\/12\/nest_eco_leaf_100dp_00E65F_FILL0_wght400_GRAD0_opsz48-1.svg\" \n                                    alt=\"\"\n                                \/>\n                            <\/div>\n                        \n                                                    <h3 class=\"benefit-title\">Calculs annuels de l&#039;empreinte carbone et de la consommation d&#039;\u00e9nergie<\/h3>\n                        \n                        \n                    <\/div>\n                                    <div class=\"benefit-item icon-size-small\">\n                        \n                                                    <div class=\"benefit-icon\">\n                                <img decoding=\"async\" \n                                    src=\"https:\/\/onclusive.com\/wp-content\/uploads\/2025\/12\/browse_100dp_00E65F_FILL0_wght400_GRAD0_opsz48-1.svg\" \n                                    alt=\"\"\n                                \/>\n                            <\/div>\n                        \n                                                    <h3 class=\"benefit-title\">11 enjeux mat\u00e9riels align\u00e9s sur 7 Objectifs de D\u00e9veloppement Durable (ODD) des Nations Unies<\/h3>\n                        \n                        \n                    <\/div>\n                            <\/div>\n        \n    <\/div>\n<\/section>\n\n\n<section class=\"block-cta-section bg__white layout-single\">\n    <div class=\"cta-section-inner\">\n\n                    \n            <!-- Single Column: Image first, then content -->\n                            <div class=\"cta-image-column\">\n                    <img decoding=\"async\" \n                        src=\"https:\/\/onclusive.com\/wp-content\/uploads\/2025\/12\/See-our-official-UNGC-page.png\" \n                        alt=\"\"\n                    \/>\n                <\/div>\n            \n            <div class=\"cta-content-column\">\n                \n                \n                \n                                    <div class=\"cta-button-wrapper\">\n                        <a href=\"https:\/\/unglobalcompact.org\/what-is-gc\/participants\/160299-Onclusive\" class=\"cta-button button-black button__page-link\" target=\"_blank\" rel=\"noreferrer noopener\">\n                            Consultez notre page officielle UNGC                        <\/a>\n                    <\/div>\n                \n            <\/div>\n\n        \n    <\/div>\n<\/section>\n\n\n\n<style>.block-cta {\n      --ss_large: 30px; \n      --ss_x_large: 30px; \n    }<\/style>\n<section\n    class=\"block-cta block-cta--no-button block-colour-bg__pure_white\">\n\n    <div class=\"cta--inner-wrapper\">\n      \n           \n      <div class=\"cta--content\">\n                  <h4 class=\"cta-heading\">Pour toute demande concernant le rapport ESG ou les activit\u00e9s d&rsquo;Onclusive, veuillez nous contacter \u00e0 l&rsquo;adresse suivante : esg@onclusive.com<\/h4> \n        \n              <\/div> \n    <\/div>\n\n<\/section> \n\n\n","protected":false},"excerpt":{"rendered":"","protected":false},"author":25,"featured_media":0,"parent":82755,"menu_order":1,"comment_status":"closed","ping_status":"closed","template":"","meta":{"_acf_changed":false,"content-type":"","inline_featured_image":false,"footnotes":""},"region":[],"class_list":["post-77211","page","type-page","status-publish","hentry"],"acf":[],"_links":{"self":[{"href":"https:\/\/onclusive.com\/fr\/wp-json\/wp\/v2\/pages\/77211","targetHints":{"allow":["GET"]}}],"collection":[{"href":"https:\/\/onclusive.com\/fr\/wp-json\/wp\/v2\/pages"}],"about":[{"href":"https:\/\/onclusive.com\/fr\/wp-json\/wp\/v2\/types\/page"}],"author":[{"embeddable":true,"href":"https:\/\/onclusive.com\/fr\/wp-json\/wp\/v2\/users\/25"}],"replies":[{"embeddable":true,"href":"https:\/\/onclusive.com\/fr\/wp-json\/wp\/v2\/comments?post=77211"}],"version-history":[{"count":0,"href":"https:\/\/onclusive.com\/fr\/wp-json\/wp\/v2\/pages\/77211\/revisions"}],"up":[{"embeddable":true,"href":"https:\/\/onclusive.com\/fr\/wp-json\/wp\/v2\/pages\/82755"}],"wp:attachment":[{"href":"https:\/\/onclusive.com\/fr\/wp-json\/wp\/v2\/media?parent=77211"}],"wp:term":[{"taxonomy":"region","embeddable":true,"href":"https:\/\/onclusive.com\/fr\/wp-json\/wp\/v2\/region?post=77211"}],"curies":[{"name":"wp","href":"https:\/\/api.w.org\/{rel}","templated":true}]}}