{"id":3569,"date":"2022-01-20T17:09:47","date_gmt":"2022-01-20T17:09:47","guid":{"rendered":"https:\/\/newonclusive.wpengine.com\/leadership\/"},"modified":"2026-02-20T21:33:52","modified_gmt":"2026-02-20T21:33:52","slug":"il-nostro-team","status":"publish","type":"page","link":"https:\/\/onclusive.com\/it\/lazienda-2\/il-nostro-team\/","title":{"rendered":"Il nostro team"},"content":{"rendered":"<style>\n    \/* Hero Tag - Optional tag above title *\/\n    .hero-tag {\n      font-size: 12px;\n      font-weight: 600;\n      letter-spacing: 2px;\n      text-transform: uppercase;\n      margin-bottom: 15px;\n      display: block;\n      line-height: 1.4;\n\t  padding: 5px 2.5px;\n    }\n    \n    @media (max-width: 768px) {\n      .hero-tag {\n        font-size: 11px;\n        letter-spacing: 1.5px;\n        margin-bottom: 12px;\n      }\n    }\n    \n    @media (max-width: 480px) {\n      .hero-tag {\n        font-size: 10px;\n        letter-spacing: 1px;\n        margin-bottom: 10px;\n      }\n    }\n    <\/style>\n<style>\n\/**\n * Hero Background Overlay Styles\n *\/\n.hero-background-overlay {\n    position: absolute;\n    top: 0;\n    left: 0;\n    width: 100%;\n    height: 100%;\n    z-index: 1; \/* Above background image, below content *\/\n    pointer-events: none; \/* Allows clicks to pass through to content *\/\n}\n\n\/* Ensure hero section is positioned relative *\/\n.block-hero {\n    position: relative;\n}\n\n\/* Ensure content sits above overlay *\/\n.hero--content {\n    position: relative;\n    z-index: 2; \/* Above overlay *\/\n}\n\n\/* Ensure background image stays at bottom *\/\n.hero-background-image {\n    position: absolute;\n    z-index: 0; \/* Behind everything *\/\n}\n<\/style>\n\n<section\n    class=\"block-hero block-hero-full-bleed \">\n\n  \n          \n              <div class=\"hero_background_colour bg__green hero_background_colour__left\"><\/div>\n                    <div class=\"hero_background_colour bg__yellow hero_background_colour__right\"><\/div>\n      \n      \n          \n    \n    <div class=\"hero--content\">\n\n      <div class=\"hero--content--inner-wrapper\">\n\n                  <!-- ORIGINAL COMPLEX IMAGES -->\n          <div class=\"hero-foreground-images\">\n\n                                            <div class=\"hero_bg_colour_split bg__green hero_bg_colour_split__left\"><\/div>\n                          \n            <div class=\"img-wrapper ratio-1-1 image-is-background\">\n\t\n\n<img decoding=\"async\"\n\talt=\"Graphic\"\n    data-sizes=\"auto\"\n    data-src=\"https:\/\/onclusive.com\/wp-content\/uploads\/2022\/02\/Our-company_Leadership.svg\"\n    data-srcset=\"https:\/\/onclusive.com\/wp-content\/uploads\/2022\/02\/Our-company_Leadership.svg 1w,\n\thttps:\/\/onclusive.com\/wp-content\/uploads\/2022\/02\/Our-company_Leadership.svg 1w, \n\thttps:\/\/onclusive.com\/wp-content\/uploads\/2022\/02\/Our-company_Leadership.svg 1w\"\n    class=\"lazyload is-svg\"\n    src=\"https:\/\/onclusive.com\/wp-content\/uploads\/2022\/02\/Our-company_Leadership.svg\"\n\/>\n\n\n\n\n<\/div>            <div class=\"img-wrapper ratio-1-1 image-is-foreground\">\n\t\n\n<img decoding=\"async\"\n\talt=\"Megaphone\"\n    data-sizes=\"auto\"\n    data-src=\"https:\/\/onclusive.com\/wp-content\/uploads\/2022\/02\/Our-company_Leadership-300x300.png\"\n    data-srcset=\"https:\/\/onclusive.com\/wp-content\/uploads\/2022\/02\/Our-company_Leadership.png 800w,\n\thttps:\/\/onclusive.com\/wp-content\/uploads\/2022\/02\/Our-company_Leadership.png 800w, \n\thttps:\/\/onclusive.com\/wp-content\/uploads\/2022\/02\/Our-company_Leadership.png 800w\"\n    class=\"lazyload not-svg\"\n    src=\"https:\/\/onclusive.com\/wp-content\/uploads\/2022\/02\/Our-company_Leadership-300x300.png\"\n\/>\n\n\n\n\n<\/div>          <\/div>\n        \n        <div class=\"hero--copy\">\n\n          <!-- OPTIONAL HERO TAG - ONLY IF SET -->\n          \n                      <h1 class=\"hero_title\" >\n                            <span class=\"hero_title_bold\">\n                Conosciamo il Team di Onclusive              <\/span>\n                <br\/>                                          On your side             \n                        <\/h1> \n          \n          \n          \n        <\/div>\n\n      <\/div>\n\n    <\/div>\n\n    \n<\/section>\n\n\n<section\n    class=\"block-leadership\">\n\n      <div class=\"\">\n      <h2 class=\"block--heading\"> <\/h2> \n    <\/div>\n  \n  <div class=\"leadership-grid\">\n    \n\n<article id=\"post-3569\" class=\"card-leadership post-3569 page type-page status-publish hentry\">\n\t<div class=\"card--content\">\n\n\t\t\t\t\t<a href=\"#kate-waterhouse\" class=\"js-show-leadership-profile-overlay\">\n\t\t\n\t\t\t<div class=\"card--content--leadership-image\">\n\t\t\t\t\n\n<img decoding=\"async\"\n\talt=\"Portrait of Kate Waterhouse\"\n    data-sizes=\"auto\"\n    data-src=\"https:\/\/onclusive.com\/wp-content\/uploads\/2022\/02\/Kate_Option2_500px-300x300.jpg\"\n    data-srcset=\"https:\/\/onclusive.com\/wp-content\/uploads\/2022\/02\/Kate_Option2_500px.jpg 500w,\n\thttps:\/\/onclusive.com\/wp-content\/uploads\/2022\/02\/Kate_Option2_500px.jpg 500w, \n\thttps:\/\/onclusive.com\/wp-content\/uploads\/2022\/02\/Kate_Option2_500px.jpg 500w\"\n    class=\"lazyload not-svg\"\n    src=\"https:\/\/onclusive.com\/wp-content\/uploads\/2022\/02\/Kate_Option2_500px-300x300.jpg\"\n\/>\n\n\n\n\n\n\t\t\t<\/div>\n\n\t\t\t\t\t<\/a>\n\t\t\n\t\t<div class=\"card--content--leadership-copy\">\n\n\t\t\t\t\t\t\t<a href=\"#kate-waterhouse\" class=\"js-show-leadership-profile-overlay\">\n\t\t\t\n\t\t\t\t\t\t\t\t  <h4 class=\"full_name\">Kate Waterhouse <\/h4> \n\t\t\t\t\n\t\t\t\t\t\t\t<\/a>\n\t\t\t\n\t\t\t\t\t\t\t<a href=\"#kate-waterhouse\" class=\"js-show-leadership-profile-overlay\">\n\t\t\t\n\t\t\t\t\t\t\t\t  <p class=\"position_company\">Chief People and Talent Officer <\/p> \n\t\t\t\t\n\t\t\t\t\t\t\t<\/a>\n\t\t\t\n\t\t\t<div class=\"card-leadership--links\">\n\t\t\t\t\n\t\t\t\t\t\t\t\t  \t<a class=\"link--icon-linkedin\" href=\"https:\/\/www.linkedin.com\/in\/kate-waterhouse-40324622\/\" target=\"_blank\" rel=\"noopener\"> \n\t\t\t\t  \t\t<svg  xmlns=\"http:\/\/www.w3.org\/2000\/svg\" viewBox=\"0 0 88.96 88.96\"><title>inline-icon-linked<\/title><path d=\"M2.74,12.85a10,10,0,1,0,10-10A10,10,0,0,0,2.74,12.85Z\" fill=\"#4a4a4a\"\/><rect x=\"4.11\" y=\"30.48\" width=\"17.3\" height=\"55.66\" fill=\"#4a4a4a\"\/><path d=\"M49.56,58.61c0-7.26,1.37-14.3,10.37-14.3s9,8.31,9,14.76V86.14H86.22V55.61c0-15-3.24-26.5-20.76-26.5-8.41,0-14.06,4.61-16.36,9h-.24V30.48H32.26V86.14h17.3Z\" fill=\"#4a4a4a\"\/><\/svg>\t\t\t\t\t<\/a>\n\t\t\t\t\n\t\t\t\t\n\t\t\t<\/div>\n\n\t\t<\/div>\n\n\t<\/div>\n\n\t\t\t  <div id=\"kate-waterhouse\" class=\"leadership-profile-overlay mfp-hide\">\n\t\t  \t\n\t\t  \t<div class=\"leadership-profile-overlay--leadership-image\">\n\t\t  \t\t\n\n<img decoding=\"async\"\n\talt=\"Portrait of Kate Waterhouse\"\n    data-sizes=\"auto\"\n    data-src=\"https:\/\/onclusive.com\/wp-content\/uploads\/2022\/02\/Kate_Option2_500px-300x300.jpg\"\n    data-srcset=\"https:\/\/onclusive.com\/wp-content\/uploads\/2022\/02\/Kate_Option2_500px.jpg 500w,\n\thttps:\/\/onclusive.com\/wp-content\/uploads\/2022\/02\/Kate_Option2_500px.jpg 500w, \n\thttps:\/\/onclusive.com\/wp-content\/uploads\/2022\/02\/Kate_Option2_500px.jpg 500w\"\n    class=\"lazyload not-svg\"\n    src=\"https:\/\/onclusive.com\/wp-content\/uploads\/2022\/02\/Kate_Option2_500px-300x300.jpg\"\n\/>\n\n\n\n\n\n\t\t  \t<\/div>\n\n\t\t  \t<div class=\"leadership-profile-overlay--leadership-copy\">\n\t\t  \t\t\t\t  \t\t  <h4 class=\"full_name\">Kate Waterhouse <\/h4> \n\t\t  \t\t\n\t\t  \t\t\t\t  \t\t  <p class=\"position_company\">Chief People and Talent Officer <\/p> \n\t\t  \t\t\n\t\t  \t\t<div class=\"leadership-profile-overlay--leadership--links\">\n\t\t  \t\t\t\n\t\t  \t\t\t\t\t  \t\t\t  \t<a class=\"link--icon-linkedin\" href=\"https:\/\/www.linkedin.com\/in\/kate-waterhouse-40324622\/\" target=\"_blank\" rel=\"noopener\"> \n\t\t  \t\t\t  \t\t<svg  xmlns=\"http:\/\/www.w3.org\/2000\/svg\" viewBox=\"0 0 88.96 88.96\"><title>inline-icon-linked<\/title><path d=\"M2.74,12.85a10,10,0,1,0,10-10A10,10,0,0,0,2.74,12.85Z\" fill=\"#4a4a4a\"\/><rect x=\"4.11\" y=\"30.48\" width=\"17.3\" height=\"55.66\" fill=\"#4a4a4a\"\/><path d=\"M49.56,58.61c0-7.26,1.37-14.3,10.37-14.3s9,8.31,9,14.76V86.14H86.22V55.61c0-15-3.24-26.5-20.76-26.5-8.41,0-14.06,4.61-16.36,9h-.24V30.48H32.26V86.14h17.3Z\" fill=\"#4a4a4a\"\/><\/svg>\t\t  \t\t\t\t<\/a>\n\t\t  \t\t\t\n\t\t  \t\t\t\n\t\t  \t\t<\/div>\n\n\t\t  \t\t\n\t\t  \t\t\t<div class=\"leadership-profile-overlay--leadership--profile-description\">\n\t\t  \t\t\t\tKate \u00e8 il Chief People Officer di Onclusive. In precedenza, Kate \u00e8 stata Global HR Director di Kantar. Prima di Kantar, Kate \u00e8 stata Head of HR per Ebiquity per 8 anni, dove ha introdotto la funzione HR ed \u00e8 stata fortemente coinvolta nell\u2019area di M&#038;A. Ha anche lavorato in una grande multinazionale dell&#8217;edilizia e dell&#8217;ingegneria, nel quale era responsabile dell\u2019introduzione delle risorse umane nei mercati emergenti.<br \/>\r\n<br \/>\r\nKate ha iniziato la sua carriera presso Boots The Chemist, dopo aver completato la sua laurea e il diploma post laurea in Risorse Umane presso l&#8217;Universit\u00e0 del Galles, Cardiff. Kate ha una figlia di nome Izzy.\t\t  \t\t\t<\/div>\n\t\t  \t\t\t\t\n\t\t  \t\t\n\t\t  \t<\/div>\n\n\t\t  <\/div>\n\t\t\n<\/article>\n\n\n    \n  <\/div>\n\n<\/section> \n\n\n","protected":false},"excerpt":{"rendered":"","protected":false},"author":1,"featured_media":0,"parent":5713,"menu_order":1,"comment_status":"closed","ping_status":"closed","template":"","meta":{"_acf_changed":false,"content-type":"","inline_featured_image":false,"footnotes":""},"region":[],"class_list":["post-3569","page","type-page","status-publish","hentry"],"acf":[],"_links":{"self":[{"href":"https:\/\/onclusive.com\/it\/wp-json\/wp\/v2\/pages\/3569","targetHints":{"allow":["GET"]}}],"collection":[{"href":"https:\/\/onclusive.com\/it\/wp-json\/wp\/v2\/pages"}],"about":[{"href":"https:\/\/onclusive.com\/it\/wp-json\/wp\/v2\/types\/page"}],"author":[{"embeddable":true,"href":"https:\/\/onclusive.com\/it\/wp-json\/wp\/v2\/users\/1"}],"replies":[{"embeddable":true,"href":"https:\/\/onclusive.com\/it\/wp-json\/wp\/v2\/comments?post=3569"}],"version-history":[{"count":1,"href":"https:\/\/onclusive.com\/it\/wp-json\/wp\/v2\/pages\/3569\/revisions"}],"predecessor-version":[{"id":83467,"href":"https:\/\/onclusive.com\/it\/wp-json\/wp\/v2\/pages\/3569\/revisions\/83467"}],"up":[{"embeddable":true,"href":"https:\/\/onclusive.com\/it\/wp-json\/wp\/v2\/pages\/5713"}],"wp:attachment":[{"href":"https:\/\/onclusive.com\/it\/wp-json\/wp\/v2\/media?parent=3569"}],"wp:term":[{"taxonomy":"region","embeddable":true,"href":"https:\/\/onclusive.com\/it\/wp-json\/wp\/v2\/region?post=3569"}],"curies":[{"name":"wp","href":"https:\/\/api.w.org\/{rel}","templated":true}]}}